{"id":1069,"date":"2016-01-22T13:56:31","date_gmt":"2016-01-22T11:56:31","guid":{"rendered":"http:\/\/rodriguezgallery.com\/?page_id=1069"},"modified":"2016-01-28T16:17:00","modified_gmt":"2016-01-28T14:17:00","slug":"rozmowa-z-artystka-bazowska","status":"publish","type":"page","link":"https:\/\/rodriguezgallery.com\/pl\/rozmowa-z-artystka-bazowska\/","title":{"rendered":"ROZMOWA Z ARTYSTK\u0104 Ba\u017cowska"},"content":{"rendered":"<div id=\"pl-1069\"  class=\"panel-layout\" ><div id=\"pg-1069-0\"  class=\"panel-grid panel-no-style\" ><div id=\"pgc-1069-0-0\"  class=\"panel-grid-cell panel-grid-cell-empty\" ><\/div><\/div><div id=\"pg-1069-1\"  class=\"panel-grid panel-no-style\" ><div id=\"pgc-1069-1-0\"  class=\"panel-grid-cell panel-grid-cell-mobile-last\" ><div id=\"panel-1069-1-0-0\" class=\"so-panel widget widget_black-studio-tinymce widget_black_studio_tinymce panel-first-child panel-last-child\" data-index=\"0\" ><div class=\"textwidget\"><h4><span style=\"text-decoration: underline;\"><strong>ROZMOWA\u00a0Z ARTYSTK\u0104<\/strong><\/span><strong>\u00a0 \u00a0 \u00a0 \u00a009.02.2016 godz. 19.00<\/strong><\/h4>\n<h6 style=\"text-align: justify;\">Punktem wyj\u015bcia rozmowy b\u0119dzie trwaj\u0105ca w galerii wystawa Natalii \u201eStepowa dusza\u201d, skonstruowana jako swoista opowie\u015b\u0107 o instynkcie, kt\u00f3ry sk\u0142ania do nieustannej w\u0119dr\u00f3wki i poznawania nowych, nieznanych teren\u00f3w.\u00a0<\/p>\n<p>Temat ten zostanie poruszony w czasie dyskusji i rozwini\u0119ty o inne ciekawe w\u0105tki, do kt\u00f3rych eksplorowania prowokuje sama wystawa. Problemy posthumanistyczne, takie jak relacja cz\u0142owieka z natur\u0105 czy zale\u017cno\u015b\u0107 mi\u0119dzy \u015bwiatem ludzi a \u015bwiatem zwierz\u0105t i ro\u015blin, przeplata\u0107 si\u0119 b\u0119d\u0105 z tematyk\u0105 zwi\u0105zan\u0105 z podr\u00f3\u017c\u0105 artystyczn\u0105 czy tw\u00f3rczym wykorzystaniem medium artystyczn<span class=\"text_exposed_show\">ego.<\/span><\/h6>\n<\/div><\/div><\/div><div id=\"pgc-1069-1-1\"  class=\"panel-grid-cell panel-grid-cell-empty\" ><\/div><\/div><\/div>","protected":false},"excerpt":{"rendered":"<p>ROZMOWA\u00a0Z ARTYSTK\u0104\u00a0 \u00a0 \u00a0 \u00a009.02.2016 godz. 19.00Punktem wyj\u015bcia rozmowy b\u0119dzie trwaj\u0105ca w galerii wystawa Natalii \u201eStepowa dusza\u201d, skonstruowana jako swoista opowie\u015b\u0107 o instynkcie, kt\u00f3ry sk\u0142ania do nieustannej w\u0119dr\u00f3wki i poznawania <a class=\"moretag\" href=\"https:\/\/rodriguezgallery.com\/pl\/rozmowa-z-artystka-bazowska\/\">Read More &#8230;<\/a><\/p>\n","protected":false},"author":1,"featured_media":0,"parent":0,"menu_order":0,"comment_status":"closed","ping_status":"closed","template":"full-width-page.php","meta":{"footnotes":""},"class_list":["post-1069","page","type-page","status-publish","hentry"],"_links":{"self":[{"href":"https:\/\/rodriguezgallery.com\/pl\/wp-json\/wp\/v2\/pages\/1069","targetHints":{"allow":["GET"]}}],"collection":[{"href":"https:\/\/rodriguezgallery.com\/pl\/wp-json\/wp\/v2\/pages"}],"about":[{"href":"https:\/\/rodriguezgallery.com\/pl\/wp-json\/wp\/v2\/types\/page"}],"author":[{"embeddable":true,"href":"https:\/\/rodriguezgallery.com\/pl\/wp-json\/wp\/v2\/users\/1"}],"replies":[{"embeddable":true,"href":"https:\/\/rodriguezgallery.com\/pl\/wp-json\/wp\/v2\/comments?post=1069"}],"version-history":[{"count":1,"href":"https:\/\/rodriguezgallery.com\/pl\/wp-json\/wp\/v2\/pages\/1069\/revisions"}],"predecessor-version":[{"id":1126,"href":"https:\/\/rodriguezgallery.com\/pl\/wp-json\/wp\/v2\/pages\/1069\/revisions\/1126"}],"wp:attachment":[{"href":"https:\/\/rodriguezgallery.com\/pl\/wp-json\/wp\/v2\/media?parent=1069"}],"curies":[{"name":"wp","href":"https:\/\/api.w.org\/{rel}","templated":true}]}}