{"id":1377,"date":"2016-05-10T17:00:14","date_gmt":"2016-05-10T15:00:14","guid":{"rendered":"http:\/\/rodriguezgallery.com\/?page_id=1377"},"modified":"2019-09-16T16:23:56","modified_gmt":"2019-09-16T14:23:56","slug":"andres-pachon-magic-lantern","status":"publish","type":"page","link":"https:\/\/rodriguezgallery.com\/pl\/andres-pachon-magic-lantern\/","title":{"rendered":"(English) Andres Pachon &#8211; Magic Lantern"},"content":{"rendered":"<div id=\"pl-1377\"  class=\"panel-layout\" ><div id=\"pg-1377-0\"  class=\"panel-grid panel-no-style\" ><div id=\"pgc-1377-0-0\"  class=\"panel-grid-cell panel-grid-cell-empty\" ><\/div><\/div><div id=\"pg-1377-1\"  class=\"panel-grid panel-no-style\" ><div id=\"pgc-1377-1-0\"  class=\"panel-grid-cell\" ><div id=\"panel-1377-1-0-0\" class=\"so-panel widget widget_black-studio-tinymce widget_black_studio_tinymce panel-first-child panel-last-child\" data-index=\"0\" ><div class=\"textwidget\"><h6 style=\"text-align: justify;\"><span style=\"text-decoration: underline;\"><strong>Andr\u00e9s Pach\u00f3n:\u00a0<em>Magic Lantern<\/em><\/strong><\/span><strong><em><br \/><\/em>19.05 - 16.06.2016<\/p>\n<p><\/strong>Tytu\u0142owa latarnia magiczna (b\u0105d\u017a latarnia czarnoksi\u0119ska) to urz\u0105dzenie s\u0142u\u017c\u0105ce do wy\u015bwietlania obraz\u00f3w z prze\u017aroczy, wynalezione w Europie w XVII wieku. Jako poprzednik projektora filmowego, popularnie u\u017cywane by\u0142o ono zar\u00f3wno do cel\u00f3w edukacyjnych i informacyjnych, jak i popularnonaukowych, tworz\u0105c tym samym obrazy silnie przenikaj\u0105ce kultur\u0119 wizualn\u0105 Starego Kontynentu.<\/p>\n<p>Andr\u00e9s Pach\u00f3n bierze na warsztat powsta\u0142e w Europie szklane prze\u017arocza, datowane na lata 1890-1930. Owe r\u0119cznie malowane p\u0142yty, ukazuj\u0105ce pejza\u017ce z Bliskiego Wchodu ilustruj\u0105, w jaki spos\u00f3b ich niew\u0105tpliwa warto\u015b\u0107 etnograficzna przeplata si\u0119 tu z egzotycznymi wyobra\u017ceniami o biblijnym \u015bwiecie. W pierwszej cz\u0119\u015bci wystawy, artysta wyodr\u0119bnia warstw\u0119 obrazow\u0105 p\u0142yt, izoluj\u0105c akwarele od zdj\u0119\u0107 i odkrywaj\u0105c \u015blady p\u0119dzla. Tak powsta\u0142e, wielkoformatowe plamy barwne pokazane zosta\u0142y w towarzystwie bia\u0142o-czarnych zdj\u0119\u0107, w oryginalnym formacie. W drugiej cz\u0119\u015bci ekspozycji, zaprezentowana zosta\u0142a gra oryginalnych p\u0142yt, umieszczonych w urz\u0105dzeniu modyfikuj\u0105cym poprawny spos\u00f3b ich ogl\u0105dania. Poprzez wykorzystanie podstawowych element\u00f3w niezb\u0119dnych do projekcji: \u015bwiat\u0142a i lustra, dostrzec mo\u017cna wyodr\u0119bnion\u0105 warstw\u0119 malarsk\u0105 przedstawienia b\u0105d\u017a, jedynie w odbiciu lustrzanym, oryginalny obraz prze\u017arocza.<\/p>\n<p>Projekt Pach\u00f3na, poprzez uwa\u017cn\u0105 analiz\u0119 obrazu i odseparowanie jego warstw, umiejscawia widza w samym \u015brodku rozwa\u017ca\u0144 o mo\u017cliwo\u015bciach manipulacji medium fotograficznym; pomi\u0119dzy mechaniczn\u0105 obiektywno\u015bci\u0105 fotografii, a subiektywnym wyobra\u017ceniem, uwidocznionym poprzez kolorystyk\u0119 i gest malarski. Artysta podkre\u015bla tak\u017ce problem tworzenia wizerunku Bliskiego Wschodu i egzotycznego \u015bwiata w og\u00f3le, kt\u00f3re opiera si\u0119 na fa\u0142szywej obiektywno\u015bci, jak\u0105 \u201eeuropejskie oko\u201d przypisuje zautomatyzowanemu aparatowi. Obraz \u015bwiata i spojrzenie na \u201eInnego\u201d jawi si\u0119 tutaj jako pewien konstrukt, kopia kopii, powsta\u0142a poprzez na\u0142o\u017cenie na siebie r\u00f3\u017cnych warstw, wyobra\u017ce\u0144 i stereotyp\u00f3w, bardzo g\u0142\u0119boko zakorzenionych w naszej kulturze.<\/h6>\n<h6 style=\"text-align: justify;\">\u00a0<\/h6>\n<h6 style=\"text-align: justify;\">Pobierz pe\u0142n\u0105 dokumentacj\u0119 wystawy tutaj:<br \/><a href=\"https:\/\/rodriguezgallery.com\/wp-content\/uploads\/2016\/06\/Andres-Pachon-Magic-Lantern-Dokumentacja.pdf\" target=\"_blank\">Magic Lantern PL<\/a>\u00a0 \u00a0<a href=\"https:\/\/rodriguezgallery.com\/wp-content\/uploads\/2016\/06\/Dossier-Magic-Lantern-EN.pdf\" target=\"_blank\">Magic Lantern EN<\/a>\u00a0 \u00a0<a href=\"https:\/\/rodriguezgallery.com\/wp-content\/uploads\/2016\/06\/Dossier-Magic-Lantern-ESP.pdf\" target=\"_blank\">Magic Lantern ESP<\/a> <\/h6>\n<\/div><\/div><\/div><div id=\"pgc-1377-1-1\"  class=\"panel-grid-cell\" ><div id=\"panel-1377-1-1-0\" class=\"so-panel widget widget_black-studio-tinymce widget_black_studio_tinymce panel-first-child panel-last-child\" data-index=\"1\" ><div class=\"textwidget\"><h6 style=\"text-align: center;\"><\/h6>\n<p><div id='gallery-1' class='gallery galleryid-1377 gallery-columns-3 gallery-size-thumbnail'><figure class='gallery-item'>\n\t\t\t<div class='gallery-icon landscape'>\n\t\t\t\t<a href='https:\/\/rodriguezgallery.com\/wp-content\/uploads\/2016\/05\/Magic-Lantern-Vol.2-Mount-Hermon-01.jpg'><img loading=\"lazy\" decoding=\"async\" width=\"150\" height=\"150\" src=\"https:\/\/rodriguezgallery.com\/wp-content\/uploads\/2016\/05\/Magic-Lantern-Vol.2-Mount-Hermon-01-150x150.jpg\" class=\"attachment-thumbnail size-thumbnail\" alt=\"\" \/><\/a>\n\t\t\t<\/div><\/figure><figure class='gallery-item'>\n\t\t\t<div class='gallery-icon landscape'>\n\t\t\t\t<a href='https:\/\/rodriguezgallery.com\/wp-content\/uploads\/2016\/05\/Magic-Lantern-Vol.2-Mount-Hermon-02.jpg'><img loading=\"lazy\" decoding=\"async\" width=\"150\" height=\"150\" src=\"https:\/\/rodriguezgallery.com\/wp-content\/uploads\/2016\/05\/Magic-Lantern-Vol.2-Mount-Hermon-02-150x150.jpg\" class=\"attachment-thumbnail size-thumbnail\" alt=\"\" \/><\/a>\n\t\t\t<\/div><\/figure><figure class='gallery-item'>\n\t\t\t<div class='gallery-icon landscape'>\n\t\t\t\t<a href='https:\/\/rodriguezgallery.com\/wp-content\/uploads\/2016\/05\/Magic-Lantern-Vol.2-Tiberias-01-1.jpg'><img loading=\"lazy\" decoding=\"async\" width=\"150\" height=\"150\" src=\"https:\/\/rodriguezgallery.com\/wp-content\/uploads\/2016\/05\/Magic-Lantern-Vol.2-Tiberias-01-1-150x150.jpg\" class=\"attachment-thumbnail size-thumbnail\" alt=\"\" \/><\/a>\n\t\t\t<\/div><\/figure><figure class='gallery-item'>\n\t\t\t<div class='gallery-icon landscape'>\n\t\t\t\t<a href='https:\/\/rodriguezgallery.com\/wp-content\/uploads\/2016\/05\/Magic-Lantern-Vol.2-Tiberias-02.jpg'><img loading=\"lazy\" decoding=\"async\" width=\"150\" height=\"150\" src=\"https:\/\/rodriguezgallery.com\/wp-content\/uploads\/2016\/05\/Magic-Lantern-Vol.2-Tiberias-02-150x150.jpg\" class=\"attachment-thumbnail size-thumbnail\" alt=\"\" \/><\/a>\n\t\t\t<\/div><\/figure><figure class='gallery-item'>\n\t\t\t<div class='gallery-icon landscape'>\n\t\t\t\t<a href='https:\/\/rodriguezgallery.com\/wp-content\/uploads\/2016\/05\/Bethany-press.jpg'><img loading=\"lazy\" decoding=\"async\" width=\"150\" height=\"150\" src=\"https:\/\/rodriguezgallery.com\/wp-content\/uploads\/2016\/05\/Bethany-press-150x150.jpg\" class=\"attachment-thumbnail size-thumbnail\" alt=\"\" \/><\/a>\n\t\t\t<\/div><\/figure><figure class='gallery-item'>\n\t\t\t<div class='gallery-icon landscape'>\n\t\t\t\t<a href='https:\/\/rodriguezgallery.com\/wp-content\/uploads\/2016\/05\/Bethany-foto-press.jpg'><img loading=\"lazy\" decoding=\"async\" width=\"150\" height=\"150\" src=\"https:\/\/rodriguezgallery.com\/wp-content\/uploads\/2016\/05\/Bethany-foto-press-150x150.jpg\" class=\"attachment-thumbnail size-thumbnail\" alt=\"\" \/><\/a>\n\t\t\t<\/div><\/figure><figure class='gallery-item'>\n\t\t\t<div class='gallery-icon landscape'>\n\t\t\t\t<a href='https:\/\/rodriguezgallery.com\/wp-content\/uploads\/2016\/05\/Magic-Lantern-Vol.1-01jpg.jpg'><img loading=\"lazy\" decoding=\"async\" width=\"150\" height=\"150\" src=\"https:\/\/rodriguezgallery.com\/wp-content\/uploads\/2016\/05\/Magic-Lantern-Vol.1-01jpg-150x150.jpg\" class=\"attachment-thumbnail size-thumbnail\" alt=\"\" \/><\/a>\n\t\t\t<\/div><\/figure><figure class='gallery-item'>\n\t\t\t<div class='gallery-icon landscape'>\n\t\t\t\t<a href='https:\/\/rodriguezgallery.com\/wp-content\/uploads\/2016\/05\/Magic-Lantern-Vol.1-02.jpg'><img loading=\"lazy\" decoding=\"async\" width=\"150\" height=\"150\" src=\"https:\/\/rodriguezgallery.com\/wp-content\/uploads\/2016\/05\/Magic-Lantern-Vol.1-02-150x150.jpg\" class=\"attachment-thumbnail size-thumbnail\" alt=\"\" \/><\/a>\n\t\t\t<\/div><\/figure><figure class='gallery-item'>\n\t\t\t<div class='gallery-icon landscape'>\n\t\t\t\t<a href='https:\/\/rodriguezgallery.com\/wp-content\/uploads\/2016\/05\/Magic-Lantern-Vol.1-03.jpg'><img loading=\"lazy\" decoding=\"async\" width=\"150\" height=\"150\" src=\"https:\/\/rodriguezgallery.com\/wp-content\/uploads\/2016\/05\/Magic-Lantern-Vol.1-03-150x150.jpg\" class=\"attachment-thumbnail size-thumbnail\" alt=\"\" \/><\/a>\n\t\t\t<\/div><\/figure><figure class='gallery-item'>\n\t\t\t<div class='gallery-icon landscape'>\n\t\t\t\t<a href='https:\/\/rodriguezgallery.com\/wp-content\/uploads\/2016\/05\/Magic-Lantern-Vol.1-04.jpg'><img loading=\"lazy\" decoding=\"async\" width=\"150\" height=\"150\" src=\"https:\/\/rodriguezgallery.com\/wp-content\/uploads\/2016\/05\/Magic-Lantern-Vol.1-04-150x150.jpg\" class=\"attachment-thumbnail size-thumbnail\" alt=\"\" \/><\/a>\n\t\t\t<\/div><\/figure><figure class='gallery-item'>\n\t\t\t<div class='gallery-icon landscape'>\n\t\t\t\t<a href='https:\/\/rodriguezgallery.com\/wp-content\/uploads\/2016\/05\/Magic-Lantern-Vol.1-01.jpg'><img loading=\"lazy\" decoding=\"async\" width=\"150\" height=\"150\" src=\"https:\/\/rodriguezgallery.com\/wp-content\/uploads\/2016\/05\/Magic-Lantern-Vol.1-01-150x150.jpg\" class=\"attachment-thumbnail size-thumbnail\" alt=\"\" \/><\/a>\n\t\t\t<\/div><\/figure><figure class='gallery-item'>\n\t\t\t<div class='gallery-icon landscape'>\n\t\t\t\t<a href='https:\/\/rodriguezgallery.com\/wp-content\/uploads\/2016\/05\/IMG_0204.jpg'><img loading=\"lazy\" decoding=\"async\" width=\"150\" height=\"150\" src=\"https:\/\/rodriguezgallery.com\/wp-content\/uploads\/2016\/05\/IMG_0204-150x150.jpg\" class=\"attachment-thumbnail size-thumbnail\" alt=\"\" \/><\/a>\n\t\t\t<\/div><\/figure><figure class='gallery-item'>\n\t\t\t<div class='gallery-icon landscape'>\n\t\t\t\t<a href='https:\/\/rodriguezgallery.com\/wp-content\/uploads\/2016\/05\/IMG_0192.jpg'><img loading=\"lazy\" decoding=\"async\" width=\"150\" height=\"150\" src=\"https:\/\/rodriguezgallery.com\/wp-content\/uploads\/2016\/05\/IMG_0192-150x150.jpg\" class=\"attachment-thumbnail size-thumbnail\" alt=\"\" \/><\/a>\n\t\t\t<\/div><\/figure><figure class='gallery-item'>\n\t\t\t<div class='gallery-icon landscape'>\n\t\t\t\t<a href='https:\/\/rodriguezgallery.com\/wp-content\/uploads\/2016\/05\/IMG_0200.jpg'><img loading=\"lazy\" decoding=\"async\" width=\"150\" height=\"150\" src=\"https:\/\/rodriguezgallery.com\/wp-content\/uploads\/2016\/05\/IMG_0200-150x150.jpg\" class=\"attachment-thumbnail size-thumbnail\" alt=\"\" \/><\/a>\n\t\t\t<\/div><\/figure><figure class='gallery-item'>\n\t\t\t<div class='gallery-icon landscape'>\n\t\t\t\t<a href='https:\/\/rodriguezgallery.com\/wp-content\/uploads\/2016\/05\/IMG_0205.jpg'><img loading=\"lazy\" decoding=\"async\" width=\"150\" height=\"150\" src=\"https:\/\/rodriguezgallery.com\/wp-content\/uploads\/2016\/05\/IMG_0205-150x150.jpg\" class=\"attachment-thumbnail size-thumbnail\" alt=\"\" \/><\/a>\n\t\t\t<\/div><\/figure><figure class='gallery-item'>\n\t\t\t<div class='gallery-icon landscape'>\n\t\t\t\t<a href='https:\/\/rodriguezgallery.com\/wp-content\/uploads\/2016\/05\/IMG_0222.jpg'><img loading=\"lazy\" decoding=\"async\" width=\"150\" height=\"150\" src=\"https:\/\/rodriguezgallery.com\/wp-content\/uploads\/2016\/05\/IMG_0222-150x150.jpg\" class=\"attachment-thumbnail size-thumbnail\" alt=\"\" \/><\/a>\n\t\t\t<\/div><\/figure><figure class='gallery-item'>\n\t\t\t<div class='gallery-icon landscape'>\n\t\t\t\t<a href='https:\/\/rodriguezgallery.com\/wp-content\/uploads\/2016\/05\/IMG_0218.jpg'><img loading=\"lazy\" decoding=\"async\" width=\"150\" height=\"150\" src=\"https:\/\/rodriguezgallery.com\/wp-content\/uploads\/2016\/05\/IMG_0218-150x150.jpg\" class=\"attachment-thumbnail size-thumbnail\" alt=\"\" \/><\/a>\n\t\t\t<\/div><\/figure><figure class='gallery-item'>\n\t\t\t<div class='gallery-icon landscape'>\n\t\t\t\t<a href='https:\/\/rodriguezgallery.com\/wp-content\/uploads\/2016\/05\/IMG_0225.jpg'><img loading=\"lazy\" decoding=\"async\" width=\"150\" height=\"150\" src=\"https:\/\/rodriguezgallery.com\/wp-content\/uploads\/2016\/05\/IMG_0225-150x150.jpg\" class=\"attachment-thumbnail size-thumbnail\" alt=\"\" \/><\/a>\n\t\t\t<\/div><\/figure><figure class='gallery-item'>\n\t\t\t<div class='gallery-icon landscape'>\n\t\t\t\t<a href='https:\/\/rodriguezgallery.com\/wp-content\/uploads\/2016\/05\/IMG_0208.jpg'><img loading=\"lazy\" decoding=\"async\" width=\"150\" height=\"150\" src=\"https:\/\/rodriguezgallery.com\/wp-content\/uploads\/2016\/05\/IMG_0208-150x150.jpg\" class=\"attachment-thumbnail size-thumbnail\" alt=\"\" \/><\/a>\n\t\t\t<\/div><\/figure><figure class='gallery-item'>\n\t\t\t<div class='gallery-icon portrait'>\n\t\t\t\t<a href='https:\/\/rodriguezgallery.com\/wp-content\/uploads\/2016\/05\/IMG_0226.jpg'><img loading=\"lazy\" decoding=\"async\" width=\"150\" height=\"150\" src=\"https:\/\/rodriguezgallery.com\/wp-content\/uploads\/2016\/05\/IMG_0226-150x150.jpg\" class=\"attachment-thumbnail size-thumbnail\" alt=\"\" \/><\/a>\n\t\t\t<\/div><\/figure><figure class='gallery-item'>\n\t\t\t<div class='gallery-icon landscape'>\n\t\t\t\t<a href='https:\/\/rodriguezgallery.com\/wp-content\/uploads\/2016\/05\/IMG_4843.jpg'><img loading=\"lazy\" decoding=\"async\" width=\"150\" height=\"150\" src=\"https:\/\/rodriguezgallery.com\/wp-content\/uploads\/2016\/05\/IMG_4843-150x150.jpg\" class=\"attachment-thumbnail size-thumbnail\" alt=\"\" \/><\/a>\n\t\t\t<\/div><\/figure>\n\t\t<\/div>\n<\/p>\n<\/div><\/div><\/div><\/div><div id=\"pg-1377-2\"  class=\"panel-grid panel-no-style\" ><div id=\"pgc-1377-2-0\"  class=\"panel-grid-cell panel-grid-cell-empty\" ><\/div><div id=\"pgc-1377-2-1\"  class=\"panel-grid-cell panel-grid-cell-mobile-last\" ><div id=\"panel-1377-2-1-0\" class=\"so-panel widget widget_black-studio-tinymce widget_black_studio_tinymce panel-first-child panel-last-child\" data-index=\"2\" ><div class=\"textwidget\"><h6>Projekt dofinansowany ze \u015brodk\u00f3w Miasta Poznania<br \/><img loading=\"lazy\" decoding=\"async\" class=\"alignleft wp-image-1789\" src=\"https:\/\/rodriguezgallery.com\/wp-content\/uploads\/2015\/06\/LOGO_POZNAN_PL_RGB_bz-300x103.jpg\" alt=\"logo_poznan_pl_rgb_bz\" width=\"150\" height=\"52\" srcset=\"https:\/\/rodriguezgallery.com\/wp-content\/uploads\/2015\/06\/LOGO_POZNAN_PL_RGB_bz-300x103.jpg 300w, https:\/\/rodriguezgallery.com\/wp-content\/uploads\/2015\/06\/LOGO_POZNAN_PL_RGB_bz-768x264.jpg 768w, https:\/\/rodriguezgallery.com\/wp-content\/uploads\/2015\/06\/LOGO_POZNAN_PL_RGB_bz-1024x352.jpg 1024w\" sizes=\"auto, (max-width: 150px) 100vw, 150px\" \/><\/h6>\n<\/div><\/div><\/div><div id=\"pgc-1377-2-2\"  class=\"panel-grid-cell panel-grid-cell-empty\" ><\/div><\/div><\/div>","protected":false},"excerpt":{"rendered":"<p>Andr\u00e9s Pach\u00f3n:\u00a0Magic Lantern19.05 &#8211; 16.06.2016Tytu\u0142owa latarnia magiczna (b\u0105d\u017a latarnia czarnoksi\u0119ska) to urz\u0105dzenie s\u0142u\u017c\u0105ce do wy\u015bwietlania obraz\u00f3w z prze\u017aroczy, wynalezione w Europie w XVII wieku. Jako poprzednik projektora filmowego, popularnie u\u017cywane <a class=\"moretag\" href=\"https:\/\/rodriguezgallery.com\/pl\/andres-pachon-magic-lantern\/\">Read More &#8230;<\/a><\/p>\n","protected":false},"author":1,"featured_media":0,"parent":0,"menu_order":0,"comment_status":"closed","ping_status":"closed","template":"full-width-page.php","meta":{"footnotes":""},"class_list":["post-1377","page","type-page","status-publish","hentry"],"_links":{"self":[{"href":"https:\/\/rodriguezgallery.com\/pl\/wp-json\/wp\/v2\/pages\/1377","targetHints":{"allow":["GET"]}}],"collection":[{"href":"https:\/\/rodriguezgallery.com\/pl\/wp-json\/wp\/v2\/pages"}],"about":[{"href":"https:\/\/rodriguezgallery.com\/pl\/wp-json\/wp\/v2\/types\/page"}],"author":[{"embeddable":true,"href":"https:\/\/rodriguezgallery.com\/pl\/wp-json\/wp\/v2\/users\/1"}],"replies":[{"embeddable":true,"href":"https:\/\/rodriguezgallery.com\/pl\/wp-json\/wp\/v2\/comments?post=1377"}],"version-history":[{"count":1,"href":"https:\/\/rodriguezgallery.com\/pl\/wp-json\/wp\/v2\/pages\/1377\/revisions"}],"predecessor-version":[{"id":5328,"href":"https:\/\/rodriguezgallery.com\/pl\/wp-json\/wp\/v2\/pages\/1377\/revisions\/5328"}],"wp:attachment":[{"href":"https:\/\/rodriguezgallery.com\/pl\/wp-json\/wp\/v2\/media?parent=1377"}],"curies":[{"name":"wp","href":"https:\/\/api.w.org\/{rel}","templated":true}]}}