{"id":2022,"date":"2017-01-04T11:37:46","date_gmt":"2017-01-04T09:37:46","guid":{"rendered":"http:\/\/rodriguezgallery.com\/?page_id=2022"},"modified":"2019-09-16T16:25:50","modified_gmt":"2019-09-16T14:25:50","slug":"anna-talens-above-the-ground","status":"publish","type":"page","link":"https:\/\/rodriguezgallery.com\/pl\/anna-talens-above-the-ground\/","title":{"rendered":"(English) Anna Talens &#8211; Above the Ground"},"content":{"rendered":"<div id=\"pl-2022\"  class=\"panel-layout\" ><div id=\"pg-2022-0\"  class=\"panel-grid panel-no-style\" ><div id=\"pgc-2022-0-0\"  class=\"panel-grid-cell panel-grid-cell-empty\" ><\/div><\/div><div id=\"pg-2022-1\"  class=\"panel-grid panel-no-style\" ><div id=\"pgc-2022-1-0\"  class=\"panel-grid-cell\" ><div id=\"panel-2022-1-0-0\" class=\"so-panel widget widget_black-studio-tinymce widget_black_studio_tinymce panel-first-child panel-last-child\" data-index=\"0\" ><div class=\"textwidget\"><h6><strong>Anna Talens - <em>Above the ground<\/em><br \/>20.01 - 24.02.2017<\/p>\n<p><\/strong>Wystawa Anny Talens, zatytu\u0142owana <em>Above the ground<\/em> skomponowana zosta\u0142a z prac o r\u00f3\u017cnym charakterze, posiadaj\u0105cych jedn\u0105 wsp\u00f3ln\u0105 cech\u0119 \u2013 motyw minimalnego uniesienia (zar\u00f3wno w sensie fizycznym jak i mentalnym). Prace s\u0105 rezultatem postawy tw\u00f3rczej, bliskiej stanowi niewa\u017cko\u015bci, umo\u017cliwiaj\u0105cej osi\u0105gni\u0119cie stanu lekko\u015bci cia\u0142a i umys\u0142u. Ca\u0142o\u015b\u0107, pozbawiona z\u0142o\u017conych konceptualnych odniesie\u0144 i aspiracji, pozwala widzowi w intuicyjny spos\u00f3b zag\u0142\u0119bi\u0107 si\u0119 w stworzony przez artystk\u0119 \u015bwiat, w kt\u00f3rym najwa\u017cniejszy staje si\u0119 proces medytacji oraz moment spotkania pomi\u0119dzy tw\u00f3rc\u0105 a materi\u0105.<\/p>\n<p>Pokazywane na wystawie prace skonstruowane zosta\u0142y za pomoc\u0105 pi\u0119ciu elementarnych i najbardziej prymitywnych form manipulacji (napi\u0119cie, powt\u00f3rzenie, akumulacja, z\u0142o\u017cenie, r\u00f3wnowaga), przy u\u017cyciu materia\u0142\u00f3w takich jak: ni\u0107 japo\u0144ska urushi, mied\u017a, papier, pi\u00f3ra oraz przedmioty znalezione. Materia\u0142y, kt\u00f3re wybrane zosta\u0142y ze wzgl\u0119du na swoje w\u0142a\u015bciwo\u015bci fizyczne (ci\u0119\u017cko\u015b\u0107, lekko\u015b\u0107, wytrzyma\u0142o\u015b\u0107) oraz poetycki potencja\u0142, wyr\u00f3\u017cnia ponadto kolor i metaliczny po\u0142ysk, kt\u00f3re nadaj\u0105 ca\u0142o\u015bci estetyczny, melencholijny wyd\u017awi\u0119k.<\/p>\n<p><em>Above the ground<\/em> uwidacznia si\u0142\u0119 tw\u00f3rczego dialogu, kt\u00f3ry zaistnie\u0107 mo\u017ce pomi\u0119dzy poszczeg\u00f3lnymi materia\u0142ami a artystk\u0105 oraz oferuje widzowi przyjemno\u015b\u0107 obcowania z fizycznym i mentalnym stanem minimalnego uniesienia ponad ziemi\u0119. <\/p>\n<p>Pobierz pe\u0142n\u0105 dokumentacj\u0119 wystawy tutaj:<br \/><a href=\"https:\/\/rodriguezgallery.com\/wp-content\/uploads\/2017\/03\/Anna-Talens-Above-the-ground-PL.pdf\" target=\"_blank\">Above the ground PL<\/a> \u00a0 \u00a0<a href=\"https:\/\/rodriguezgallery.com\/wp-content\/uploads\/2017\/03\/Anna-Talens-Above-the-ground.pdf\" target=\"_blank\">Above the ground ENG<\/a><\/h6>\n<h4><strong>\u00a0<\/strong><\/h4>\n<\/div><\/div><\/div><div id=\"pgc-2022-1-1\"  class=\"panel-grid-cell\" ><div id=\"panel-2022-1-1-0\" class=\"so-panel widget widget_black-studio-tinymce widget_black_studio_tinymce panel-first-child panel-last-child\" data-index=\"1\" ><div class=\"textwidget\"><h6 style=\"text-align: center;\"><\/h6>\n<p>&nbsp;<\/p>\n<p><div id='gallery-1' class='gallery galleryid-2022 gallery-columns-4 gallery-size-thumbnail'><figure class='gallery-item'>\n\t\t\t<div class='gallery-icon landscape'>\n\t\t\t\t<a href='https:\/\/rodriguezgallery.com\/wp-content\/uploads\/2017\/02\/1.-Anna-Talens-Above-the-ground-exhibition-view.jpg'><img loading=\"lazy\" decoding=\"async\" width=\"150\" height=\"150\" src=\"https:\/\/rodriguezgallery.com\/wp-content\/uploads\/2017\/02\/1.-Anna-Talens-Above-the-ground-exhibition-view-150x150.jpg\" class=\"attachment-thumbnail size-thumbnail\" alt=\"\" aria-describedby=\"gallery-1-2115\" \/><\/a>\n\t\t\t<\/div>\n\t\t\t\t<figcaption class='wp-caption-text gallery-caption' id='gallery-1-2115'>\n\t\t\t\tAnna Talens. Above the ground\n\t\t\t\t<\/figcaption><\/figure><figure class='gallery-item'>\n\t\t\t<div class='gallery-icon landscape'>\n\t\t\t\t<a href='https:\/\/rodriguezgallery.com\/wp-content\/uploads\/2017\/01\/2.-Anna-Talens-Above-the-ground-exhibition-view-2.jpg'><img loading=\"lazy\" decoding=\"async\" width=\"150\" height=\"150\" src=\"https:\/\/rodriguezgallery.com\/wp-content\/uploads\/2017\/01\/2.-Anna-Talens-Above-the-ground-exhibition-view-2-150x150.jpg\" class=\"attachment-thumbnail size-thumbnail\" alt=\"\" \/><\/a>\n\t\t\t<\/div><\/figure><figure class='gallery-item'>\n\t\t\t<div class='gallery-icon landscape'>\n\t\t\t\t<a href='https:\/\/rodriguezgallery.com\/wp-content\/uploads\/2017\/01\/3.-Anna-Talens-Above-the-ground-La-cosecha-2014-cobre-y-acero-medidas-variables.jpg'><img loading=\"lazy\" decoding=\"async\" width=\"150\" height=\"150\" src=\"https:\/\/rodriguezgallery.com\/wp-content\/uploads\/2017\/01\/3.-Anna-Talens-Above-the-ground-La-cosecha-2014-cobre-y-acero-medidas-variables-150x150.jpg\" class=\"attachment-thumbnail size-thumbnail\" alt=\"\" \/><\/a>\n\t\t\t<\/div><\/figure><figure class='gallery-item'>\n\t\t\t<div class='gallery-icon landscape'>\n\t\t\t\t<a href='https:\/\/rodriguezgallery.com\/wp-content\/uploads\/2017\/01\/IMG_9435.jpg'><img loading=\"lazy\" decoding=\"async\" width=\"150\" height=\"150\" src=\"https:\/\/rodriguezgallery.com\/wp-content\/uploads\/2017\/01\/IMG_9435-150x150.jpg\" class=\"attachment-thumbnail size-thumbnail\" alt=\"\" \/><\/a>\n\t\t\t<\/div><\/figure><figure class='gallery-item'>\n\t\t\t<div class='gallery-icon landscape'>\n\t\t\t\t<a href='https:\/\/rodriguezgallery.com\/wp-content\/uploads\/2017\/01\/5.-Anna-Talens-Above-the-ground-Pesos-pesados-exhibition-view.jpg'><img loading=\"lazy\" decoding=\"async\" width=\"150\" height=\"150\" src=\"https:\/\/rodriguezgallery.com\/wp-content\/uploads\/2017\/01\/5.-Anna-Talens-Above-the-ground-Pesos-pesados-exhibition-view-150x150.jpg\" class=\"attachment-thumbnail size-thumbnail\" alt=\"\" \/><\/a>\n\t\t\t<\/div><\/figure><figure class='gallery-item'>\n\t\t\t<div class='gallery-icon landscape'>\n\t\t\t\t<a href='https:\/\/rodriguezgallery.com\/wp-content\/uploads\/2017\/01\/6.-Anna-Talens-Above-the-ground-Pesos-pesados.jpg'><img loading=\"lazy\" decoding=\"async\" width=\"150\" height=\"150\" src=\"https:\/\/rodriguezgallery.com\/wp-content\/uploads\/2017\/01\/6.-Anna-Talens-Above-the-ground-Pesos-pesados-150x150.jpg\" class=\"attachment-thumbnail size-thumbnail\" alt=\"\" \/><\/a>\n\t\t\t<\/div><\/figure><figure class='gallery-item'>\n\t\t\t<div class='gallery-icon landscape'>\n\t\t\t\t<a href='https:\/\/rodriguezgallery.com\/wp-content\/uploads\/2017\/01\/TALENS_OBRA_015_small.jpg'><img loading=\"lazy\" decoding=\"async\" width=\"150\" height=\"150\" src=\"https:\/\/rodriguezgallery.com\/wp-content\/uploads\/2017\/01\/TALENS_OBRA_015_small-150x150.jpg\" class=\"attachment-thumbnail size-thumbnail\" alt=\"\" \/><\/a>\n\t\t\t<\/div><\/figure><figure class='gallery-item'>\n\t\t\t<div class='gallery-icon portrait'>\n\t\t\t\t<a href='https:\/\/rodriguezgallery.com\/wp-content\/uploads\/2017\/01\/TALENS_OBRA_018_small.jpg'><img loading=\"lazy\" decoding=\"async\" width=\"150\" height=\"150\" src=\"https:\/\/rodriguezgallery.com\/wp-content\/uploads\/2017\/01\/TALENS_OBRA_018_small-150x150.jpg\" class=\"attachment-thumbnail size-thumbnail\" alt=\"\" \/><\/a>\n\t\t\t<\/div><\/figure><figure class='gallery-item'>\n\t\t\t<div class='gallery-icon portrait'>\n\t\t\t\t<a href='https:\/\/rodriguezgallery.com\/wp-content\/uploads\/2017\/01\/TALENS_OBRA_009_small.jpg'><img loading=\"lazy\" decoding=\"async\" width=\"150\" height=\"150\" src=\"https:\/\/rodriguezgallery.com\/wp-content\/uploads\/2017\/01\/TALENS_OBRA_009_small-150x150.jpg\" class=\"attachment-thumbnail size-thumbnail\" alt=\"\" \/><\/a>\n\t\t\t<\/div><\/figure><figure class='gallery-item'>\n\t\t\t<div class='gallery-icon landscape'>\n\t\t\t\t<a href='https:\/\/rodriguezgallery.com\/wp-content\/uploads\/2017\/01\/TALENS_OBRA_010_small.jpg'><img loading=\"lazy\" decoding=\"async\" width=\"150\" height=\"150\" src=\"https:\/\/rodriguezgallery.com\/wp-content\/uploads\/2017\/01\/TALENS_OBRA_010_small-150x150.jpg\" class=\"attachment-thumbnail size-thumbnail\" alt=\"\" \/><\/a>\n\t\t\t<\/div><\/figure><figure class='gallery-item'>\n\t\t\t<div class='gallery-icon portrait'>\n\t\t\t\t<a href='https:\/\/rodriguezgallery.com\/wp-content\/uploads\/2017\/01\/TALENS_OBRA_001_small.jpg'><img loading=\"lazy\" decoding=\"async\" width=\"150\" height=\"150\" src=\"https:\/\/rodriguezgallery.com\/wp-content\/uploads\/2017\/01\/TALENS_OBRA_001_small-150x150.jpg\" class=\"attachment-thumbnail size-thumbnail\" alt=\"\" \/><\/a>\n\t\t\t<\/div><\/figure><figure class='gallery-item'>\n\t\t\t<div class='gallery-icon portrait'>\n\t\t\t\t<a href='https:\/\/rodriguezgallery.com\/wp-content\/uploads\/2017\/01\/TALENS_OBRA_002_small.jpg'><img loading=\"lazy\" decoding=\"async\" width=\"150\" height=\"150\" src=\"https:\/\/rodriguezgallery.com\/wp-content\/uploads\/2017\/01\/TALENS_OBRA_002_small-150x150.jpg\" class=\"attachment-thumbnail size-thumbnail\" alt=\"\" \/><\/a>\n\t\t\t<\/div><\/figure><figure class='gallery-item'>\n\t\t\t<div class='gallery-icon portrait'>\n\t\t\t\t<a href='https:\/\/rodriguezgallery.com\/wp-content\/uploads\/2017\/01\/TALENS_OBRA_003_small.jpg'><img loading=\"lazy\" decoding=\"async\" width=\"150\" height=\"150\" src=\"https:\/\/rodriguezgallery.com\/wp-content\/uploads\/2017\/01\/TALENS_OBRA_003_small-150x150.jpg\" class=\"attachment-thumbnail size-thumbnail\" alt=\"\" \/><\/a>\n\t\t\t<\/div><\/figure><figure class='gallery-item'>\n\t\t\t<div class='gallery-icon portrait'>\n\t\t\t\t<a href='https:\/\/rodriguezgallery.com\/wp-content\/uploads\/2017\/01\/TALENS_OBRA_004_small.jpg'><img loading=\"lazy\" decoding=\"async\" width=\"150\" height=\"150\" src=\"https:\/\/rodriguezgallery.com\/wp-content\/uploads\/2017\/01\/TALENS_OBRA_004_small-150x150.jpg\" class=\"attachment-thumbnail size-thumbnail\" alt=\"\" \/><\/a>\n\t\t\t<\/div><\/figure><figure class='gallery-item'>\n\t\t\t<div class='gallery-icon portrait'>\n\t\t\t\t<a href='https:\/\/rodriguezgallery.com\/wp-content\/uploads\/2017\/01\/TALENS_OBRA_005_small.jpg'><img loading=\"lazy\" decoding=\"async\" width=\"150\" height=\"150\" src=\"https:\/\/rodriguezgallery.com\/wp-content\/uploads\/2017\/01\/TALENS_OBRA_005_small-150x150.jpg\" class=\"attachment-thumbnail size-thumbnail\" alt=\"\" \/><\/a>\n\t\t\t<\/div><\/figure><figure class='gallery-item'>\n\t\t\t<div class='gallery-icon portrait'>\n\t\t\t\t<a href='https:\/\/rodriguezgallery.com\/wp-content\/uploads\/2017\/01\/TALENS_OBRA_006_small.jpg'><img loading=\"lazy\" decoding=\"async\" width=\"150\" height=\"150\" src=\"https:\/\/rodriguezgallery.com\/wp-content\/uploads\/2017\/01\/TALENS_OBRA_006_small-150x150.jpg\" class=\"attachment-thumbnail size-thumbnail\" alt=\"\" \/><\/a>\n\t\t\t<\/div><\/figure><figure class='gallery-item'>\n\t\t\t<div class='gallery-icon landscape'>\n\t\t\t\t<a href='https:\/\/rodriguezgallery.com\/wp-content\/uploads\/2017\/01\/TALENS_OBRA_012_small.jpg'><img loading=\"lazy\" decoding=\"async\" width=\"150\" height=\"150\" src=\"https:\/\/rodriguezgallery.com\/wp-content\/uploads\/2017\/01\/TALENS_OBRA_012_small-150x150.jpg\" class=\"attachment-thumbnail size-thumbnail\" alt=\"\" \/><\/a>\n\t\t\t<\/div><\/figure><figure class='gallery-item'>\n\t\t\t<div class='gallery-icon landscape'>\n\t\t\t\t<a href='https:\/\/rodriguezgallery.com\/wp-content\/uploads\/2017\/01\/TALENS_OBRA_013_small.jpg'><img loading=\"lazy\" decoding=\"async\" width=\"150\" height=\"150\" src=\"https:\/\/rodriguezgallery.com\/wp-content\/uploads\/2017\/01\/TALENS_OBRA_013_small-150x150.jpg\" class=\"attachment-thumbnail size-thumbnail\" alt=\"\" \/><\/a>\n\t\t\t<\/div><\/figure><figure class='gallery-item'>\n\t\t\t<div class='gallery-icon landscape'>\n\t\t\t\t<a href='https:\/\/rodriguezgallery.com\/wp-content\/uploads\/2017\/01\/TALENS_OBRA_014_small.jpg'><img loading=\"lazy\" decoding=\"async\" width=\"150\" height=\"150\" src=\"https:\/\/rodriguezgallery.com\/wp-content\/uploads\/2017\/01\/TALENS_OBRA_014_small-150x150.jpg\" class=\"attachment-thumbnail size-thumbnail\" alt=\"\" \/><\/a>\n\t\t\t<\/div><\/figure>\n\t\t<\/div>\n<\/p>\n<\/div><\/div><\/div><\/div><\/div>","protected":false},"excerpt":{"rendered":"<p>Anna Talens &#8211; Above the ground20.01 &#8211; 24.02.2017Wystawa Anny Talens, zatytu\u0142owana Above the ground skomponowana zosta\u0142a z prac o r\u00f3\u017cnym charakterze, posiadaj\u0105cych jedn\u0105 wsp\u00f3ln\u0105 cech\u0119 \u2013 motyw minimalnego uniesienia (zar\u00f3wno <a class=\"moretag\" href=\"https:\/\/rodriguezgallery.com\/pl\/anna-talens-above-the-ground\/\">Read More &#8230;<\/a><\/p>\n","protected":false},"author":1,"featured_media":0,"parent":0,"menu_order":0,"comment_status":"closed","ping_status":"closed","template":"full-width-page.php","meta":{"footnotes":""},"class_list":["post-2022","page","type-page","status-publish","hentry"],"_links":{"self":[{"href":"https:\/\/rodriguezgallery.com\/pl\/wp-json\/wp\/v2\/pages\/2022","targetHints":{"allow":["GET"]}}],"collection":[{"href":"https:\/\/rodriguezgallery.com\/pl\/wp-json\/wp\/v2\/pages"}],"about":[{"href":"https:\/\/rodriguezgallery.com\/pl\/wp-json\/wp\/v2\/types\/page"}],"author":[{"embeddable":true,"href":"https:\/\/rodriguezgallery.com\/pl\/wp-json\/wp\/v2\/users\/1"}],"replies":[{"embeddable":true,"href":"https:\/\/rodriguezgallery.com\/pl\/wp-json\/wp\/v2\/comments?post=2022"}],"version-history":[{"count":1,"href":"https:\/\/rodriguezgallery.com\/pl\/wp-json\/wp\/v2\/pages\/2022\/revisions"}],"predecessor-version":[{"id":5331,"href":"https:\/\/rodriguezgallery.com\/pl\/wp-json\/wp\/v2\/pages\/2022\/revisions\/5331"}],"wp:attachment":[{"href":"https:\/\/rodriguezgallery.com\/pl\/wp-json\/wp\/v2\/media?parent=2022"}],"curies":[{"name":"wp","href":"https:\/\/api.w.org\/{rel}","templated":true}]}}