{"id":2244,"date":"2017-03-10T20:23:23","date_gmt":"2017-03-10T18:23:23","guid":{"rendered":"http:\/\/rodriguezgallery.com\/?page_id=2244"},"modified":"2019-09-16T16:26:14","modified_gmt":"2019-09-16T14:26:14","slug":"diana-lelonek-zoe-terapia","status":"publish","type":"page","link":"https:\/\/rodriguezgallery.com\/pl\/diana-lelonek-zoe-terapia\/","title":{"rendered":"(English) Diana Lelonek &#8211; Zoe Terapia"},"content":{"rendered":"<div id=\"pl-2244\"  class=\"panel-layout\" ><div id=\"pg-2244-0\"  class=\"panel-grid panel-no-style\" ><div id=\"pgc-2244-0-0\"  class=\"panel-grid-cell\" ><div id=\"panel-2244-0-0-0\" class=\"so-panel widget widget_black-studio-tinymce widget_black_studio_tinymce panel-first-child panel-last-child\" data-index=\"0\" ><div class=\"textwidget\"><h6><strong><strong>Diana Lelonek\u00a0-\u00a0<em>Zoe-terapia (w procesie)<\/em><br \/>17.03\u00a0- 22.04.2017<\/strong><\/h6>\n<h6>Wystawa Diany Lelonek stanowi rozwini\u0119cie projektu Zoe-terapia, prezentowanego po raz pierwszy w ramach cyklu Project Room w Centrum Sztuki Wsp\u00f3\u0142czesnej Zamek Ujazdowski w Warszawie w 2015 roku. Niepokazywane wcze\u015bniej prace ukazuj\u0105 nieustanny proces rozk\u0142adu, kt\u00f3remu poddawane s\u0105 dzie\u0142a europejskiej cywilizacji.\u00a0<\/h6>\n<h6><em>\u201eRealizacj\u0119 Diany Lelonek mo\u017cna traktowa\u0107 jako rodzaj terapii szokowej, lecz tak\u017ce jako wyrafinowan\u0105 zemst\u0119. Wendet\u0119 przeprowadzon\u0105 za pomoc\u0105 broni biologicznej, systematycznie i z naukow\u0105 precyzj\u0105. Jej arsena\u0142 stanowi\u0105 kolonie mikroorganizm\u00f3w, grzyb\u00f3w i bakterii. Wr\u00f3g wydaje si\u0119 namacalny, spogl\u0105da na nas cho\u0107b<\/em><span class=\"text_exposed_show\"><em>y z portret\u00f3w zamieszczonych w \u201eEncyklopedii filozofii\u201d W\u0142adys\u0142awa Tatarkiewicza. Czarno bia\u0142e przedstawienia starych filozof\u00f3w, autor\u00f3w klasycznych dzie\u0142 europejskiej my\u015bli humanistycznej s\u0105 jednak tylko celem zast\u0119pczym. W\u0142a\u015bciwym obiektem ataku jest bowiem stoj\u0105ca za tymi wizerunkami nieprawdopodobnie rozbudowana struktura \u015bwiatopogl\u0105dowa, antropocentryczna i hierarchiczna wizja dziej\u00f3w, a tak\u017ce dualistyczna koncepcja \u015bwiata podzielonego rzekomo na wspania\u0142\u0105 kultur\u0119 i sielsk\u0105 natur\u0119, w\u0142adczego cz\u0142owieka i podrz\u0119dne mu organizmy, marne cia\u0142o i doskona\u0142ego ducha, dobre swoje i z\u0142e obce.<\/em><br \/><em>Przestrze\u0144 galerii Lelonek zmienia w laboratorium, w kt\u00f3rym testowane s\u0105 r\u00f3\u017cne sposoby paso\u017cytowania drobnoustroj\u00f3w na dzie\u0142ach europejskiej cywilizacji. Do tej pory ekspansja terytorialna i podporz\u0105dkowywanie sobie s\u0142abszych (w domy\u015ble gorszych) gatunk\u00f3w charakteryzowa\u0142a wy\u0142\u0105cznie spo\u0142ecze\u0144stwa i kultur\u0119 zachodni\u0105, a konkretnie \u2013 jak zauwa\u017ca artystka \u2013 bia\u0142ego i bogatego europejczyka. Tym razem role si\u0119 odwr\u00f3ci\u0142y. To, co wypierane i t\u0119pione mo\u017ce wreszcie wzi\u0105\u0107 odwet, przynajmniej w sensie metaforycznym.\u201d<br \/><\/em><br \/>(Marcin Krasny, z katalogu do wystawy \u201eZoe-terapia\u201d, CSW Zamek Ujazdowski, Warszawa, 2015)<\/span><\/h6>\n<h6>Projekt powsta\u0142 we wsp\u00f3\u0142pracy z biologiem Jasiem Garstk\u0105.<\/h6>\n<h6>Projekt dofinansowany ze \u015brodk\u00f3w Miasta Poznania.<\/h6>\n<h6>Pobierz pe\u0142n\u0105 dokumentacj\u0119 wystawy tutaj:<br \/><a href=\"http:\/\/rodriguezgallery.com\/wp-content\/uploads\/2017\/12\/Diana-Lelonek-Zoe-therapy-in-process-ENG.pdf\" target=\"_blank\" rel=\"noopener\">Zoe-Therpay ENG<\/a> \u00a0 \u00a0<a href=\"http:\/\/rodriguezgallery.com\/wp-content\/uploads\/2017\/12\/Diana-Lelonek-Zoe-terapia-w-procesie-PL.pdf\" target=\"_blank\" rel=\"noopener\">Zoe-Terapia PL<\/a><\/h6>\n<h4><strong>\u00a0<\/strong><\/h4>\n<\/div><\/div><\/div><div id=\"pgc-2244-0-1\"  class=\"panel-grid-cell\" ><div id=\"panel-2244-0-1-0\" class=\"so-panel widget widget_black-studio-tinymce widget_black_studio_tinymce panel-first-child panel-last-child\" data-index=\"1\" ><div class=\"textwidget\"><h6 style=\"text-align: center;\"><\/h6>\n<p>&nbsp;<\/p>\n<p><div id='gallery-1' class='gallery galleryid-2244 gallery-columns-3 gallery-size-thumbnail'><figure class='gallery-item'>\n\t\t\t<div class='gallery-icon landscape'>\n\t\t\t\t<a href='https:\/\/rodriguezgallery.com\/wp-content\/uploads\/2015\/06\/Exhibition-view.jpg'><img loading=\"lazy\" decoding=\"async\" width=\"150\" height=\"150\" src=\"https:\/\/rodriguezgallery.com\/wp-content\/uploads\/2015\/06\/Exhibition-view-150x150.jpg\" class=\"attachment-thumbnail size-thumbnail\" alt=\"\" \/><\/a>\n\t\t\t<\/div><\/figure><figure class='gallery-item'>\n\t\t\t<div class='gallery-icon landscape'>\n\t\t\t\t<a href='https:\/\/rodriguezgallery.com\/wp-content\/uploads\/2017\/03\/01.-Diana-Lelonek-Zoe-terapia-w-procesie-widok-wystawyMALY.jpg'><img loading=\"lazy\" decoding=\"async\" width=\"150\" height=\"150\" src=\"https:\/\/rodriguezgallery.com\/wp-content\/uploads\/2017\/03\/01.-Diana-Lelonek-Zoe-terapia-w-procesie-widok-wystawyMALY-150x150.jpg\" class=\"attachment-thumbnail size-thumbnail\" alt=\"\" \/><\/a>\n\t\t\t<\/div><\/figure><figure class='gallery-item'>\n\t\t\t<div class='gallery-icon landscape'>\n\t\t\t\t<a href='https:\/\/rodriguezgallery.com\/wp-content\/uploads\/2017\/03\/03.-Diana-Lelonek-Zoe-terapia-w-procesie-widok-wystawyMALY.jpg'><img loading=\"lazy\" decoding=\"async\" width=\"150\" height=\"150\" src=\"https:\/\/rodriguezgallery.com\/wp-content\/uploads\/2017\/03\/03.-Diana-Lelonek-Zoe-terapia-w-procesie-widok-wystawyMALY-150x150.jpg\" class=\"attachment-thumbnail size-thumbnail\" alt=\"\" \/><\/a>\n\t\t\t<\/div><\/figure><figure class='gallery-item'>\n\t\t\t<div class='gallery-icon landscape'>\n\t\t\t\t<a href='https:\/\/rodriguezgallery.com\/wp-content\/uploads\/2017\/03\/06.-Diana-Lelonek-Socrates-parasitizes-by-Scedosporium-apiospermum-2015MALY.jpg'><img loading=\"lazy\" decoding=\"async\" width=\"150\" height=\"150\" src=\"https:\/\/rodriguezgallery.com\/wp-content\/uploads\/2017\/03\/06.-Diana-Lelonek-Socrates-parasitizes-by-Scedosporium-apiospermum-2015MALY-150x150.jpg\" class=\"attachment-thumbnail size-thumbnail\" alt=\"\" \/><\/a>\n\t\t\t<\/div><\/figure><figure class='gallery-item'>\n\t\t\t<div class='gallery-icon landscape'>\n\t\t\t\t<a href='https:\/\/rodriguezgallery.com\/wp-content\/uploads\/2017\/03\/02.-Diana-Lelonek-Zoe-terapia-w-procesie-widok-wystawyMALY.jpg'><img loading=\"lazy\" decoding=\"async\" width=\"150\" height=\"150\" src=\"https:\/\/rodriguezgallery.com\/wp-content\/uploads\/2017\/03\/02.-Diana-Lelonek-Zoe-terapia-w-procesie-widok-wystawyMALY-150x150.jpg\" class=\"attachment-thumbnail size-thumbnail\" alt=\"\" \/><\/a>\n\t\t\t<\/div><\/figure><figure class='gallery-item'>\n\t\t\t<div class='gallery-icon portrait'>\n\t\t\t\t<a href='https:\/\/rodriguezgallery.com\/wp-content\/uploads\/2017\/03\/04.-Diana-Lelonek-Hoene-Wro\u0144ski-2015MALY.jpg'><img loading=\"lazy\" decoding=\"async\" width=\"150\" height=\"150\" src=\"https:\/\/rodriguezgallery.com\/wp-content\/uploads\/2017\/03\/04.-Diana-Lelonek-Hoene-Wro\u0144ski-2015MALY-150x150.jpg\" class=\"attachment-thumbnail size-thumbnail\" alt=\"\" \/><\/a>\n\t\t\t<\/div><\/figure><figure class='gallery-item'>\n\t\t\t<div class='gallery-icon landscape'>\n\t\t\t\t<a href='https:\/\/rodriguezgallery.com\/wp-content\/uploads\/2017\/03\/05.-Diana-Lelonek-Zoe-terapia-w-procesie-widok-wystawyMALY.jpg'><img loading=\"lazy\" decoding=\"async\" width=\"150\" height=\"150\" src=\"https:\/\/rodriguezgallery.com\/wp-content\/uploads\/2017\/03\/05.-Diana-Lelonek-Zoe-terapia-w-procesie-widok-wystawyMALY-150x150.jpg\" class=\"attachment-thumbnail size-thumbnail\" alt=\"\" \/><\/a>\n\t\t\t<\/div><\/figure><figure class='gallery-item'>\n\t\t\t<div class='gallery-icon landscape'>\n\t\t\t\t<a href='https:\/\/rodriguezgallery.com\/wp-content\/uploads\/2017\/03\/08.-Diana-Lelonek-Zoe-terapia-w-procesie-widok-wystawyMALY.jpg'><img loading=\"lazy\" decoding=\"async\" width=\"150\" height=\"150\" src=\"https:\/\/rodriguezgallery.com\/wp-content\/uploads\/2017\/03\/08.-Diana-Lelonek-Zoe-terapia-w-procesie-widok-wystawyMALY-150x150.jpg\" class=\"attachment-thumbnail size-thumbnail\" alt=\"\" \/><\/a>\n\t\t\t<\/div><\/figure><figure class='gallery-item'>\n\t\t\t<div class='gallery-icon landscape'>\n\t\t\t\t<a href='https:\/\/rodriguezgallery.com\/wp-content\/uploads\/2017\/03\/IMG_0400MALY.jpg'><img loading=\"lazy\" decoding=\"async\" width=\"150\" height=\"150\" src=\"https:\/\/rodriguezgallery.com\/wp-content\/uploads\/2017\/03\/IMG_0400MALY-150x150.jpg\" class=\"attachment-thumbnail size-thumbnail\" alt=\"\" \/><\/a>\n\t\t\t<\/div><\/figure><figure class='gallery-item'>\n\t\t\t<div class='gallery-icon landscape'>\n\t\t\t\t<a href='https:\/\/rodriguezgallery.com\/wp-content\/uploads\/2017\/03\/07.-Diana-Lelonek-Acropolis-parasitized-by-different-kinds-of-molds-and-bacteria-2015MALY.jpg'><img loading=\"lazy\" decoding=\"async\" width=\"150\" height=\"150\" src=\"https:\/\/rodriguezgallery.com\/wp-content\/uploads\/2017\/03\/07.-Diana-Lelonek-Acropolis-parasitized-by-different-kinds-of-molds-and-bacteria-2015MALY-150x150.jpg\" class=\"attachment-thumbnail size-thumbnail\" alt=\"\" \/><\/a>\n\t\t\t<\/div><\/figure><figure class='gallery-item'>\n\t\t\t<div class='gallery-icon portrait'>\n\t\t\t\t<a href='https:\/\/rodriguezgallery.com\/wp-content\/uploads\/2017\/03\/Diana-Lelonek-Zoe-terapia-w-procesie.jpg'><img loading=\"lazy\" decoding=\"async\" width=\"150\" height=\"150\" src=\"https:\/\/rodriguezgallery.com\/wp-content\/uploads\/2017\/03\/Diana-Lelonek-Zoe-terapia-w-procesie-150x150.jpg\" class=\"attachment-thumbnail size-thumbnail\" alt=\"\" \/><\/a>\n\t\t\t<\/div><\/figure><figure class='gallery-item'>\n\t\t\t<div class='gallery-icon landscape'>\n\t\t\t\t<a href='https:\/\/rodriguezgallery.com\/wp-content\/uploads\/2017\/03\/akademia-50x70-druk.jpg'><img loading=\"lazy\" decoding=\"async\" width=\"150\" height=\"150\" src=\"https:\/\/rodriguezgallery.com\/wp-content\/uploads\/2017\/03\/akademia-50x70-druk-150x150.jpg\" class=\"attachment-thumbnail size-thumbnail\" alt=\"\" \/><\/a>\n\t\t\t<\/div><\/figure><figure class='gallery-item'>\n\t\t\t<div class='gallery-icon landscape'>\n\t\t\t\t<a href='https:\/\/rodriguezgallery.com\/wp-content\/uploads\/2017\/03\/akropol-100x150-druk.jpg'><img loading=\"lazy\" decoding=\"async\" width=\"150\" height=\"150\" src=\"https:\/\/rodriguezgallery.com\/wp-content\/uploads\/2017\/03\/akropol-100x150-druk-150x150.jpg\" class=\"attachment-thumbnail size-thumbnail\" alt=\"\" \/><\/a>\n\t\t\t<\/div><\/figure><figure class='gallery-item'>\n\t\t\t<div class='gallery-icon portrait'>\n\t\t\t\t<a href='https:\/\/rodriguezgallery.com\/wp-content\/uploads\/2017\/03\/hoene-wronski-100x70.jpg'><img loading=\"lazy\" decoding=\"async\" width=\"150\" height=\"150\" src=\"https:\/\/rodriguezgallery.com\/wp-content\/uploads\/2017\/03\/hoene-wronski-100x70-150x150.jpg\" class=\"attachment-thumbnail size-thumbnail\" alt=\"\" \/><\/a>\n\t\t\t<\/div><\/figure><figure class='gallery-item'>\n\t\t\t<div class='gallery-icon portrait'>\n\t\t\t\t<a href='https:\/\/rodriguezgallery.com\/wp-content\/uploads\/2017\/03\/berekley-100x70.jpg'><img loading=\"lazy\" decoding=\"async\" width=\"150\" height=\"150\" src=\"https:\/\/rodriguezgallery.com\/wp-content\/uploads\/2017\/03\/berekley-100x70-150x150.jpg\" class=\"attachment-thumbnail size-thumbnail\" alt=\"\" \/><\/a>\n\t\t\t<\/div><\/figure><figure class='gallery-item'>\n\t\t\t<div class='gallery-icon portrait'>\n\t\t\t\t<a href='https:\/\/rodriguezgallery.com\/wp-content\/uploads\/2017\/03\/AugusteComte-100x70.jpg'><img loading=\"lazy\" decoding=\"async\" width=\"150\" height=\"150\" src=\"https:\/\/rodriguezgallery.com\/wp-content\/uploads\/2017\/03\/AugusteComte-100x70-150x150.jpg\" class=\"attachment-thumbnail size-thumbnail\" alt=\"\" \/><\/a>\n\t\t\t<\/div><\/figure><figure class='gallery-item'>\n\t\t\t<div class='gallery-icon portrait'>\n\t\t\t\t<a href='https:\/\/rodriguezgallery.com\/wp-content\/uploads\/2017\/03\/arystoteles-100x150.jpg'><img loading=\"lazy\" decoding=\"async\" width=\"150\" height=\"150\" src=\"https:\/\/rodriguezgallery.com\/wp-content\/uploads\/2017\/03\/arystoteles-100x150-150x150.jpg\" class=\"attachment-thumbnail size-thumbnail\" alt=\"\" \/><\/a>\n\t\t\t<\/div><\/figure>\n\t\t<\/div>\n<\/p>\n<h6 style=\"text-align: center;\"><a href=\"http:\/\/rodriguezgallery.com\/diana-lelonek\/\">\u00a0<\/a><\/h6>\n<\/div><\/div><\/div><\/div><\/div>","protected":false},"excerpt":{"rendered":"<p>Diana Lelonek\u00a0&#8211;\u00a0Zoe-terapia (w procesie)17.03\u00a0&#8211; 22.04.2017Wystawa Diany Lelonek stanowi rozwini\u0119cie projektu Zoe-terapia, prezentowanego po raz pierwszy w ramach cyklu Project Room w Centrum Sztuki Wsp\u00f3\u0142czesnej Zamek Ujazdowski w Warszawie w 2015 <a class=\"moretag\" href=\"https:\/\/rodriguezgallery.com\/pl\/diana-lelonek-zoe-terapia\/\">Read More &#8230;<\/a><\/p>\n","protected":false},"author":1,"featured_media":0,"parent":0,"menu_order":0,"comment_status":"closed","ping_status":"closed","template":"full-width-page.php","meta":{"footnotes":""},"class_list":["post-2244","page","type-page","status-publish","hentry"],"_links":{"self":[{"href":"https:\/\/rodriguezgallery.com\/pl\/wp-json\/wp\/v2\/pages\/2244","targetHints":{"allow":["GET"]}}],"collection":[{"href":"https:\/\/rodriguezgallery.com\/pl\/wp-json\/wp\/v2\/pages"}],"about":[{"href":"https:\/\/rodriguezgallery.com\/pl\/wp-json\/wp\/v2\/types\/page"}],"author":[{"embeddable":true,"href":"https:\/\/rodriguezgallery.com\/pl\/wp-json\/wp\/v2\/users\/1"}],"replies":[{"embeddable":true,"href":"https:\/\/rodriguezgallery.com\/pl\/wp-json\/wp\/v2\/comments?post=2244"}],"version-history":[{"count":1,"href":"https:\/\/rodriguezgallery.com\/pl\/wp-json\/wp\/v2\/pages\/2244\/revisions"}],"predecessor-version":[{"id":5332,"href":"https:\/\/rodriguezgallery.com\/pl\/wp-json\/wp\/v2\/pages\/2244\/revisions\/5332"}],"wp:attachment":[{"href":"https:\/\/rodriguezgallery.com\/pl\/wp-json\/wp\/v2\/media?parent=2244"}],"curies":[{"name":"wp","href":"https:\/\/api.w.org\/{rel}","templated":true}]}}