{"id":2420,"date":"2017-04-26T15:58:41","date_gmt":"2017-04-26T13:58:41","guid":{"rendered":"http:\/\/rodriguezgallery.com\/?page_id=2420"},"modified":"2018-03-29T14:49:53","modified_gmt":"2018-03-29T12:49:53","slug":"disrupt","status":"publish","type":"page","link":"https:\/\/rodriguezgallery.com\/pl\/disrupt\/","title":{"rendered":"(English) DISRUPT"},"content":{"rendered":"<div id=\"pl-2420\"  class=\"panel-layout\" ><div id=\"pg-2420-0\"  class=\"panel-grid panel-no-style\" ><div id=\"pgc-2420-0-0\"  class=\"panel-grid-cell\" ><div id=\"panel-2420-0-0-0\" class=\"so-panel widget widget_black-studio-tinymce widget_black_studio_tinymce panel-first-child panel-last-child\" data-index=\"0\" ><div class=\"textwidget\"><h6><strong><em><span style=\"text-decoration: underline;\">D \/ I \/ S \/ R \/ U \/ P \/ T<\/span><br \/>\n<\/em>05.05 - 08.06.2017<\/p>\n<p><\/strong>S\u0142owo disrupt (t\u0142um. zaburzy\u0107, zdezorganizowa\u0107) rozumie\u0107 mo\u017cna jako dzia\u0142anie polegaj\u0105ce na wyznaczaniu swojej radykalnej pozycji i relacji w stosunku do zastanego porz\u0105dku. Cz\u0119sto powoduje ono tymczasow\u0105 zmian\u0119, cho\u0107 mo\u017ce stanowi\u0107 tak\u017ce zal\u0105\u017cek tworzenia nowego porz\u0105dku.<\/h6>\n<h6>W czasie wystawy DISRUPT, arty\u015bci zaproszeni zostali do refleksji nad czynno\u015bci\u0105 i poj\u0119ciem \u201ezaburzenia\u201d, w zgodzie z ich w\u0142asnymi zainteresowaniami i metod\u0105 tw\u00f3rcz\u0105. Rezultaty ich poszukiwa\u0144 generuj\u0105 ram\u0119 tego projektu.<\/h6>\n<h6>Arty\u015bci bior\u0105cy udzia\u0142 w wystawie:<\/h6>\n<h6>Marlon de Azambuja<br \/>\nCristina Garrido<br \/>\nJimena Kato<br \/>\nJulia Llerena<br \/>\nMaya Saravia<br \/>\nMauro Vallejo<\/h6>\n<h6>Kurator: Marlon de Azambuja<\/h6>\n<h6>Projekt dofinansowany z bud\u017cetu Miasta Poznania<\/h6>\n<h6><\/h6>\n<h6>Pobierz pe\u0142n\u0105 dokumentacj\u0119 wystawy tutaj:<br \/>\n<a href=\"https:\/\/rodriguezgallery.com\/wp-content\/uploads\/2018\/03\/DISRUPT-dossier-ENG.pdf\" target=\"_blank\" rel=\"noopener\">DISRUPT ENG<\/a><\/h6>\n<\/div><\/div><\/div><div id=\"pgc-2420-0-1\"  class=\"panel-grid-cell\" ><div id=\"panel-2420-0-1-0\" class=\"so-panel widget widget_black-studio-tinymce widget_black_studio_tinymce panel-first-child panel-last-child\" data-index=\"1\" ><div class=\"textwidget\"><p><div id='gallery-1' class='gallery galleryid-2420 gallery-columns-3 gallery-size-thumbnail'><figure class='gallery-item'>\n\t\t\t<div class='gallery-icon landscape'>\n\t\t\t\t<a href='https:\/\/rodriguezgallery.com\/wp-content\/uploads\/2017\/04\/disrupt_dokumentacja_tszabelski_m_01a.jpg'><img loading=\"lazy\" decoding=\"async\" width=\"150\" height=\"150\" src=\"https:\/\/rodriguezgallery.com\/wp-content\/uploads\/2017\/04\/disrupt_dokumentacja_tszabelski_m_01a-150x150.jpg\" class=\"attachment-thumbnail size-thumbnail\" alt=\"\" \/><\/a>\n\t\t\t<\/div><\/figure><figure class='gallery-item'>\n\t\t\t<div class='gallery-icon landscape'>\n\t\t\t\t<a href='https:\/\/rodriguezgallery.com\/wp-content\/uploads\/2017\/04\/disrupt_dokumentacja_tszabelski_m_02.jpg'><img loading=\"lazy\" decoding=\"async\" width=\"150\" height=\"150\" src=\"https:\/\/rodriguezgallery.com\/wp-content\/uploads\/2017\/04\/disrupt_dokumentacja_tszabelski_m_02-150x150.jpg\" class=\"attachment-thumbnail size-thumbnail\" alt=\"\" \/><\/a>\n\t\t\t<\/div><\/figure><figure class='gallery-item'>\n\t\t\t<div class='gallery-icon portrait'>\n\t\t\t\t<a href='https:\/\/rodriguezgallery.com\/wp-content\/uploads\/2017\/04\/disrupt_dokumentacja_tszabelski_m_14a.jpg'><img loading=\"lazy\" decoding=\"async\" width=\"150\" height=\"150\" src=\"https:\/\/rodriguezgallery.com\/wp-content\/uploads\/2017\/04\/disrupt_dokumentacja_tszabelski_m_14a-150x150.jpg\" class=\"attachment-thumbnail size-thumbnail\" alt=\"\" \/><\/a>\n\t\t\t<\/div><\/figure><figure class='gallery-item'>\n\t\t\t<div class='gallery-icon landscape'>\n\t\t\t\t<a href='https:\/\/rodriguezgallery.com\/wp-content\/uploads\/2017\/04\/3.-Pensar-en-extremos-cuerpo-espacio-III.jpg'><img loading=\"lazy\" decoding=\"async\" width=\"150\" height=\"150\" src=\"https:\/\/rodriguezgallery.com\/wp-content\/uploads\/2017\/04\/3.-Pensar-en-extremos-cuerpo-espacio-III-150x150.jpg\" class=\"attachment-thumbnail size-thumbnail\" alt=\"\" \/><\/a>\n\t\t\t<\/div><\/figure><figure class='gallery-item'>\n\t\t\t<div class='gallery-icon landscape'>\n\t\t\t\t<a href='https:\/\/rodriguezgallery.com\/wp-content\/uploads\/2017\/04\/Mauro-Vallejo-Pensar-en-extremos-cuerpo-espacio-II-2013-collage-revistas-e-im\u00e1genes-43x43x7cm.jpg'><img loading=\"lazy\" decoding=\"async\" width=\"150\" height=\"150\" src=\"https:\/\/rodriguezgallery.com\/wp-content\/uploads\/2017\/04\/Mauro-Vallejo-Pensar-en-extremos-cuerpo-espacio-II-2013-collage-revistas-e-im\u00e1genes-43x43x7cm-150x150.jpg\" class=\"attachment-thumbnail size-thumbnail\" alt=\"\" \/><\/a>\n\t\t\t<\/div><\/figure><figure class='gallery-item'>\n\t\t\t<div class='gallery-icon portrait'>\n\t\t\t\t<a href='https:\/\/rodriguezgallery.com\/wp-content\/uploads\/2017\/04\/ONE8549.jpg'><img loading=\"lazy\" decoding=\"async\" width=\"150\" height=\"150\" src=\"https:\/\/rodriguezgallery.com\/wp-content\/uploads\/2017\/04\/ONE8549-150x150.jpg\" class=\"attachment-thumbnail size-thumbnail\" alt=\"\" \/><\/a>\n\t\t\t<\/div><\/figure><figure class='gallery-item'>\n\t\t\t<div class='gallery-icon landscape'>\n\t\t\t\t<a href='https:\/\/rodriguezgallery.com\/wp-content\/uploads\/2017\/04\/disrupt_dokumentacja_tszabelski_m_03.jpg'><img loading=\"lazy\" decoding=\"async\" width=\"150\" height=\"150\" src=\"https:\/\/rodriguezgallery.com\/wp-content\/uploads\/2017\/04\/disrupt_dokumentacja_tszabelski_m_03-150x150.jpg\" class=\"attachment-thumbnail size-thumbnail\" alt=\"\" \/><\/a>\n\t\t\t<\/div><\/figure><figure class='gallery-item'>\n\t\t\t<div class='gallery-icon landscape'>\n\t\t\t\t<a href='https:\/\/rodriguezgallery.com\/wp-content\/uploads\/2017\/04\/disrupt_dokumentacja_tszabelski_m_20.jpg'><img loading=\"lazy\" decoding=\"async\" width=\"150\" height=\"150\" src=\"https:\/\/rodriguezgallery.com\/wp-content\/uploads\/2017\/04\/disrupt_dokumentacja_tszabelski_m_20-150x150.jpg\" class=\"attachment-thumbnail size-thumbnail\" alt=\"\" \/><\/a>\n\t\t\t<\/div><\/figure><figure class='gallery-item'>\n\t\t\t<div class='gallery-icon landscape'>\n\t\t\t\t<a href='https:\/\/rodriguezgallery.com\/wp-content\/uploads\/2017\/04\/disrupt_dokumentacja_tszabelski_m_04a.jpg'><img loading=\"lazy\" decoding=\"async\" width=\"150\" height=\"150\" src=\"https:\/\/rodriguezgallery.com\/wp-content\/uploads\/2017\/04\/disrupt_dokumentacja_tszabelski_m_04a-150x150.jpg\" class=\"attachment-thumbnail size-thumbnail\" alt=\"\" \/><\/a>\n\t\t\t<\/div><\/figure><figure class='gallery-item'>\n\t\t\t<div class='gallery-icon landscape'>\n\t\t\t\t<a href='https:\/\/rodriguezgallery.com\/wp-content\/uploads\/2017\/04\/disrupt_dokumentacja_tszabelski_m_06.jpg'><img loading=\"lazy\" decoding=\"async\" width=\"150\" height=\"150\" src=\"https:\/\/rodriguezgallery.com\/wp-content\/uploads\/2017\/04\/disrupt_dokumentacja_tszabelski_m_06-150x150.jpg\" class=\"attachment-thumbnail size-thumbnail\" alt=\"\" \/><\/a>\n\t\t\t<\/div><\/figure><figure class='gallery-item'>\n\t\t\t<div class='gallery-icon landscape'>\n\t\t\t\t<a href='https:\/\/rodriguezgallery.com\/wp-content\/uploads\/2017\/04\/disrupt_dokumentacja_tszabelski_m_09.jpg'><img loading=\"lazy\" decoding=\"async\" width=\"150\" height=\"150\" src=\"https:\/\/rodriguezgallery.com\/wp-content\/uploads\/2017\/04\/disrupt_dokumentacja_tszabelski_m_09-150x150.jpg\" class=\"attachment-thumbnail size-thumbnail\" alt=\"\" \/><\/a>\n\t\t\t<\/div><\/figure><figure class='gallery-item'>\n\t\t\t<div class='gallery-icon landscape'>\n\t\t\t\t<a href='https:\/\/rodriguezgallery.com\/wp-content\/uploads\/2017\/04\/disrupt_dokumentacja_tszabelski_m_07.jpg'><img loading=\"lazy\" decoding=\"async\" width=\"150\" height=\"150\" src=\"https:\/\/rodriguezgallery.com\/wp-content\/uploads\/2017\/04\/disrupt_dokumentacja_tszabelski_m_07-150x150.jpg\" class=\"attachment-thumbnail size-thumbnail\" alt=\"\" \/><\/a>\n\t\t\t<\/div><\/figure><figure class='gallery-item'>\n\t\t\t<div class='gallery-icon landscape'>\n\t\t\t\t<a href='https:\/\/rodriguezgallery.com\/wp-content\/uploads\/2017\/04\/disrupt_dokumentacja_tszabelski_m_08.jpg'><img loading=\"lazy\" decoding=\"async\" width=\"150\" height=\"150\" src=\"https:\/\/rodriguezgallery.com\/wp-content\/uploads\/2017\/04\/disrupt_dokumentacja_tszabelski_m_08-150x150.jpg\" class=\"attachment-thumbnail size-thumbnail\" alt=\"\" \/><\/a>\n\t\t\t<\/div><\/figure><figure class='gallery-item'>\n\t\t\t<div class='gallery-icon landscape'>\n\t\t\t\t<a href='https:\/\/rodriguezgallery.com\/wp-content\/uploads\/2017\/04\/disrupt_dokumentacja_tszabelski_m_10.jpg'><img loading=\"lazy\" decoding=\"async\" width=\"150\" height=\"150\" src=\"https:\/\/rodriguezgallery.com\/wp-content\/uploads\/2017\/04\/disrupt_dokumentacja_tszabelski_m_10-150x150.jpg\" class=\"attachment-thumbnail size-thumbnail\" alt=\"\" \/><\/a>\n\t\t\t<\/div><\/figure><figure class='gallery-item'>\n\t\t\t<div class='gallery-icon landscape'>\n\t\t\t\t<a href='https:\/\/rodriguezgallery.com\/wp-content\/uploads\/2017\/04\/disrupt_dokumentacja_tszabelski_m_11.jpg'><img loading=\"lazy\" decoding=\"async\" width=\"150\" height=\"150\" src=\"https:\/\/rodriguezgallery.com\/wp-content\/uploads\/2017\/04\/disrupt_dokumentacja_tszabelski_m_11-150x150.jpg\" class=\"attachment-thumbnail size-thumbnail\" alt=\"\" \/><\/a>\n\t\t\t<\/div><\/figure><figure class='gallery-item'>\n\t\t\t<div class='gallery-icon portrait'>\n\t\t\t\t<a href='https:\/\/rodriguezgallery.com\/wp-content\/uploads\/2017\/04\/disrupt_dokumentacja_tszabelski_m_18a.jpg'><img loading=\"lazy\" decoding=\"async\" width=\"150\" height=\"150\" src=\"https:\/\/rodriguezgallery.com\/wp-content\/uploads\/2017\/04\/disrupt_dokumentacja_tszabelski_m_18a-150x150.jpg\" class=\"attachment-thumbnail size-thumbnail\" alt=\"\" \/><\/a>\n\t\t\t<\/div><\/figure><figure class='gallery-item'>\n\t\t\t<div class='gallery-icon landscape'>\n\t\t\t\t<a href='https:\/\/rodriguezgallery.com\/wp-content\/uploads\/2017\/04\/disrupt_dokumentacja_tszabelski_m_16.jpg'><img loading=\"lazy\" decoding=\"async\" width=\"150\" height=\"150\" src=\"https:\/\/rodriguezgallery.com\/wp-content\/uploads\/2017\/04\/disrupt_dokumentacja_tszabelski_m_16-150x150.jpg\" class=\"attachment-thumbnail size-thumbnail\" alt=\"\" \/><\/a>\n\t\t\t<\/div><\/figure><figure class='gallery-item'>\n\t\t\t<div class='gallery-icon landscape'>\n\t\t\t\t<a href='https:\/\/rodriguezgallery.com\/wp-content\/uploads\/2017\/04\/disrupt_dokumentacja_tszabelski_m_17.jpg'><img loading=\"lazy\" decoding=\"async\" width=\"150\" height=\"150\" src=\"https:\/\/rodriguezgallery.com\/wp-content\/uploads\/2017\/04\/disrupt_dokumentacja_tszabelski_m_17-150x150.jpg\" class=\"attachment-thumbnail size-thumbnail\" alt=\"\" \/><\/a>\n\t\t\t<\/div><\/figure>\n\t\t<\/div>\n<\/p>\n<h6>fot. Tytus Szabelski<\/h6>\n<\/div><\/div><\/div><\/div><div id=\"pg-2420-1\"  class=\"panel-grid panel-no-style\" ><div id=\"pgc-2420-1-0\"  class=\"panel-grid-cell panel-grid-cell-empty panel-grid-cell-mobile-last\" ><\/div><div id=\"pgc-2420-1-1\"  class=\"panel-grid-cell panel-grid-cell-empty\" ><\/div><\/div><\/div>","protected":false},"excerpt":{"rendered":"<p>D \/ I \/ S \/ R \/ U \/ P \/ T 05.05 &#8211; 08.06.2017 S\u0142owo disrupt (t\u0142um. zaburzy\u0107, zdezorganizowa\u0107) rozumie\u0107 mo\u017cna jako dzia\u0142anie polegaj\u0105ce na wyznaczaniu swojej radykalnej <a class=\"moretag\" href=\"https:\/\/rodriguezgallery.com\/pl\/disrupt\/\">Read More &#8230;<\/a><\/p>\n","protected":false},"author":1,"featured_media":0,"parent":0,"menu_order":0,"comment_status":"closed","ping_status":"closed","template":"full-width-page.php","meta":{"footnotes":""},"class_list":["post-2420","page","type-page","status-publish","hentry"],"_links":{"self":[{"href":"https:\/\/rodriguezgallery.com\/pl\/wp-json\/wp\/v2\/pages\/2420","targetHints":{"allow":["GET"]}}],"collection":[{"href":"https:\/\/rodriguezgallery.com\/pl\/wp-json\/wp\/v2\/pages"}],"about":[{"href":"https:\/\/rodriguezgallery.com\/pl\/wp-json\/wp\/v2\/types\/page"}],"author":[{"embeddable":true,"href":"https:\/\/rodriguezgallery.com\/pl\/wp-json\/wp\/v2\/users\/1"}],"replies":[{"embeddable":true,"href":"https:\/\/rodriguezgallery.com\/pl\/wp-json\/wp\/v2\/comments?post=2420"}],"version-history":[{"count":1,"href":"https:\/\/rodriguezgallery.com\/pl\/wp-json\/wp\/v2\/pages\/2420\/revisions"}],"predecessor-version":[{"id":3514,"href":"https:\/\/rodriguezgallery.com\/pl\/wp-json\/wp\/v2\/pages\/2420\/revisions\/3514"}],"wp:attachment":[{"href":"https:\/\/rodriguezgallery.com\/pl\/wp-json\/wp\/v2\/media?parent=2420"}],"curies":[{"name":"wp","href":"https:\/\/api.w.org\/{rel}","templated":true}]}}