{"id":2478,"date":"2017-05-10T12:35:57","date_gmt":"2017-05-10T10:35:57","guid":{"rendered":"http:\/\/rodriguezgallery.com\/?page_id=2478"},"modified":"2026-01-30T14:03:40","modified_gmt":"2026-01-30T12:03:40","slug":"art-fairs","status":"publish","type":"page","link":"https:\/\/rodriguezgallery.com\/pl\/art-fairs\/","title":{"rendered":"Targi"},"content":{"rendered":"<div id=\"pl-2478\"  class=\"panel-layout\" ><div id=\"pg-2478-0\"  class=\"panel-grid panel-no-style\" ><div id=\"pgc-2478-0-0\"  class=\"panel-grid-cell panel-grid-cell-empty\" ><\/div><\/div><div id=\"pg-2478-1\"  class=\"panel-grid panel-no-style\" ><div id=\"pgc-2478-1-0\"  class=\"panel-grid-cell panel-grid-cell-empty\" ><\/div><div id=\"pgc-2478-1-1\"  class=\"panel-grid-cell\" ><div id=\"panel-2478-1-1-0\" class=\"so-panel widget widget_black-studio-tinymce widget_black_studio_tinymce panel-first-child panel-last-child\" data-index=\"0\" ><div class=\"textwidget\"><h6><strong><span style=\"text-decoration: underline;\">Wydarzenia<\/span><\/strong><\/h6>\n<h6><a href=\"https:\/\/rodriguezgallery.com\/warsztaty-2025-cykl-wystaw\/\"><strong>Warsztaty dla dzieci\u00a0(w ramach: Cykl wystaw i dzia\u0142a\u0144 edukacyjnych... )<\/strong><\/a><br \/>\nPierwsze spotkanie ze sztuk\u0105 wsp\u00f3\u0142czesn\u0105<br \/>\n2025<\/h6>\n<h6><strong><a href=\"https:\/\/rodriguezgallery.com\/warsztaty-2025-cykl-warsztatow\/\">Warsztaty dla dzieci<\/a><br \/>\n<\/strong><strong>w ramach:\u00a0Pierwsze spotkanie ze sztuk\u0105 wsp\u00f3\u0142czesn\u0105.\u00a0Cykl warsztat\u00f3w dla dzieci<br \/>\n<\/strong>2025<\/h6>\n<h6><a href=\"https:\/\/rodriguezgallery.com\/polski-warsztaty-2024-cykl-warsztatow\/\"><strong>Warsztaty dla dzieci<br \/>\n<\/strong><\/a><strong>w ramach:\u00a0Pierwsze spotkanie ze sztuk\u0105 wsp\u00f3\u0142czesn\u0105.\u00a0Cykl warsztat\u00f3w dla dzieci<br \/>\n<\/strong>2024<\/h6>\n<h6><a href=\"https:\/\/rodriguezgallery.com\/polski-warsztaty-2024-cykl-wystaw\/\"><strong>Warsztaty dla dzieci\u00a0(w ramach: Cykl wystaw i dzia\u0142a\u0144 edukacyjnych... )<\/strong><\/a><br \/>\nPierwsze spotkanie ze sztuk\u0105 wsp\u00f3\u0142czesn\u0105<br \/>\n2024<\/h6>\n<h6><a href=\"https:\/\/rodriguezgallery.com\/warsztaty-2023-cykl-wystaw\/\"><strong>Warsztaty dla dzieci\u00a0(w ramach: Cykl wystaw i dzia\u0142a\u0144 edukacyjnych... )<\/strong><\/a><br \/>\nPierwsze spotkanie ze sztuk\u0105 wsp\u00f3\u0142czesn\u0105<br \/>\n2023<\/h6>\n<h6><a href=\"https:\/\/rodriguezgallery.com\/warsztaty-2023-cykl-warsztatow\/\"><strong>Warsztaty dla dzieci<br \/>\n<\/strong><\/a><strong>w ramach:\u00a0Pierwsze spotkanie ze sztuk\u0105 wsp\u00f3\u0142czesn\u0105.\u00a0Cykl warsztat\u00f3w dla dzieci<br \/>\n<\/strong>2023<\/h6>\n<h6><a href=\"https:\/\/rodriguezgallery.com\/warsztaty-2022-cykl-wystaw\/\"><strong>Warsztaty dla dzieci\u00a0(w ramach: Cykl wystaw i dzia\u0142a\u0144 edukacyjnych... )<\/strong><\/a><br \/>\nPierwsze spotkanie ze sztuk\u0105 wsp\u00f3\u0142czesn\u0105<br \/>\n2022<\/h6>\n<h6><strong><a href=\"https:\/\/rodriguezgallery.com\/warsztaty-2022-cykl-warsztatow\/\">Warsztaty dla dzieci<\/a><br \/>\nw ramach:\u00a0Pierwsze spotkanie ze sztuk\u0105 wsp\u00f3\u0142czesn\u0105.\u00a0Cykl warsztat\u00f3w dla dzieci<br \/>\n<\/strong>2022<\/h6>\n<h6><a href=\"https:\/\/rodriguezgallery.com\/warsztaty-2021-cykl-wystaw\/\"><strong>Warsztaty dla dzieci\u00a0(w ramach: Cykl wystaw i dzia\u0142a\u0144 edukacyjnych... )<\/strong><\/a><br \/>\nPierwsze spotkanie ze sztuk\u0105 wsp\u00f3\u0142czesn\u0105<br \/>\n2021<\/h6>\n<h6><a href=\"https:\/\/rodriguezgallery.com\/warsztaty-2021-cykl-warsztatow\/\"><strong>Warsztaty dla dzieci<br \/>\n<\/strong><\/a><strong>w ramach:\u00a0Pierwsze spotkanie ze sztuk\u0105 wsp\u00f3\u0142czesn\u0105.\u00a0Cykl warsztat\u00f3w dla dzieci<br \/>\n<\/strong>2021<\/h6>\n<h6><a href=\"https:\/\/rodriguezgallery.com\/warsztaty-2020-cykl-wystaw\/\"><strong>Warsztaty dla dzieci\u00a0(w ramach: Cykl wystaw i dzia\u0142a\u0144 edukacyjnych... )<\/strong><\/a><br \/>\nPierwsze spotkanie ze sztuk\u0105 wsp\u00f3\u0142czesn\u0105<br \/>\n2020<\/h6>\n<h6><a href=\"https:\/\/rodriguezgallery.com\/warsztaty-2020-cykl-warsztatow\/\"><strong>Warsztaty dla dzieci<br \/>\n<\/strong><strong>w ramach:\u00a0Pierwsze spotkanie ze sztuk\u0105 wsp\u00f3\u0142czesn\u0105.\u00a0Cykl warsztat\u00f3w dla dzieci<br \/>\n<\/strong><\/a>2020<\/h6>\n<h6><strong><a href=\"https:\/\/rodriguezgallery.com\/cykl-wyklady-profesjonalny-artysta-2020\/\">Cykl wyk\u0142ad\u00f3w: Profesjonalny_a artysta_tka \/ Profesjonalny_a animator_ka kultury<br \/>\n<\/strong>24-26.11.2020<\/h6>\n<h6><a href=\"https:\/\/rodriguezgallery.com\/warsztaty-2019-cykl-wystaw\/\"><strong>Warsztaty dla dzieci\u00a0(w ramach: Cykl wystaw i dzia\u0142a\u0144 edukacyjnych... )<\/strong><br \/>\nPierwsze spotkanie ze sztuk\u0105 wsp\u00f3\u0142czesn\u0105<br \/>\n2019<\/h6>\n<h6><a href=\"https:\/\/rodriguezgallery.com\/warsztaty-2019-cykl-warsztatow\/\"><strong>Warsztaty dla dzieci<br \/>\n<\/strong><strong>w ramach:\u00a0Pierwsze spotkanie ze sztuk\u0105 wsp\u00f3\u0142czesn\u0105.\u00a0Cykl warsztat\u00f3w dla dzieci<br \/>\n<\/strong>2019<\/h6>\n<h6><strong><a href=\"http:\/\/rodriguezgallery.com\/otwarta-szkola\/\">Otwarta Szko\u0142a Sztuki<\/a><br \/>\n<\/strong>Fundacja Katedry Intermedi\u00f3w<br \/>\nMaj-Czerwiec 2019<\/h6>\n<h6><a href=\"http:\/\/rodriguezgallery.com\/warsztaty-2018-cykl-wystaw\/\"><strong>Warsztaty dla dzieci\u00a0(w ramach: Cykl wystaw i dzia\u0142a\u0144 edukacyjnych... )<\/strong><\/a><br \/>\nPierwsze spotkanie ze sztuk\u0105 wsp\u00f3\u0142czesn\u0105<br \/>\n2018<\/h6>\n<h6><a href=\"http:\/\/rodriguezgallery.com\/3953-2\/\"><strong>Warsztaty dla dzieci<br \/>\n<\/strong><\/a><strong>w ramach:\u00a0Pierwsze spotkanie ze sztuk\u0105 wsp\u00f3\u0142czesn\u0105.\u00a0Cykl warsztat\u00f3w dla dzieci<br \/>\n<\/strong>2018<\/h6>\n<h6><strong><a href=\"http:\/\/rodriguezgallery.com\/xprint\/\">XPRINT Photobooks Festival. Guest exhibition<\/a><br \/>\n<\/strong>Ukranian\u00a0phonebooks. In between a personal history and politics<br \/>\n24.11 - 1.12.2018<\/h6>\n<h6><strong>Malta Festival. Vitalii Shupliak's exhibition<\/strong><br \/>\nID, please. Dokument To\u017csamo\u015bci Poprosz\u0119<br \/>\n16 - 20.06.2018<\/h6>\n<h6><a href=\"http:\/\/rodriguezgallery.com\/debata\/\"><strong>Debata: Learning from...?<\/strong><\/a><br \/>\nczyli o potencjale wsp\u00f3lnych inicjatyw pozna\u0144skiego \u015brodowiska artystycznego<br \/>\n07.11.2017 Galeria Miejska Arsena\u0142, Pozna\u0144<\/h6>\n<h6><a href=\"http:\/\/rodriguezgallery.com\/warsztaty-20-03-15-12-2017\/\"><strong>Warsztaty dla dzieci\u00a0(w ramach: Cykl warsztat\u00f3w dla dzieci)<\/strong><\/a><br \/>\nPierwsze spotkanie ze sztuk\u0105 wsp\u00f3\u0142czesn\u0105<br \/>\n20.03 - 15.12.2017<\/h6>\n<h6><a href=\"http:\/\/rodriguezgallery.com\/warsztaty-marzec-listopad\/\"><strong>Warsztaty dla dzieci\u00a0(w ramach: Cykl wystaw i dzia\u0142a\u0144 edukacyjnych... )<\/strong><\/a><br \/>\nPierwsze spotkanie ze sztuk\u0105 wsp\u00f3\u0142czesn\u0105<br \/>\nMarzec - Listopad 2017<\/h6>\n<h6><a href=\"http:\/\/rodriguezgallery.com\/warsztaty-dla-dzieci\/\"><strong>Warsztaty dla dzieci<\/strong><\/a><br \/>\nPierwsze spotkanie ze sztuk\u0105 wsp\u00f3\u0142czesn\u0105<br \/>\n24.10 - 15.11.2017<\/h6>\n<h6><strong>Artist Talk. Franciszek Or\u0142owski<\/strong><br \/>\nconducted by Dr. Magdalena Radomska<br \/>\n24.10.2017, \u00a07PM<\/h6>\n<h6><strong>3 days performance. Kuba Borkowicz<\/strong><br \/>\nBouncing five balls to paint a straight line with changing rhythms<br \/>\n18 - 20.06.2017<br \/>\n<strong>Artist Talk and Juggling workshop with Kuba Borkowicz<\/strong><br \/>\n23.06.2017, \u00a05PM<\/h6>\n<h6><strong>Curator\u00b4s Talk. Marlon de Azambuja<\/strong><br \/>\n06.05.2017, \u00a06PM<\/h6>\n<h6><strong>Artist Talk. Diana Lelonek<\/strong><br \/>\nin conversation with prof. Izabela Kowalczyk<br \/>\n30.03.2017, \u00a07PM<\/h6>\n<h6><strong>Film Premiere: <em>November\/December<\/em><\/strong><br \/>\ndirected by Karol Komorowski<br \/>\n16.02.2017, \u00a08PM<\/h6>\n<h6><strong>Finissage. Micha\u0142 Smandek<\/strong><br \/>\n22.10.2017, \u00a06PM<\/h6>\n<h6><strong>Artist Talk. Andr\u00e9s Pach\u00f3n<br \/>\n<\/strong>20.05.2017, \u00a06PM<\/h6>\n<h6><strong>Artist Talk. Alicja Dobrucka<\/strong><br \/>\n16.04.2017, \u00a06PM<br \/>\n<strong>Storytelling about Palenstine, by Torgrim Mellum Stene<\/strong><br \/>\n16.04.2017, \u00a06:30PM<\/h6>\n<h6><strong>Artist Talk. Natalia Ba\u017cowska<\/strong><br \/>\nin conversation with prof. Izabela Kowalczyk<br \/>\n09.02.2017, \u00a07PM<\/h6>\n<h6><strong>Artist talk. Jakub Jasiukiewicz<\/strong><br \/>\n14.11.2017, \u00a06PM<\/h6>\n<\/div><\/div><\/div><div id=\"pgc-2478-1-2\"  class=\"panel-grid-cell panel-grid-cell-mobile-last\" ><div id=\"panel-2478-1-2-0\" class=\"so-panel widget widget_black-studio-tinymce widget_black_studio_tinymce panel-first-child panel-last-child\" data-index=\"1\" ><div class=\"textwidget\"><h6><strong><span style=\"text-decoration: underline;\">Targi<\/span><\/strong><\/p>\n<p>2022 - 2023<\/p>\n<p><strong>ARCO Lisboa, 25 - 28 May<\/p>\n<p><\/strong><a href=\"https:\/\/rodriguezgallery.com\/arco-madrid-2023\/\"><strong>ARCO Madrid, 22 - 26 Feb<\/strong><\/a><\/p>\n<p><a href=\"https:\/\/rodriguezgallery.com\/artissima-2022-2\/\"><strong>Artissima, Turin, 3 - 6 Nov<\/strong><\/a><\/p>\n<p><a href=\"https:\/\/rodriguezgallery.com\/wgw-2022\/\"><strong>Warsaw Gallery Weekend, 29 Sep - 2 Oct<\/strong><\/a><\/p>\n<p><a href=\"https:\/\/rodriguezgallery.com\/art-o-rama-2022\/\"><strong>Art-o-rama, Marseille, 25 - 28 Aug<\/strong><\/a><\/h6>\n<h6>2021 - 2022<\/p>\n<p><strong><a href=\"https:\/\/rodriguezgallery.com\/arco-madrid-2022\/\">ARCO Madrid, 23 - 27 Feb<\/a><\/p>\n<p><\/strong><strong><a href=\"https:\/\/rodriguezgallery.com\/wgw-2021-common-ground\/\">Warsaw Gallery Weekend, 30 Sep - 3 Oct<\/a><\/p>\n<p><\/strong><strong><a href=\"https:\/\/rodriguezgallery.com\/miart-2021\/\">Miart, Milan, 17 - 19 Sep<\/a><\/p>\n<p><\/strong><strong><a href=\"https:\/\/rodriguezgallery.com\/art-o-rama-2021\/\">Art-o-rama, Marseille, 27 - 29 Aug<\/a><\/strong><\/h6>\n<h6>2020 - 2021<\/p>\n<p><strong><a href=\"https:\/\/rodriguezgallery.com\/arte-santander-2021\/\">Arte Santander, 24 - 28 July<\/a><\/p>\n<p><\/strong><strong><a href=\"https:\/\/rodriguezgallery.com\/arco-madrid-2021\/\">ARCO Madrid, 7 - 11 July<\/a><\/p>\n<p><\/strong><strong><a href=\"https:\/\/rodriguezgallery.com\/wgw-2020\/\">Warsaw Gallery Weekend, 1 - 4 Oct<\/a><\/p>\n<p><\/strong><a href=\"https:\/\/rodriguezgallery.com\/not-fair-2020\/\"><strong>NOT FAIR, Warsaw, 4 - 6 Sep<\/strong><\/a><\/h6>\n<h6>2019 - 2020<\/p>\n<p><strong><a href=\"https:\/\/www.artsy.net\/show\/rodriguez-gallery-rodriguez-gallery-at-arcolisboa-2020-online\" target=\"_blank\" rel=\"noopener\">ARCO Lisboa (Online Edition), 20 May - 14 June<\/a><\/p>\n<p><\/strong><strong><a href=\"https:\/\/rodriguezgallery.com\/arco-madrid-2020\/\">ARCO Madrid, 26 Feb - 1 Mar<\/a><\/p>\n<p><\/strong><strong><a href=\"https:\/\/rodriguezgallery.com\/zonamaco-2020\/\">ZonaMaco, Mexico City, 5 - 9 Feb<\/a><\/p>\n<p><\/strong><strong><a href=\"https:\/\/rodriguezgallery.com\/artissima-2019\/\">Artissima, Turin, 1 - 3 Nov<\/a><\/p>\n<p><\/strong><strong><a href=\"https:\/\/rodriguezgallery.com\/estampa-2019\/\">Estampa, Madrid, 17 - 20 Oct<\/a><\/p>\n<p><\/strong><strong><a href=\"https:\/\/rodriguezgallery.com\/wgw-2019\/\">Warsaw Gallery Weekend, 20 - 22 Sep<\/a><\/strong><\/h6>\n<h6>2018 - 2019<\/p>\n<p><a href=\"https:\/\/rodriguezgallery.com\/arte-santander-2019\/\"><strong>Arte Santander, 13 - 17 July<\/strong><\/a><\/p>\n<p><a href=\"https:\/\/rodriguezgallery.com\/arco-lisboa\/\"><strong>ARCO Lisboa, 16 - 19 May<\/strong><\/a><\/p>\n<p><strong><a href=\"https:\/\/rodriguezgallery.com\/arco-madrid\/\">ARCO Madrid, 27 Feb - 3 Mar<\/a><\/p>\n<p><\/strong><a href=\"https:\/\/rodriguezgallery.com\/artissima-2018\/\"><strong>Artissima, Turin, 2 - 4 Nov<\/strong><\/a><\/p>\n<p><a href=\"https:\/\/rodriguezgallery.com\/estampa-2018\/\"><strong>Estampa, Madrid, 18 - 21 Oct<\/strong><\/a><\/p>\n<p><a href=\"https:\/\/rodriguezgallery.com\/wgw-2018\/\"><strong>Warsaw Gallery Weekend, 21 - 23 Sep<\/strong><\/a><\/h6>\n<h6>2017 - 2018<\/p>\n<p><a href=\"https:\/\/rodriguezgallery.com\/arte-santander-2018\/\"><strong>Arte Santander, 14 - 18 July<\/strong><\/a><\/p>\n<p><strong><a href=\"https:\/\/rodriguezgallery.com\/swab-2017\/\">Swab Barcelona Art Fair, 28 Sep - 1 Oct<\/a><\/p>\n<p><\/strong><a href=\"https:\/\/rodriguezgallery.com\/wgw-2017\/\"><strong>Warsaw Gallery Weekend, 22 - 24 Sep<\/strong><\/a><\/p>\n<p><strong><a href=\"https:\/\/rodriguezgallery.com\/code-2017\/\">Code Art Fair, Copenhagen, 31Aug - 3 Sep<\/a><\/strong><\/h6>\n<h6>2016 - 2017<\/p>\n<p><strong><a href=\"https:\/\/rodriguezgallery.com\/arte-santander-2017\/\">Arte Santander, 15 -19 July<\/a><\/p>\n<p><\/strong><a href=\"https:\/\/rodriguezgallery.com\/drawing-room-2017\/\"><strong>Drawing Room, Madrid, 22 - 26 Feb<\/strong><\/a><\/p>\n<p><a href=\"https:\/\/rodriguezgallery.com\/swab-2016\/\"><strong>Swab, Barcelona, 29 Sep - 2 Oct<\/strong><\/a><\/p>\n<p><a href=\"https:\/\/rodriguezgallery.com\/pep-vidal-how-green-was-my-valley\/\"><strong>Warsaw Gallery Weekend, 23 - 25 Sep<\/strong><\/a><\/h6>\n<h6><\/h6>\n<\/div><\/div><\/div><div id=\"pgc-2478-1-3\"  class=\"panel-grid-cell panel-grid-cell-empty\" ><\/div><\/div><\/div>","protected":false},"excerpt":{"rendered":"<p>Wydarzenia Warsztaty dla dzieci\u00a0(w ramach: Cykl wystaw i dzia\u0142a\u0144 edukacyjnych&#8230; ) Pierwsze spotkanie ze sztuk\u0105 wsp\u00f3\u0142czesn\u0105 2025 Warsztaty dla dzieci w ramach:\u00a0Pierwsze spotkanie ze sztuk\u0105 wsp\u00f3\u0142czesn\u0105.\u00a0Cykl warsztat\u00f3w dla dzieci 2025 <a class=\"moretag\" href=\"https:\/\/rodriguezgallery.com\/pl\/art-fairs\/\">Read More &#8230;<\/a><\/p>\n","protected":false},"author":1,"featured_media":0,"parent":0,"menu_order":0,"comment_status":"closed","ping_status":"closed","template":"full-width-page.php","meta":{"footnotes":""},"class_list":["post-2478","page","type-page","status-publish","hentry"],"_links":{"self":[{"href":"https:\/\/rodriguezgallery.com\/pl\/wp-json\/wp\/v2\/pages\/2478","targetHints":{"allow":["GET"]}}],"collection":[{"href":"https:\/\/rodriguezgallery.com\/pl\/wp-json\/wp\/v2\/pages"}],"about":[{"href":"https:\/\/rodriguezgallery.com\/pl\/wp-json\/wp\/v2\/types\/page"}],"author":[{"embeddable":true,"href":"https:\/\/rodriguezgallery.com\/pl\/wp-json\/wp\/v2\/users\/1"}],"replies":[{"embeddable":true,"href":"https:\/\/rodriguezgallery.com\/pl\/wp-json\/wp\/v2\/comments?post=2478"}],"version-history":[{"count":1,"href":"https:\/\/rodriguezgallery.com\/pl\/wp-json\/wp\/v2\/pages\/2478\/revisions"}],"predecessor-version":[{"id":7369,"href":"https:\/\/rodriguezgallery.com\/pl\/wp-json\/wp\/v2\/pages\/2478\/revisions\/7369"}],"wp:attachment":[{"href":"https:\/\/rodriguezgallery.com\/pl\/wp-json\/wp\/v2\/media?parent=2478"}],"curies":[{"name":"wp","href":"https:\/\/api.w.org\/{rel}","templated":true}]}}