{"id":29,"date":"2015-06-30T17:31:59","date_gmt":"2015-06-30T17:31:59","guid":{"rendered":"http:\/\/rodriguezgallery.com\/?page_id=29"},"modified":"2019-09-16T16:23:23","modified_gmt":"2019-09-16T14:23:23","slug":"alicja-dobrucka-houses","status":"publish","type":"page","link":"https:\/\/rodriguezgallery.com\/pl\/alicja-dobrucka-houses\/","title":{"rendered":"(English) Alicja Dobrucka &#8211; Houses"},"content":{"rendered":"<div id=\"pl-29\"  class=\"panel-layout\" ><div id=\"pg-29-0\"  class=\"panel-grid panel-no-style\" ><div id=\"pgc-29-0-0\"  class=\"panel-grid-cell panel-grid-cell-empty\" ><\/div><\/div><div id=\"pg-29-1\"  class=\"panel-grid panel-no-style\" ><div id=\"pgc-29-1-0\"  class=\"panel-grid-cell\" ><div id=\"panel-29-1-0-0\" class=\"so-panel widget widget_black-studio-tinymce widget_black_studio_tinymce panel-first-child panel-last-child\" data-index=\"0\" ><div class=\"textwidget\"><h6><span style=\"text-decoration: underline;\"><strong>Alicja Dobrucka:\u00a0<em>Houses (31<\/em><\/strong><strong><em>\u00b023\u203230.67\u2033N<\/em><\/strong><strong><em> 35\u00b06\u203244.45\u2033E)<\/em><\/strong><\/span><strong><em><br \/><\/em>15.04 - 14.05.2016<\/p>\n<p><\/strong>W prezentowanym w Rodriguez Gallery projekcie <em>Houses<\/em> Alicja Dobrucka dokumentuje architektur\u0119 palesty\u0144skiej wioski Susya, miejsca pozostaj\u0105cego pod kontrol\u0105 izraelsk\u0105, a znanego ze swojego oporu i przywi\u0105zania do ziemi. Symbolem tego oporu\/uporu, s\u0105 domy, zbudowane z trwa\u0142ych materia\u0142\u00f3w, przykryte i zamaskowane przez ich mieszka\u0144c\u00f3w w ten spos\u00f3b, aby przypomina\u0142y namioty - dzi\u0119ki czemu wydaj\u0105 si\u0119 nietrwa\u0142e, tymczasowe, niegro\u017ane...\u00a0<\/p>\n<p>Projekt analizuje konkretn\u0105 histori\u0119 miejsca i jego mieszka\u0144c\u00f3w, trudny konflikt izraelsko-palesty\u0144ski, ale porusza tak\u017ce bardziej uniwersaln\u0105 problematyk\u0119: znaczenia s\u0142owa \u201edom\u201d, przywi\u0105zania do tradycji, \u017cycia w wykluczeniu, ci\u0105g\u0142ej potrzeby ukrywania si\u0119 i kamufla\u017cu.<\/h6>\n<h6>\u00a0<\/h6>\n<h6>Pobierz pe\u0142n\u0105 dokumentacj\u0119 wystawy tutaj:<br \/><a href=\"https:\/\/rodriguezgallery.com\/wp-content\/uploads\/2016\/06\/Houses-Dokumentacja.pdf\" target=\"_blank\">Houses PL<\/a>\u00a0 \u00a0<a href=\"https:\/\/rodriguezgallery.com\/wp-content\/uploads\/2016\/06\/Houses-Dossier.pdf\" target=\"_blank\">Houses EN<\/a><\/h6>\n<h4><strong>\u00a0<\/strong><\/h4>\n<\/div><\/div><\/div><div id=\"pgc-29-1-1\"  class=\"panel-grid-cell\" ><div id=\"panel-29-1-1-0\" class=\"so-panel widget widget_black-studio-tinymce widget_black_studio_tinymce panel-first-child panel-last-child\" data-index=\"1\" ><div class=\"textwidget\"><h6 style=\"text-align: center;\"><\/h6>\n<p><div id='gallery-1' class='gallery galleryid-29 gallery-columns-4 gallery-size-thumbnail'><figure class='gallery-item'>\n\t\t\t<div class='gallery-icon landscape'>\n\t\t\t\t<a href='https:\/\/rodriguezgallery.com\/wp-content\/uploads\/2015\/06\/2.jpg'><img loading=\"lazy\" decoding=\"async\" width=\"150\" height=\"150\" src=\"https:\/\/rodriguezgallery.com\/wp-content\/uploads\/2015\/06\/2-150x150.jpg\" class=\"attachment-thumbnail size-thumbnail\" alt=\"\" \/><\/a>\n\t\t\t<\/div><\/figure><figure class='gallery-item'>\n\t\t\t<div class='gallery-icon landscape'>\n\t\t\t\t<a href='https:\/\/rodriguezgallery.com\/wp-content\/uploads\/2015\/06\/1.jpg'><img loading=\"lazy\" decoding=\"async\" width=\"150\" height=\"150\" src=\"https:\/\/rodriguezgallery.com\/wp-content\/uploads\/2015\/06\/1-150x150.jpg\" class=\"attachment-thumbnail size-thumbnail\" alt=\"\" \/><\/a>\n\t\t\t<\/div><\/figure><figure class='gallery-item'>\n\t\t\t<div class='gallery-icon landscape'>\n\t\t\t\t<a href='https:\/\/rodriguezgallery.com\/wp-content\/uploads\/2015\/06\/4.jpg'><img loading=\"lazy\" decoding=\"async\" width=\"150\" height=\"150\" src=\"https:\/\/rodriguezgallery.com\/wp-content\/uploads\/2015\/06\/4-150x150.jpg\" class=\"attachment-thumbnail size-thumbnail\" alt=\"\" \/><\/a>\n\t\t\t<\/div><\/figure><figure class='gallery-item'>\n\t\t\t<div class='gallery-icon landscape'>\n\t\t\t\t<a href='https:\/\/rodriguezgallery.com\/wp-content\/uploads\/2015\/06\/5-1.jpg'><img loading=\"lazy\" decoding=\"async\" width=\"150\" height=\"150\" src=\"https:\/\/rodriguezgallery.com\/wp-content\/uploads\/2015\/06\/5-1-150x150.jpg\" class=\"attachment-thumbnail size-thumbnail\" alt=\"\" \/><\/a>\n\t\t\t<\/div><\/figure><figure class='gallery-item'>\n\t\t\t<div class='gallery-icon landscape'>\n\t\t\t\t<a href='https:\/\/rodriguezgallery.com\/wp-content\/uploads\/2015\/06\/6.jpg'><img loading=\"lazy\" decoding=\"async\" width=\"150\" height=\"150\" src=\"https:\/\/rodriguezgallery.com\/wp-content\/uploads\/2015\/06\/6-150x150.jpg\" class=\"attachment-thumbnail size-thumbnail\" alt=\"\" \/><\/a>\n\t\t\t<\/div><\/figure><figure class='gallery-item'>\n\t\t\t<div class='gallery-icon landscape'>\n\t\t\t\t<a href='https:\/\/rodriguezgallery.com\/wp-content\/uploads\/2015\/06\/9-1.jpg'><img loading=\"lazy\" decoding=\"async\" width=\"150\" height=\"150\" src=\"https:\/\/rodriguezgallery.com\/wp-content\/uploads\/2015\/06\/9-1-150x150.jpg\" class=\"attachment-thumbnail size-thumbnail\" alt=\"\" \/><\/a>\n\t\t\t<\/div><\/figure><figure class='gallery-item'>\n\t\t\t<div class='gallery-icon landscape'>\n\t\t\t\t<a href='https:\/\/rodriguezgallery.com\/wp-content\/uploads\/2015\/06\/10.jpg'><img loading=\"lazy\" decoding=\"async\" width=\"150\" height=\"150\" src=\"https:\/\/rodriguezgallery.com\/wp-content\/uploads\/2015\/06\/10-150x150.jpg\" class=\"attachment-thumbnail size-thumbnail\" alt=\"\" \/><\/a>\n\t\t\t<\/div><\/figure><figure class='gallery-item'>\n\t\t\t<div class='gallery-icon landscape'>\n\t\t\t\t<a href='https:\/\/rodriguezgallery.com\/wp-content\/uploads\/2015\/06\/12.jpg'><img loading=\"lazy\" decoding=\"async\" width=\"150\" height=\"150\" src=\"https:\/\/rodriguezgallery.com\/wp-content\/uploads\/2015\/06\/12-150x150.jpg\" class=\"attachment-thumbnail size-thumbnail\" alt=\"\" \/><\/a>\n\t\t\t<\/div><\/figure><figure class='gallery-item'>\n\t\t\t<div class='gallery-icon landscape'>\n\t\t\t\t<a href='https:\/\/rodriguezgallery.com\/wp-content\/uploads\/2015\/06\/Landscape-1-1.jpg'><img loading=\"lazy\" decoding=\"async\" width=\"150\" height=\"150\" src=\"https:\/\/rodriguezgallery.com\/wp-content\/uploads\/2015\/06\/Landscape-1-1-150x150.jpg\" class=\"attachment-thumbnail size-thumbnail\" alt=\"\" srcset=\"https:\/\/rodriguezgallery.com\/wp-content\/uploads\/2015\/06\/Landscape-1-1-150x150.jpg 150w, https:\/\/rodriguezgallery.com\/wp-content\/uploads\/2015\/06\/Landscape-1-1-300x300.jpg 300w, https:\/\/rodriguezgallery.com\/wp-content\/uploads\/2015\/06\/Landscape-1-1-768x768.jpg 768w, https:\/\/rodriguezgallery.com\/wp-content\/uploads\/2015\/06\/Landscape-1-1-1024x1024.jpg 1024w\" sizes=\"auto, (max-width: 150px) 100vw, 150px\" \/><\/a>\n\t\t\t<\/div><\/figure><figure class='gallery-item'>\n\t\t\t<div class='gallery-icon landscape'>\n\t\t\t\t<a href='https:\/\/rodriguezgallery.com\/wp-content\/uploads\/2015\/06\/Landscape-2-1.jpg'><img loading=\"lazy\" decoding=\"async\" width=\"150\" height=\"150\" src=\"https:\/\/rodriguezgallery.com\/wp-content\/uploads\/2015\/06\/Landscape-2-1-150x150.jpg\" class=\"attachment-thumbnail size-thumbnail\" alt=\"\" srcset=\"https:\/\/rodriguezgallery.com\/wp-content\/uploads\/2015\/06\/Landscape-2-1-150x150.jpg 150w, https:\/\/rodriguezgallery.com\/wp-content\/uploads\/2015\/06\/Landscape-2-1-300x300.jpg 300w, https:\/\/rodriguezgallery.com\/wp-content\/uploads\/2015\/06\/Landscape-2-1-768x768.jpg 768w, https:\/\/rodriguezgallery.com\/wp-content\/uploads\/2015\/06\/Landscape-2-1-1024x1024.jpg 1024w\" sizes=\"auto, (max-width: 150px) 100vw, 150px\" \/><\/a>\n\t\t\t<\/div><\/figure><figure class='gallery-item'>\n\t\t\t<div class='gallery-icon landscape'>\n\t\t\t\t<a href='https:\/\/rodriguezgallery.com\/wp-content\/uploads\/2015\/06\/Landscape-3.jpg'><img loading=\"lazy\" decoding=\"async\" width=\"150\" height=\"150\" src=\"https:\/\/rodriguezgallery.com\/wp-content\/uploads\/2015\/06\/Landscape-3-150x150.jpg\" class=\"attachment-thumbnail size-thumbnail\" alt=\"\" srcset=\"https:\/\/rodriguezgallery.com\/wp-content\/uploads\/2015\/06\/Landscape-3-150x150.jpg 150w, https:\/\/rodriguezgallery.com\/wp-content\/uploads\/2015\/06\/Landscape-3-300x300.jpg 300w, https:\/\/rodriguezgallery.com\/wp-content\/uploads\/2015\/06\/Landscape-3-768x768.jpg 768w, https:\/\/rodriguezgallery.com\/wp-content\/uploads\/2015\/06\/Landscape-3-1024x1024.jpg 1024w, https:\/\/rodriguezgallery.com\/wp-content\/uploads\/2015\/06\/Landscape-3.jpg 1200w\" sizes=\"auto, (max-width: 150px) 100vw, 150px\" \/><\/a>\n\t\t\t<\/div><\/figure><figure class='gallery-item'>\n\t\t\t<div class='gallery-icon landscape'>\n\t\t\t\t<a href='https:\/\/rodriguezgallery.com\/wp-content\/uploads\/2015\/06\/Landscape-4-1.jpg'><img loading=\"lazy\" decoding=\"async\" width=\"150\" height=\"150\" src=\"https:\/\/rodriguezgallery.com\/wp-content\/uploads\/2015\/06\/Landscape-4-1-150x150.jpg\" class=\"attachment-thumbnail size-thumbnail\" alt=\"\" srcset=\"https:\/\/rodriguezgallery.com\/wp-content\/uploads\/2015\/06\/Landscape-4-1-150x150.jpg 150w, https:\/\/rodriguezgallery.com\/wp-content\/uploads\/2015\/06\/Landscape-4-1-300x300.jpg 300w, https:\/\/rodriguezgallery.com\/wp-content\/uploads\/2015\/06\/Landscape-4-1-768x768.jpg 768w, https:\/\/rodriguezgallery.com\/wp-content\/uploads\/2015\/06\/Landscape-4-1-1024x1024.jpg 1024w\" sizes=\"auto, (max-width: 150px) 100vw, 150px\" \/><\/a>\n\t\t\t<\/div><\/figure><figure class='gallery-item'>\n\t\t\t<div class='gallery-icon portrait'>\n\t\t\t\t<a href='https:\/\/rodriguezgallery.com\/wp-content\/uploads\/2015\/06\/House-1.jpg'><img loading=\"lazy\" decoding=\"async\" width=\"150\" height=\"150\" src=\"https:\/\/rodriguezgallery.com\/wp-content\/uploads\/2015\/06\/House-1-150x150.jpg\" class=\"attachment-thumbnail size-thumbnail\" alt=\"\" srcset=\"https:\/\/rodriguezgallery.com\/wp-content\/uploads\/2015\/06\/House-1-150x150.jpg 150w, https:\/\/rodriguezgallery.com\/wp-content\/uploads\/2015\/06\/House-1-1014x1024.jpg 1014w\" sizes=\"auto, (max-width: 150px) 100vw, 150px\" \/><\/a>\n\t\t\t<\/div><\/figure><figure class='gallery-item'>\n\t\t\t<div class='gallery-icon landscape'>\n\t\t\t\t<a href='https:\/\/rodriguezgallery.com\/wp-content\/uploads\/2015\/06\/House-2.jpg'><img loading=\"lazy\" decoding=\"async\" width=\"150\" height=\"150\" src=\"https:\/\/rodriguezgallery.com\/wp-content\/uploads\/2015\/06\/House-2-150x150.jpg\" class=\"attachment-thumbnail size-thumbnail\" alt=\"\" srcset=\"https:\/\/rodriguezgallery.com\/wp-content\/uploads\/2015\/06\/House-2-150x150.jpg 150w, https:\/\/rodriguezgallery.com\/wp-content\/uploads\/2015\/06\/House-2-300x300.jpg 300w, https:\/\/rodriguezgallery.com\/wp-content\/uploads\/2015\/06\/House-2-768x768.jpg 768w, https:\/\/rodriguezgallery.com\/wp-content\/uploads\/2015\/06\/House-2-1024x1024.jpg 1024w, https:\/\/rodriguezgallery.com\/wp-content\/uploads\/2015\/06\/House-2.jpg 2000w\" sizes=\"auto, (max-width: 150px) 100vw, 150px\" \/><\/a>\n\t\t\t<\/div><\/figure><figure class='gallery-item'>\n\t\t\t<div class='gallery-icon landscape'>\n\t\t\t\t<a href='https:\/\/rodriguezgallery.com\/wp-content\/uploads\/2015\/06\/House-3.jpg'><img loading=\"lazy\" decoding=\"async\" width=\"150\" height=\"150\" src=\"https:\/\/rodriguezgallery.com\/wp-content\/uploads\/2015\/06\/House-3-150x150.jpg\" class=\"attachment-thumbnail size-thumbnail\" alt=\"\" srcset=\"https:\/\/rodriguezgallery.com\/wp-content\/uploads\/2015\/06\/House-3-150x150.jpg 150w, https:\/\/rodriguezgallery.com\/wp-content\/uploads\/2015\/06\/House-3-300x300.jpg 300w, https:\/\/rodriguezgallery.com\/wp-content\/uploads\/2015\/06\/House-3-768x768.jpg 768w, https:\/\/rodriguezgallery.com\/wp-content\/uploads\/2015\/06\/House-3-1024x1024.jpg 1024w, https:\/\/rodriguezgallery.com\/wp-content\/uploads\/2015\/06\/House-3.jpg 2000w\" sizes=\"auto, (max-width: 150px) 100vw, 150px\" \/><\/a>\n\t\t\t<\/div><\/figure><figure class='gallery-item'>\n\t\t\t<div class='gallery-icon landscape'>\n\t\t\t\t<a href='https:\/\/rodriguezgallery.com\/wp-content\/uploads\/2015\/06\/House-4.jpg'><img loading=\"lazy\" decoding=\"async\" width=\"150\" height=\"150\" src=\"https:\/\/rodriguezgallery.com\/wp-content\/uploads\/2015\/06\/House-4-150x150.jpg\" class=\"attachment-thumbnail size-thumbnail\" alt=\"\" aria-describedby=\"gallery-1-1306\" srcset=\"https:\/\/rodriguezgallery.com\/wp-content\/uploads\/2015\/06\/House-4-150x150.jpg 150w, https:\/\/rodriguezgallery.com\/wp-content\/uploads\/2015\/06\/House-4-300x300.jpg 300w, https:\/\/rodriguezgallery.com\/wp-content\/uploads\/2015\/06\/House-4-768x768.jpg 768w, https:\/\/rodriguezgallery.com\/wp-content\/uploads\/2015\/06\/House-4-1024x1024.jpg 1024w, https:\/\/rodriguezgallery.com\/wp-content\/uploads\/2015\/06\/House-4.jpg 2000w\" sizes=\"auto, (max-width: 150px) 100vw, 150px\" \/><\/a>\n\t\t\t<\/div>\n\t\t\t\t<figcaption class='wp-caption-text gallery-caption' id='gallery-1-1306'>\n\t\t\t\tHouse 4, 2012-2015, Digital c-type, 30&#215;30 cm, ed.5+2AP\n\t\t\t\t<\/figcaption><\/figure><figure class='gallery-item'>\n\t\t\t<div class='gallery-icon landscape'>\n\t\t\t\t<a href='https:\/\/rodriguezgallery.com\/wp-content\/uploads\/2015\/06\/House-5.jpg'><img loading=\"lazy\" decoding=\"async\" width=\"150\" height=\"150\" src=\"https:\/\/rodriguezgallery.com\/wp-content\/uploads\/2015\/06\/House-5-150x150.jpg\" class=\"attachment-thumbnail size-thumbnail\" alt=\"\" srcset=\"https:\/\/rodriguezgallery.com\/wp-content\/uploads\/2015\/06\/House-5-150x150.jpg 150w, https:\/\/rodriguezgallery.com\/wp-content\/uploads\/2015\/06\/House-5-300x300.jpg 300w, https:\/\/rodriguezgallery.com\/wp-content\/uploads\/2015\/06\/House-5-768x768.jpg 768w, https:\/\/rodriguezgallery.com\/wp-content\/uploads\/2015\/06\/House-5-1024x1024.jpg 1024w, https:\/\/rodriguezgallery.com\/wp-content\/uploads\/2015\/06\/House-5.jpg 2000w\" sizes=\"auto, (max-width: 150px) 100vw, 150px\" \/><\/a>\n\t\t\t<\/div><\/figure><figure class='gallery-item'>\n\t\t\t<div class='gallery-icon landscape'>\n\t\t\t\t<a href='https:\/\/rodriguezgallery.com\/wp-content\/uploads\/2015\/06\/House-6.png'><img loading=\"lazy\" decoding=\"async\" width=\"150\" height=\"150\" src=\"https:\/\/rodriguezgallery.com\/wp-content\/uploads\/2015\/06\/House-6-150x150.png\" class=\"attachment-thumbnail size-thumbnail\" alt=\"\" srcset=\"https:\/\/rodriguezgallery.com\/wp-content\/uploads\/2015\/06\/House-6-150x150.png 150w, https:\/\/rodriguezgallery.com\/wp-content\/uploads\/2015\/06\/House-6-300x299.png 300w, https:\/\/rodriguezgallery.com\/wp-content\/uploads\/2015\/06\/House-6-768x765.png 768w, https:\/\/rodriguezgallery.com\/wp-content\/uploads\/2015\/06\/House-6-1024x1020.png 1024w, https:\/\/rodriguezgallery.com\/wp-content\/uploads\/2015\/06\/House-6.png 1524w\" sizes=\"auto, (max-width: 150px) 100vw, 150px\" \/><\/a>\n\t\t\t<\/div><\/figure><figure class='gallery-item'>\n\t\t\t<div class='gallery-icon landscape'>\n\t\t\t\t<a href='https:\/\/rodriguezgallery.com\/wp-content\/uploads\/2015\/06\/House-7.jpg'><img loading=\"lazy\" decoding=\"async\" width=\"150\" height=\"150\" src=\"https:\/\/rodriguezgallery.com\/wp-content\/uploads\/2015\/06\/House-7-150x150.jpg\" class=\"attachment-thumbnail size-thumbnail\" alt=\"\" srcset=\"https:\/\/rodriguezgallery.com\/wp-content\/uploads\/2015\/06\/House-7-150x150.jpg 150w, https:\/\/rodriguezgallery.com\/wp-content\/uploads\/2015\/06\/House-7-300x300.jpg 300w, https:\/\/rodriguezgallery.com\/wp-content\/uploads\/2015\/06\/House-7-768x768.jpg 768w, https:\/\/rodriguezgallery.com\/wp-content\/uploads\/2015\/06\/House-7-1024x1024.jpg 1024w, https:\/\/rodriguezgallery.com\/wp-content\/uploads\/2015\/06\/House-7.jpg 2000w\" sizes=\"auto, (max-width: 150px) 100vw, 150px\" \/><\/a>\n\t\t\t<\/div><\/figure><figure class='gallery-item'>\n\t\t\t<div class='gallery-icon landscape'>\n\t\t\t\t<a href='https:\/\/rodriguezgallery.com\/wp-content\/uploads\/2015\/06\/House-8.jpg'><img loading=\"lazy\" decoding=\"async\" width=\"150\" height=\"150\" src=\"https:\/\/rodriguezgallery.com\/wp-content\/uploads\/2015\/06\/House-8-150x150.jpg\" class=\"attachment-thumbnail size-thumbnail\" alt=\"\" srcset=\"https:\/\/rodriguezgallery.com\/wp-content\/uploads\/2015\/06\/House-8-150x150.jpg 150w, https:\/\/rodriguezgallery.com\/wp-content\/uploads\/2015\/06\/House-8-300x300.jpg 300w, https:\/\/rodriguezgallery.com\/wp-content\/uploads\/2015\/06\/House-8-768x768.jpg 768w, https:\/\/rodriguezgallery.com\/wp-content\/uploads\/2015\/06\/House-8-1024x1024.jpg 1024w, https:\/\/rodriguezgallery.com\/wp-content\/uploads\/2015\/06\/House-8.jpg 2000w\" sizes=\"auto, (max-width: 150px) 100vw, 150px\" \/><\/a>\n\t\t\t<\/div><\/figure><figure class='gallery-item'>\n\t\t\t<div class='gallery-icon landscape'>\n\t\t\t\t<a href='https:\/\/rodriguezgallery.com\/wp-content\/uploads\/2015\/06\/House-9.jpg'><img loading=\"lazy\" decoding=\"async\" width=\"150\" height=\"150\" src=\"https:\/\/rodriguezgallery.com\/wp-content\/uploads\/2015\/06\/House-9-150x150.jpg\" class=\"attachment-thumbnail size-thumbnail\" alt=\"\" srcset=\"https:\/\/rodriguezgallery.com\/wp-content\/uploads\/2015\/06\/House-9-150x150.jpg 150w, https:\/\/rodriguezgallery.com\/wp-content\/uploads\/2015\/06\/House-9-300x300.jpg 300w, https:\/\/rodriguezgallery.com\/wp-content\/uploads\/2015\/06\/House-9-768x768.jpg 768w, https:\/\/rodriguezgallery.com\/wp-content\/uploads\/2015\/06\/House-9-1024x1024.jpg 1024w, https:\/\/rodriguezgallery.com\/wp-content\/uploads\/2015\/06\/House-9.jpg 2000w\" sizes=\"auto, (max-width: 150px) 100vw, 150px\" \/><\/a>\n\t\t\t<\/div><\/figure>\n\t\t<\/div>\n<\/p>\n<h6 style=\"text-align: center;\"><\/h6>\n<\/div><\/div><\/div><\/div><div id=\"pg-29-2\"  class=\"panel-grid panel-no-style\" ><div id=\"pgc-29-2-0\"  class=\"panel-grid-cell panel-grid-cell-empty\" ><\/div><div id=\"pgc-29-2-1\"  class=\"panel-grid-cell panel-grid-cell-mobile-last\" ><div id=\"panel-29-2-1-0\" class=\"so-panel widget widget_black-studio-tinymce widget_black_studio_tinymce panel-first-child panel-last-child\" data-index=\"2\" ><div class=\"textwidget\"><h6>Projekt dofinansowany ze \u015brodk\u00f3w Miasta Poznania<br \/><img loading=\"lazy\" decoding=\"async\" class=\"alignleft wp-image-1789\" src=\"https:\/\/rodriguezgallery.com\/wp-content\/uploads\/2015\/06\/LOGO_POZNAN_PL_RGB_bz-300x103.jpg\" alt=\"logo_poznan_pl_rgb_bz\" width=\"150\" height=\"52\" srcset=\"https:\/\/rodriguezgallery.com\/wp-content\/uploads\/2015\/06\/LOGO_POZNAN_PL_RGB_bz-300x103.jpg 300w, https:\/\/rodriguezgallery.com\/wp-content\/uploads\/2015\/06\/LOGO_POZNAN_PL_RGB_bz-768x264.jpg 768w, https:\/\/rodriguezgallery.com\/wp-content\/uploads\/2015\/06\/LOGO_POZNAN_PL_RGB_bz-1024x352.jpg 1024w\" sizes=\"auto, (max-width: 150px) 100vw, 150px\" \/><\/h6>\n<\/div><\/div><\/div><div id=\"pgc-29-2-2\"  class=\"panel-grid-cell panel-grid-cell-empty\" ><\/div><\/div><\/div>","protected":false},"excerpt":{"rendered":"<p>Alicja Dobrucka:\u00a0Houses (31\u00b023\u203230.67\u2033N 35\u00b06\u203244.45\u2033E)15.04 &#8211; 14.05.2016W prezentowanym w Rodriguez Gallery projekcie Houses Alicja Dobrucka dokumentuje architektur\u0119 palesty\u0144skiej wioski Susya, miejsca pozostaj\u0105cego pod kontrol\u0105 izraelsk\u0105, a znanego ze swojego oporu i <a class=\"moretag\" href=\"https:\/\/rodriguezgallery.com\/pl\/alicja-dobrucka-houses\/\">Read More &#8230;<\/a><\/p>\n","protected":false},"author":1,"featured_media":0,"parent":0,"menu_order":0,"comment_status":"closed","ping_status":"open","template":"full-width-page.php","meta":{"footnotes":""},"class_list":["post-29","page","type-page","status-publish","hentry"],"_links":{"self":[{"href":"https:\/\/rodriguezgallery.com\/pl\/wp-json\/wp\/v2\/pages\/29","targetHints":{"allow":["GET"]}}],"collection":[{"href":"https:\/\/rodriguezgallery.com\/pl\/wp-json\/wp\/v2\/pages"}],"about":[{"href":"https:\/\/rodriguezgallery.com\/pl\/wp-json\/wp\/v2\/types\/page"}],"author":[{"embeddable":true,"href":"https:\/\/rodriguezgallery.com\/pl\/wp-json\/wp\/v2\/users\/1"}],"replies":[{"embeddable":true,"href":"https:\/\/rodriguezgallery.com\/pl\/wp-json\/wp\/v2\/comments?post=29"}],"version-history":[{"count":2,"href":"https:\/\/rodriguezgallery.com\/pl\/wp-json\/wp\/v2\/pages\/29\/revisions"}],"predecessor-version":[{"id":5327,"href":"https:\/\/rodriguezgallery.com\/pl\/wp-json\/wp\/v2\/pages\/29\/revisions\/5327"}],"wp:attachment":[{"href":"https:\/\/rodriguezgallery.com\/pl\/wp-json\/wp\/v2\/media?parent=29"}],"curies":[{"name":"wp","href":"https:\/\/api.w.org\/{rel}","templated":true}]}}