{"id":2916,"date":"2017-10-23T18:44:09","date_gmt":"2017-10-23T16:44:09","guid":{"rendered":"http:\/\/rodriguezgallery.com\/?page_id=2916"},"modified":"2017-12-07T17:21:42","modified_gmt":"2017-12-07T15:21:42","slug":"warsztaty-dla-dzieci","status":"publish","type":"page","link":"https:\/\/rodriguezgallery.com\/pl\/warsztaty-dla-dzieci\/","title":{"rendered":"(English) Warsztaty dla dzieci"},"content":{"rendered":"<div id=\"pl-2916\"  class=\"panel-layout\" ><div id=\"pg-2916-0\"  class=\"panel-grid panel-no-style\" ><div id=\"pgc-2916-0-0\"  class=\"panel-grid-cell panel-grid-cell-empty\" ><\/div><\/div><div id=\"pg-2916-1\"  class=\"panel-grid panel-no-style\" ><div id=\"pgc-2916-1-0\"  class=\"panel-grid-cell\" ><div id=\"panel-2916-1-0-0\" class=\"so-panel widget widget_black-studio-tinymce widget_black_studio_tinymce panel-first-child panel-last-child\" data-index=\"0\" ><div class=\"textwidget\"><p><span class=\"\" style=\"display:block;clear:both;height: 0px;padding-top: 20px;border-top-width:0px;border-bottom-width:0px;\"><\/span><\/p>\n<h6><strong>\"Pierwsze spotkanie ze sztuk\u0105 wsp\u00f3\u0142czesn\u0105\"<\/strong> to warsztaty, na kt\u00f3re zaproszone zosta\u0142y dzieci z 4 pozna\u0144skich szk\u00f3\u0142.<\/h6>\n<h6>Celem projektu jest podniesienie poziomu wiedzy na temat sztuki wsp\u00f3\u0142czesnej w\u015br\u00f3d dzieci, wzrost bezpo\u015bredniego ich kontaktu ze sztuk\u0105 oraz rozumienia i otwarto\u015bci w stosunku do sztuki wsp\u00f3\u0142czesnej.<\/h6>\n<h6>Projekt dofinansowany ze \u015brodk\u00f3w bud\u017cetu Miasta Poznania w ramach Konkursu Mikrodotacji Centrum Inicjatyw Lokalnych Poznania 2017<\/h6>\n<p>\u00a0<\/p>\n<h6><a href=\"https:\/\/rodriguezgallery.com\/wp-content\/uploads\/2017\/12\/SCENARIUSZ-WARSZTAT\u00d3W.pdf\">Scenariusz warsztat\u00f3w<\/a><\/h6>\n<p><div id='gallery-1' class='gallery galleryid-2916 gallery-columns-3 gallery-size-thumbnail'><figure class='gallery-item'>\n\t\t\t<div class='gallery-icon landscape'>\n\t\t\t\t<img loading=\"lazy\" decoding=\"async\" width=\"150\" height=\"150\" src=\"https:\/\/rodriguezgallery.com\/wp-content\/uploads\/2017\/10\/22768345_10156736405673136_953894579_o-150x150.jpg\" class=\"attachment-thumbnail size-thumbnail\" alt=\"\" \/>\n\t\t\t<\/div><\/figure><figure class='gallery-item'>\n\t\t\t<div class='gallery-icon landscape'>\n\t\t\t\t<img loading=\"lazy\" decoding=\"async\" width=\"150\" height=\"150\" src=\"https:\/\/rodriguezgallery.com\/wp-content\/uploads\/2017\/10\/22752842_10156736405663136_36915727_n-150x150.png\" class=\"attachment-thumbnail size-thumbnail\" alt=\"\" \/>\n\t\t\t<\/div><\/figure>\n\t\t<\/div>\n<\/p>\n<p><img loading=\"lazy\" decoding=\"async\" class=\"size-medium wp-image-2924 alignleft\" src=\"https:\/\/rodriguezgallery.com\/wp-content\/uploads\/2017\/10\/LOGO_POZNAN_PL_RGB_bz-300x103.jpg\" alt=\"\" width=\"300\" height=\"103\" srcset=\"https:\/\/rodriguezgallery.com\/wp-content\/uploads\/2017\/10\/LOGO_POZNAN_PL_RGB_bz-300x103.jpg 300w, https:\/\/rodriguezgallery.com\/wp-content\/uploads\/2017\/10\/LOGO_POZNAN_PL_RGB_bz-768x264.jpg 768w, https:\/\/rodriguezgallery.com\/wp-content\/uploads\/2017\/10\/LOGO_POZNAN_PL_RGB_bz-1024x352.jpg 1024w\" sizes=\"auto, (max-width: 300px) 100vw, 300px\" \/><\/p>\n<\/div><\/div><\/div><div id=\"pgc-2916-1-1\"  class=\"panel-grid-cell\" ><div id=\"panel-2916-1-1-0\" class=\"so-panel widget widget_black-studio-tinymce widget_black_studio_tinymce panel-first-child panel-last-child\" data-index=\"1\" ><div class=\"textwidget\"><p><span class=\"\" style=\"display:block;clear:both;height: 0px;padding-top: 20px;border-top-width:0px;border-bottom-width:0px;\"><\/span><\/p>\n<p><img loading=\"lazy\" decoding=\"async\" class=\"aligncenter wp-image-2929 size-full\" src=\"https:\/\/rodriguezgallery.com\/wp-content\/uploads\/2017\/10\/IMG_9163.jpg\" alt=\"\" width=\"4032\" height=\"3024\" srcset=\"https:\/\/rodriguezgallery.com\/wp-content\/uploads\/2017\/10\/IMG_9163.jpg 4032w, https:\/\/rodriguezgallery.com\/wp-content\/uploads\/2017\/10\/IMG_9163-300x225.jpg 300w, https:\/\/rodriguezgallery.com\/wp-content\/uploads\/2017\/10\/IMG_9163-768x576.jpg 768w, https:\/\/rodriguezgallery.com\/wp-content\/uploads\/2017\/10\/IMG_9163-1024x768.jpg 1024w\" sizes=\"auto, (max-width: 4032px) 100vw, 4032px\" \/><\/p>\n<\/div><\/div><\/div><\/div><\/div>","protected":false},"excerpt":{"rendered":"<p>&#8222;Pierwsze spotkanie ze sztuk\u0105 wsp\u00f3\u0142czesn\u0105&#8221; to warsztaty, na kt\u00f3re zaproszone zosta\u0142y dzieci z 4 pozna\u0144skich szk\u00f3\u0142.Celem projektu jest podniesienie poziomu wiedzy na temat sztuki wsp\u00f3\u0142czesnej w\u015br\u00f3d dzieci, wzrost bezpo\u015bredniego ich <a class=\"moretag\" href=\"https:\/\/rodriguezgallery.com\/pl\/warsztaty-dla-dzieci\/\">Read More &#8230;<\/a><\/p>\n","protected":false},"author":1,"featured_media":0,"parent":0,"menu_order":0,"comment_status":"closed","ping_status":"closed","template":"full-width-page.php","meta":{"footnotes":""},"class_list":["post-2916","page","type-page","status-publish","hentry"],"_links":{"self":[{"href":"https:\/\/rodriguezgallery.com\/pl\/wp-json\/wp\/v2\/pages\/2916","targetHints":{"allow":["GET"]}}],"collection":[{"href":"https:\/\/rodriguezgallery.com\/pl\/wp-json\/wp\/v2\/pages"}],"about":[{"href":"https:\/\/rodriguezgallery.com\/pl\/wp-json\/wp\/v2\/types\/page"}],"author":[{"embeddable":true,"href":"https:\/\/rodriguezgallery.com\/pl\/wp-json\/wp\/v2\/users\/1"}],"replies":[{"embeddable":true,"href":"https:\/\/rodriguezgallery.com\/pl\/wp-json\/wp\/v2\/comments?post=2916"}],"version-history":[{"count":1,"href":"https:\/\/rodriguezgallery.com\/pl\/wp-json\/wp\/v2\/pages\/2916\/revisions"}],"predecessor-version":[{"id":3144,"href":"https:\/\/rodriguezgallery.com\/pl\/wp-json\/wp\/v2\/pages\/2916\/revisions\/3144"}],"wp:attachment":[{"href":"https:\/\/rodriguezgallery.com\/pl\/wp-json\/wp\/v2\/media?parent=2916"}],"curies":[{"name":"wp","href":"https:\/\/api.w.org\/{rel}","templated":true}]}}