{"id":2983,"date":"2017-11-04T14:35:51","date_gmt":"2017-11-04T12:35:51","guid":{"rendered":"http:\/\/rodriguezgallery.com\/?page_id=2983"},"modified":"2017-12-26T19:39:14","modified_gmt":"2017-12-26T17:39:14","slug":"debata","status":"publish","type":"page","link":"https:\/\/rodriguezgallery.com\/pl\/debata\/","title":{"rendered":"(English) Debata"},"content":{"rendered":"<div id=\"pl-2983\"  class=\"panel-layout\" ><div id=\"pg-2983-0\"  class=\"panel-grid panel-no-style\" ><div id=\"pgc-2983-0-0\"  class=\"panel-grid-cell\" ><div id=\"panel-2983-0-0-0\" class=\"so-panel widget widget_black-studio-tinymce widget_black_studio_tinymce panel-first-child panel-last-child\" data-index=\"0\" ><div class=\"textwidget\"><h6><strong>Debata: Learning from...?<\/p>\n<p><\/strong>\u201eLearning from\u2026?\u201d czyli o potencjale wsp\u00f3lnych inicjatyw pozna\u0144skiego \u015brodowiska artystycznego.<\/p>\n<p>Zapraszamy na dyskusj\u0119 o mo\u017cliwo\u015bciach i potrzebach wsp\u00f3\u0142pracy w pozna\u0144skim \u015brodowisku zwi\u0105zanym ze sztuk\u0105 wsp\u00f3\u0142czesn\u0105. Czy potrzebny nam jest pozna\u0144ski gallery weekend, art week czy inne festiwale sztuki wsp\u00f3\u0142czesnej? A je\u015bli tak, czy powinni\u015bmy wzorowa\u0107 si\u0119 na wi\u0119kszych o\u015brodkach czy te\u017c wypracowa\u0107 w\u0142asn\u0105 formu\u0142\u0119?<br \/>Do dyskusji zaprosili\u015bmy celowo nie organizator\u00f3w podobnych wydarze\u0144, a m\u0142odych artyst\u00f3w i kurator\u00f3w zwi\u0105zanych z Poznaniem, ale jednocze\u015bnie z innymi o\u015brodkami \u017cycia artystycznego. Liczymy tak\u017ce na \u017cywy udzia\u0142 ca\u0142ego \u015brodowiska.<\/p>\n<p>Dyskusj\u0119 poprowadzi: Jagna Dom\u017calska<\/p>\n<p>Paneli\u015bci: Agnieszka Grodzi\u0144ska, Franciszek Or\u0142owski, Tomek Paw\u0142owski, Dawid Radziszewski, Magdalena Starska.<\/p>\n<p>Miejsce: Galeria Miejska Arsena\u0142.<br \/>Godz. 18.00<\/p>\n<p>Projekt dofinansowany z bud\u017cetu Miasta Poznania.<br \/><span style=\"text-decoration: underline;\"><strong><br \/><\/strong><\/span><\/h6>\n<\/div><\/div><\/div><div id=\"pgc-2983-0-1\"  class=\"panel-grid-cell\" ><div id=\"panel-2983-0-1-0\" class=\"so-panel widget widget_black-studio-tinymce widget_black_studio_tinymce panel-first-child panel-last-child\" data-index=\"1\" ><div class=\"textwidget\"><p><span class=\"\" style=\"display:block;clear:both;height: 0px;padding-top: 30px;border-top-width:0px;border-bottom-width:0px;\"><\/span><\/p>\n<p><div id='gallery-1' class='gallery galleryid-2983 gallery-columns-2 gallery-size-thumbnail'><figure class='gallery-item'>\n\t\t\t<div class='gallery-icon landscape'>\n\t\t\t\t<a href='https:\/\/rodriguezgallery.com\/wp-content\/uploads\/2017\/12\/26179658_10156950942488136_526862927_o.jpg'><img loading=\"lazy\" decoding=\"async\" width=\"150\" height=\"150\" src=\"https:\/\/rodriguezgallery.com\/wp-content\/uploads\/2017\/12\/26179658_10156950942488136_526862927_o-150x150.jpg\" class=\"attachment-thumbnail size-thumbnail\" alt=\"\" \/><\/a>\n\t\t\t<\/div><\/figure><figure class='gallery-item'>\n\t\t\t<div class='gallery-icon landscape'>\n\t\t\t\t<a href='https:\/\/rodriguezgallery.com\/wp-content\/uploads\/2017\/12\/26178286_10156950941823136_268352239_o.jpg'><img loading=\"lazy\" decoding=\"async\" width=\"150\" height=\"150\" src=\"https:\/\/rodriguezgallery.com\/wp-content\/uploads\/2017\/12\/26178286_10156950941823136_268352239_o-150x150.jpg\" class=\"attachment-thumbnail size-thumbnail\" alt=\"\" \/><\/a>\n\t\t\t<\/div><\/figure><figure class='gallery-item'>\n\t\t\t<div class='gallery-icon landscape'>\n\t\t\t\t<a href='https:\/\/rodriguezgallery.com\/wp-content\/uploads\/2017\/12\/26145638_10156950940828136_846924076_o.jpg'><img loading=\"lazy\" decoding=\"async\" width=\"150\" height=\"150\" src=\"https:\/\/rodriguezgallery.com\/wp-content\/uploads\/2017\/12\/26145638_10156950940828136_846924076_o-150x150.jpg\" class=\"attachment-thumbnail size-thumbnail\" alt=\"\" \/><\/a>\n\t\t\t<\/div><\/figure><figure class='gallery-item'>\n\t\t\t<div class='gallery-icon landscape'>\n\t\t\t\t<a href='https:\/\/rodriguezgallery.com\/wp-content\/uploads\/2017\/12\/26177788_10156950941298136_1819140412_o.jpg'><img loading=\"lazy\" decoding=\"async\" width=\"150\" height=\"150\" src=\"https:\/\/rodriguezgallery.com\/wp-content\/uploads\/2017\/12\/26177788_10156950941298136_1819140412_o-150x150.jpg\" class=\"attachment-thumbnail size-thumbnail\" alt=\"\" \/><\/a>\n\t\t\t<\/div><\/figure>\n\t\t<\/div>\n<\/p>\n<\/div><\/div><\/div><\/div><\/div>","protected":false},"excerpt":{"rendered":"<p>Debata: Learning from&#8230;?\u201eLearning from\u2026?\u201d czyli o potencjale wsp\u00f3lnych inicjatyw pozna\u0144skiego \u015brodowiska artystycznego.Zapraszamy na dyskusj\u0119 o mo\u017cliwo\u015bciach i potrzebach wsp\u00f3\u0142pracy w pozna\u0144skim \u015brodowisku zwi\u0105zanym ze sztuk\u0105 wsp\u00f3\u0142czesn\u0105. Czy potrzebny nam jest <a class=\"moretag\" href=\"https:\/\/rodriguezgallery.com\/pl\/debata\/\">Read More &#8230;<\/a><\/p>\n","protected":false},"author":1,"featured_media":0,"parent":0,"menu_order":0,"comment_status":"closed","ping_status":"closed","template":"full-width-page.php","meta":{"footnotes":""},"class_list":["post-2983","page","type-page","status-publish","hentry"],"_links":{"self":[{"href":"https:\/\/rodriguezgallery.com\/pl\/wp-json\/wp\/v2\/pages\/2983","targetHints":{"allow":["GET"]}}],"collection":[{"href":"https:\/\/rodriguezgallery.com\/pl\/wp-json\/wp\/v2\/pages"}],"about":[{"href":"https:\/\/rodriguezgallery.com\/pl\/wp-json\/wp\/v2\/types\/page"}],"author":[{"embeddable":true,"href":"https:\/\/rodriguezgallery.com\/pl\/wp-json\/wp\/v2\/users\/1"}],"replies":[{"embeddable":true,"href":"https:\/\/rodriguezgallery.com\/pl\/wp-json\/wp\/v2\/comments?post=2983"}],"version-history":[{"count":1,"href":"https:\/\/rodriguezgallery.com\/pl\/wp-json\/wp\/v2\/pages\/2983\/revisions"}],"predecessor-version":[{"id":3223,"href":"https:\/\/rodriguezgallery.com\/pl\/wp-json\/wp\/v2\/pages\/2983\/revisions\/3223"}],"wp:attachment":[{"href":"https:\/\/rodriguezgallery.com\/pl\/wp-json\/wp\/v2\/media?parent=2983"}],"curies":[{"name":"wp","href":"https:\/\/api.w.org\/{rel}","templated":true}]}}