{"id":3037,"date":"2017-11-24T14:27:33","date_gmt":"2017-11-24T12:27:33","guid":{"rendered":"http:\/\/rodriguezgallery.com\/?page_id=3037"},"modified":"2019-09-16T16:27:09","modified_gmt":"2019-09-16T14:27:09","slug":"maria-tinaut-untitled-room-with-a-view","status":"publish","type":"page","link":"https:\/\/rodriguezgallery.com\/pl\/maria-tinaut-untitled-room-with-a-view\/","title":{"rendered":"(English) Maria Tinaut &#8211; Untitled (Room with a view)"},"content":{"rendered":"<div id=\"pl-3037\"  class=\"panel-layout\" ><div id=\"pg-3037-0\"  class=\"panel-grid panel-no-style\" ><div id=\"pgc-3037-0-0\"  class=\"panel-grid-cell panel-grid-cell-empty\" ><\/div><\/div><div id=\"pg-3037-1\"  class=\"panel-grid panel-no-style\" ><div id=\"pgc-3037-1-0\"  class=\"panel-grid-cell\" ><div id=\"panel-3037-1-0-0\" class=\"so-panel widget widget_black-studio-tinymce widget_black_studio_tinymce panel-first-child panel-last-child\" data-index=\"0\" ><div class=\"textwidget\"><h6><strong>Mar\u00eda Tinaut - <em>Untitled (Room with a view)<br \/>\n<\/em><\/strong><strong>01.12.2017 - 17.01.2018<\/strong><\/h6>\n<p>&nbsp;<\/p>\n<h6><i>Wystawa <i>Untitled (Room with a View) <\/i>jest analiz\u0105 poj\u0119cia dom, dokonywan\u0105 przez artystk\u0119 za pomoc\u0105 j\u0119zyka fotografii i malarstwa. Napotykane przez widza pokoje \u0142\u0105cz\u0105 w sobie przedstawienia pochodz\u0105ce z r\u00f3\u017cnych miejsc, \u017ar\u00f3de\u0142 i okres\u00f3w, buduj\u0105c wra\u017cenie fikcyjnej blisko\u015bci i odleg\u0142o\u015bci zarazem.<\/h6>\n<h6>Plastyczno\u015b\u0107 pami\u0119ci jest kluczem do zrozumienia natury prac Tinaut. Fragmenty tego samego domu w budowie (obraz zaczerpni\u0119ty przez artystk\u0119 z albumu rodzinnego) znajdujemy w r\u00f3\u017cnych pracach w obr\u0119bie wystawy, ukazane za pomoc\u0105 r\u00f3\u017cnorodnych technik (kserokopia, malarstwo, fotografia, serigrafia). Pomimo, i\u017c wizerunek domu zdaje si\u0119 by\u0107 namacalny i bliski dzi\u0119ki zaprezentowaniu go w tak wielu uj\u0119ciach, w rzeczywisto\u015bci dla nas istnieje on jedynie na obrazie, nigdy bowiem nie do\u015bwiadczyli\u015bmy go osobi\u015bcie.<\/h6>\n<h6>Nie ma \u017cadnej hierarchii pomi\u0119dzy przedstawieniami znalezionymi i wykonanymi przez artystk\u0119. Wszystkie spotykaj\u0105 si\u0119 na tym samym planie. Fizyczne, realne miejsca przeplataj\u0105 si\u0119 ze \u201eskonstruowan\u0105\u201d pami\u0119ci\u0105 o nich, na ich styku tworz\u0105c nowe opowiadanie.<\/h6>\n<p>&nbsp;<\/p>\n<h6>Pobierz pe\u0142n\u0105 dokumentacj\u0119 wystawy tutaj:<br \/>\n<a href=\"https:\/\/rodriguezgallery.com\/wp-content\/uploads\/2018\/03\/Mar\u00eda-Tinaut-Untitled-Room-with-a-View-ENG.pdf\">Untitled (Room with a View) ENG<\/a><\/h6>\n<\/div><\/div><\/div><div id=\"pgc-3037-1-1\"  class=\"panel-grid-cell\" ><div id=\"panel-3037-1-1-0\" class=\"so-panel widget widget_black-studio-tinymce widget_black_studio_tinymce panel-first-child panel-last-child\" data-index=\"1\" ><div class=\"textwidget\"><h6 style=\"text-align: center;\"><\/h6>\n<p><div id='gallery-1' class='gallery galleryid-3037 gallery-columns-3 gallery-size-thumbnail'><figure class='gallery-item'>\n\t\t\t<div class='gallery-icon landscape'>\n\t\t\t\t<a href='https:\/\/rodriguezgallery.com\/wp-content\/uploads\/2017\/12\/05.jpg'><img loading=\"lazy\" decoding=\"async\" width=\"150\" height=\"100\" src=\"https:\/\/rodriguezgallery.com\/wp-content\/uploads\/2017\/12\/05.jpg\" class=\"attachment-thumbnail size-thumbnail\" alt=\"\" \/><\/a>\n\t\t\t<\/div><\/figure><figure class='gallery-item'>\n\t\t\t<div class='gallery-icon landscape'>\n\t\t\t\t<a href='https:\/\/rodriguezgallery.com\/wp-content\/uploads\/2017\/12\/IMG_8027.jpg'><img loading=\"lazy\" decoding=\"async\" width=\"150\" height=\"150\" src=\"https:\/\/rodriguezgallery.com\/wp-content\/uploads\/2017\/12\/IMG_8027-150x150.jpg\" class=\"attachment-thumbnail size-thumbnail\" alt=\"\" \/><\/a>\n\t\t\t<\/div><\/figure><figure class='gallery-item'>\n\t\t\t<div class='gallery-icon landscape'>\n\t\t\t\t<a href='https:\/\/rodriguezgallery.com\/wp-content\/uploads\/2017\/12\/06.jpg'><img loading=\"lazy\" decoding=\"async\" width=\"150\" height=\"100\" src=\"https:\/\/rodriguezgallery.com\/wp-content\/uploads\/2017\/12\/06.jpg\" class=\"attachment-thumbnail size-thumbnail\" alt=\"\" \/><\/a>\n\t\t\t<\/div><\/figure><figure class='gallery-item'>\n\t\t\t<div class='gallery-icon portrait'>\n\t\t\t\t<a href='https:\/\/rodriguezgallery.com\/wp-content\/uploads\/2017\/12\/IMG_8034.jpg'><img loading=\"lazy\" decoding=\"async\" width=\"150\" height=\"150\" src=\"https:\/\/rodriguezgallery.com\/wp-content\/uploads\/2017\/12\/IMG_8034-150x150.jpg\" class=\"attachment-thumbnail size-thumbnail\" alt=\"\" \/><\/a>\n\t\t\t<\/div><\/figure><figure class='gallery-item'>\n\t\t\t<div class='gallery-icon landscape'>\n\t\t\t\t<a href='https:\/\/rodriguezgallery.com\/wp-content\/uploads\/2017\/12\/04.jpg'><img loading=\"lazy\" decoding=\"async\" width=\"150\" height=\"100\" src=\"https:\/\/rodriguezgallery.com\/wp-content\/uploads\/2017\/12\/04.jpg\" class=\"attachment-thumbnail size-thumbnail\" alt=\"\" \/><\/a>\n\t\t\t<\/div><\/figure><figure class='gallery-item'>\n\t\t\t<div class='gallery-icon landscape'>\n\t\t\t\t<a href='https:\/\/rodriguezgallery.com\/wp-content\/uploads\/2017\/12\/07.jpg'><img loading=\"lazy\" decoding=\"async\" width=\"150\" height=\"100\" src=\"https:\/\/rodriguezgallery.com\/wp-content\/uploads\/2017\/12\/07.jpg\" class=\"attachment-thumbnail size-thumbnail\" alt=\"\" \/><\/a>\n\t\t\t<\/div><\/figure><figure class='gallery-item'>\n\t\t\t<div class='gallery-icon landscape'>\n\t\t\t\t<a href='https:\/\/rodriguezgallery.com\/wp-content\/uploads\/2017\/12\/08.jpg'><img loading=\"lazy\" decoding=\"async\" width=\"150\" height=\"100\" src=\"https:\/\/rodriguezgallery.com\/wp-content\/uploads\/2017\/12\/08.jpg\" class=\"attachment-thumbnail size-thumbnail\" alt=\"\" \/><\/a>\n\t\t\t<\/div><\/figure><figure class='gallery-item'>\n\t\t\t<div class='gallery-icon landscape'>\n\t\t\t\t<a href='https:\/\/rodriguezgallery.com\/wp-content\/uploads\/2017\/12\/02.jpg'><img loading=\"lazy\" decoding=\"async\" width=\"150\" height=\"100\" src=\"https:\/\/rodriguezgallery.com\/wp-content\/uploads\/2017\/12\/02.jpg\" class=\"attachment-thumbnail size-thumbnail\" alt=\"\" \/><\/a>\n\t\t\t<\/div><\/figure><figure class='gallery-item'>\n\t\t\t<div class='gallery-icon landscape'>\n\t\t\t\t<a href='https:\/\/rodriguezgallery.com\/wp-content\/uploads\/2017\/12\/01.jpg'><img loading=\"lazy\" decoding=\"async\" width=\"150\" height=\"100\" src=\"https:\/\/rodriguezgallery.com\/wp-content\/uploads\/2017\/12\/01.jpg\" class=\"attachment-thumbnail size-thumbnail\" alt=\"\" \/><\/a>\n\t\t\t<\/div><\/figure><figure class='gallery-item'>\n\t\t\t<div class='gallery-icon landscape'>\n\t\t\t\t<a href='https:\/\/rodriguezgallery.com\/wp-content\/uploads\/2017\/12\/IMG_8026.jpg'><img loading=\"lazy\" decoding=\"async\" width=\"150\" height=\"150\" src=\"https:\/\/rodriguezgallery.com\/wp-content\/uploads\/2017\/12\/IMG_8026-150x150.jpg\" class=\"attachment-thumbnail size-thumbnail\" alt=\"\" \/><\/a>\n\t\t\t<\/div><\/figure>\n\t\t<\/div>\n<\/p>\n<\/div><\/div><\/div><\/div><\/div>","protected":false},"excerpt":{"rendered":"<p>Mar\u00eda Tinaut &#8211; Untitled (Room with a view) 01.12.2017 &#8211; 17.01.2018 &nbsp; Wystawa Untitled (Room with a View) jest analiz\u0105 poj\u0119cia dom, dokonywan\u0105 przez artystk\u0119 za pomoc\u0105 j\u0119zyka fotografii i <a class=\"moretag\" href=\"https:\/\/rodriguezgallery.com\/pl\/maria-tinaut-untitled-room-with-a-view\/\">Read More &#8230;<\/a><\/p>\n","protected":false},"author":1,"featured_media":0,"parent":0,"menu_order":0,"comment_status":"closed","ping_status":"closed","template":"full-width-page.php","meta":{"footnotes":""},"class_list":["post-3037","page","type-page","status-publish","hentry"],"_links":{"self":[{"href":"https:\/\/rodriguezgallery.com\/pl\/wp-json\/wp\/v2\/pages\/3037","targetHints":{"allow":["GET"]}}],"collection":[{"href":"https:\/\/rodriguezgallery.com\/pl\/wp-json\/wp\/v2\/pages"}],"about":[{"href":"https:\/\/rodriguezgallery.com\/pl\/wp-json\/wp\/v2\/types\/page"}],"author":[{"embeddable":true,"href":"https:\/\/rodriguezgallery.com\/pl\/wp-json\/wp\/v2\/users\/1"}],"replies":[{"embeddable":true,"href":"https:\/\/rodriguezgallery.com\/pl\/wp-json\/wp\/v2\/comments?post=3037"}],"version-history":[{"count":1,"href":"https:\/\/rodriguezgallery.com\/pl\/wp-json\/wp\/v2\/pages\/3037\/revisions"}],"predecessor-version":[{"id":5334,"href":"https:\/\/rodriguezgallery.com\/pl\/wp-json\/wp\/v2\/pages\/3037\/revisions\/5334"}],"wp:attachment":[{"href":"https:\/\/rodriguezgallery.com\/pl\/wp-json\/wp\/v2\/media?parent=3037"}],"curies":[{"name":"wp","href":"https:\/\/api.w.org\/{rel}","templated":true}]}}