{"id":3226,"date":"2017-12-26T19:43:36","date_gmt":"2017-12-26T17:43:36","guid":{"rendered":"http:\/\/rodriguezgallery.com\/?page_id=3226"},"modified":"2017-12-26T19:49:13","modified_gmt":"2017-12-26T17:49:13","slug":"warsztaty-marzec-listopad","status":"publish","type":"page","link":"https:\/\/rodriguezgallery.com\/pl\/warsztaty-marzec-listopad\/","title":{"rendered":"(English) Warsztaty Marzec &#8211; Listopad"},"content":{"rendered":"<div id=\"pl-3226\"  class=\"panel-layout\" ><div id=\"pg-3226-0\"  class=\"panel-grid panel-no-style\" ><div id=\"pgc-3226-0-0\"  class=\"panel-grid-cell\" ><div id=\"panel-3226-0-0-0\" class=\"so-panel widget widget_black-studio-tinymce widget_black_studio_tinymce panel-first-child panel-last-child\" data-index=\"0\" ><div class=\"textwidget\"><h6><span class=\"\" style=\"display:block;clear:both;height: 0px;padding-top: 20px;border-top-width:0px;border-bottom-width:0px;\"><\/span><\/h6>\n<div>\n<div class=\"_1t_p clearfix\">\n<div class=\"_41ud\">\n<div class=\"clearfix _o46 _3erg _29_7 direction_ltr text_align_ltr\">\n<div id=\"js_21j\" class=\"_3058 _ui9 _hh7 _s1- _52mr _3oh-\" data-tooltip-content=\"11:11\" data-hover=\"tooltip\" data-tooltip-position=\"left\">\n<h6><span class=\"_3oh- _58nk\">\"Pierwsze spotkanie ze sztuk\u0105 wsp\u00f3\u0142czesn\u0105\" to warsztaty, kt\u00f3re odby\u0142y si\u0119 w trakcie wystaw: Diany Lelonek, Disrupt oraz Franciszka Or\u0142owskiego. Celem warsztat\u00f3w jest podniesienie poziomu wiedzy na temat sztuki wsp\u00f3\u0142czesnej w\u015br\u00f3d dzieci, wzrost bezpo\u015bredniego ich kontaktu ze sztuk\u0105 oraz rozumienia i otwarto\u015bci w stosunku do sztuki wsp\u00f3\u0142czesnej.<\/span><\/h6>\n<h6>Projekt dofinansowany ze \u015brodk\u00f3w bud\u017cetu Miasta Poznania<\/h6>\n<h6><a href=\"https:\/\/rodriguezgallery.com\/wp-content\/uploads\/2017\/12\/Scenariusze-warsztat\u00f3w.pdf\" target=\"_blank\" rel=\"noopener\">Scenariusz warsztat\u00f3w<\/a><\/h6>\n<p><img loading=\"lazy\" decoding=\"async\" class=\" wp-image-2924 alignleft\" src=\"https:\/\/rodriguezgallery.com\/wp-content\/uploads\/2017\/10\/LOGO_POZNAN_PL_RGB_bz-300x103.jpg\" alt=\"\" width=\"201\" height=\"69\" srcset=\"https:\/\/rodriguezgallery.com\/wp-content\/uploads\/2017\/10\/LOGO_POZNAN_PL_RGB_bz-300x103.jpg 300w, https:\/\/rodriguezgallery.com\/wp-content\/uploads\/2017\/10\/LOGO_POZNAN_PL_RGB_bz-768x264.jpg 768w, https:\/\/rodriguezgallery.com\/wp-content\/uploads\/2017\/10\/LOGO_POZNAN_PL_RGB_bz-1024x352.jpg 1024w\" sizes=\"auto, (max-width: 201px) 100vw, 201px\" \/><\/p>\n<\/div>\n<\/div>\n<\/div>\n<\/div>\n<\/div>\n<div>\n<div class=\"_1t_p clearfix\">\n<div class=\"_1t_q\">\n<div class=\"_4ldz _1t_r\" data-tooltip-content=\"Agata Rodr\u00edguez\" data-hover=\"tooltip\" data-tooltip-position=\"left\">\u00a0<\/div>\n<\/div>\n<div class=\"_41ud\">\n<div class=\"clearfix _o46 _3erg _29_7 direction_ltr text_align_ltr _ylc\">\n<div class=\"_3058 _15gf\">\n<div id=\"js_65\" class=\"_3zvs _5z-5\" data-tooltip-content=\"11:14\" data-hover=\"tooltip\" data-tooltip-position=\"left\">\n<div class=\"_2poz _52mr _ui9 _2n8h _2n8i _5fk1\" tabindex=\"0\">\n<div class=\"_4tsk _52mr\" role=\"presentation\" data-testid=\"0\">\n<div class=\"\">\u00a0<\/div>\n<\/div>\n<\/div>\n<div class=\"_4kf7 preview\">\n<div class=\"_aou\" tabindex=\"0\" role=\"button\">\u00a0<\/div>\n<div class=\"_aou _aov\">\u00a0<\/div>\n<\/div>\n<\/div>\n<\/div>\n<\/div>\n<\/div>\n<\/div>\n<\/div>\n<\/div><\/div><\/div><div id=\"pgc-3226-0-1\"  class=\"panel-grid-cell\" ><div id=\"panel-3226-0-1-0\" class=\"so-panel widget widget_black-studio-tinymce widget_black_studio_tinymce panel-first-child panel-last-child\" data-index=\"1\" ><div class=\"textwidget\"><p><span class=\"\" style=\"display:block;clear:both;height: 0px;padding-top: 20px;border-top-width:0px;border-bottom-width:0px;\"><\/span><\/p>\n<p><img loading=\"lazy\" decoding=\"async\" class=\"aligncenter wp-image-3232 size-large\" src=\"https:\/\/rodriguezgallery.com\/wp-content\/uploads\/2017\/12\/26102091_10156950133103136_729317068_o-1024x768.jpg\" alt=\"\" width=\"700\" height=\"525\" srcset=\"https:\/\/rodriguezgallery.com\/wp-content\/uploads\/2017\/12\/26102091_10156950133103136_729317068_o.jpg 1024w, https:\/\/rodriguezgallery.com\/wp-content\/uploads\/2017\/12\/26102091_10156950133103136_729317068_o-300x225.jpg 300w, https:\/\/rodriguezgallery.com\/wp-content\/uploads\/2017\/12\/26102091_10156950133103136_729317068_o-768x576.jpg 768w\" sizes=\"auto, (max-width: 700px) 100vw, 700px\" \/><\/p>\n<\/div><\/div><\/div><\/div><\/div>","protected":false},"excerpt":{"rendered":"<p>&#8222;Pierwsze spotkanie ze sztuk\u0105 wsp\u00f3\u0142czesn\u0105&#8221; to warsztaty, kt\u00f3re odby\u0142y si\u0119 w trakcie wystaw: Diany Lelonek, Disrupt oraz Franciszka Or\u0142owskiego. Celem warsztat\u00f3w jest podniesienie poziomu wiedzy na temat sztuki wsp\u00f3\u0142czesnej w\u015br\u00f3d <a class=\"moretag\" href=\"https:\/\/rodriguezgallery.com\/pl\/warsztaty-marzec-listopad\/\">Read More &#8230;<\/a><\/p>\n","protected":false},"author":1,"featured_media":0,"parent":0,"menu_order":0,"comment_status":"closed","ping_status":"closed","template":"full-width-page.php","meta":{"footnotes":""},"class_list":["post-3226","page","type-page","status-publish","hentry"],"_links":{"self":[{"href":"https:\/\/rodriguezgallery.com\/pl\/wp-json\/wp\/v2\/pages\/3226","targetHints":{"allow":["GET"]}}],"collection":[{"href":"https:\/\/rodriguezgallery.com\/pl\/wp-json\/wp\/v2\/pages"}],"about":[{"href":"https:\/\/rodriguezgallery.com\/pl\/wp-json\/wp\/v2\/types\/page"}],"author":[{"embeddable":true,"href":"https:\/\/rodriguezgallery.com\/pl\/wp-json\/wp\/v2\/users\/1"}],"replies":[{"embeddable":true,"href":"https:\/\/rodriguezgallery.com\/pl\/wp-json\/wp\/v2\/comments?post=3226"}],"version-history":[{"count":1,"href":"https:\/\/rodriguezgallery.com\/pl\/wp-json\/wp\/v2\/pages\/3226\/revisions"}],"predecessor-version":[{"id":3237,"href":"https:\/\/rodriguezgallery.com\/pl\/wp-json\/wp\/v2\/pages\/3226\/revisions\/3237"}],"wp:attachment":[{"href":"https:\/\/rodriguezgallery.com\/pl\/wp-json\/wp\/v2\/media?parent=3226"}],"curies":[{"name":"wp","href":"https:\/\/api.w.org\/{rel}","templated":true}]}}