{"id":3248,"date":"2018-01-09T18:25:13","date_gmt":"2018-01-09T16:25:13","guid":{"rendered":"http:\/\/rodriguezgallery.com\/?page_id=3248"},"modified":"2018-01-09T18:30:49","modified_gmt":"2018-01-09T16:30:49","slug":"warsztaty-20-03-15-12-2017","status":"publish","type":"page","link":"https:\/\/rodriguezgallery.com\/pl\/warsztaty-20-03-15-12-2017\/","title":{"rendered":"(English) Warsztaty 20.03-15.12.2017"},"content":{"rendered":"<div id=\"pl-3248\"  class=\"panel-layout\" ><div id=\"pg-3248-0\"  class=\"panel-grid panel-no-style\" ><div id=\"pgc-3248-0-0\"  class=\"panel-grid-cell\" ><div id=\"panel-3248-0-0-0\" class=\"so-panel widget widget_black-studio-tinymce widget_black_studio_tinymce panel-first-child panel-last-child\" data-index=\"0\" ><div class=\"textwidget\"><h6><span class=\"\" style=\"display:block;clear:both;height: 0px;padding-top: 30px;border-top-width:0px;border-bottom-width:0px;\"><\/span><\/h6>\n<h6>\"Pierwsze spotkanie ze sztuk\u0105 wsp\u00f3\u0142czesn\u0105\" to warsztaty, kt\u00f3re odby\u0142y si\u0119 w trakcie wystaw: Diany Lelonek, Disrupt oraz Franciszka Or\u0142owskiego. Celem warsztat\u00f3w jest podniesienie poziomu wiedzy na temat sztuki wsp\u00f3\u0142czesnej w\u015br\u00f3d dzieci ucz\u0105cych si\u0119 poza Poznaniem, wzrost bezpo\u015bredniego ich kontaktu ze sztuk\u0105 oraz rozumienia i otwarto\u015bci w stosunku do sztuki wsp\u00f3\u0142czesnej.<\/h6>\n<h6>Projekt dofinansowany ze \u015brodk\u00f3w Samorz\u0105du Wojew\u00f3dztwa Wielkopolskiego.<\/h6>\n<h6><a href=\"https:\/\/rodriguezgallery.com\/wp-content\/uploads\/2018\/01\/SCENARIUSZ-WARSZTAT\u00d3W.pdf\" target=\"_blank\" rel=\"noopener\">Scenariusz warsztat\u00f3w<\/a><\/h6>\n<p><img loading=\"lazy\" decoding=\"async\" class=\"size-medium wp-image-3254 alignleft\" src=\"https:\/\/rodriguezgallery.com\/wp-content\/uploads\/2018\/01\/26827920_10156995613823136_398906106_o-300x94.jpg\" alt=\"\" width=\"300\" height=\"94\" srcset=\"https:\/\/rodriguezgallery.com\/wp-content\/uploads\/2018\/01\/26827920_10156995613823136_398906106_o-300x94.jpg 300w, https:\/\/rodriguezgallery.com\/wp-content\/uploads\/2018\/01\/26827920_10156995613823136_398906106_o-768x240.jpg 768w, https:\/\/rodriguezgallery.com\/wp-content\/uploads\/2018\/01\/26827920_10156995613823136_398906106_o-1024x319.jpg 1024w, https:\/\/rodriguezgallery.com\/wp-content\/uploads\/2018\/01\/26827920_10156995613823136_398906106_o.jpg 1404w\" sizes=\"auto, (max-width: 300px) 100vw, 300px\" \/><\/p>\n<\/div><\/div><\/div><div id=\"pgc-3248-0-1\"  class=\"panel-grid-cell\" ><div id=\"panel-3248-0-1-0\" class=\"so-panel widget widget_black-studio-tinymce widget_black_studio_tinymce panel-first-child panel-last-child\" data-index=\"1\" ><div class=\"textwidget\"><p><span class=\"\" style=\"display:block;clear:both;height: 0px;padding-top: 30px;border-top-width:0px;border-bottom-width:0px;\"><\/span><br \/><img loading=\"lazy\" decoding=\"async\" class=\"aligncenter wp-image-3249 size-large\" src=\"https:\/\/rodriguezgallery.com\/wp-content\/uploads\/2018\/01\/26828213_10156995631578136_895480092_o-1024x768.jpg\" alt=\"\" width=\"700\" height=\"525\" srcset=\"https:\/\/rodriguezgallery.com\/wp-content\/uploads\/2018\/01\/26828213_10156995631578136_895480092_o.jpg 1024w, https:\/\/rodriguezgallery.com\/wp-content\/uploads\/2018\/01\/26828213_10156995631578136_895480092_o-300x225.jpg 300w, https:\/\/rodriguezgallery.com\/wp-content\/uploads\/2018\/01\/26828213_10156995631578136_895480092_o-768x576.jpg 768w\" sizes=\"auto, (max-width: 700px) 100vw, 700px\" \/><\/p>\n<\/div><\/div><\/div><\/div><\/div>","protected":false},"excerpt":{"rendered":"<p>&#8222;Pierwsze spotkanie ze sztuk\u0105 wsp\u00f3\u0142czesn\u0105&#8221; to warsztaty, kt\u00f3re odby\u0142y si\u0119 w trakcie wystaw: Diany Lelonek, Disrupt oraz Franciszka Or\u0142owskiego. Celem warsztat\u00f3w jest podniesienie poziomu wiedzy na temat sztuki wsp\u00f3\u0142czesnej w\u015br\u00f3d <a class=\"moretag\" href=\"https:\/\/rodriguezgallery.com\/pl\/warsztaty-20-03-15-12-2017\/\">Read More &#8230;<\/a><\/p>\n","protected":false},"author":1,"featured_media":0,"parent":0,"menu_order":0,"comment_status":"closed","ping_status":"closed","template":"full-width-page.php","meta":{"footnotes":""},"class_list":["post-3248","page","type-page","status-publish","hentry"],"_links":{"self":[{"href":"https:\/\/rodriguezgallery.com\/pl\/wp-json\/wp\/v2\/pages\/3248","targetHints":{"allow":["GET"]}}],"collection":[{"href":"https:\/\/rodriguezgallery.com\/pl\/wp-json\/wp\/v2\/pages"}],"about":[{"href":"https:\/\/rodriguezgallery.com\/pl\/wp-json\/wp\/v2\/types\/page"}],"author":[{"embeddable":true,"href":"https:\/\/rodriguezgallery.com\/pl\/wp-json\/wp\/v2\/users\/1"}],"replies":[{"embeddable":true,"href":"https:\/\/rodriguezgallery.com\/pl\/wp-json\/wp\/v2\/comments?post=3248"}],"version-history":[{"count":1,"href":"https:\/\/rodriguezgallery.com\/pl\/wp-json\/wp\/v2\/pages\/3248\/revisions"}],"predecessor-version":[{"id":3256,"href":"https:\/\/rodriguezgallery.com\/pl\/wp-json\/wp\/v2\/pages\/3248\/revisions\/3256"}],"wp:attachment":[{"href":"https:\/\/rodriguezgallery.com\/pl\/wp-json\/wp\/v2\/media?parent=3248"}],"curies":[{"name":"wp","href":"https:\/\/api.w.org\/{rel}","templated":true}]}}