{"id":3436,"date":"2018-03-16T13:54:57","date_gmt":"2018-03-16T11:54:57","guid":{"rendered":"http:\/\/rodriguezgallery.com\/?page_id=3436"},"modified":"2018-08-23T12:41:11","modified_gmt":"2018-08-23T10:41:11","slug":"12-canciones-concretas","status":"publish","type":"page","link":"https:\/\/rodriguezgallery.com\/pl\/12-canciones-concretas\/","title":{"rendered":"(English) 12 canciones concretas"},"content":{"rendered":"<div id=\"pl-3436\"  class=\"panel-layout\" ><div id=\"pg-3436-0\"  class=\"panel-grid panel-no-style\" ><div id=\"pgc-3436-0-0\"  class=\"panel-grid-cell\" ><div id=\"panel-3436-0-0-0\" class=\"so-panel widget widget_black-studio-tinymce widget_black_studio_tinymce panel-first-child panel-last-child\" data-index=\"0\" ><div class=\"textwidget\"><h6><span class=\"\" style=\"display:block;clear:both;height: 0px;padding-top: 20px;border-top-width:0px;border-bottom-width:0px;\"><\/span><\/h6>\n<h6><strong>Gonzalo Elvira<\/strong><br \/>\n<em><strong>12 Concrete Songs. Vol. II<\/strong><\/em><br \/>\n16.03 - 21.04.2018<\/h6>\n<h6>Punktem wyj\u015bcia projektu 12 Concrete Songs jest pomnik upami\u0119tniaj\u0105cy robotnik\u00f3w poleg\u0142ych w 1920 roku w Weimarze autorstwa Waltera Gropiusa, za\u0142o\u017cyciela Szko\u0142y Bauhaus, zniszczony przez nazist\u00f3w i zrekonstruowany tu\u017c po wojnie.<\/h6>\n<h6>Gonzalo Elvira dekonstruuje obiekt, na bazie kt\u00f3rego pr\u00f3buje tworzy\u0107 sw\u00f3j w\u0142asny, uniwersalny j\u0119zyk form, pozostaj\u0105cy w zgodzie z za\u0142o\u017ceniami Bauhausu. W tym interdyscyplinarnym projekcie, obejmuj\u0105cym sztuk\u0119 wizualn\u0105, architektur\u0119 i muzyk\u0119, artysta szuka pomostu pomi\u0119dzy r\u00f3\u017cnymi dziedzinami sztuki, odnajduj\u0105c ich wzajemne odniesienia i relacje.<\/h6>\n<h6>Dekonstruuj\u0105c pomnik od strony formalnej Elvira tworzy tak\u017ce nowe jako\u015bci znaczeniowe i poprzez g\u0142\u0119bokie zakorzenienie w historii zach\u0119ca do dialogu ze wsp\u00f3\u0142czesno\u015bci\u0105.<\/h6>\n<h6><\/h6>\n<h6>Pobierz pe\u0142na dokumentacj\u0119 wystawy tutaj:<br \/>\n<a href=\"https:\/\/rodriguezgallery.com\/wp-content\/uploads\/2018\/08\/Gonzalo-Elvira-12-Concrete-Songs.-Vol.-II-dossier-PL.pdf\" target=\"_blank\" rel=\"noopener\"><em>12 Concrete Songs Vol. II<\/em> PL<\/a><br \/>\n<\/h6>\n<h6>Projekt dofinansowany z bud\u017cetu Miasta Poznania oraz Institut Ramon Llull.<\/h6>\n<p><img loading=\"lazy\" decoding=\"async\" class=\"wp-image-2924 alignleft\" src=\"https:\/\/rodriguezgallery.com\/wp-content\/uploads\/2017\/10\/LOGO_POZNAN_PL_RGB_bz-300x103.jpg\" alt=\"\" width=\"114\" height=\"39\" srcset=\"https:\/\/rodriguezgallery.com\/wp-content\/uploads\/2017\/10\/LOGO_POZNAN_PL_RGB_bz-300x103.jpg 300w, https:\/\/rodriguezgallery.com\/wp-content\/uploads\/2017\/10\/LOGO_POZNAN_PL_RGB_bz-768x264.jpg 768w, https:\/\/rodriguezgallery.com\/wp-content\/uploads\/2017\/10\/LOGO_POZNAN_PL_RGB_bz-1024x352.jpg 1024w\" sizes=\"auto, (max-width: 114px) 100vw, 114px\" \/>\u00a0 \u00a0\u00a0<img loading=\"lazy\" decoding=\"async\" class=\"wp-image-3484 alignleft\" src=\"https:\/\/rodriguezgallery.com\/wp-content\/uploads\/2018\/03\/logo_irl_polones_negre-300x97.jpg\" alt=\"\" width=\"114\" height=\"37\" srcset=\"https:\/\/rodriguezgallery.com\/wp-content\/uploads\/2018\/03\/logo_irl_polones_negre-300x97.jpg 300w, https:\/\/rodriguezgallery.com\/wp-content\/uploads\/2018\/03\/logo_irl_polones_negre-768x248.jpg 768w, https:\/\/rodriguezgallery.com\/wp-content\/uploads\/2018\/03\/logo_irl_polones_negre.jpg 1009w\" sizes=\"auto, (max-width: 114px) 100vw, 114px\" \/><\/p>\n<\/div><\/div><\/div><div id=\"pgc-3436-0-1\"  class=\"panel-grid-cell\" ><div id=\"panel-3436-0-1-0\" class=\"so-panel widget widget_black-studio-tinymce widget_black_studio_tinymce panel-first-child panel-last-child\" data-index=\"1\" ><div class=\"textwidget\"><p><span class=\"\" style=\"display:block;clear:both;height: 0px;padding-top: 20px;border-top-width:0px;border-bottom-width:0px;\"><\/span><\/p>\n<p><div id='gallery-1' class='gallery galleryid-3436 gallery-columns-3 gallery-size-thumbnail'><figure class='gallery-item'>\n\t\t\t<div class='gallery-icon landscape'>\n\t\t\t\t<a href='https:\/\/rodriguezgallery.com\/pl\/12-canciones-concretas\/tszabelski_dokumentacja_gonzalo_elvira_09_male\/'><img loading=\"lazy\" decoding=\"async\" width=\"150\" height=\"150\" src=\"https:\/\/rodriguezgallery.com\/wp-content\/uploads\/2018\/03\/tszabelski_dokumentacja_Gonzalo_Elvira_09_ma\u0142e-150x150.jpg\" class=\"attachment-thumbnail size-thumbnail\" alt=\"\" \/><\/a>\n\t\t\t<\/div><\/figure><figure class='gallery-item'>\n\t\t\t<div class='gallery-icon landscape'>\n\t\t\t\t<a href='https:\/\/rodriguezgallery.com\/pl\/12-canciones-concretas\/tszabelski_dokumentacja_gonzalo_elvira_13_male\/'><img loading=\"lazy\" decoding=\"async\" width=\"150\" height=\"150\" src=\"https:\/\/rodriguezgallery.com\/wp-content\/uploads\/2018\/03\/tszabelski_dokumentacja_Gonzalo_Elvira_13_ma\u0142e-150x150.jpg\" class=\"attachment-thumbnail size-thumbnail\" alt=\"\" \/><\/a>\n\t\t\t<\/div><\/figure><figure class='gallery-item'>\n\t\t\t<div class='gallery-icon portrait'>\n\t\t\t\t<a href='https:\/\/rodriguezgallery.com\/pl\/12-canciones-concretas\/tszabelski_dokumentacja_gonzalo_elvira_03_male\/'><img loading=\"lazy\" decoding=\"async\" width=\"150\" height=\"150\" src=\"https:\/\/rodriguezgallery.com\/wp-content\/uploads\/2018\/03\/tszabelski_dokumentacja_Gonzalo_Elvira_03_ma\u0142e-150x150.jpg\" class=\"attachment-thumbnail size-thumbnail\" alt=\"\" \/><\/a>\n\t\t\t<\/div><\/figure><figure class='gallery-item'>\n\t\t\t<div class='gallery-icon landscape'>\n\t\t\t\t<a href='https:\/\/rodriguezgallery.com\/pl\/12-canciones-concretas\/tszabelski_dokumentacja_gonzalo_elvira_14_male\/'><img loading=\"lazy\" decoding=\"async\" width=\"150\" height=\"150\" src=\"https:\/\/rodriguezgallery.com\/wp-content\/uploads\/2018\/03\/tszabelski_dokumentacja_Gonzalo_Elvira_14_ma\u0142e-150x150.jpg\" class=\"attachment-thumbnail size-thumbnail\" alt=\"\" \/><\/a>\n\t\t\t<\/div><\/figure><figure class='gallery-item'>\n\t\t\t<div class='gallery-icon landscape'>\n\t\t\t\t<a href='https:\/\/rodriguezgallery.com\/pl\/12-canciones-concretas\/tszabelski_dokumentacja_gonzalo_elvira_02_male\/'><img loading=\"lazy\" decoding=\"async\" width=\"150\" height=\"150\" src=\"https:\/\/rodriguezgallery.com\/wp-content\/uploads\/2018\/03\/tszabelski_dokumentacja_Gonzalo_Elvira_02_ma\u0142e-150x150.jpg\" class=\"attachment-thumbnail size-thumbnail\" alt=\"\" \/><\/a>\n\t\t\t<\/div><\/figure><figure class='gallery-item'>\n\t\t\t<div class='gallery-icon landscape'>\n\t\t\t\t<a href='https:\/\/rodriguezgallery.com\/pl\/12-canciones-concretas\/tszabelski_dokumentacja_gonzalo_elvira_08_male\/'><img loading=\"lazy\" decoding=\"async\" width=\"150\" height=\"150\" src=\"https:\/\/rodriguezgallery.com\/wp-content\/uploads\/2018\/03\/tszabelski_dokumentacja_Gonzalo_Elvira_08_ma\u0142e-150x150.jpg\" class=\"attachment-thumbnail size-thumbnail\" alt=\"\" \/><\/a>\n\t\t\t<\/div><\/figure><figure class='gallery-item'>\n\t\t\t<div class='gallery-icon landscape'>\n\t\t\t\t<a href='https:\/\/rodriguezgallery.com\/pl\/12-canciones-concretas\/tszabelski_dokumentacja_gonzalo_elvira_12_male\/'><img loading=\"lazy\" decoding=\"async\" width=\"150\" height=\"150\" src=\"https:\/\/rodriguezgallery.com\/wp-content\/uploads\/2018\/03\/tszabelski_dokumentacja_Gonzalo_Elvira_12_ma\u0142e-150x150.jpg\" class=\"attachment-thumbnail size-thumbnail\" alt=\"\" \/><\/a>\n\t\t\t<\/div><\/figure><figure class='gallery-item'>\n\t\t\t<div class='gallery-icon landscape'>\n\t\t\t\t<a href='https:\/\/rodriguezgallery.com\/pl\/12-canciones-concretas\/tszabelski_dokumentacja_gonzalo_elvira_05_male\/'><img loading=\"lazy\" decoding=\"async\" width=\"150\" height=\"150\" src=\"https:\/\/rodriguezgallery.com\/wp-content\/uploads\/2018\/03\/tszabelski_dokumentacja_Gonzalo_Elvira_05_ma\u0142e-150x150.jpg\" class=\"attachment-thumbnail size-thumbnail\" alt=\"\" \/><\/a>\n\t\t\t<\/div><\/figure><figure class='gallery-item'>\n\t\t\t<div class='gallery-icon landscape'>\n\t\t\t\t<a href='https:\/\/rodriguezgallery.com\/pl\/12-canciones-concretas\/tszabelski_dokumentacja_gonzalo_elvira_06_male\/'><img loading=\"lazy\" decoding=\"async\" width=\"150\" height=\"150\" src=\"https:\/\/rodriguezgallery.com\/wp-content\/uploads\/2018\/03\/tszabelski_dokumentacja_Gonzalo_Elvira_06_ma\u0142e-150x150.jpg\" class=\"attachment-thumbnail size-thumbnail\" alt=\"\" \/><\/a>\n\t\t\t<\/div><\/figure><figure class='gallery-item'>\n\t\t\t<div class='gallery-icon portrait'>\n\t\t\t\t<a href='https:\/\/rodriguezgallery.com\/pl\/12-canciones-concretas\/tszabelski_dokumentacja_gonzalo_elvira_04_male\/'><img loading=\"lazy\" decoding=\"async\" width=\"150\" height=\"150\" src=\"https:\/\/rodriguezgallery.com\/wp-content\/uploads\/2018\/03\/tszabelski_dokumentacja_Gonzalo_Elvira_04_ma\u0142e-150x150.jpg\" class=\"attachment-thumbnail size-thumbnail\" alt=\"\" \/><\/a>\n\t\t\t<\/div><\/figure><figure class='gallery-item'>\n\t\t\t<div class='gallery-icon landscape'>\n\t\t\t\t<a href='https:\/\/rodriguezgallery.com\/pl\/home-page\/gonzalo-elvira-wmmd-baja-2017-tinta-sobre-mapa-34-x-49-cm-1500e\/'><img loading=\"lazy\" decoding=\"async\" width=\"150\" height=\"150\" src=\"https:\/\/rodriguezgallery.com\/wp-content\/uploads\/2018\/03\/Gonzalo-Elvira.WMMD-baja.-2017.-Tinta-sobre-mapa.-34-x-49-cm.-1500\u20ac--150x150.jpg\" class=\"attachment-thumbnail size-thumbnail\" alt=\"\" \/><\/a>\n\t\t\t<\/div><\/figure><figure class='gallery-item'>\n\t\t\t<div class='gallery-icon portrait'>\n\t\t\t\t<a href='https:\/\/rodriguezgallery.com\/pl\/12-canciones-concretas\/gonzalo-elvira-vd-2016-tinta-sobre-papel-70-x-50-cm\/'><img loading=\"lazy\" decoding=\"async\" width=\"150\" height=\"150\" src=\"https:\/\/rodriguezgallery.com\/wp-content\/uploads\/2018\/04\/Gonzalo-Elvira.-VD.-2016.-Tinta-sobre-papel.-70-x-50-cm-150x150.jpg\" class=\"attachment-thumbnail size-thumbnail\" alt=\"\" \/><\/a>\n\t\t\t<\/div><\/figure><figure class='gallery-item'>\n\t\t\t<div class='gallery-icon portrait'>\n\t\t\t\t<a href='https:\/\/rodriguezgallery.com\/pl\/12-canciones-concretas\/w-g-2016-tinta-china-sobre-papel-70-x-50-cm-2000e\/'><img loading=\"lazy\" decoding=\"async\" width=\"150\" height=\"150\" src=\"https:\/\/rodriguezgallery.com\/wp-content\/uploads\/2018\/04\/W.G.-2016.-Tinta-china-sobre-papel.-70-x-50-cm.2000\u20ac-150x150.jpg\" class=\"attachment-thumbnail size-thumbnail\" alt=\"\" \/><\/a>\n\t\t\t<\/div><\/figure>\n\t\t<\/div>\n<\/p>\n<h6>fot. Tytus Szabelski<\/h6>\n<p>&nbsp;<\/p>\n<\/div><\/div><\/div><\/div><\/div>","protected":false},"excerpt":{"rendered":"<p>Gonzalo Elvira 12 Concrete Songs. Vol. II 16.03 &#8211; 21.04.2018 Punktem wyj\u015bcia projektu 12 Concrete Songs jest pomnik upami\u0119tniaj\u0105cy robotnik\u00f3w poleg\u0142ych w 1920 roku w Weimarze autorstwa Waltera Gropiusa, za\u0142o\u017cyciela <a class=\"moretag\" href=\"https:\/\/rodriguezgallery.com\/pl\/12-canciones-concretas\/\">Read More &#8230;<\/a><\/p>\n","protected":false},"author":1,"featured_media":0,"parent":0,"menu_order":0,"comment_status":"closed","ping_status":"closed","template":"full-width-page.php","meta":{"footnotes":""},"class_list":["post-3436","page","type-page","status-publish","hentry"],"_links":{"self":[{"href":"https:\/\/rodriguezgallery.com\/pl\/wp-json\/wp\/v2\/pages\/3436","targetHints":{"allow":["GET"]}}],"collection":[{"href":"https:\/\/rodriguezgallery.com\/pl\/wp-json\/wp\/v2\/pages"}],"about":[{"href":"https:\/\/rodriguezgallery.com\/pl\/wp-json\/wp\/v2\/types\/page"}],"author":[{"embeddable":true,"href":"https:\/\/rodriguezgallery.com\/pl\/wp-json\/wp\/v2\/users\/1"}],"replies":[{"embeddable":true,"href":"https:\/\/rodriguezgallery.com\/pl\/wp-json\/wp\/v2\/comments?post=3436"}],"version-history":[{"count":1,"href":"https:\/\/rodriguezgallery.com\/pl\/wp-json\/wp\/v2\/pages\/3436\/revisions"}],"predecessor-version":[{"id":3777,"href":"https:\/\/rodriguezgallery.com\/pl\/wp-json\/wp\/v2\/pages\/3436\/revisions\/3777"}],"wp:attachment":[{"href":"https:\/\/rodriguezgallery.com\/pl\/wp-json\/wp\/v2\/media?parent=3436"}],"curies":[{"name":"wp","href":"https:\/\/api.w.org\/{rel}","templated":true}]}}