{"id":3594,"date":"2018-05-10T09:32:06","date_gmt":"2018-05-10T07:32:06","guid":{"rendered":"http:\/\/rodriguezgallery.com\/?page_id=3594"},"modified":"2022-06-17T11:45:43","modified_gmt":"2022-06-17T09:45:43","slug":"horizons","status":"publish","type":"page","link":"https:\/\/rodriguezgallery.com\/pl\/horizons\/","title":{"rendered":"(English) Horizons"},"content":{"rendered":"<div id=\"pl-3594\"  class=\"panel-layout\" ><div id=\"pg-3594-0\"  class=\"panel-grid panel-no-style\" ><div id=\"pgc-3594-0-0\"  class=\"panel-grid-cell\" ><div id=\"panel-3594-0-0-0\" class=\"so-panel widget widget_black-studio-tinymce widget_black_studio_tinymce panel-first-child panel-last-child\" data-index=\"0\" ><div class=\"textwidget\"><p><span class=\"\" style=\"display:block;clear:both;height: 0px;padding-top: 20px;border-top-width:0px;border-bottom-width:0px;\"><\/span><\/p>\n<h6><em><strong>Gabinet Prawdziwych Horyzont\u00f3w ( How far can you see? )<\/strong><\/em><br \/>\n<strong> 11.05 - 13.06.2018<\/strong><br \/>\n<strong> kurator Stach Szab\u0142owski<\/strong><\/h6>\n<h6>Jak daleko potrafisz si\u0119gn\u0105\u0107 wzrokiem? \u2013 pyta Micha\u0142 Martychowiec w jednej z prac, kt\u00f3re sk\u0142adaj\u0105 si\u0119 na Gabinet Prawdziwych Horyzont\u00f3w w galerii Rodriguez. Kluczow\u0105 figur\u0105 dla wystawy jest widnokr\u0105g: nie tyle temat, ile w\u0142a\u015bnie jej horyzont. Czy mo\u017cna kolekcjonowa\u0107 widnokr\u0119gi? Pola widzenia? W\u015br\u00f3d prac zgromadzonych w Gabinecie wiele odnosi si\u0119 do linii i poj\u0119cia horyzontu. Inne przywo\u0142uj\u0105 figur\u0119 oka. Te dwie sprawy s\u0105 \u015bci\u015ble ze sob\u0105 zwi\u0105zane; to spojrzenie wyznacza lini\u0119 horyzontu, kt\u00f3ry jest prawdziwy, ale tylko z punktu widzenia patrz\u0105cego. Gabinet Prawdziwych Horyzont\u00f3w jest zatem wystaw\u0105 o patrzeniu, o tym ile jeste\u015bmy w stanie zobaczy\u0107 i jak daleko si\u0119gn\u0105\u0107 wzrokiem.<br \/>\nEfemeryczna kolekcja prac, kt\u00f3re na czas wystawy wype\u0142niaj\u0105 Gabinet Prawdziwych Horyzont\u00f3w, dostarcza materia\u0142u do studi\u00f3w nad rolami, jakie sztuka mo\u017ce odgrywa\u0107 w okre\u015bleniu naszego pola widzenia. Czy dzie\u0142a sztuki nie s\u0105 horyzontami wyznaczaj\u0105cymi granic\u0119 pola widzenia? Czy znaczenie pracy kryje si\u0119 za horyzontem jej wizualno\u015bci - horyzontem, kt\u00f3ry trzeba przenikn\u0105\u0107, aby zrozumie\u0107, co si\u0119 widzi?<br \/>\nZa spraw\u0105 technologii jeste\u015bmy niemal wszechwidz\u0105cy, ale paradoksalnie nasze pole widzenia si\u0119 zaw\u0119\u017ca; \u015bwiat jest widoczny jak nigdy dot\u0105d, ale i coraz bardziej nieprzejrzysty. Sztuka odpowiada nieprzejrzysto\u015bci\u0105 innego rodzaju \u2013 tak\u0105, kt\u00f3ra wci\u0105ga widza w si\u0119ganie wzorkiem poza horyzont tego, co jest nam pokazywane.<\/h6>\n<h6>Stach Szab\u0142owski<\/h6>\n<h6>Dalila Gon\u00e7alves<br \/>\nAgnieszka Grodzi\u0144ska<br \/>\nKornel Janczy<br \/>\nJimena Kato<br \/>\nMichal Martychowiec<br \/>\nFranciszek Or\u0142owski<br \/>\nWitek Orski<br \/>\nMaya Saravia<br \/>\n<\/h6>\n<h6>Pobierz pe\u0142na dokumentacj\u0119 wystawy tutaj:<br \/>\n<a href=\"https:\/\/rodriguezgallery.com\/wp-content\/uploads\/2018\/08\/Gabinet-Prawdziwych-Horyzont\u00f3w-How-far-can-you-see.pdf\" target=\"_blank\" rel=\"noopener\"><em>Gabinet Prawdziwych Horyzont\u00f3w<\/em> PL<\/a><br \/>\n<\/h6>\n<p>Projekt dofinansowane z bud\u017cetu Miasta Poznania<\/p>\n<\/div><\/div><\/div><div id=\"pgc-3594-0-1\"  class=\"panel-grid-cell\" ><div id=\"panel-3594-0-1-0\" class=\"so-panel widget widget_black-studio-tinymce widget_black_studio_tinymce panel-first-child panel-last-child\" data-index=\"1\" ><div class=\"textwidget\"><p><span class=\"\" style=\"display:block;clear:both;height: 0px;padding-top: 20px;border-top-width:0px;border-bottom-width:0px;\"><\/span><\/p>\n<p><div id='gallery-1' class='gallery galleryid-3594 gallery-columns-3 gallery-size-thumbnail'><figure class='gallery-item'>\n\t\t\t<div class='gallery-icon landscape'>\n\t\t\t\t<a href='https:\/\/rodriguezgallery.com\/pl\/horizons\/gabinet_horyzontow_tszabelski_male_10-2\/'><img loading=\"lazy\" decoding=\"async\" width=\"150\" height=\"150\" src=\"https:\/\/rodriguezgallery.com\/wp-content\/uploads\/2018\/05\/gabinet_horyzont\u00f3w_tszabelski_ma\u0142e_10-1-150x150.jpg\" class=\"attachment-thumbnail size-thumbnail\" alt=\"\" \/><\/a>\n\t\t\t<\/div><\/figure><figure class='gallery-item'>\n\t\t\t<div class='gallery-icon landscape'>\n\t\t\t\t<a href='https:\/\/rodriguezgallery.com\/pl\/horizons\/gabinet_horyzontow_tszabelski_male_09\/'><img loading=\"lazy\" decoding=\"async\" width=\"150\" height=\"150\" src=\"https:\/\/rodriguezgallery.com\/wp-content\/uploads\/2018\/05\/gabinet_horyzont\u00f3w_tszabelski_ma\u0142e_09-150x150.jpg\" class=\"attachment-thumbnail size-thumbnail\" alt=\"\" \/><\/a>\n\t\t\t<\/div><\/figure><figure class='gallery-item'>\n\t\t\t<div class='gallery-icon landscape'>\n\t\t\t\t<a href='https:\/\/rodriguezgallery.com\/pl\/horizons\/gabinet_horyzontow_tszabelski_male_11\/'><img loading=\"lazy\" decoding=\"async\" width=\"150\" height=\"150\" src=\"https:\/\/rodriguezgallery.com\/wp-content\/uploads\/2018\/05\/gabinet_horyzont\u00f3w_tszabelski_ma\u0142e_11-150x150.jpg\" class=\"attachment-thumbnail size-thumbnail\" alt=\"\" \/><\/a>\n\t\t\t<\/div><\/figure><figure class='gallery-item'>\n\t\t\t<div class='gallery-icon landscape'>\n\t\t\t\t<a href='https:\/\/rodriguezgallery.com\/pl\/horizons\/gabinet_horyzontow_tszabelski_male_08\/'><img loading=\"lazy\" decoding=\"async\" width=\"150\" height=\"150\" src=\"https:\/\/rodriguezgallery.com\/wp-content\/uploads\/2018\/05\/gabinet_horyzont\u00f3w_tszabelski_ma\u0142e_08-150x150.jpg\" class=\"attachment-thumbnail size-thumbnail\" alt=\"\" \/><\/a>\n\t\t\t<\/div><\/figure><figure class='gallery-item'>\n\t\t\t<div class='gallery-icon landscape'>\n\t\t\t\t<a href='https:\/\/rodriguezgallery.com\/pl\/horizons\/gabinet_horyzontow_tszabelski_male_04\/'><img loading=\"lazy\" decoding=\"async\" width=\"150\" height=\"150\" src=\"https:\/\/rodriguezgallery.com\/wp-content\/uploads\/2018\/05\/gabinet_horyzont\u00f3w_tszabelski_ma\u0142e_04-150x150.jpg\" class=\"attachment-thumbnail size-thumbnail\" alt=\"\" \/><\/a>\n\t\t\t<\/div><\/figure><figure class='gallery-item'>\n\t\t\t<div class='gallery-icon landscape'>\n\t\t\t\t<a href='https:\/\/rodriguezgallery.com\/pl\/horizons\/gabinet_horyzontow_tszabelski_male_12\/'><img loading=\"lazy\" decoding=\"async\" width=\"150\" height=\"150\" src=\"https:\/\/rodriguezgallery.com\/wp-content\/uploads\/2018\/05\/gabinet_horyzont\u00f3w_tszabelski_ma\u0142e_12-150x150.jpg\" class=\"attachment-thumbnail size-thumbnail\" alt=\"\" \/><\/a>\n\t\t\t<\/div><\/figure><figure class='gallery-item'>\n\t\t\t<div class='gallery-icon landscape'>\n\t\t\t\t<a href='https:\/\/rodriguezgallery.com\/pl\/horizons\/gabinet_horyzontow_tszabelski_male_03\/'><img loading=\"lazy\" decoding=\"async\" width=\"150\" height=\"150\" src=\"https:\/\/rodriguezgallery.com\/wp-content\/uploads\/2018\/05\/gabinet_horyzont\u00f3w_tszabelski_ma\u0142e_03-150x150.jpg\" class=\"attachment-thumbnail size-thumbnail\" alt=\"\" \/><\/a>\n\t\t\t<\/div><\/figure><figure class='gallery-item'>\n\t\t\t<div class='gallery-icon landscape'>\n\t\t\t\t<a href='https:\/\/rodriguezgallery.com\/pl\/horizons\/gabinet_horyzontow_tszabelski_male_13\/'><img loading=\"lazy\" decoding=\"async\" width=\"150\" height=\"150\" src=\"https:\/\/rodriguezgallery.com\/wp-content\/uploads\/2018\/05\/gabinet_horyzont\u00f3w_tszabelski_ma\u0142e_13-150x150.jpg\" class=\"attachment-thumbnail size-thumbnail\" alt=\"\" \/><\/a>\n\t\t\t<\/div><\/figure><figure class='gallery-item'>\n\t\t\t<div class='gallery-icon landscape'>\n\t\t\t\t<a href='https:\/\/rodriguezgallery.com\/pl\/horizons\/gabinet_horyzontow_tszabelski_male_02\/'><img loading=\"lazy\" decoding=\"async\" width=\"150\" height=\"150\" src=\"https:\/\/rodriguezgallery.com\/wp-content\/uploads\/2018\/05\/gabinet_horyzont\u00f3w_tszabelski_ma\u0142e_02-150x150.jpg\" class=\"attachment-thumbnail size-thumbnail\" alt=\"\" \/><\/a>\n\t\t\t<\/div><\/figure><figure class='gallery-item'>\n\t\t\t<div class='gallery-icon landscape'>\n\t\t\t\t<a href='https:\/\/rodriguezgallery.com\/pl\/horizons\/gabinet_horyzontow_tszabelski_male_07\/'><img loading=\"lazy\" decoding=\"async\" width=\"150\" height=\"150\" src=\"https:\/\/rodriguezgallery.com\/wp-content\/uploads\/2018\/05\/gabinet_horyzont\u00f3w_tszabelski_ma\u0142e_07-150x150.jpg\" class=\"attachment-thumbnail size-thumbnail\" alt=\"\" \/><\/a>\n\t\t\t<\/div><\/figure><figure class='gallery-item'>\n\t\t\t<div class='gallery-icon landscape'>\n\t\t\t\t<a href='https:\/\/rodriguezgallery.com\/pl\/horizons\/gabinet_horyzontow_tszabelski_male_01\/'><img loading=\"lazy\" decoding=\"async\" width=\"150\" height=\"150\" src=\"https:\/\/rodriguezgallery.com\/wp-content\/uploads\/2018\/05\/gabinet_horyzont\u00f3w_tszabelski_ma\u0142e_01-150x150.jpg\" class=\"attachment-thumbnail size-thumbnail\" alt=\"\" \/><\/a>\n\t\t\t<\/div><\/figure><figure class='gallery-item'>\n\t\t\t<div class='gallery-icon landscape'>\n\t\t\t\t<a href='https:\/\/rodriguezgallery.com\/pl\/horizons\/gabinet_horyzontow_tszabelski_male_05\/'><img loading=\"lazy\" decoding=\"async\" width=\"150\" height=\"150\" src=\"https:\/\/rodriguezgallery.com\/wp-content\/uploads\/2018\/05\/gabinet_horyzont\u00f3w_tszabelski_ma\u0142e_05-150x150.jpg\" class=\"attachment-thumbnail size-thumbnail\" alt=\"\" \/><\/a>\n\t\t\t<\/div><\/figure><figure class='gallery-item'>\n\t\t\t<div class='gallery-icon landscape'>\n\t\t\t\t<a href='https:\/\/rodriguezgallery.com\/pl\/horizons\/gabinet_horyzontow_tszabelski_male_06\/'><img loading=\"lazy\" decoding=\"async\" width=\"150\" height=\"150\" src=\"https:\/\/rodriguezgallery.com\/wp-content\/uploads\/2018\/05\/gabinet_horyzont\u00f3w_tszabelski_ma\u0142e_06-150x150.jpg\" class=\"attachment-thumbnail size-thumbnail\" alt=\"\" \/><\/a>\n\t\t\t<\/div><\/figure>\n\t\t<\/div>\n<\/p>\n<h6>\u00a0 \u00a0 \u00a0 fot. Tytus Szabelski<\/h6>\n<\/div><\/div><\/div><\/div><\/div>","protected":false},"excerpt":{"rendered":"<p>Gabinet Prawdziwych Horyzont\u00f3w ( How far can you see? ) 11.05 &#8211; 13.06.2018 kurator Stach Szab\u0142owski Jak daleko potrafisz si\u0119gn\u0105\u0107 wzrokiem? \u2013 pyta Micha\u0142 Martychowiec w jednej z prac, kt\u00f3re <a class=\"moretag\" href=\"https:\/\/rodriguezgallery.com\/pl\/horizons\/\">Read More &#8230;<\/a><\/p>\n","protected":false},"author":1,"featured_media":0,"parent":0,"menu_order":0,"comment_status":"closed","ping_status":"closed","template":"full-width-page.php","meta":{"footnotes":""},"class_list":["post-3594","page","type-page","status-publish","hentry"],"_links":{"self":[{"href":"https:\/\/rodriguezgallery.com\/pl\/wp-json\/wp\/v2\/pages\/3594","targetHints":{"allow":["GET"]}}],"collection":[{"href":"https:\/\/rodriguezgallery.com\/pl\/wp-json\/wp\/v2\/pages"}],"about":[{"href":"https:\/\/rodriguezgallery.com\/pl\/wp-json\/wp\/v2\/types\/page"}],"author":[{"embeddable":true,"href":"https:\/\/rodriguezgallery.com\/pl\/wp-json\/wp\/v2\/users\/1"}],"replies":[{"embeddable":true,"href":"https:\/\/rodriguezgallery.com\/pl\/wp-json\/wp\/v2\/comments?post=3594"}],"version-history":[{"count":1,"href":"https:\/\/rodriguezgallery.com\/pl\/wp-json\/wp\/v2\/pages\/3594\/revisions"}],"predecessor-version":[{"id":6331,"href":"https:\/\/rodriguezgallery.com\/pl\/wp-json\/wp\/v2\/pages\/3594\/revisions\/6331"}],"wp:attachment":[{"href":"https:\/\/rodriguezgallery.com\/pl\/wp-json\/wp\/v2\/media?parent=3594"}],"curies":[{"name":"wp","href":"https:\/\/api.w.org\/{rel}","templated":true}]}}