{"id":3829,"date":"2018-09-28T17:59:34","date_gmt":"2018-09-28T15:59:34","guid":{"rendered":"http:\/\/rodriguezgallery.com\/?page_id=3829"},"modified":"2018-10-25T14:26:30","modified_gmt":"2018-10-25T12:26:30","slug":"michal-smandek-niebezpieczenstwo","status":"publish","type":"page","link":"https:\/\/rodriguezgallery.com\/pl\/michal-smandek-niebezpieczenstwo\/","title":{"rendered":"(English) Michal Smandek &#8211; Niebezpieczenstwo"},"content":{"rendered":"<div id=\"pl-3829\"  class=\"panel-layout\" ><div id=\"pg-3829-0\"  class=\"panel-grid panel-no-style\" ><div id=\"pgc-3829-0-0\"  class=\"panel-grid-cell\" ><div id=\"panel-3829-0-0-0\" class=\"so-panel widget widget_black-studio-tinymce widget_black_studio_tinymce panel-first-child panel-last-child\" data-index=\"0\" ><div class=\"textwidget\"><h6><span class=\"\" style=\"display:block;clear:both;height: 0px;padding-top: 20px;border-top-width:0px;border-bottom-width:0px;\"><\/span><\/h6>\n<h6><strong>Micha\u0142 Smandek<\/strong><br \/>\n<em><strong>Niebezpiecze\u0144stwo zbli\u017cania si\u0119 do granic<\/strong><\/em><br \/>\n12.10 - 14.11.2018<br \/>\nkurator: Aleksander Hudzik<\/p>\n<p>Badanie wszelakich granic odbywa si\u0119 w cieniu katastrofy. Micha\u0142 Smandek rze\u017abi napi\u0119cia od dawna, ale tym razem nadaje im bardzo konkretn\u0105 form\u0119. W nowym cyklu rze\u017ab tworzy konstrukcje, kt\u00f3re przypominaj\u0105 nam o niestabilno\u015bci naszych czas\u00f3w. Badaj\u0105c granice wytrzyma\u0142o\u015bci materia\u0142u, kt\u00f3rym si\u0119 pos\u0142uguje - stali, pyta zarazem o problemy, kt\u00f3re ci\u0105\u017c\u0105 i to dos\u0142ownie nad nami wszystkimi. \u017beby zrozumie\u0107 istot\u0119 jego przemy\u015ble\u0144 trzeba, cho\u0107by w skr\u00f3cie, prze\u015bledzi\u0107 kilka najwa\u017cniejszych w\u0105tk\u00f3w w tw\u00f3rczo\u015bci artysty.<\/p>\n<p>Smandek to podr\u00f3\u017cnik i z podr\u00f3\u017cy przywozi\u0142 fotografie, na kt\u00f3rych niespotykane z regu\u0142y w naszym otoczeniu pejza\u017ce zlewaj\u0105 si\u0119 z pozostawionym w przestrzeni aluminiowym szkieletem namiotu. Takie zdj\u0119cia przywi\u00f3z\u0142 z podr\u00f3\u017cy po Ameryce Po\u0142udniowej. Szkielet namiotu, to figura znacz\u0105ca i dla podr\u00f3\u017cnika i dla rze\u017abiarza. Temu pierwszemu zapewnia schronienie, daje substytut domu. Namiot - schronienie mo\u017ce jednak w przypadku zagro\u017cenia p\u0142yn\u0105cego w\u0142a\u015bnie ze strony natury sta\u0107 si\u0119 namiotem - grobowcem. Rze\u017abiarzowi namiot daje za to pole do obserwacji. Elastyczne \u0142uki wyginaj\u0105 si\u0119 poddawane naciskom i si\u0142om, czy to wiatru, czy obecnego w namiocie cz\u0142owieka. Tworz\u0105 tym samym gotow\u0105 instalacj\u0119 rze\u017abiarsk\u0105.<\/p>\n<p>Micha\u0142 Smandek niejednokrotnie prezentowa\u0142 ju\u017c rze\u017aby, w kt\u00f3rych obecne by\u0142y napi\u0119cia i napr\u0119\u017cenia stali, czy innych materia\u0142\u00f3w, a teraz postanawia p\u00f3j\u015b\u0107 o krok dalej. Metalowy stela\u017c zaczyna ogranicza\u0107 do minimum, tak by stal by\u0142a nie tyle ilustracj\u0105 co usuni\u0119tym na drugi plan medium obrazuj\u0105cym si\u0142y, kt\u00f3re na ni\u0105 oddzia\u0142uj\u0105. \u017beby ten efekt uzyska\u0107 cieniuje stal, rozp\u0142aszcza m\u0142otem zb\u0119dne warstwy materia\u0142u, tak by pozosta\u0142o go tylko tyle ile potrzeba do utrzymania napi\u0119cia. Dok\u0105d doprowadzi Smandka i nas ci\u0105g\u0142e naginanie, napr\u0119\u017canie, balansowanie nad kraw\u0119dzi\u0105 katastrofy?<\/p>\n<p>Aleksander Hudzik <\/h6>\n<p>&nbsp;<\/p>\n<\/div><\/div><\/div><div id=\"pgc-3829-0-1\"  class=\"panel-grid-cell\" ><div id=\"panel-3829-0-1-0\" class=\"so-panel widget widget_black-studio-tinymce widget_black_studio_tinymce panel-first-child panel-last-child\" data-index=\"1\" ><div class=\"textwidget\"><h6><span class=\"\" style=\"display:block;clear:both;height: 0px;padding-top: 20px;border-top-width:0px;border-bottom-width:0px;\"><\/span><\/h6>\n<h6><\/h6>\n<p><div id='gallery-1' class='gallery galleryid-3829 gallery-columns-3 gallery-size-thumbnail'><figure class='gallery-item'>\n\t\t\t<div class='gallery-icon landscape'>\n\t\t\t\t<a href='https:\/\/rodriguezgallery.com\/wp-content\/uploads\/2018\/10\/Micha\u0142-Smandek-Niebezpiecze\u0144stwo-zbli\u017cania-si\u0119-do-granic-Rodriguez-Gallery-2018-1.jpg'><img loading=\"lazy\" decoding=\"async\" width=\"150\" height=\"100\" src=\"https:\/\/rodriguezgallery.com\/wp-content\/uploads\/2018\/10\/Micha\u0142-Smandek-Niebezpiecze\u0144stwo-zbli\u017cania-si\u0119-do-granic-Rodriguez-Gallery-2018-1.jpg\" class=\"attachment-thumbnail size-thumbnail\" alt=\"\" \/><\/a>\n\t\t\t<\/div><\/figure><figure class='gallery-item'>\n\t\t\t<div class='gallery-icon landscape'>\n\t\t\t\t<a href='https:\/\/rodriguezgallery.com\/wp-content\/uploads\/2018\/10\/Micha\u0142-Smandek-Niebezpiecze\u0144stwo-zbli\u017cania-si\u0119-do-granic-Rodriguez-Gallery-2018-2.jpg'><img loading=\"lazy\" decoding=\"async\" width=\"150\" height=\"100\" src=\"https:\/\/rodriguezgallery.com\/wp-content\/uploads\/2018\/10\/Micha\u0142-Smandek-Niebezpiecze\u0144stwo-zbli\u017cania-si\u0119-do-granic-Rodriguez-Gallery-2018-2.jpg\" class=\"attachment-thumbnail size-thumbnail\" alt=\"\" \/><\/a>\n\t\t\t<\/div><\/figure><figure class='gallery-item'>\n\t\t\t<div class='gallery-icon landscape'>\n\t\t\t\t<a href='https:\/\/rodriguezgallery.com\/wp-content\/uploads\/2018\/10\/Micha\u0142-Smandek-Niebezpiecze\u0144stwo-zbli\u017cania-si\u0119-do-granic-Rodriguez-Gallery-2018-4.jpg'><img loading=\"lazy\" decoding=\"async\" width=\"150\" height=\"100\" src=\"https:\/\/rodriguezgallery.com\/wp-content\/uploads\/2018\/10\/Micha\u0142-Smandek-Niebezpiecze\u0144stwo-zbli\u017cania-si\u0119-do-granic-Rodriguez-Gallery-2018-4.jpg\" class=\"attachment-thumbnail size-thumbnail\" alt=\"\" \/><\/a>\n\t\t\t<\/div><\/figure><figure class='gallery-item'>\n\t\t\t<div class='gallery-icon landscape'>\n\t\t\t\t<a href='https:\/\/rodriguezgallery.com\/wp-content\/uploads\/2018\/10\/Micha\u0142-Smandek-Niebezpiecze\u0144stwo-zbli\u017cania-si\u0119-do-granic-Rodriguez-Gallery-2018-8.jpg'><img loading=\"lazy\" decoding=\"async\" width=\"150\" height=\"100\" src=\"https:\/\/rodriguezgallery.com\/wp-content\/uploads\/2018\/10\/Micha\u0142-Smandek-Niebezpiecze\u0144stwo-zbli\u017cania-si\u0119-do-granic-Rodriguez-Gallery-2018-8.jpg\" class=\"attachment-thumbnail size-thumbnail\" alt=\"\" \/><\/a>\n\t\t\t<\/div><\/figure><figure class='gallery-item'>\n\t\t\t<div class='gallery-icon landscape'>\n\t\t\t\t<a href='https:\/\/rodriguezgallery.com\/wp-content\/uploads\/2018\/10\/Micha\u0142-Smandek-Niebezpiecze\u0144stwo-zbli\u017cania-si\u0119-do-granic-Rodriguez-Gallery-2018-11.jpg'><img loading=\"lazy\" decoding=\"async\" width=\"150\" height=\"100\" src=\"https:\/\/rodriguezgallery.com\/wp-content\/uploads\/2018\/10\/Micha\u0142-Smandek-Niebezpiecze\u0144stwo-zbli\u017cania-si\u0119-do-granic-Rodriguez-Gallery-2018-11.jpg\" class=\"attachment-thumbnail size-thumbnail\" alt=\"\" \/><\/a>\n\t\t\t<\/div><\/figure><figure class='gallery-item'>\n\t\t\t<div class='gallery-icon landscape'>\n\t\t\t\t<a href='https:\/\/rodriguezgallery.com\/wp-content\/uploads\/2018\/10\/Micha\u0142-Smandek-Niebezpiecze\u0144stwo-zbli\u017cania-si\u0119-do-granic-Rodriguez-Gallery-2018-14.jpg'><img loading=\"lazy\" decoding=\"async\" width=\"150\" height=\"100\" src=\"https:\/\/rodriguezgallery.com\/wp-content\/uploads\/2018\/10\/Micha\u0142-Smandek-Niebezpiecze\u0144stwo-zbli\u017cania-si\u0119-do-granic-Rodriguez-Gallery-2018-14.jpg\" class=\"attachment-thumbnail size-thumbnail\" alt=\"\" \/><\/a>\n\t\t\t<\/div><\/figure>\n\t\t<\/div>\n<\/p>\n<\/div><\/div><\/div><\/div><\/div>","protected":false},"excerpt":{"rendered":"<p>Micha\u0142 Smandek Niebezpiecze\u0144stwo zbli\u017cania si\u0119 do granic 12.10 &#8211; 14.11.2018 kurator: Aleksander Hudzik Badanie wszelakich granic odbywa si\u0119 w cieniu katastrofy. Micha\u0142 Smandek rze\u017abi napi\u0119cia od dawna, ale tym razem <a class=\"moretag\" href=\"https:\/\/rodriguezgallery.com\/pl\/michal-smandek-niebezpieczenstwo\/\">Read More &#8230;<\/a><\/p>\n","protected":false},"author":1,"featured_media":0,"parent":0,"menu_order":0,"comment_status":"closed","ping_status":"closed","template":"full-width-page.php","meta":{"footnotes":""},"class_list":["post-3829","page","type-page","status-publish","hentry"],"_links":{"self":[{"href":"https:\/\/rodriguezgallery.com\/pl\/wp-json\/wp\/v2\/pages\/3829","targetHints":{"allow":["GET"]}}],"collection":[{"href":"https:\/\/rodriguezgallery.com\/pl\/wp-json\/wp\/v2\/pages"}],"about":[{"href":"https:\/\/rodriguezgallery.com\/pl\/wp-json\/wp\/v2\/types\/page"}],"author":[{"embeddable":true,"href":"https:\/\/rodriguezgallery.com\/pl\/wp-json\/wp\/v2\/users\/1"}],"replies":[{"embeddable":true,"href":"https:\/\/rodriguezgallery.com\/pl\/wp-json\/wp\/v2\/comments?post=3829"}],"version-history":[{"count":1,"href":"https:\/\/rodriguezgallery.com\/pl\/wp-json\/wp\/v2\/pages\/3829\/revisions"}],"predecessor-version":[{"id":3878,"href":"https:\/\/rodriguezgallery.com\/pl\/wp-json\/wp\/v2\/pages\/3829\/revisions\/3878"}],"wp:attachment":[{"href":"https:\/\/rodriguezgallery.com\/pl\/wp-json\/wp\/v2\/media?parent=3829"}],"curies":[{"name":"wp","href":"https:\/\/api.w.org\/{rel}","templated":true}]}}