{"id":3912,"date":"2018-11-19T18:53:32","date_gmt":"2018-11-19T16:53:32","guid":{"rendered":"http:\/\/rodriguezgallery.com\/?page_id=3912"},"modified":"2018-11-19T19:05:00","modified_gmt":"2018-11-19T17:05:00","slug":"xprint","status":"publish","type":"page","link":"https:\/\/rodriguezgallery.com\/pl\/xprint\/","title":{"rendered":"(English) Xprint"},"content":{"rendered":"<div id=\"pl-3912\"  class=\"panel-layout\" ><div id=\"pg-3912-0\"  class=\"panel-grid panel-no-style\" ><div id=\"pgc-3912-0-0\"  class=\"panel-grid-cell\" ><div id=\"panel-3912-0-0-0\" class=\"so-panel widget widget_black-studio-tinymce widget_black_studio_tinymce panel-first-child panel-last-child\" data-index=\"0\" ><div class=\"textwidget\"><h6><span class=\"\" style=\"display:block;clear:both;height: 0px;padding-top: 20px;border-top-width:0px;border-bottom-width:0px;\"><\/span><\/h6>\n<h6 class=\"_5gmx\" data-testid=\"event-permalink-event-name\"><span style=\"text-decoration: underline;\"><strong>Ukrai\u0144skie ksi\u0105\u017cki fotograficzne - w ramach festiwalu Xprint<\/strong><\/span><\/h6>\n<h6 class=\"_5gmx\" data-testid=\"event-permalink-event-name\">Ukrai\u0144skie ksi\u0105\u017cki fotograficzne.<br \/>\nPomi\u0119dzy histori\u0105 osobist\u0105 a polityk\u0105.<\/h6>\n<h6>Go\u015bcinna wystawa w ramach Festiwalu Ksi\u0105\u017cek Fotograficznych XPRINT \u201e Historie prywatne\u201d (<a href=\"https:\/\/l.facebook.com\/l.php?u=http%3A%2F%2Fwww.pix.house%2Fxprint%3Ffbclid%3DIwAR0Dd813XQmFObLHOIWAnY9K3pJM-1mQDaMeXVLQ5F6t7S5f9EdwrU96NuY&amp;h=AT25JgPsX5Lxbgw7bTYGcsC23dyseuCQLzWE4F_-VE1czbjFxPiwahrMdwcR8NZCbzdHRkzWluQZ61IB1o3jrQvhcqR02Vn8the8HtrB15imK79tsUZThijQMrmkptpiDXrrxGqH5nWtklOzwo--BLg\" target=\"_blank\" rel=\"nofollow noopener\" data-lynx-mode=\"hover\">www.pix.house\/xprint<\/a>)<\/h6>\n<h6>kuratorka: <a href=\"https:\/\/www.facebook.com\/alina.sandulyak\" target=\"_blank\" rel=\"noopener\">Alina Sandulyak<\/a><br \/>\narty\u015bci: Alexander Chekmenev, Andriy Dostliev, Vitaly Fomenko, Yulia Krivich, Boris Mikhailov, Victor Kochetov, Misha Pedan, Yulia Polunina-But, Shilo Group<\/h6>\n<h6>czas trwania wystawy: 24.11.2018 \u2013 1.12.2018<br \/>\nwernisa\u017c 24.11.2018 g. 14:00<br \/>\nwystawa czynna: \u015broda-pi\u0105tek 12:00-19:00, sobota 12:00-17:00<\/h6>\n<h6>Pierwsza ukrai\u0144ska fotoksi\u0105\u017cka powsta\u0142a mi\u0119dzy 1984 i 1985 rokiem; w ostatnich latach Zwi\u0105zku Radzieckiego spo\u0142ecze\u0144stwo nadal pozostawa\u0142o pod presj\u0105, przemieszan\u0105 jednak z wyra\u017anym poczuciem absurdu i bezsensu otaczaj\u0105cej rzeczywisto\u015bci, co \u0142\u0105cznie dawa\u0142o si\u0119 odczu\u0107 jako pewien dziwny rodzaj wolno\u015bci. W swojej ksi\u0105\u017cce \u2018Unfinished Dissertation\u2019 Boris Mikhailov po\u0142\u0105czy\u0142 fotografie z tekstami komentuj\u0105cymi codzienne \u017cycie Charkowa. Ci\u0105g bardzo osobistych obraz\u00f3w miesza si\u0119 z ponurymi krajobrazami i widokami przestrzeni publicznych, buduj\u0105c komentarz o szerszym spo\u0142ecznym kontek\u015bcie \u2013 wszechogarniaj\u0105cej melancholii.<\/h6>\n<h6>Kolejna fala fotograficznych ksi\u0105\u017cek pojawi\u0142a si\u0119 po 2013 roku, w reakcji na rewolucj\u0119 i nast\u0119puj\u0105c\u0105 po niej wojn\u0119. W wi\u0119kszo\u015bci by\u0142y to publikacje autor\u00f3w zwi\u0105zanych z charkowsk\u0105 szko\u0142\u0105 fotografii okresu sowieckiego. Jednak i m\u0142odsi fotografowie zacz\u0119li zastanawia\u0107 si\u0119 nad w\u0142asnymi odczuciami, opisywa\u0107 za ich pomoc\u0105 funkcjonowanie we wsp\u00f3\u0142czesnych ukrai\u0144skich warunkach. Jakie s\u0105 te zdj\u0119cia? Jak i dlaczego osobiste historie i do\u015bwiadczenia mog\u0105 przek\u0142ada\u0107 si\u0119 na opis okre\u015blonego czasu i miejsca? Jak medium ksi\u0105\u017cki fotograficznej plasuje si\u0119 w tym kontek\u015bcie?<\/h6>\n<\/div><\/div><\/div><div id=\"pgc-3912-0-1\"  class=\"panel-grid-cell\" ><div id=\"panel-3912-0-1-0\" class=\"so-panel widget widget_black-studio-tinymce widget_black_studio_tinymce panel-first-child panel-last-child\" data-index=\"1\" ><div class=\"textwidget\"><p><span class=\"\" style=\"display:block;clear:both;height: 0px;padding-top: 20px;border-top-width:0px;border-bottom-width:0px;\"><\/span><\/p>\n<p><img loading=\"lazy\" decoding=\"async\" class=\"aligncenter wp-image-3914 size-full\" src=\"https:\/\/rodriguezgallery.com\/wp-content\/uploads\/2018\/11\/Alina_Sandulyak_Shilo-Group_Finished-Dissertation-1.jpg\" alt=\"\" width=\"3028\" height=\"4000\" srcset=\"https:\/\/rodriguezgallery.com\/wp-content\/uploads\/2018\/11\/Alina_Sandulyak_Shilo-Group_Finished-Dissertation-1.jpg 3028w, https:\/\/rodriguezgallery.com\/wp-content\/uploads\/2018\/11\/Alina_Sandulyak_Shilo-Group_Finished-Dissertation-1-227x300.jpg 227w, https:\/\/rodriguezgallery.com\/wp-content\/uploads\/2018\/11\/Alina_Sandulyak_Shilo-Group_Finished-Dissertation-1-300x396.jpg 300w\" sizes=\"auto, (max-width: 3028px) 100vw, 3028px\" \/><\/p>\n<\/div><\/div><\/div><\/div><\/div>","protected":false},"excerpt":{"rendered":"<p>Ukrai\u0144skie ksi\u0105\u017cki fotograficzne &#8211; w ramach festiwalu Xprint Ukrai\u0144skie ksi\u0105\u017cki fotograficzne. Pomi\u0119dzy histori\u0105 osobist\u0105 a polityk\u0105. Go\u015bcinna wystawa w ramach Festiwalu Ksi\u0105\u017cek Fotograficznych XPRINT \u201e Historie prywatne\u201d (www.pix.house\/xprint) kuratorka: Alina <a class=\"moretag\" href=\"https:\/\/rodriguezgallery.com\/pl\/xprint\/\">Read More &#8230;<\/a><\/p>\n","protected":false},"author":1,"featured_media":0,"parent":0,"menu_order":0,"comment_status":"closed","ping_status":"closed","template":"full-width-page.php","meta":{"footnotes":""},"class_list":["post-3912","page","type-page","status-publish","hentry"],"_links":{"self":[{"href":"https:\/\/rodriguezgallery.com\/pl\/wp-json\/wp\/v2\/pages\/3912","targetHints":{"allow":["GET"]}}],"collection":[{"href":"https:\/\/rodriguezgallery.com\/pl\/wp-json\/wp\/v2\/pages"}],"about":[{"href":"https:\/\/rodriguezgallery.com\/pl\/wp-json\/wp\/v2\/types\/page"}],"author":[{"embeddable":true,"href":"https:\/\/rodriguezgallery.com\/pl\/wp-json\/wp\/v2\/users\/1"}],"replies":[{"embeddable":true,"href":"https:\/\/rodriguezgallery.com\/pl\/wp-json\/wp\/v2\/comments?post=3912"}],"version-history":[{"count":1,"href":"https:\/\/rodriguezgallery.com\/pl\/wp-json\/wp\/v2\/pages\/3912\/revisions"}],"predecessor-version":[{"id":3920,"href":"https:\/\/rodriguezgallery.com\/pl\/wp-json\/wp\/v2\/pages\/3912\/revisions\/3920"}],"wp:attachment":[{"href":"https:\/\/rodriguezgallery.com\/pl\/wp-json\/wp\/v2\/media?parent=3912"}],"curies":[{"name":"wp","href":"https:\/\/api.w.org\/{rel}","templated":true}]}}