{"id":3953,"date":"2018-12-30T14:19:51","date_gmt":"2018-12-30T12:19:51","guid":{"rendered":"http:\/\/rodriguezgallery.com\/?page_id=3953"},"modified":"2018-12-30T14:32:39","modified_gmt":"2018-12-30T12:32:39","slug":"3953-2","status":"publish","type":"page","link":"https:\/\/rodriguezgallery.com\/pl\/3953-2\/","title":{"rendered":"(English) Warsztaty 2018 cykl warsztat\u00f3w"},"content":{"rendered":"<div id=\"pl-3953\"  class=\"panel-layout\" ><div id=\"pg-3953-0\"  class=\"panel-grid panel-no-style\" ><div id=\"pgc-3953-0-0\"  class=\"panel-grid-cell panel-grid-cell-empty\" ><\/div><\/div><div id=\"pg-3953-1\"  class=\"panel-grid panel-no-style\" ><div id=\"pgc-3953-1-0\"  class=\"panel-grid-cell\" ><div id=\"panel-3953-1-0-0\" class=\"so-panel widget widget_black-studio-tinymce widget_black_studio_tinymce panel-first-child panel-last-child\" data-index=\"0\" ><div class=\"textwidget\"><p><span class=\"\" style=\"display:block;clear:both;height: 0px;padding-top: 20px;border-top-width:0px;border-bottom-width:0px;\"><\/span><\/p>\n<h6>W<strong>arsztaty dla dzieci\u00a0(w ramach: Pierwsze spotkanie ze sztuk\u0105 wsp\u00f3\u0142czesn\u0105 \u2013 cykl warsztat\u00f3w dla dzieci )<\/strong><\/h6>\n<h6>\"Pierwsze spotkanie ze sztuk\u0105 wsp\u00f3\u0142czesn\u0105\" to warsztaty, kt\u00f3re odbywa\u0142y si\u0119 w trakcie wystaw: solowej Gonzalo Elviry, grupowej Gabinet Prawdziwych Horyzotn\u00f3w oraz solowej Macha\u0142a Smandka. Celem warsztat\u00f3w jest podniesienie poziomu wiedzy na temat sztuki wsp\u00f3\u0142czesnej w\u015br\u00f3d dzieci ucz\u0105cych si\u0119 poza Poznaniem, wzrost bezpo\u015bredniego ich kontaktu ze sztuk\u0105 oraz rozumienia i otwarto\u015bci w stosunku do sztuki wsp\u00f3\u0142czesnej.<\/h6>\n<h6>Projekt dofinansowany ze \u015brodk\u00f3w Samorz\u0105du Wojew\u00f3dztwa Wielkopolskiego.<\/h6>\n<h6><a href=\"https:\/\/rodriguezgallery.com\/wp-content\/uploads\/2018\/12\/SCENARIUSZ-WARSZTAT\u00d3W-cykl-warsztatow.docx\" target=\"_blank\" rel=\"noopener\">Scenariusz warsztat\u00f3w<\/a><\/p>\n<p><img loading=\"lazy\" decoding=\"async\" class=\"wp-image-3254 alignleft\" src=\"https:\/\/rodriguezgallery.com\/wp-content\/uploads\/2018\/01\/26827920_10156995613823136_398906106_o.jpg\" alt=\"\" width=\"321\" height=\"100\" srcset=\"https:\/\/rodriguezgallery.com\/wp-content\/uploads\/2018\/01\/26827920_10156995613823136_398906106_o.jpg 1404w, https:\/\/rodriguezgallery.com\/wp-content\/uploads\/2018\/01\/26827920_10156995613823136_398906106_o-300x94.jpg 300w, https:\/\/rodriguezgallery.com\/wp-content\/uploads\/2018\/01\/26827920_10156995613823136_398906106_o-768x240.jpg 768w, https:\/\/rodriguezgallery.com\/wp-content\/uploads\/2018\/01\/26827920_10156995613823136_398906106_o-1024x319.jpg 1024w\" sizes=\"auto, (max-width: 321px) 100vw, 321px\" \/><\/h6>\n<\/div><\/div><\/div><div id=\"pgc-3953-1-1\"  class=\"panel-grid-cell\" ><div id=\"panel-3953-1-1-0\" class=\"so-panel widget widget_black-studio-tinymce widget_black_studio_tinymce panel-first-child panel-last-child\" data-index=\"1\" ><div class=\"textwidget\"><p><span class=\"\" style=\"display:block;clear:both;height: 0px;padding-top: 20px;border-top-width:0px;border-bottom-width:0px;\"><\/span><\/p>\n<p><img loading=\"lazy\" decoding=\"async\" class=\"aligncenter size-full wp-image-3954\" src=\"https:\/\/rodriguezgallery.com\/wp-content\/uploads\/2018\/12\/TvrJRXbCRlaWpRiJr9j1oA_thumb_c90.jpg\" alt=\"\" width=\"1212\" height=\"648\" srcset=\"https:\/\/rodriguezgallery.com\/wp-content\/uploads\/2018\/12\/TvrJRXbCRlaWpRiJr9j1oA_thumb_c90.jpg 1212w, https:\/\/rodriguezgallery.com\/wp-content\/uploads\/2018\/12\/TvrJRXbCRlaWpRiJr9j1oA_thumb_c90-300x160.jpg 300w\" sizes=\"auto, (max-width: 1212px) 100vw, 1212px\" \/><\/p>\n<\/div><\/div><\/div><\/div><\/div>","protected":false},"excerpt":{"rendered":"<p>Warsztaty dla dzieci\u00a0(w ramach: Pierwsze spotkanie ze sztuk\u0105 wsp\u00f3\u0142czesn\u0105 \u2013 cykl warsztat\u00f3w dla dzieci ) &#8222;Pierwsze spotkanie ze sztuk\u0105 wsp\u00f3\u0142czesn\u0105&#8221; to warsztaty, kt\u00f3re odbywa\u0142y si\u0119 w trakcie wystaw: solowej Gonzalo <a class=\"moretag\" href=\"https:\/\/rodriguezgallery.com\/pl\/3953-2\/\">Read More &#8230;<\/a><\/p>\n","protected":false},"author":1,"featured_media":0,"parent":0,"menu_order":0,"comment_status":"closed","ping_status":"closed","template":"full-width-page.php","meta":{"footnotes":""},"class_list":["post-3953","page","type-page","status-publish","hentry"],"_links":{"self":[{"href":"https:\/\/rodriguezgallery.com\/pl\/wp-json\/wp\/v2\/pages\/3953","targetHints":{"allow":["GET"]}}],"collection":[{"href":"https:\/\/rodriguezgallery.com\/pl\/wp-json\/wp\/v2\/pages"}],"about":[{"href":"https:\/\/rodriguezgallery.com\/pl\/wp-json\/wp\/v2\/types\/page"}],"author":[{"embeddable":true,"href":"https:\/\/rodriguezgallery.com\/pl\/wp-json\/wp\/v2\/users\/1"}],"replies":[{"embeddable":true,"href":"https:\/\/rodriguezgallery.com\/pl\/wp-json\/wp\/v2\/comments?post=3953"}],"version-history":[{"count":1,"href":"https:\/\/rodriguezgallery.com\/pl\/wp-json\/wp\/v2\/pages\/3953\/revisions"}],"predecessor-version":[{"id":3969,"href":"https:\/\/rodriguezgallery.com\/pl\/wp-json\/wp\/v2\/pages\/3953\/revisions\/3969"}],"wp:attachment":[{"href":"https:\/\/rodriguezgallery.com\/pl\/wp-json\/wp\/v2\/media?parent=3953"}],"curies":[{"name":"wp","href":"https:\/\/api.w.org\/{rel}","templated":true}]}}