{"id":3958,"date":"2018-12-30T14:24:36","date_gmt":"2018-12-30T12:24:36","guid":{"rendered":"http:\/\/rodriguezgallery.com\/?page_id=3958"},"modified":"2018-12-30T14:34:39","modified_gmt":"2018-12-30T12:34:39","slug":"warsztaty-2018-cykl-wystaw","status":"publish","type":"page","link":"https:\/\/rodriguezgallery.com\/pl\/warsztaty-2018-cykl-wystaw\/","title":{"rendered":"(English) Warsztaty 2018 cykl wystaw"},"content":{"rendered":"<div id=\"pl-3958\"  class=\"panel-layout\" ><div id=\"pg-3958-0\"  class=\"panel-grid panel-no-style\" ><div id=\"pgc-3958-0-0\"  class=\"panel-grid-cell panel-grid-cell-empty\" ><\/div><\/div><div id=\"pg-3958-1\"  class=\"panel-grid panel-no-style\" ><div id=\"pgc-3958-1-0\"  class=\"panel-grid-cell\" ><div id=\"panel-3958-1-0-0\" class=\"so-panel widget widget_black-studio-tinymce widget_black_studio_tinymce panel-first-child panel-last-child\" data-index=\"0\" ><div class=\"textwidget\"><p><span class=\"\" style=\"display:block;clear:both;height: 0px;padding-top: 20px;border-top-width:0px;border-bottom-width:0px;\"><\/span><\/p>\n<h6><strong>Warsztaty dla dzieci\u00a0(w ramach: Cykl wystaw i dzia\u0142a\u0144 edukacyjnych w Rodriguez Gallery)<\/strong><\/h6>\n<h6>\"Pierwsze spotkanie ze sztuk\u0105 wsp\u00f3\u0142czesn\u0105\" to warsztaty, kt\u00f3re odbywa\u0142y si\u0119 w trakcie wystaw: solowej Gonzalo Elviry, grupowej Gabinet Prawdziwych Horyzotn\u00f3w oraz solowej Macha\u0142a Smandka. Celem warsztat\u00f3w jest podniesienie poziomu wiedzy na temat sztuki wsp\u00f3\u0142czesnej w\u015br\u00f3d dzieci, wzrost bezpo\u015bredniego ich kontaktu ze sztuk\u0105 oraz rozumienia i otwarto\u015bci w stosunku do sztuki wsp\u00f3\u0142czesnej.<\/h6>\n<h6>Projekt dofinansowany ze \u015brodk\u00f3w bud\u017cetu Miasta Poznania<\/h6>\n<h6><a href=\"https:\/\/rodriguezgallery.com\/wp-content\/uploads\/2018\/12\/SCENARIUSZ-WARSZTAT\u00d3W-CYKL-WYSTAW.docx\" target=\"_blank\" rel=\"noopener\">Scenariusz warsztat\u00f3w<\/a><\/p>\n<p><img loading=\"lazy\" decoding=\"async\" class=\"wp-image-2924 alignleft\" src=\"https:\/\/rodriguezgallery.com\/wp-content\/uploads\/2017\/10\/LOGO_POZNAN_PL_RGB_bz.jpg\" alt=\"\" width=\"189\" height=\"65\" srcset=\"https:\/\/rodriguezgallery.com\/wp-content\/uploads\/2017\/10\/LOGO_POZNAN_PL_RGB_bz.jpg 2732w, https:\/\/rodriguezgallery.com\/wp-content\/uploads\/2017\/10\/LOGO_POZNAN_PL_RGB_bz-300x103.jpg 300w, https:\/\/rodriguezgallery.com\/wp-content\/uploads\/2017\/10\/LOGO_POZNAN_PL_RGB_bz-768x264.jpg 768w, https:\/\/rodriguezgallery.com\/wp-content\/uploads\/2017\/10\/LOGO_POZNAN_PL_RGB_bz-1024x352.jpg 1024w\" sizes=\"auto, (max-width: 189px) 100vw, 189px\" \/><\/h6>\n<\/div><\/div><\/div><div id=\"pgc-3958-1-1\"  class=\"panel-grid-cell\" ><div id=\"panel-3958-1-1-0\" class=\"so-panel widget widget_black-studio-tinymce widget_black_studio_tinymce panel-first-child panel-last-child\" data-index=\"1\" ><div class=\"textwidget\"><p><span class=\"\" style=\"display:block;clear:both;height: 0px;padding-top: 20px;border-top-width:0px;border-bottom-width:0px;\"><\/span><br \/>\n<img loading=\"lazy\" decoding=\"async\" class=\"aligncenter size-full wp-image-3959\" src=\"https:\/\/rodriguezgallery.com\/wp-content\/uploads\/2018\/12\/8546ZDBNSNeOt5ez3ApYQ_thumb_c91.jpg\" alt=\"\" width=\"1081\" height=\"727\" srcset=\"https:\/\/rodriguezgallery.com\/wp-content\/uploads\/2018\/12\/8546ZDBNSNeOt5ez3ApYQ_thumb_c91.jpg 1081w, https:\/\/rodriguezgallery.com\/wp-content\/uploads\/2018\/12\/8546ZDBNSNeOt5ez3ApYQ_thumb_c91-300x202.jpg 300w, https:\/\/rodriguezgallery.com\/wp-content\/uploads\/2018\/12\/8546ZDBNSNeOt5ez3ApYQ_thumb_c91-272x182.jpg 272w\" sizes=\"auto, (max-width: 1081px) 100vw, 1081px\" \/><\/p>\n<\/div><\/div><\/div><\/div><\/div>","protected":false},"excerpt":{"rendered":"<p>Warsztaty dla dzieci\u00a0(w ramach: Cykl wystaw i dzia\u0142a\u0144 edukacyjnych w Rodriguez Gallery) &#8222;Pierwsze spotkanie ze sztuk\u0105 wsp\u00f3\u0142czesn\u0105&#8221; to warsztaty, kt\u00f3re odbywa\u0142y si\u0119 w trakcie wystaw: solowej Gonzalo Elviry, grupowej Gabinet <a class=\"moretag\" href=\"https:\/\/rodriguezgallery.com\/pl\/warsztaty-2018-cykl-wystaw\/\">Read More &#8230;<\/a><\/p>\n","protected":false},"author":1,"featured_media":0,"parent":0,"menu_order":0,"comment_status":"closed","ping_status":"closed","template":"full-width-page.php","meta":{"footnotes":""},"class_list":["post-3958","page","type-page","status-publish","hentry"],"_links":{"self":[{"href":"https:\/\/rodriguezgallery.com\/pl\/wp-json\/wp\/v2\/pages\/3958","targetHints":{"allow":["GET"]}}],"collection":[{"href":"https:\/\/rodriguezgallery.com\/pl\/wp-json\/wp\/v2\/pages"}],"about":[{"href":"https:\/\/rodriguezgallery.com\/pl\/wp-json\/wp\/v2\/types\/page"}],"author":[{"embeddable":true,"href":"https:\/\/rodriguezgallery.com\/pl\/wp-json\/wp\/v2\/users\/1"}],"replies":[{"embeddable":true,"href":"https:\/\/rodriguezgallery.com\/pl\/wp-json\/wp\/v2\/comments?post=3958"}],"version-history":[{"count":1,"href":"https:\/\/rodriguezgallery.com\/pl\/wp-json\/wp\/v2\/pages\/3958\/revisions"}],"predecessor-version":[{"id":3970,"href":"https:\/\/rodriguezgallery.com\/pl\/wp-json\/wp\/v2\/pages\/3958\/revisions\/3970"}],"wp:attachment":[{"href":"https:\/\/rodriguezgallery.com\/pl\/wp-json\/wp\/v2\/media?parent=3958"}],"curies":[{"name":"wp","href":"https:\/\/api.w.org\/{rel}","templated":true}]}}