{"id":417,"date":"2015-09-03T11:55:26","date_gmt":"2015-09-03T09:55:26","guid":{"rendered":"http:\/\/rodriguezgallery.com\/?page_id=417"},"modified":"2019-09-16T16:21:10","modified_gmt":"2019-09-16T14:21:10","slug":"jakub-jasiukiewicz-gravity-friction","status":"publish","type":"page","link":"https:\/\/rodriguezgallery.com\/pl\/jakub-jasiukiewicz-gravity-friction\/","title":{"rendered":"Jakub Jasiukiewicz Tarcie i grawitacja"},"content":{"rendered":"<div id=\"pl-417\"  class=\"panel-layout\" ><div id=\"pg-417-0\"  class=\"panel-grid panel-no-style\" ><div id=\"pgc-417-0-0\"  class=\"panel-grid-cell panel-grid-cell-empty\" ><\/div><\/div><div id=\"pg-417-1\"  class=\"panel-grid panel-no-style\" ><div id=\"pgc-417-1-0\"  class=\"panel-grid-cell\" ><div id=\"panel-417-1-0-0\" class=\"so-panel widget widget_black-studio-tinymce widget_black_studio_tinymce panel-first-child panel-last-child\" data-index=\"0\" ><div class=\"textwidget\"><h4><em><strong><span style=\"text-decoration: underline;\"><\/span><\/strong><\/em><strong><span style=\"text-decoration: underline;\">Jakub Jasiukiewicz:<\/span><\/strong><em><strong><span style=\"text-decoration: underline;\"> Tarcie i grawitacja<\/span><\/strong><\/em><strong> \u00a0 \u00a0<br \/>15.10.2015 - 20.11.2015<\/strong><\/h4>\n<h6 style=\"text-align: justify;\">Artysta, znany ze swojego zainteresowania tematami takimi jak niepok\u00f3j, l\u0119k czy momenty graniczne, w swoim nowym projekcie porusza jeszcze bli\u017csz\u0105 cz\u0142owiekowi tematyk\u0119. Obieraj\u0105c za punkt wyj\u015bcia tytu\u0142owe tarcie i grawitacj\u0119, punktem doj\u015bcia ustanawia, dosy\u0107 przewrotnie, ludzkie cia\u0142o. Te dwa wyj\u015bciowe, zaczerpni\u0119te z fizyki poj\u0119cia, s\u0142u\u017c\u0105 Jasiukiewiczowi za pryzmat, przez kt\u00f3ry spogl\u0105da na t\u0119 tematyk\u0119, badaj\u0105c j\u0105 z bardzo r\u00f3\u017cnych stron. Metaforycznie rzecz ujmuj\u0105c cia\u0142o ogl\u0105dane jest pod r\u00f3\u017cnym k\u0105tem, niekiedy zdaje si\u0119 jedynie podgl\u0105dane, za innym razem dotykane czy wr\u0119cz \u201epr\u00f3bowane\u201d przez artyst\u0119.\u00a0<\/p>\n<p>Refleksja, kt\u00f3ra w najbardziej dos\u0142owny spos\u00f3b dotyka tematu zwi\u0105zanego z dzia\u0142aniem si\u0142 fizyki znajduje sw\u00f3j pe\u0142ny wyraz w pracy wideo, zatytu\u0142owanej <i>Oko\u0142o minuty<\/i>. Jasiukiewicz zaprasza nas, aby\u015bmy spojrzeli na cia\u0142o jak na biologiczny tw\u00f3r, kt\u00f3rego kszta\u0142t uwarunkowany jest mi\u0119dzy innymi poprzez tarcie i grawitacj\u0119. Zauwa\u017ca przy tym, i\u017c ka\u017cda wykonywana przez nas czynno\u015b\u0107 jest wykorzystaniem lub przeciwnie, pr\u00f3b\u0105 przeciwstawienia si\u0119 tym dw\u00f3m si\u0142om. Z bliska przygl\u0105damy si\u0119 cia\u0142u, wystawionemu na pr\u00f3b\u0119, kt\u00f3re zmaga si\u0119 z nimi, dochodz\u0105c do momentu granicznego, w kt\u00f3rym to musi si\u0119 podda\u0107.\u00a0<br \/>Jednak cia\u0142o uwarunkowane jest nie tylko przez si\u0142y zewn\u0119trzne, ale tak\u017ce przez wewn\u0119trzne, psychologiczne granice ka\u017cdego cz\u0142owieka. Temat ten rozwini\u0119ty zostaje w kilku dzie\u0142ach takich jak <i>Samojedzenie\u00a0<\/i>czy <i>Ludzina<\/i>. Cia\u0142o potraktowane jako swoisty \u201epokarm\u201d zmusza, by zada\u0107 pytanie o wag\u0119 odkrywania naszych mentalnych granic. Potrzeba samokontroli zderza si\u0119 tutaj z odkrywaniem samoobrzydzenia i pr\u00f3b\u0105 rozumienia swojego w\u0142asnego cia\u0142a i jego ogranicze\u0144.\u00a0<br \/>Z nieco jeszcze innej strony, bli\u017cszej spojrzeniu antropologa, Jasiukiewicz przygl\u0105da si\u0119 problemowi kulturowego uwarunkowania naszej fizyczno\u015bci. W przypadku <i>Hypomanii<\/i>, choroby charakteryzuj\u0105cej si\u0119 stanem pomi\u0119dzy depresj\u0105 a mani\u0105, to ona wyra\u017anie odciska sw\u00f3j znak na ciele modela. Natomiast praca <i>Za ma\u0142o<\/i>, porusza problem kultu m\u0142odego, silnego cia\u0142a w\u00a0spo\u0142ecze\u0144stwie, w kt\u00f3rym wysi\u0142ek fizyczny nie tylko buduje pozycj\u0119, ale staje si\u0119 w pewnym stopniu luksusem, zast\u0119puj\u0105c nieodzown\u0105 niegdy\u015b prac\u0119 fizyczn\u0105.\u00a0<br \/>Natomiast pryzmat tarcia i grawitacji w najbardziej przeno\u015bnym znaczeniu towarzyszy opowie\u015bci o relacji cia\u0142. W przewrotnie erotycznych pracach, zatytu\u0142owanych <i>Matitek <\/i>i\u00a0<i>Syrenka<\/i>, jako obiekt po\u017c\u0105dania pojawia si\u0119 sztuczny, plastikowy manekin. Samo po\u017c\u0105danie uosabia prawie niewidoczne, wychodz\u0105ce poza kadr cia\u0142o kobiety. Relacje mi\u0119dzyludzkie, tak trudne do zdefiniowania, zatrzymuj\u0105 si\u0119 gdzie\u015b na granicy: pomi\u0119dzy racjonalnym aspektem spotkania dw\u00f3ch cia\u0142a w przestrzeni, a metaforycznym rozumieniem poj\u0119\u0107, takich jak: przyci\u0105ganie, tarcie, op\u00f3r czy magnetyzm, kt\u00f3re trac\u0105 tu swoje naukowe uzasadnienie.<\/p>\n<p>Tak r\u00f3\u017cne spojrzenia na cia\u0142o, b\u0119d\u0105ce pr\u00f3b\u0105 zbli\u017cenia si\u0119 do zrozumienia jego uwarunkowa\u0144, budowy, granic czy funkcjonowania, pojawiaj\u0105ce si\u0119 w poszczeg\u00f3lnych pracach, nie wyczerpuj\u0105 bogactwa refleksji. Widziany w ca\u0142o\u015bci cykl prac ujawnia rozmaite, przeplataj\u0105ce si\u0119 ze sob\u0105 w\u0105tki, kt\u00f3re tworz\u0105 mi\u0119dzy sob\u0105 nowe powi\u0105zania i sensy. Jasiukiewicz \u015bwiadomie rozmieszcza prace w nieliniowych uk\u0142adach, a na poszczeg\u00f3lnych zdj\u0119ciach bawi si\u0119 najr\u00f3\u017cniejszymi konwencjami. Pojawiaj\u0105 si\u0119 uj\u0119cia reporterskie, estetyka zaczerpni\u0119ta z reklamy, a\u017c po nawi\u0105zania znane z historii sztuki. J\u0119zyk fotografii ujawnia dzi\u0119ki temu swoj\u0105 elastyczno\u015b\u0107 i autonomi\u0119, a widz jest zmuszony, aby przyjrze\u0107 si\u0119 tematyce pod r\u00f3\u017cnym k\u0105tem i tym samym otworzy\u0107 si\u0119 na r\u00f3\u017cnorodne punkty widzenia. Jeszcze bardziej czytelnym zaproszeniem widza do udzia\u0142u w konstruowaniu znacze\u0144 jest wykorzystanie humoru. \u017bartobliwo\u015b\u0107 wielu prac, a w niekt\u00f3rych przypadkach przewrotno\u015b\u0107 ich tytu\u0142\u00f3w, w\u00a0delikatny spos\u00f3b wytr\u0105caj\u0105 nas z naszych wizualnych przyzwyczaje\u0144 i wci\u0105gaj\u0105 w pewn\u0105 gr\u0119, w kt\u00f3rej pod p\u0142aszczykiem humoru domy\u015bli\u0107 si\u0119 mo\u017cna czego\u015b wi\u0119cej. To w\u0142a\u015bnie ta gra uruchamia w widzu czujno\u015b\u0107 i dociekliwo\u015b\u0107, zaprasza do uwa\u017cniejszego przyjrzenia si\u0119 pracom i do samodzielnego rozwik\u0142ania tych wizualnych szarad.<br \/>W pracach Jakuba Jasiukiewicza cia\u0142o, temat tak cz\u0119sto podejmowany przez artyst\u00f3w, ukazuje nieco inne oblicze i udawania, jak niewyczerpany potencja\u0142 znacze\u0144 w nim drzemie. Pewnym podsumowaniem tych rozwa\u017ca\u0144 czy nawet swoistym ho\u0142dem oddanym naturze mo\u017ce by\u0107 niemal abstrakcyjna seria \u201eSiano\u201d. Cia\u0142o, w swej czysto biologicznej postaci, potraktowane zosta\u0142o jako pejza\u017c, kt\u00f3ry pozwala spojrze\u0107 na nie z bliska i zachwyci\u0107 si\u0119 jego z\u0142o\u017cono\u015bci\u0105.<\/h6>\n<p>\u00a0<\/p>\n<h6>Pobierz pe\u0142n\u0105 dokumentacj\u0119 wystawy tutaj:<br \/><a href=\"https:\/\/rodriguezgallery.com\/wp-content\/uploads\/2016\/06\/Tarcie-i-grawitacja-PL.pdf\" target=\"_blank\">Tarcie i grawitacja PL<\/a>\u00a0 \u00a0<a href=\"https:\/\/rodriguezgallery.com\/wp-content\/uploads\/2016\/06\/Gravity-and-friction-ENG.pdf\" target=\"_blank\">Gravity and friction ENG<\/a><\/h6>\n<h6 style=\"text-align: justify;\"><\/h6>\n<\/div><\/div><\/div><div id=\"pgc-417-1-1\"  class=\"panel-grid-cell\" ><div id=\"panel-417-1-1-0\" class=\"so-panel widget widget_black-studio-tinymce widget_black_studio_tinymce panel-first-child panel-last-child\" data-index=\"1\" ><div class=\"textwidget\"><h6 style=\"text-align: center;\"><\/h6>\n<p><div id='gallery-1' class='gallery galleryid-417 gallery-columns-3 gallery-size-thumbnail'><figure class='gallery-item'>\n\t\t\t<div class='gallery-icon landscape'>\n\t\t\t\t<a href='https:\/\/rodriguezgallery.com\/wp-content\/uploads\/2015\/10\/IMG_6054.jpg'><img loading=\"lazy\" decoding=\"async\" width=\"150\" height=\"150\" src=\"https:\/\/rodriguezgallery.com\/wp-content\/uploads\/2015\/10\/IMG_6054-150x150.jpg\" class=\"attachment-thumbnail size-thumbnail\" alt=\"\" \/><\/a>\n\t\t\t<\/div><\/figure><figure class='gallery-item'>\n\t\t\t<div class='gallery-icon landscape'>\n\t\t\t\t<a href='https:\/\/rodriguezgallery.com\/wp-content\/uploads\/2015\/10\/IMG_6125.jpg'><img loading=\"lazy\" decoding=\"async\" width=\"150\" height=\"150\" src=\"https:\/\/rodriguezgallery.com\/wp-content\/uploads\/2015\/10\/IMG_6125-150x150.jpg\" class=\"attachment-thumbnail size-thumbnail\" alt=\"\" \/><\/a>\n\t\t\t<\/div><\/figure><figure class='gallery-item'>\n\t\t\t<div class='gallery-icon landscape'>\n\t\t\t\t<a href='https:\/\/rodriguezgallery.com\/wp-content\/uploads\/2015\/09\/1.jpg'><img loading=\"lazy\" decoding=\"async\" width=\"150\" height=\"150\" src=\"https:\/\/rodriguezgallery.com\/wp-content\/uploads\/2015\/09\/1-150x150.jpg\" class=\"attachment-thumbnail size-thumbnail\" alt=\"\" \/><\/a>\n\t\t\t<\/div><\/figure><figure class='gallery-item'>\n\t\t\t<div class='gallery-icon portrait'>\n\t\t\t\t<a href='https:\/\/rodriguezgallery.com\/wp-content\/uploads\/2015\/09\/3.jpg'><img loading=\"lazy\" decoding=\"async\" width=\"150\" height=\"150\" src=\"https:\/\/rodriguezgallery.com\/wp-content\/uploads\/2015\/09\/3-150x150.jpg\" class=\"attachment-thumbnail size-thumbnail\" alt=\"\" \/><\/a>\n\t\t\t<\/div><\/figure><figure class='gallery-item'>\n\t\t\t<div class='gallery-icon landscape'>\n\t\t\t\t<a href='https:\/\/rodriguezgallery.com\/wp-content\/uploads\/2015\/10\/IMG_6078.jpg'><img loading=\"lazy\" decoding=\"async\" width=\"150\" height=\"150\" src=\"https:\/\/rodriguezgallery.com\/wp-content\/uploads\/2015\/10\/IMG_6078-150x150.jpg\" class=\"attachment-thumbnail size-thumbnail\" alt=\"\" \/><\/a>\n\t\t\t<\/div><\/figure><figure class='gallery-item'>\n\t\t\t<div class='gallery-icon portrait'>\n\t\t\t\t<a href='https:\/\/rodriguezgallery.com\/wp-content\/uploads\/2015\/09\/Kolumna_L_1200x800.jpg'><img loading=\"lazy\" decoding=\"async\" width=\"150\" height=\"150\" src=\"https:\/\/rodriguezgallery.com\/wp-content\/uploads\/2015\/09\/Kolumna_L_1200x800-150x150.jpg\" class=\"attachment-thumbnail size-thumbnail\" alt=\"\" \/><\/a>\n\t\t\t<\/div><\/figure><figure class='gallery-item'>\n\t\t\t<div class='gallery-icon portrait'>\n\t\t\t\t<a href='https:\/\/rodriguezgallery.com\/wp-content\/uploads\/2015\/09\/Kolumna_R_1200x800.jpg'><img loading=\"lazy\" decoding=\"async\" width=\"150\" height=\"150\" src=\"https:\/\/rodriguezgallery.com\/wp-content\/uploads\/2015\/09\/Kolumna_R_1200x800-150x150.jpg\" class=\"attachment-thumbnail size-thumbnail\" alt=\"\" \/><\/a>\n\t\t\t<\/div><\/figure><figure class='gallery-item'>\n\t\t\t<div class='gallery-icon landscape'>\n\t\t\t\t<a href='https:\/\/rodriguezgallery.com\/wp-content\/uploads\/2015\/09\/Biceps2015.jpg'><img loading=\"lazy\" decoding=\"async\" width=\"150\" height=\"150\" src=\"https:\/\/rodriguezgallery.com\/wp-content\/uploads\/2015\/09\/Biceps2015-150x150.jpg\" class=\"attachment-thumbnail size-thumbnail\" alt=\"\" \/><\/a>\n\t\t\t<\/div><\/figure><figure class='gallery-item'>\n\t\t\t<div class='gallery-icon portrait'>\n\t\t\t\t<a href='https:\/\/rodriguezgallery.com\/wp-content\/uploads\/2015\/09\/Hambody2015.jpg'><img loading=\"lazy\" decoding=\"async\" width=\"150\" height=\"150\" src=\"https:\/\/rodriguezgallery.com\/wp-content\/uploads\/2015\/09\/Hambody2015-150x150.jpg\" class=\"attachment-thumbnail size-thumbnail\" alt=\"\" \/><\/a>\n\t\t\t<\/div><\/figure><figure class='gallery-item'>\n\t\t\t<div class='gallery-icon landscape'>\n\t\t\t\t<a href='https:\/\/rodriguezgallery.com\/wp-content\/uploads\/2015\/09\/Black.jpg'><img loading=\"lazy\" decoding=\"async\" width=\"150\" height=\"150\" src=\"https:\/\/rodriguezgallery.com\/wp-content\/uploads\/2015\/09\/Black-150x150.jpg\" class=\"attachment-thumbnail size-thumbnail\" alt=\"\" \/><\/a>\n\t\t\t<\/div><\/figure><figure class='gallery-item'>\n\t\t\t<div class='gallery-icon landscape'>\n\t\t\t\t<a href='https:\/\/rodriguezgallery.com\/wp-content\/uploads\/2015\/09\/Black_mirror.jpg'><img loading=\"lazy\" decoding=\"async\" width=\"150\" height=\"150\" src=\"https:\/\/rodriguezgallery.com\/wp-content\/uploads\/2015\/09\/Black_mirror-150x150.jpg\" class=\"attachment-thumbnail size-thumbnail\" alt=\"\" \/><\/a>\n\t\t\t<\/div><\/figure><figure class='gallery-item'>\n\t\t\t<div class='gallery-icon portrait'>\n\t\t\t\t<a href='https:\/\/rodriguezgallery.com\/wp-content\/uploads\/2015\/09\/Balloon.jpg'><img loading=\"lazy\" decoding=\"async\" width=\"150\" height=\"150\" src=\"https:\/\/rodriguezgallery.com\/wp-content\/uploads\/2015\/09\/Balloon-150x150.jpg\" class=\"attachment-thumbnail size-thumbnail\" alt=\"\" \/><\/a>\n\t\t\t<\/div><\/figure><figure class='gallery-item'>\n\t\t\t<div class='gallery-icon portrait'>\n\t\t\t\t<a href='https:\/\/rodriguezgallery.com\/wp-content\/uploads\/2015\/09\/Diphallia2015.jpg'><img loading=\"lazy\" decoding=\"async\" width=\"150\" height=\"150\" src=\"https:\/\/rodriguezgallery.com\/wp-content\/uploads\/2015\/09\/Diphallia2015-150x150.jpg\" class=\"attachment-thumbnail size-thumbnail\" alt=\"\" \/><\/a>\n\t\t\t<\/div><\/figure><figure class='gallery-item'>\n\t\t\t<div class='gallery-icon portrait'>\n\t\t\t\t<a href='https:\/\/rodriguezgallery.com\/wp-content\/uploads\/2015\/09\/Ludzina-cropped.jpg'><img loading=\"lazy\" decoding=\"async\" width=\"150\" height=\"150\" src=\"https:\/\/rodriguezgallery.com\/wp-content\/uploads\/2015\/09\/Ludzina-cropped-150x150.jpg\" class=\"attachment-thumbnail size-thumbnail\" alt=\"\" \/><\/a>\n\t\t\t<\/div><\/figure><figure class='gallery-item'>\n\t\t\t<div class='gallery-icon portrait'>\n\t\t\t\t<a href='https:\/\/rodriguezgallery.com\/wp-content\/uploads\/2015\/09\/Selfeat_v2.jpg'><img loading=\"lazy\" decoding=\"async\" width=\"150\" height=\"150\" src=\"https:\/\/rodriguezgallery.com\/wp-content\/uploads\/2015\/09\/Selfeat_v2-150x150.jpg\" class=\"attachment-thumbnail size-thumbnail\" alt=\"\" \/><\/a>\n\t\t\t<\/div><\/figure><figure class='gallery-item'>\n\t\t\t<div class='gallery-icon portrait'>\n\t\t\t\t<a href='https:\/\/rodriguezgallery.com\/wp-content\/uploads\/2015\/09\/Matitek_1200x800.jpg'><img loading=\"lazy\" decoding=\"async\" width=\"150\" height=\"150\" src=\"https:\/\/rodriguezgallery.com\/wp-content\/uploads\/2015\/09\/Matitek_1200x800-150x150.jpg\" class=\"attachment-thumbnail size-thumbnail\" alt=\"\" \/><\/a>\n\t\t\t<\/div><\/figure><figure class='gallery-item'>\n\t\t\t<div class='gallery-icon portrait'>\n\t\t\t\t<a href='https:\/\/rodriguezgallery.com\/wp-content\/uploads\/2015\/09\/Syrenka_1200x800.jpg'><img loading=\"lazy\" decoding=\"async\" width=\"150\" height=\"150\" src=\"https:\/\/rodriguezgallery.com\/wp-content\/uploads\/2015\/09\/Syrenka_1200x800-150x150.jpg\" class=\"attachment-thumbnail size-thumbnail\" alt=\"\" \/><\/a>\n\t\t\t<\/div><\/figure><figure class='gallery-item'>\n\t\t\t<div class='gallery-icon portrait'>\n\t\t\t\t<a href='https:\/\/rodriguezgallery.com\/wp-content\/uploads\/2015\/09\/CutOff2015.jpg'><img loading=\"lazy\" decoding=\"async\" width=\"150\" height=\"150\" src=\"https:\/\/rodriguezgallery.com\/wp-content\/uploads\/2015\/09\/CutOff2015-150x150.jpg\" class=\"attachment-thumbnail size-thumbnail\" alt=\"\" \/><\/a>\n\t\t\t<\/div><\/figure><figure class='gallery-item'>\n\t\t\t<div class='gallery-icon portrait'>\n\t\t\t\t<a href='https:\/\/rodriguezgallery.com\/wp-content\/uploads\/2015\/09\/NotEnough2015.jpg'><img loading=\"lazy\" decoding=\"async\" width=\"150\" height=\"150\" src=\"https:\/\/rodriguezgallery.com\/wp-content\/uploads\/2015\/09\/NotEnough2015-150x150.jpg\" class=\"attachment-thumbnail size-thumbnail\" alt=\"\" \/><\/a>\n\t\t\t<\/div><\/figure><figure class='gallery-item'>\n\t\t\t<div class='gallery-icon portrait'>\n\t\t\t\t<a href='https:\/\/rodriguezgallery.com\/wp-content\/uploads\/2015\/09\/502015.jpg'><img loading=\"lazy\" decoding=\"async\" width=\"150\" height=\"150\" src=\"https:\/\/rodriguezgallery.com\/wp-content\/uploads\/2015\/09\/502015-150x150.jpg\" class=\"attachment-thumbnail size-thumbnail\" alt=\"\" \/><\/a>\n\t\t\t<\/div><\/figure><figure class='gallery-item'>\n\t\t\t<div class='gallery-icon portrait'>\n\t\t\t\t<a href='https:\/\/rodriguezgallery.com\/wp-content\/uploads\/2015\/09\/K\u0142osy-cropped.jpg'><img loading=\"lazy\" decoding=\"async\" width=\"150\" height=\"150\" src=\"https:\/\/rodriguezgallery.com\/wp-content\/uploads\/2015\/09\/K\u0142osy-cropped-150x150.jpg\" class=\"attachment-thumbnail size-thumbnail\" alt=\"\" \/><\/a>\n\t\t\t<\/div><\/figure><figure class='gallery-item'>\n\t\t\t<div class='gallery-icon landscape'>\n\t\t\t\t<a href='https:\/\/rodriguezgallery.com\/wp-content\/uploads\/2015\/09\/Hay-composition.jpg'><img loading=\"lazy\" decoding=\"async\" width=\"150\" height=\"150\" src=\"https:\/\/rodriguezgallery.com\/wp-content\/uploads\/2015\/09\/Hay-composition-150x150.jpg\" class=\"attachment-thumbnail size-thumbnail\" alt=\"\" srcset=\"https:\/\/rodriguezgallery.com\/wp-content\/uploads\/2015\/09\/Hay-composition-150x150.jpg 150w, https:\/\/rodriguezgallery.com\/wp-content\/uploads\/2015\/09\/Hay-composition-300x300.jpg 300w, https:\/\/rodriguezgallery.com\/wp-content\/uploads\/2015\/09\/Hay-composition-1024x1024.jpg 1024w, https:\/\/rodriguezgallery.com\/wp-content\/uploads\/2015\/09\/Hay-composition.jpg 1888w\" sizes=\"auto, (max-width: 150px) 100vw, 150px\" \/><\/a>\n\t\t\t<\/div><\/figure>\n\t\t<\/div>\n<\/p>\n<\/div><\/div><\/div><\/div><\/div>","protected":false},"excerpt":{"rendered":"<p>Jakub Jasiukiewicz: Tarcie i grawitacja \u00a0 \u00a015.10.2015 &#8211; 20.11.2015Artysta, znany ze swojego zainteresowania tematami takimi jak niepok\u00f3j, l\u0119k czy momenty graniczne, w swoim nowym projekcie porusza jeszcze bli\u017csz\u0105 cz\u0142owiekowi tematyk\u0119. <a class=\"moretag\" href=\"https:\/\/rodriguezgallery.com\/pl\/jakub-jasiukiewicz-gravity-friction\/\">Read More &#8230;<\/a><\/p>\n","protected":false},"author":1,"featured_media":0,"parent":0,"menu_order":0,"comment_status":"closed","ping_status":"closed","template":"full-width-page.php","meta":{"footnotes":""},"class_list":["post-417","page","type-page","status-publish","hentry"],"_links":{"self":[{"href":"https:\/\/rodriguezgallery.com\/pl\/wp-json\/wp\/v2\/pages\/417","targetHints":{"allow":["GET"]}}],"collection":[{"href":"https:\/\/rodriguezgallery.com\/pl\/wp-json\/wp\/v2\/pages"}],"about":[{"href":"https:\/\/rodriguezgallery.com\/pl\/wp-json\/wp\/v2\/types\/page"}],"author":[{"embeddable":true,"href":"https:\/\/rodriguezgallery.com\/pl\/wp-json\/wp\/v2\/users\/1"}],"replies":[{"embeddable":true,"href":"https:\/\/rodriguezgallery.com\/pl\/wp-json\/wp\/v2\/comments?post=417"}],"version-history":[{"count":1,"href":"https:\/\/rodriguezgallery.com\/pl\/wp-json\/wp\/v2\/pages\/417\/revisions"}],"predecessor-version":[{"id":5322,"href":"https:\/\/rodriguezgallery.com\/pl\/wp-json\/wp\/v2\/pages\/417\/revisions\/5322"}],"wp:attachment":[{"href":"https:\/\/rodriguezgallery.com\/pl\/wp-json\/wp\/v2\/media?parent=417"}],"curies":[{"name":"wp","href":"https:\/\/api.w.org\/{rel}","templated":true}]}}