{"id":419,"date":"2015-09-03T16:10:50","date_gmt":"2015-09-03T14:10:50","guid":{"rendered":"http:\/\/rodriguezgallery.com\/?page_id=419"},"modified":"2019-04-08T12:43:05","modified_gmt":"2019-04-08T10:43:05","slug":"jakub-jasiukiewicz-cv","status":"publish","type":"page","link":"https:\/\/rodriguezgallery.com\/pl\/jakub-jasiukiewicz-cv\/","title":{"rendered":"Jakub Jasiukiewicz CV"},"content":{"rendered":"<div id=\"pl-419\"  class=\"panel-layout\" ><div id=\"pg-419-0\"  class=\"panel-grid panel-no-style\" ><div id=\"pgc-419-0-0\"  class=\"panel-grid-cell\" ><div id=\"panel-419-0-0-0\" class=\"so-panel widget widget_black-studio-tinymce widget_black_studio_tinymce panel-first-child panel-last-child\" data-index=\"0\" ><div class=\"textwidget\"><h6><span style=\"color: #121111;\"><span class=\"\" style=\"display:block;clear:both;height: 0px;padding-top: 30px;border-top-width:0px;border-bottom-width:0px;\"><\/span><\/span><\/h6>\n<h6><span style=\"color: #121111;\"><strong>Jakub Jasiukiewicz<\/strong><\/span><\/h6>\n<h6>Urodzony w Szczecinie\u00a0(1983). Mieszka i pracuje w Poznaniu<br \/>\nKierownik Katedry Intermedi\u00f3w na Uniwersytecie Artystycznym w Poznaniu<br \/>\nW latach 2005-2010 wsp\u00f3\u0142tworzy\u0142 grup\u0119 4!<\/h6>\n<h6><span style=\"color: #121111;\"><strong>EDUKACJA:<\/strong><\/span><\/h6>\n<h6><span style=\"color: #121111;\"><strong>2012<\/strong>\u00a0Doktorat w zakresie fotografii, Uniwersytet Artystyczny w Poznaniu<br \/>\n<\/span><span style=\"color: #121111;\"><strong>2008<\/strong>\u00a0Dyplom magisterski w zakresie Intermedi\u00f3w, Akademia Sztuk Pi\u0119knych w Poznaniu<\/span><\/h6>\n<h6><span style=\"color: #121111;\"><strong>WYBRANE WYSTAWY INDYWIDUALNE:<\/strong><\/span><\/h6>\n<h6><strong>2015<\/p>\n<p><\/strong><span style=\"color: #121111;\"><em>Tarcie i grawitacja ,\u00a0<\/em>Rodr\u00edguez Gallery, Pozna\u0144<\/span><\/h6>\n<h6><span style=\"color: #121111;\"><strong>2013<\/p>\n<p><\/strong><\/span><em>Obserwatorium<\/em>, Centrum\u00a0Kultury\u00a0Zamek, Pozna\u0144<\/h6>\n<h6><span style=\"color: #121111;\"><strong>2012<\/p>\n<p><\/strong><\/span><em>Plaga<\/em>, Galeria Miejska Arsena\u0142, Pozna\u0144<\/h6>\n<h6><strong>2011<\/p>\n<p><\/strong><em>21122012<\/em>, Galeria Fotografii PF, Centrum Kultury Zamek, Pozna\u0144<strong><br \/>\n<\/strong><em>Trudne odpowiedzi na proste pytania<\/em>, Galeria Sztuki Wozownia, Toru\u0144<br \/>\n<em>Zima \u017bycia<\/em>, Miejska Galeria Sztuki 13 Muz, Szczecin<\/h6>\n<h6><span style=\"color: #121111;\"><strong>2010<\/p>\n<p><\/strong><\/span><em>Dawka Letalna<\/em>, Galeria ON, Pozna\u0144<\/h6>\n<h6><span style=\"color: #121111;\"><strong>WYBRANE WYSTAWY\u00a0ZBIOROWE:<\/strong><\/span><\/h6>\n<h6><span style=\"color: #121111;\"><strong>2019<\/p>\n<p><\/strong><\/span>Stany Skupienia (razem z Jan\u0105 Shostak), Muzeum Wsp\u00f3\u0142czesne Wroc\u0142aw<\/h6>\n<h6><strong>2018<\/p>\n<p><\/strong>\u017bycie codzienne w Polsce, Galeria Miejska Arsena\u0142 w Poznaniu<br \/>\nAnti-static, Muzeum Narodowe w Poznaniu<br \/>\nPok\u00f3j na \u015bwiecie zaczyna si\u0119 przy rodzinnym stole (razem z Jan\u0105 Shostak), Centrum Kultury Zamek w Poznaniu, PL<\/h6>\n<h6><strong>2017<\/p>\n<p><\/strong>\u015awiat nale\u017cy do Ciebie, Art Walk Gallery, Warszawa, PL<br \/>\nNa osobnych orbitach, Galeria R20, Pozna\u0144, PL<br \/>\n#biblioteka, Centrum Kultury Zamek w Poznaniu<\/h6>\n<h6><strong>2016<\/p>\n<p><\/strong>Nieczytelno\u015b\u0107. Palimpsesty, Muzeum Pana Tadeusza, Wroc\u0142aw<br \/>\nLEMinarium, Lwowski Pa\u0142ac Sztuki, Lw\u00f3w, UA<br \/>\nFinisa\u017c sezonu, Rodriguez Gallery, Pozna\u0144<br \/>\nNieczytelno\u015b\u0107, Art Stations Foundation - Stary Browar, Pozna\u0144<br \/>\nInwazja - Sztuka na lotnisku, Port Lotniczy Wroc\u0142aw, ESK 2016<\/h6>\n<h6><strong>2015<\/p>\n<p><\/strong>Czasoprzestrze\u0144, 9. Biennale Fotografii - Eksploracje, C.K.Zamek, Pozna\u0144<br \/>\nPrzej\u015bcia Graniczne<span style=\"color: #121111;\">, Galeria Bia\u0142a, Lublin<\/span><br \/>\n<span style=\"color: #121111;\">WRO on Tour - Baltic Video Lounge, Susanne Burmester Galerie, Putbus DE<\/span><\/h6>\n<h6><span style=\"color: #121111;\"><strong>2014<\/p>\n<p><\/strong><\/span><em>Granice globalizacji<\/em>, Mediations Biennale 2014, Pozna\u0144<br \/>\n<span style=\"color: #121111;\"><em>Stany Po\u015brednie<\/em>, Galeria WNS UAM, Pozna\u0144<br \/>\n<em>Martwe Natury<\/em>, Galeria Halo, Olsztyn<\/span><\/h6>\n<h6><span style=\"color: #121111;\"><strong>2013<\/p>\n<p><\/strong><\/span><em>Mum, I just really need to focus on my art right now<\/em>, Galeria Miejska Arsena\u0142, Pozna\u0144<br \/>\n<span style=\"color: #121111;\"><em>Romantic Apprehensions<\/em>, metamatic:taf, Ateny GR<\/span><\/h6>\n<h6><span style=\"color: #121111;\"><strong>2012<\/p>\n<p><\/strong><\/span>Crazycurators Biennale IIII, Space Projects, Bratys\u0142awa, SK<br \/>\n<span style=\"color: #121111;\">Es ist Zeit fur Turnschuhe, Kunstlerhaus Dortmund, DE<\/span><\/h6>\n<h6><span style=\"color: #121111;\"><strong>2011<\/p>\n<p><\/strong><\/span>14. Biennale Sztuki Medi\u00f3w Wro 2011 <em>Alternative Now<\/em>, Centrum Sztuki Wro, Wroc\u0142aw<br \/>\n<span style=\"color: #121111;\"><em>Sztuka-Obiekt-Zapis<\/em>, Centrum Sztuki Patio, \u0141\u00f3d\u017a<\/span><br \/>\n<span style=\"color: #121111;\"><em>Residency<\/em> Lab 2010, Space Projects, Bratislava, SK<\/span><br \/>\n<span style=\"color: #121111;\"><em>Video Riot<\/em>, Transvizualia, Gdynia<\/span><\/h6>\n<h6><span style=\"color: #121111;\"><strong>2010<\/p>\n<p><\/strong><\/span>7. Samsung Art Master, Centrum Sztuki Wsp\u00f3\u0142czesnej Zamek Ujazdowski, Warszawa<br \/>\n<em>Erased Walls<\/em>, Space Projects, Bratislava, SK<br \/>\n<span style=\"color: #121111;\">19. dokumentART, Szczecin, PL \/ Neubrandenburg, DE<\/span><br \/>\n<span style=\"color: #121111;\"><em>Beyond Mediations<\/em>, Mediations Biennale 2010, Muzeum Narodowe w Poznaniu<\/span><br \/>\n<span style=\"color: #121111;\"><em>Erased Walls<\/em>, Mediations Biennale 2010, kompleks budynk\u00f3w na ul. Orzeszkowej 6, Pozna\u0144<\/span><br \/>\n<span style=\"color: #121111;\"><em>Art Show<\/em>, S\u0142odownia Starego Browaru, Pozna\u0144<\/span><br \/>\n<span style=\"color: #121111;\">Nomad Space @ Pohoda, Pohoda Festival, Trencin, SK<\/span><br \/>\n<span style=\"color: #121111;\"><em>Arbeitstitel. Working Title<\/em>, Akademie Schloss Solitude, Stuttgart, DE<\/span><\/h6>\n<h6><span style=\"color: #121111;\"><strong>2009<\/p>\n<p><\/strong><\/span>Die \u00bbR\u00f6mer\u00ab VIII: Mit hei\u00dfer Nadel, Projektraum R\u00f6merstr, Stuttgart, DE<br \/>\n<span style=\"color: #121111;\"><em>Working Title. Tytu\u0142 Roboczy<\/em>, Centrum Sztuki Wsp\u00f3\u0142czesnej Zamek Ujazdowski, Warszawa<\/span><br \/>\n<span style=\"color: #121111;\"><em>Difference Beyond Difference<\/em>, Stary Browar, S\u0142odownia, Pozna\u0144<\/span><br \/>\n<span style=\"color: #121111;\"><em>Hazard<\/em>, Galeria Wozownia, Toru\u0144<\/span><br \/>\n<span style=\"color: #121111;\"><em>Erased Walls<\/em>, Freies Museum Berlin, DE<\/span><br \/>\n<span style=\"color: #121111;\"><em>Video in Progress 3<\/em>, Photon Gallery, Lublana, SL<\/span><br \/>\n<span style=\"color: #121111;\">KontenerArt09, Pozna\u0144<\/span><br \/>\n<span style=\"color: #121111;\"><em>Modu\u0142 Publiczny<\/em>, Pozna\u0144 - Pi\u0142a - Leszno<\/span><br \/>\n<span style=\"color: #121111;\"><em>Boondoks<\/em>, Kunsthalle Faust, Hanower, DE<\/span><br \/>\n<span style=\"color: #121111;\"><em>Kombat Center<\/em>, Galeria Miejska 13 Muz, Szczecin<\/span><br \/>\n<span style=\"color: #121111;\">19th International Videofestival, Bochum, DE<\/span><br \/>\n<span style=\"color: #121111;\">Medienfestival plattform:[no budget], T\u00fcbingen, DE<\/span><br \/>\n<span style=\"color: #121111;\">WRO '09 Expanded City \u2013 13. Biennale Sztuki Medi\u00f3w, Wroc\u0142aw<\/span><br \/>\n<span style=\"color: #121111;\">Pozna\u0144 Poet\u00f3w<\/span><br \/>\n<span style=\"color: #121111;\"><em>Hazard<\/em>, Art Claims Impulse Gallery, Berlin, DE<\/span><\/h6>\n<h6><strong>2008<\/p>\n<p><\/strong><em>Pedopolis<\/em>, Galeria Miejska Arsena\u0142, Pozna\u0144<strong><br \/>\n<\/strong><em>Stan Podgor\u0105czkowy<\/em>, Stary Browar, Pozna\u0144<strong><br \/>\n<\/strong><em>Prawdziwe Wilki s\u0105 ze Stali<\/em>, Galeria BWA, Sanok<br \/>\n<em>Szara Rzecz<\/em>, Galeria ON, Pozna\u0144<br \/>\n<em>D\u017awi\u0119kowe Perspektywy Ekranu<\/em>, Bydgoszcz<br \/>\n<em>Wielka Polska<\/em>, Mediations Biennale, Pozna\u0144<br \/>\n<em>Pole Widzenia<\/em>, Centrum Sztuki Wsp\u00f3\u0142czesnej Znaki Czasu, Toru\u0144<br \/>\nSamsung Art Master, Centrum Sztuki Wsp\u00f3\u0142czesnej Zamek Ujazdowski, Warszawa<br \/>\n<em>Manual CC<\/em>, Centrum Sztuki Wsp\u00f3\u0142czesnej Zamek Ujazdowski, Warszawa<br \/>\n<em>Manual CC<\/em>, Uqbar Project Space, Berlin, DE<\/h6>\n<h6><span style=\"color: #121111;\"><strong>2007<\/p>\n<p><\/strong><\/span><em>Mortal Kombat<\/em>, Galeria ON, Pozna\u0144<br \/>\n<em>Histerie\/Neurosis<\/em>, Art Claims Impulse Gallery, Berlin, DE<br \/>\n<em>Videomedeja<\/em>, Museum of Vojvodina, Nowy Sad, RS<br \/>\n<em>Imperium Zmys\u0142\u00f3w<\/em>, Stary Browar, Pozna\u0144<br \/>\n<em>Kino<\/em>, Galeria Klimy Boche\u0144skiej, Warszawa<br \/>\n<em>Sztuka Puka<\/em>, Galeria ON, Pozna\u0144<br \/>\n<em>Manual CC<\/em>, Galeria Kronika, Bytom<br \/>\nPlazma \u2013 festiwal sztuki w przestrzeni publicznej, Pozna\u0144<\/h6>\n<h6><strong>2006<\/p>\n<p><\/strong><em>Timeless<\/em>, Galeria ON, Pozna\u0144<br \/>\n<em>Timeless<\/em>, Dartington Gallery, Devon, UK<br \/>\nDritte Berliner Kunstsalon, Berlin, DE<br \/>\nDiesel New Art, Betonsalon, Wiede\u0144, AT<br \/>\n<em>Vidoci<\/em>, Stary Browar, Pozna\u0144<br \/>\n<em>Fun Art<\/em>, IF Museum Inner Spaces, Pozna\u0144<br \/>\n<em>Absolute Power<\/em>, Galeria Aula, Pozna\u0144<br \/>\n<em>Wymazywanie<\/em>, Galeria Ratusza Miejskiego, Ko\u0142obrzeg<\/h6>\n<h6><strong>2005<\/p>\n<p><\/strong><em>Wst\u0119p Wzbroniony<\/em>, Galeria Amfilada, Szczecin<br \/>\n<em>Prace Domowe<\/em>, Pracownia Transplantacji Rze\u017aby, Pozna\u0144<br \/>\n<em>Period<\/em>, Galeria Szyperska, Pozna\u0144<br \/>\n<em>OM<\/em>, Galeria ON, Pozna\u0144<br \/>\n4!, Miejsce Sztuki Officyna, Szczecin<br \/>\n<em>Dirty Bomb<\/em>, Stary Browar, Pozna\u0144<br \/>\n<em>Pe\u0142nia Sezonu<\/em>, Modelarnia, Gda\u0144sk<br \/>\n<em>Media\/Nacje<\/em>, Instytut Sztuki Wyspa, Gda\u0144sk<br \/>\n<em>Prawda Ekranu<\/em>, Galeria Klimy Boche\u0144skiej, Warszawa<\/h6>\n<h6><span style=\"color: #121111;\"><strong>WYBRANE NAGRODY I STYPENDIA:<br \/>\n<\/strong><br \/>\n<strong>2010<\/p>\n<p><\/strong><\/span><span style=\"color: #121111;\">Visegrad Found (rezydencja VI-VIII.2010, Space Gallery Bratys\u0142awa)<\/span><\/h6>\n<h6><span style=\"color: #121111;\"><strong>2009<\/p>\n<p><\/strong><\/span>Akademie Schloss Solitude (stypendium i rezydencja, X-XII.)<br \/>\n<span style=\"color: #121111;\">M\u0142oda Polska \u2013 stypendium Ministra Kultury i Dziedzictwa Narodowego<\/span><br \/>\n<span style=\"color: #121111;\">Pozna\u0144 Poet\u00f3w (pierwsza nagroda)<\/span><\/h6>\n<h6><span style=\"color: #121111;\"><strong>2008<\/p>\n<p><\/strong><\/span>Stypendium Wydzia\u0142u Komunikacji Multimedialnej ASP w Poznaniu<br \/>\nSamsung Art Master (wyr\u00f3\u017cnienie)<\/h6>\n<h6><strong>2007<\/p>\n<p><\/strong>Stypendium Naukowe Ministra Kultury i Dziedzictwa Narodowego<br \/>\nDolina Kreatywna (druga nagroda)<\/h6>\n<h6><strong>2006<\/p>\n<p><\/strong>Top Talent Award (wyr\u00f3\u017cnienie)<br \/>\nDiesel New Art (wyr\u00f3\u017cnienie)<\/h6>\n<h6><strong>2003<\/p>\n<p><\/strong>Stypendium Marsza\u0142ka Wojew\u00f3dztwa Zachodniopomorskiego<\/h6>\n<h6><strong>2002<\/p>\n<p><\/strong>Stypendium Prezydenta Miasta Szczecina<\/h6>\n<h6><span style=\"color: #121111;\"><\/span><\/h6>\n<\/div><\/div><\/div><div id=\"pgc-419-0-1\"  class=\"panel-grid-cell\" ><div id=\"panel-419-0-1-0\" class=\"so-panel widget widget_black-studio-tinymce widget_black_studio_tinymce panel-first-child panel-last-child\" data-index=\"1\" ><div class=\"textwidget\"><p><span class=\"\" style=\"display:block;clear:both;height: 0px;padding-top: 30px;border-top-width:0px;border-bottom-width:0px;\"><\/span><\/p>\n<h6><a href=\"http:\/\/rodriguezgallery.com\/jakub-jasiukiewicz\/\">Powr\u00f3t do Strony Artysty<\/a><\/h6>\n<h6><a href=\"http:\/\/rodriguezgallery.com\/jakub-jasiukiewicz-works\/\">Prace<\/a><\/h6>\n<h6><a href=\"http:\/\/www.jasiukiewicz.com\/\" target=\"_blank\">Web Artysty<\/a>\u00a0<\/h6>\n<\/div><\/div><\/div><\/div><\/div>","protected":false},"excerpt":{"rendered":"<p>Jakub Jasiukiewicz Urodzony w Szczecinie\u00a0(1983). Mieszka i pracuje w Poznaniu Kierownik Katedry Intermedi\u00f3w na Uniwersytecie Artystycznym w Poznaniu W latach 2005-2010 wsp\u00f3\u0142tworzy\u0142 grup\u0119 4! EDUKACJA: 2012\u00a0Doktorat w zakresie fotografii, Uniwersytet <a class=\"moretag\" href=\"https:\/\/rodriguezgallery.com\/pl\/jakub-jasiukiewicz-cv\/\">Read More &#8230;<\/a><\/p>\n","protected":false},"author":1,"featured_media":0,"parent":0,"menu_order":0,"comment_status":"closed","ping_status":"closed","template":"full-width-page.php","meta":{"footnotes":""},"class_list":["post-419","page","type-page","status-publish","hentry"],"_links":{"self":[{"href":"https:\/\/rodriguezgallery.com\/pl\/wp-json\/wp\/v2\/pages\/419","targetHints":{"allow":["GET"]}}],"collection":[{"href":"https:\/\/rodriguezgallery.com\/pl\/wp-json\/wp\/v2\/pages"}],"about":[{"href":"https:\/\/rodriguezgallery.com\/pl\/wp-json\/wp\/v2\/types\/page"}],"author":[{"embeddable":true,"href":"https:\/\/rodriguezgallery.com\/pl\/wp-json\/wp\/v2\/users\/1"}],"replies":[{"embeddable":true,"href":"https:\/\/rodriguezgallery.com\/pl\/wp-json\/wp\/v2\/comments?post=419"}],"version-history":[{"count":1,"href":"https:\/\/rodriguezgallery.com\/pl\/wp-json\/wp\/v2\/pages\/419\/revisions"}],"predecessor-version":[{"id":5029,"href":"https:\/\/rodriguezgallery.com\/pl\/wp-json\/wp\/v2\/pages\/419\/revisions\/5029"}],"wp:attachment":[{"href":"https:\/\/rodriguezgallery.com\/pl\/wp-json\/wp\/v2\/media?parent=419"}],"curies":[{"name":"wp","href":"https:\/\/api.w.org\/{rel}","templated":true}]}}