{"id":4281,"date":"2019-01-18T19:36:55","date_gmt":"2019-01-18T17:36:55","guid":{"rendered":"http:\/\/rodriguezgallery.com\/?page_id=4281"},"modified":"2019-03-08T16:51:42","modified_gmt":"2019-03-08T14:51:42","slug":"below-blue-horizon-2","status":"publish","type":"page","link":"https:\/\/rodriguezgallery.com\/pl\/below-blue-horizon-2\/","title":{"rendered":"(English) Below Blue Horizon"},"content":{"rendered":"<div id=\"pl-4281\"  class=\"panel-layout\" ><div id=\"pg-4281-0\"  class=\"panel-grid panel-no-style\" ><div id=\"pgc-4281-0-0\"  class=\"panel-grid-cell\" ><div id=\"panel-4281-0-0-0\" class=\"so-panel widget widget_black-studio-tinymce widget_black_studio_tinymce panel-first-child panel-last-child\" data-index=\"0\" ><div class=\"textwidget\"><h6><span class=\"\" style=\"display:block;clear:both;height: 0px;padding-top: 20px;border-top-width:0px;border-bottom-width:0px;\"><\/span><\/h6>\n<h6><strong><em>Pod B\u0142\u0119kitnym Horyzontem<\/em><em><br \/>\n<\/em>10.01 - 15.02.2019<br \/>\n<\/strong>kurator Tiago de Abreu Pinto<\/h6>\n<h6>Koji Kamoji zapytany o swoj\u0105 praktyk\u0119 malowania na kolanach odpowiada: \u201cw pozycji kl\u0119cz\u0105cej o wiele \u0142atwiej jest si\u0119 skoncentrowa\u0107\u201d. My\u015bl\u0119, \u017ce odnosi si\u0119 on tak\u017ce do pewnego braku stabilno\u015bci gruntu pod nogami. Rozumie, \u017ce zawsze jest o krok od upadku, i w\u0142a\u015bnie to nieustanne ucz ucie zw\u0105tpienia i rozchwiania sprzyja skupieniu umys\u0142u. T\u0119 jasno\u015b\u0107 umys\u0142u, kiedy uginaj\u0105 si\u0119 pod nami kolana, nazwa\u0107 mo\u017cemy etyk\u0105 niepewno\u015bci. Spojrzenie tw\u00f3rcy zawsze jest skierowane poni\u017cej wysublimowanego nieba, w kierunku ziemi.<\/h6>\n<h6>W filmie, w kt\u00f3rym bracia Kaczy\u0144scy wyst\u0105pili jako dzieci, rozgrywa si\u0119 s\u0142ynna scena. Dw\u00f3ch ma\u0142ych blondynk\u00f3w podkrada si\u0119 do zachodz\u0105cego ksi\u0119\u017cyca i chwyta go w momencie, gdy schodzi pod lini\u0119 ciemnego horyzontu. Z dzisiejszego punktu widzenia, kiedy polityczna ciemno\u015b\u0107 rozprzestrzenia si\u0119 po ca\u0142ym \u015bwiecie, ta bajka zdaje si\u0119 by\u0107 z\u0142owieszczym omenem. Izolacjonistyczny nacjonalizm skazuje imigrant\u00f3w na oczekiwanie - na azyl, prac\u0119, wiz\u0119, wytchnienie - jedn\u0105 nog\u0105 za granic\u0105, ze spojrzeniem skierowanym ju\u017c na inny kraj. Poza horyzontem kryje si\u0119 szansa i oczekiwanie. Za horyzontem s\u0105 wspomnienia i t\u0119sknota. Ale pod horyzontem znajduje si\u0119 tu i teraz, kiedy stajemy w momencie za\u0107mienia, kiedy gasn\u0105 \u015bwiat\u0142a, a znikaj\u0105cy punkt chowa si\u0119 za ciemnym horyzontem, nie tam, lecz tu. <\/h6>\n<p>&nbsp;<\/p>\n<\/div><\/div><\/div><div id=\"pgc-4281-0-1\"  class=\"panel-grid-cell\" ><div id=\"panel-4281-0-1-0\" class=\"so-panel widget widget_black-studio-tinymce widget_black_studio_tinymce panel-first-child panel-last-child\" data-index=\"1\" ><div class=\"textwidget\"><p><span class=\"\" style=\"display:block;clear:both;height: 0px;padding-top: 20px;border-top-width:0px;border-bottom-width:0px;\"><\/span><\/p>\n<p><div id='gallery-1' class='gallery galleryid-4281 gallery-columns-3 gallery-size-thumbnail'><figure class='gallery-item'>\n\t\t\t<div class='gallery-icon landscape'>\n\t\t\t\t<a href='https:\/\/rodriguezgallery.com\/wp-content\/uploads\/2019\/01\/Sreshta-Rit-Premnath-Below-Blue-Horizon-Installation-View-4-2019.jpg'><img loading=\"lazy\" decoding=\"async\" width=\"150\" height=\"150\" src=\"https:\/\/rodriguezgallery.com\/wp-content\/uploads\/2019\/01\/Sreshta-Rit-Premnath-Below-Blue-Horizon-Installation-View-4-2019-150x150.jpg\" class=\"attachment-thumbnail size-thumbnail\" alt=\"\" \/><\/a>\n\t\t\t<\/div><\/figure><figure class='gallery-item'>\n\t\t\t<div class='gallery-icon landscape'>\n\t\t\t\t<a href='https:\/\/rodriguezgallery.com\/wp-content\/uploads\/2019\/01\/2.-Sreshta-Rit-Premnath-Shadow-in-the-Sky-detail-2019-String-Ammonite-fossil-catalogue-of-Koji-Kamoji-and-rice-paper-variable-dimensions.jpg'><img loading=\"lazy\" decoding=\"async\" width=\"150\" height=\"150\" src=\"https:\/\/rodriguezgallery.com\/wp-content\/uploads\/2019\/01\/2.-Sreshta-Rit-Premnath-Shadow-in-the-Sky-detail-2019-String-Ammonite-fossil-catalogue-of-Koji-Kamoji-and-rice-paper-variable-dimensions-150x150.jpg\" class=\"attachment-thumbnail size-thumbnail\" alt=\"\" \/><\/a>\n\t\t\t<\/div><\/figure><figure class='gallery-item'>\n\t\t\t<div class='gallery-icon landscape'>\n\t\t\t\t<a href='https:\/\/rodriguezgallery.com\/wp-content\/uploads\/2018\/12\/Sreshta-Rit-Premnath-Shadow-in-the-Sky-installation-detail-2018-2.jpg'><img loading=\"lazy\" decoding=\"async\" width=\"150\" height=\"150\" src=\"https:\/\/rodriguezgallery.com\/wp-content\/uploads\/2018\/12\/Sreshta-Rit-Premnath-Shadow-in-the-Sky-installation-detail-2018-2-150x150.jpg\" class=\"attachment-thumbnail size-thumbnail\" alt=\"\" \/><\/a>\n\t\t\t<\/div><\/figure><figure class='gallery-item'>\n\t\t\t<div class='gallery-icon landscape'>\n\t\t\t\t<a href='https:\/\/rodriguezgallery.com\/wp-content\/uploads\/2019\/01\/Sreshta-Rit-Premnath-Shadow-in-the-Sky-2019-String-Ammonite-fossil-catalogue-of-Koji-Kamoji-and-rice-paper-variable-dimensions.jpg'><img loading=\"lazy\" decoding=\"async\" width=\"150\" height=\"150\" src=\"https:\/\/rodriguezgallery.com\/wp-content\/uploads\/2019\/01\/Sreshta-Rit-Premnath-Shadow-in-the-Sky-2019-String-Ammonite-fossil-catalogue-of-Koji-Kamoji-and-rice-paper-variable-dimensions-150x150.jpg\" class=\"attachment-thumbnail size-thumbnail\" alt=\"\" \/><\/a>\n\t\t\t<\/div><\/figure><figure class='gallery-item'>\n\t\t\t<div class='gallery-icon landscape'>\n\t\t\t\t<a href='https:\/\/rodriguezgallery.com\/wp-content\/uploads\/2019\/03\/Sreshta-Rit-Premnath-The-Sky-Below-2019-Aluminium-Sheet-96x200cm.jpg'><img loading=\"lazy\" decoding=\"async\" width=\"150\" height=\"150\" src=\"https:\/\/rodriguezgallery.com\/wp-content\/uploads\/2019\/03\/Sreshta-Rit-Premnath-The-Sky-Below-2019-Aluminium-Sheet-96x200cm-150x150.jpg\" class=\"attachment-thumbnail size-thumbnail\" alt=\"\" \/><\/a>\n\t\t\t<\/div><\/figure><figure class='gallery-item'>\n\t\t\t<div class='gallery-icon landscape'>\n\t\t\t\t<a href='https:\/\/rodriguezgallery.com\/wp-content\/uploads\/2019\/01\/Sreshta-Rit-Premnath-Eclipse-2019-Sumi-ink-on-paper-Triptych-56x76cm-each.jpg'><img loading=\"lazy\" decoding=\"async\" width=\"150\" height=\"150\" src=\"https:\/\/rodriguezgallery.com\/wp-content\/uploads\/2019\/01\/Sreshta-Rit-Premnath-Eclipse-2019-Sumi-ink-on-paper-Triptych-56x76cm-each-150x150.jpg\" class=\"attachment-thumbnail size-thumbnail\" alt=\"\" \/><\/a>\n\t\t\t<\/div><\/figure><figure class='gallery-item'>\n\t\t\t<div class='gallery-icon landscape'>\n\t\t\t\t<a href='https:\/\/rodriguezgallery.com\/wp-content\/uploads\/2019\/01\/Sreshta-Rit-Premnath-Eclipse-2019-Sumi-ink-on-paper-Triptych-56x76cm-each-1.jpg'><img loading=\"lazy\" decoding=\"async\" width=\"150\" height=\"150\" src=\"https:\/\/rodriguezgallery.com\/wp-content\/uploads\/2019\/01\/Sreshta-Rit-Premnath-Eclipse-2019-Sumi-ink-on-paper-Triptych-56x76cm-each-1-150x150.jpg\" class=\"attachment-thumbnail size-thumbnail\" alt=\"\" \/><\/a>\n\t\t\t<\/div><\/figure><figure class='gallery-item'>\n\t\t\t<div class='gallery-icon landscape'>\n\t\t\t\t<a href='https:\/\/rodriguezgallery.com\/wp-content\/uploads\/2019\/01\/Sreshta-Rit-Premnath-Eclipse-2019-Sumi-ink-on-paper-Triptych-56x76cm-each-2.jpg'><img loading=\"lazy\" decoding=\"async\" width=\"150\" height=\"150\" src=\"https:\/\/rodriguezgallery.com\/wp-content\/uploads\/2019\/01\/Sreshta-Rit-Premnath-Eclipse-2019-Sumi-ink-on-paper-Triptych-56x76cm-each-2-150x150.jpg\" class=\"attachment-thumbnail size-thumbnail\" alt=\"\" \/><\/a>\n\t\t\t<\/div><\/figure><figure class='gallery-item'>\n\t\t\t<div class='gallery-icon landscape'>\n\t\t\t\t<a href='https:\/\/rodriguezgallery.com\/wp-content\/uploads\/2019\/01\/Sreshta-Rit-Premnath-Eclipse-2019-Sumi-ink-on-paper-Triptych-56x76cm-each-3.jpg'><img loading=\"lazy\" decoding=\"async\" width=\"150\" height=\"150\" src=\"https:\/\/rodriguezgallery.com\/wp-content\/uploads\/2019\/01\/Sreshta-Rit-Premnath-Eclipse-2019-Sumi-ink-on-paper-Triptych-56x76cm-each-3-150x150.jpg\" class=\"attachment-thumbnail size-thumbnail\" alt=\"\" \/><\/a>\n\t\t\t<\/div><\/figure><figure class='gallery-item'>\n\t\t\t<div class='gallery-icon landscape'>\n\t\t\t\t<a href='https:\/\/rodriguezgallery.com\/wp-content\/uploads\/2019\/01\/Sreshta-Rit-Premnath-Not-Here-2019-Bleached-Linen-122x244cm.jpg'><img loading=\"lazy\" decoding=\"async\" width=\"150\" height=\"150\" src=\"https:\/\/rodriguezgallery.com\/wp-content\/uploads\/2019\/01\/Sreshta-Rit-Premnath-Not-Here-2019-Bleached-Linen-122x244cm-150x150.jpg\" class=\"attachment-thumbnail size-thumbnail\" alt=\"\" \/><\/a>\n\t\t\t<\/div><\/figure><figure class='gallery-item'>\n\t\t\t<div class='gallery-icon landscape'>\n\t\t\t\t<a href='https:\/\/rodriguezgallery.com\/wp-content\/uploads\/2019\/03\/Sreshta-Rit-Premnath-Una-Doble-Vida-2019-2-Channel-HD-Video-55822.jpg'><img loading=\"lazy\" decoding=\"async\" width=\"150\" height=\"150\" src=\"https:\/\/rodriguezgallery.com\/wp-content\/uploads\/2019\/03\/Sreshta-Rit-Premnath-Una-Doble-Vida-2019-2-Channel-HD-Video-55822-150x150.jpg\" class=\"attachment-thumbnail size-thumbnail\" alt=\"\" \/><\/a>\n\t\t\t<\/div><\/figure><figure class='gallery-item'>\n\t\t\t<div class='gallery-icon landscape'>\n\t\t\t\t<a href='https:\/\/rodriguezgallery.com\/wp-content\/uploads\/2019\/03\/Sreshta-Rit-Premnath-Una-Doble-Vida-2019-2-Channel-HD-Video-55822-detail.jpg'><img loading=\"lazy\" decoding=\"async\" width=\"150\" height=\"150\" src=\"https:\/\/rodriguezgallery.com\/wp-content\/uploads\/2019\/03\/Sreshta-Rit-Premnath-Una-Doble-Vida-2019-2-Channel-HD-Video-55822-detail-150x150.jpg\" class=\"attachment-thumbnail size-thumbnail\" alt=\"\" \/><\/a>\n\t\t\t<\/div><\/figure><figure class='gallery-item'>\n\t\t\t<div class='gallery-icon landscape'>\n\t\t\t\t<a href='https:\/\/rodriguezgallery.com\/wp-content\/uploads\/2019\/01\/Sreshta-Rit-Premnath-Una-Doble-Vida-2019-2-Channel-HD-Video-55822-detail-2.jpg'><img loading=\"lazy\" decoding=\"async\" width=\"150\" height=\"150\" src=\"https:\/\/rodriguezgallery.com\/wp-content\/uploads\/2019\/01\/Sreshta-Rit-Premnath-Una-Doble-Vida-2019-2-Channel-HD-Video-55822-detail-2-150x150.jpg\" class=\"attachment-thumbnail size-thumbnail\" alt=\"\" \/><\/a>\n\t\t\t<\/div><\/figure><figure class='gallery-item'>\n\t\t\t<div class='gallery-icon landscape'>\n\t\t\t\t<a href='https:\/\/rodriguezgallery.com\/wp-content\/uploads\/2019\/03\/Sreshta-Rit-Premnath-Below-Blue-Horizon-Installation-View-3-2019.jpg'><img loading=\"lazy\" decoding=\"async\" width=\"150\" height=\"150\" src=\"https:\/\/rodriguezgallery.com\/wp-content\/uploads\/2019\/03\/Sreshta-Rit-Premnath-Below-Blue-Horizon-Installation-View-3-2019-150x150.jpg\" class=\"attachment-thumbnail size-thumbnail\" alt=\"\" \/><\/a>\n\t\t\t<\/div><\/figure><figure class='gallery-item'>\n\t\t\t<div class='gallery-icon landscape'>\n\t\t\t\t<a href='https:\/\/rodriguezgallery.com\/wp-content\/uploads\/2019\/01\/Koji-Kamoji-Bez-Tytu\u0142u-1996-blacha-akryl-73x103.5cm.jpg'><img loading=\"lazy\" decoding=\"async\" width=\"150\" height=\"150\" src=\"https:\/\/rodriguezgallery.com\/wp-content\/uploads\/2019\/01\/Koji-Kamoji-Bez-Tytu\u0142u-1996-blacha-akryl-73x103.5cm-150x150.jpg\" class=\"attachment-thumbnail size-thumbnail\" alt=\"\" \/><\/a>\n\t\t\t<\/div><\/figure><figure class='gallery-item'>\n\t\t\t<div class='gallery-icon landscape'>\n\t\t\t\t<a href='https:\/\/rodriguezgallery.com\/wp-content\/uploads\/2019\/01\/Sreshta-Rit-Premnath-Below-Blue-Horizon-Installation-View-2-2019.jpg'><img loading=\"lazy\" decoding=\"async\" width=\"150\" height=\"150\" src=\"https:\/\/rodriguezgallery.com\/wp-content\/uploads\/2019\/01\/Sreshta-Rit-Premnath-Below-Blue-Horizon-Installation-View-2-2019-150x150.jpg\" class=\"attachment-thumbnail size-thumbnail\" alt=\"\" \/><\/a>\n\t\t\t<\/div><\/figure><figure class='gallery-item'>\n\t\t\t<div class='gallery-icon landscape'>\n\t\t\t\t<a href='https:\/\/rodriguezgallery.com\/wp-content\/uploads\/2019\/03\/Sreshta-Rit-Premnath-The-Sky-Below-2019-Aluminium-Sheet-153x200cm.jpg'><img loading=\"lazy\" decoding=\"async\" width=\"150\" height=\"150\" src=\"https:\/\/rodriguezgallery.com\/wp-content\/uploads\/2019\/03\/Sreshta-Rit-Premnath-The-Sky-Below-2019-Aluminium-Sheet-153x200cm-150x150.jpg\" class=\"attachment-thumbnail size-thumbnail\" alt=\"\" \/><\/a>\n\t\t\t<\/div><\/figure>\n\t\t<\/div>\n<\/p>\n<\/div><\/div><\/div><\/div><div id=\"pg-4281-1\"  class=\"panel-grid panel-no-style\" ><div id=\"pgc-4281-1-0\"  class=\"panel-grid-cell panel-grid-cell-empty\" ><\/div><div id=\"pgc-4281-1-1\"  class=\"panel-grid-cell\" ><div id=\"panel-4281-1-1-0\" class=\"so-panel widget widget_siteorigin-panels-embedded-video panel-first-child panel-last-child\" data-index=\"2\" >\t\t<div class=\"siteorigin-fitvids\"><iframe loading=\"lazy\" src=\"https:\/\/player.vimeo.com\/video\/312531055?app_id=122963\" width=\"700\" height=\"394\" frameborder=\"0\" title=\"Sreshta Rit Premnath - Una Doble Vida, 2019, 2 Channel HD Video\" allow=\"autoplay; fullscreen\" allowfullscreen><\/iframe><\/div>\n\t\t<\/div><\/div><\/div><\/div>","protected":false},"excerpt":{"rendered":"<p>Pod B\u0142\u0119kitnym Horyzontem 10.01 &#8211; 15.02.2019 kurator Tiago de Abreu Pinto Koji Kamoji zapytany o swoj\u0105 praktyk\u0119 malowania na kolanach odpowiada: \u201cw pozycji kl\u0119cz\u0105cej o wiele \u0142atwiej jest si\u0119 skoncentrowa\u0107\u201d. <a class=\"moretag\" href=\"https:\/\/rodriguezgallery.com\/pl\/below-blue-horizon-2\/\">Read More &#8230;<\/a><\/p>\n","protected":false},"author":1,"featured_media":0,"parent":0,"menu_order":0,"comment_status":"closed","ping_status":"closed","template":"full-width-page.php","meta":{"footnotes":""},"class_list":["post-4281","page","type-page","status-publish","hentry"],"_links":{"self":[{"href":"https:\/\/rodriguezgallery.com\/pl\/wp-json\/wp\/v2\/pages\/4281","targetHints":{"allow":["GET"]}}],"collection":[{"href":"https:\/\/rodriguezgallery.com\/pl\/wp-json\/wp\/v2\/pages"}],"about":[{"href":"https:\/\/rodriguezgallery.com\/pl\/wp-json\/wp\/v2\/types\/page"}],"author":[{"embeddable":true,"href":"https:\/\/rodriguezgallery.com\/pl\/wp-json\/wp\/v2\/users\/1"}],"replies":[{"embeddable":true,"href":"https:\/\/rodriguezgallery.com\/pl\/wp-json\/wp\/v2\/comments?post=4281"}],"version-history":[{"count":1,"href":"https:\/\/rodriguezgallery.com\/pl\/wp-json\/wp\/v2\/pages\/4281\/revisions"}],"predecessor-version":[{"id":4997,"href":"https:\/\/rodriguezgallery.com\/pl\/wp-json\/wp\/v2\/pages\/4281\/revisions\/4997"}],"wp:attachment":[{"href":"https:\/\/rodriguezgallery.com\/pl\/wp-json\/wp\/v2\/media?parent=4281"}],"curies":[{"name":"wp","href":"https:\/\/api.w.org\/{rel}","templated":true}]}}