{"id":5005,"date":"2019-03-12T19:00:13","date_gmt":"2019-03-12T17:00:13","guid":{"rendered":"http:\/\/rodriguezgallery.com\/?page_id=5005"},"modified":"2019-04-08T14:32:11","modified_gmt":"2019-04-08T12:32:11","slug":"aauotbm","status":"publish","type":"page","link":"https:\/\/rodriguezgallery.com\/pl\/aauotbm\/","title":{"rendered":"(English) AAUOTBM"},"content":{"rendered":"<div id=\"pl-5005\"  class=\"panel-layout\" ><div id=\"pg-5005-0\"  class=\"panel-grid panel-no-style\" ><div id=\"pgc-5005-0-0\"  class=\"panel-grid-cell\" ><div id=\"panel-5005-0-0-0\" class=\"so-panel widget widget_black-studio-tinymce widget_black_studio_tinymce panel-first-child panel-last-child\" data-index=\"0\" ><div class=\"textwidget\"><h6><span class=\"\" style=\"display:block;clear:both;height: 0px;padding-top: 20px;border-top-width:0px;border-bottom-width:0px;\"><\/span><\/h6>\n<h6><strong>Jimena Kato<\/strong><br \/>\n<em><strong>An Awkward Understanding of the Bodily Mechanics<\/strong><\/em><br \/>\n22.03 - 24.04.2019<\/h6>\n<h6><em><em>Je\u015bli przyjmiemy, \u017ce taniec \u0142\u0105czy si\u0119 z chodzeniem, a ch\u00f3d z balansowaniem ci\u0119\u017carem cia\u0142a, rze\u017aba sta\u0107 si\u0119 mo\u017ce cz\u0119\u015bci\u0105 tej gry r\u00f3wnowagi. <\/em><\/h6>\n<h6>To w\u0142a\u015bnie te fizyczne wyobra\u017cenia s\u0105 najwa\u017cniejszymi tropami w mojej tw\u00f3rczo\u015bci.<br \/>\nMateria i jej ci\u0119\u017car s\u0105 fundamentem moich prac. Akceptuj\u0119 ich kondycj\u0119, ich ruch, dynamik\u0119, tak aby pracowa\u0107 z nimi zamiast je kontrolowa\u0107.<br \/>\nTworzenie rze\u017aby staje si\u0119 gr\u0105 \"laisser faire\".<\/p>\n<p>Jimena Kato <\/h6>\n<h6><em>\u00a0<\/em><\/h6>\n<\/div><\/div><\/div><div id=\"pgc-5005-0-1\"  class=\"panel-grid-cell\" ><div id=\"panel-5005-0-1-0\" class=\"so-panel widget widget_black-studio-tinymce widget_black_studio_tinymce panel-first-child panel-last-child\" data-index=\"1\" ><div class=\"textwidget\"><p><span class=\"\" style=\"display:block;clear:both;height: 0px;padding-top: 20px;border-top-width:0px;border-bottom-width:0px;\"><\/span><\/p>\n<p>&nbsp;<\/p>\n<p><div id='gallery-1' class='gallery galleryid-5005 gallery-columns-3 gallery-size-thumbnail'><figure class='gallery-item'>\n\t\t\t<div class='gallery-icon landscape'>\n\t\t\t\t<a href='https:\/\/rodriguezgallery.com\/wp-content\/uploads\/2019\/04\/01.-Exhibition-view.jpg'><img loading=\"lazy\" decoding=\"async\" width=\"150\" height=\"150\" src=\"https:\/\/rodriguezgallery.com\/wp-content\/uploads\/2019\/04\/01.-Exhibition-view-150x150.jpg\" class=\"attachment-thumbnail size-thumbnail\" alt=\"\" \/><\/a>\n\t\t\t<\/div><\/figure><figure class='gallery-item'>\n\t\t\t<div class='gallery-icon portrait'>\n\t\t\t\t<a href='https:\/\/rodriguezgallery.com\/wp-content\/uploads\/2019\/04\/03.-Collapse-2019-aluminium-hoops-150x150cm.jpg'><img loading=\"lazy\" decoding=\"async\" width=\"150\" height=\"150\" src=\"https:\/\/rodriguezgallery.com\/wp-content\/uploads\/2019\/04\/03.-Collapse-2019-aluminium-hoops-150x150cm-150x150.jpg\" class=\"attachment-thumbnail size-thumbnail\" alt=\"\" \/><\/a>\n\t\t\t<\/div><\/figure><figure class='gallery-item'>\n\t\t\t<div class='gallery-icon portrait'>\n\t\t\t\t<a href='https:\/\/rodriguezgallery.com\/wp-content\/uploads\/2019\/04\/04.-Collapse-detail-2019-aluminium-hoops-150x150cm.jpg'><img loading=\"lazy\" decoding=\"async\" width=\"150\" height=\"150\" src=\"https:\/\/rodriguezgallery.com\/wp-content\/uploads\/2019\/04\/04.-Collapse-detail-2019-aluminium-hoops-150x150cm-150x150.jpg\" class=\"attachment-thumbnail size-thumbnail\" alt=\"\" \/><\/a>\n\t\t\t<\/div><\/figure><figure class='gallery-item'>\n\t\t\t<div class='gallery-icon landscape'>\n\t\t\t\t<a href='https:\/\/rodriguezgallery.com\/wp-content\/uploads\/2019\/04\/02.-Exhibition-view.jpg'><img loading=\"lazy\" decoding=\"async\" width=\"150\" height=\"150\" src=\"https:\/\/rodriguezgallery.com\/wp-content\/uploads\/2019\/04\/02.-Exhibition-view-150x150.jpg\" class=\"attachment-thumbnail size-thumbnail\" alt=\"\" \/><\/a>\n\t\t\t<\/div><\/figure><figure class='gallery-item'>\n\t\t\t<div class='gallery-icon portrait'>\n\t\t\t\t<a href='https:\/\/rodriguezgallery.com\/wp-content\/uploads\/2019\/04\/05.-Caterpillar-2019-cold-ceramic-and-rubber-variable-dimensions.jpg'><img loading=\"lazy\" decoding=\"async\" width=\"150\" height=\"150\" src=\"https:\/\/rodriguezgallery.com\/wp-content\/uploads\/2019\/04\/05.-Caterpillar-2019-cold-ceramic-and-rubber-variable-dimensions-150x150.jpg\" class=\"attachment-thumbnail size-thumbnail\" alt=\"\" \/><\/a>\n\t\t\t<\/div><\/figure><figure class='gallery-item'>\n\t\t\t<div class='gallery-icon portrait'>\n\t\t\t\t<a href='https:\/\/rodriguezgallery.com\/wp-content\/uploads\/2019\/04\/06.-Caterpillar-detail-2019-cold-ceramic-and-rubber-variable-dimensions.jpg'><img loading=\"lazy\" decoding=\"async\" width=\"150\" height=\"150\" src=\"https:\/\/rodriguezgallery.com\/wp-content\/uploads\/2019\/04\/06.-Caterpillar-detail-2019-cold-ceramic-and-rubber-variable-dimensions-150x150.jpg\" class=\"attachment-thumbnail size-thumbnail\" alt=\"\" \/><\/a>\n\t\t\t<\/div><\/figure><figure class='gallery-item'>\n\t\t\t<div class='gallery-icon portrait'>\n\t\t\t\t<a href='https:\/\/rodriguezgallery.com\/wp-content\/uploads\/2019\/04\/07.-Caterpillar-detail-2019-cold-ceramic-and-rubber-variable-dimensions.jpg'><img loading=\"lazy\" decoding=\"async\" width=\"150\" height=\"150\" src=\"https:\/\/rodriguezgallery.com\/wp-content\/uploads\/2019\/04\/07.-Caterpillar-detail-2019-cold-ceramic-and-rubber-variable-dimensions-150x150.jpg\" class=\"attachment-thumbnail size-thumbnail\" alt=\"\" \/><\/a>\n\t\t\t<\/div><\/figure><figure class='gallery-item'>\n\t\t\t<div class='gallery-icon portrait'>\n\t\t\t\t<a href='https:\/\/rodriguezgallery.com\/wp-content\/uploads\/2019\/04\/08.-Untitled-Saliva-2-2017-digital-print-on-Hahnemuhle-paper-49.5x36.5cm.jpg'><img loading=\"lazy\" decoding=\"async\" width=\"150\" height=\"150\" src=\"https:\/\/rodriguezgallery.com\/wp-content\/uploads\/2019\/04\/08.-Untitled-Saliva-2-2017-digital-print-on-Hahnemuhle-paper-49.5x36.5cm-150x150.jpg\" class=\"attachment-thumbnail size-thumbnail\" alt=\"\" \/><\/a>\n\t\t\t<\/div><\/figure><figure class='gallery-item'>\n\t\t\t<div class='gallery-icon portrait'>\n\t\t\t\t<a href='https:\/\/rodriguezgallery.com\/wp-content\/uploads\/2019\/04\/09.-Untitled-Knee-2017-digital-print-on-canvas-80x53cm.jpg'><img loading=\"lazy\" decoding=\"async\" width=\"150\" height=\"150\" src=\"https:\/\/rodriguezgallery.com\/wp-content\/uploads\/2019\/04\/09.-Untitled-Knee-2017-digital-print-on-canvas-80x53cm-150x150.jpg\" class=\"attachment-thumbnail size-thumbnail\" alt=\"\" \/><\/a>\n\t\t\t<\/div><\/figure><figure class='gallery-item'>\n\t\t\t<div class='gallery-icon portrait'>\n\t\t\t\t<a href='https:\/\/rodriguezgallery.com\/wp-content\/uploads\/2019\/04\/12.-Untitled-Ankle-2017-digital-print-on-Hahnemuhle-paper-31x20.5cm-1.jpg'><img loading=\"lazy\" decoding=\"async\" width=\"150\" height=\"150\" src=\"https:\/\/rodriguezgallery.com\/wp-content\/uploads\/2019\/04\/12.-Untitled-Ankle-2017-digital-print-on-Hahnemuhle-paper-31x20.5cm-1-150x150.jpg\" class=\"attachment-thumbnail size-thumbnail\" alt=\"\" \/><\/a>\n\t\t\t<\/div><\/figure><figure class='gallery-item'>\n\t\t\t<div class='gallery-icon portrait'>\n\t\t\t\t<a href='https:\/\/rodriguezgallery.com\/wp-content\/uploads\/2019\/04\/10.-Honeycomb-2019-beeswax-and-ceramic-55x55x55cm.jpg'><img loading=\"lazy\" decoding=\"async\" width=\"150\" height=\"150\" src=\"https:\/\/rodriguezgallery.com\/wp-content\/uploads\/2019\/04\/10.-Honeycomb-2019-beeswax-and-ceramic-55x55x55cm-150x150.jpg\" class=\"attachment-thumbnail size-thumbnail\" alt=\"\" \/><\/a>\n\t\t\t<\/div><\/figure><figure class='gallery-item'>\n\t\t\t<div class='gallery-icon portrait'>\n\t\t\t\t<a href='https:\/\/rodriguezgallery.com\/wp-content\/uploads\/2019\/04\/11.-Honeycomb-detail-2019-beeswax-and-ceramic-55x55x55cm.jpg'><img loading=\"lazy\" decoding=\"async\" width=\"150\" height=\"150\" src=\"https:\/\/rodriguezgallery.com\/wp-content\/uploads\/2019\/04\/11.-Honeycomb-detail-2019-beeswax-and-ceramic-55x55x55cm-150x150.jpg\" class=\"attachment-thumbnail size-thumbnail\" alt=\"\" \/><\/a>\n\t\t\t<\/div><\/figure><figure class='gallery-item'>\n\t\t\t<div class='gallery-icon landscape'>\n\t\t\t\t<a href='https:\/\/rodriguezgallery.com\/wp-content\/uploads\/2019\/04\/13.-Exhibition-view-1.jpg'><img loading=\"lazy\" decoding=\"async\" width=\"150\" height=\"150\" src=\"https:\/\/rodriguezgallery.com\/wp-content\/uploads\/2019\/04\/13.-Exhibition-view-1-150x150.jpg\" class=\"attachment-thumbnail size-thumbnail\" alt=\"\" \/><\/a>\n\t\t\t<\/div><\/figure><figure class='gallery-item'>\n\t\t\t<div class='gallery-icon portrait'>\n\t\t\t\t<a href='https:\/\/rodriguezgallery.com\/wp-content\/uploads\/2019\/04\/14.-Untitled-Pole-2017-digital-print-on-Hahnemuhle-paper-200x133cm-1.jpg'><img loading=\"lazy\" decoding=\"async\" width=\"150\" height=\"150\" src=\"https:\/\/rodriguezgallery.com\/wp-content\/uploads\/2019\/04\/14.-Untitled-Pole-2017-digital-print-on-Hahnemuhle-paper-200x133cm-1-150x150.jpg\" class=\"attachment-thumbnail size-thumbnail\" alt=\"\" \/><\/a>\n\t\t\t<\/div><\/figure><figure class='gallery-item'>\n\t\t\t<div class='gallery-icon portrait'>\n\t\t\t\t<a href='https:\/\/rodriguezgallery.com\/wp-content\/uploads\/2019\/04\/15.-Untitled-Pole-detail-2017-digital-print-on-Hahnemuhle-paper-200x133cm.jpg'><img loading=\"lazy\" decoding=\"async\" width=\"150\" height=\"150\" src=\"https:\/\/rodriguezgallery.com\/wp-content\/uploads\/2019\/04\/15.-Untitled-Pole-detail-2017-digital-print-on-Hahnemuhle-paper-200x133cm-150x150.jpg\" class=\"attachment-thumbnail size-thumbnail\" alt=\"\" \/><\/a>\n\t\t\t<\/div><\/figure><figure class='gallery-item'>\n\t\t\t<div class='gallery-icon portrait'>\n\t\t\t\t<a href='https:\/\/rodriguezgallery.com\/wp-content\/uploads\/2019\/04\/16.-Tangential-Sunset-2019-digital-print-blue-paint-steel-and-ceramic-installation-variable-dimensions.jpg'><img loading=\"lazy\" decoding=\"async\" width=\"150\" height=\"150\" src=\"https:\/\/rodriguezgallery.com\/wp-content\/uploads\/2019\/04\/16.-Tangential-Sunset-2019-digital-print-blue-paint-steel-and-ceramic-installation-variable-dimensions-150x150.jpg\" class=\"attachment-thumbnail size-thumbnail\" alt=\"\" \/><\/a>\n\t\t\t<\/div><\/figure><figure class='gallery-item'>\n\t\t\t<div class='gallery-icon landscape'>\n\t\t\t\t<a href='https:\/\/rodriguezgallery.com\/wp-content\/uploads\/2019\/04\/17.-Tangential-Sunset-detail-2019-digital-print-blue-paint-steel-and-ceramic-installation-variable-dimensions.jpg'><img loading=\"lazy\" decoding=\"async\" width=\"150\" height=\"150\" src=\"https:\/\/rodriguezgallery.com\/wp-content\/uploads\/2019\/04\/17.-Tangential-Sunset-detail-2019-digital-print-blue-paint-steel-and-ceramic-installation-variable-dimensions-150x150.jpg\" class=\"attachment-thumbnail size-thumbnail\" alt=\"\" \/><\/a>\n\t\t\t<\/div><\/figure><figure class='gallery-item'>\n\t\t\t<div class='gallery-icon landscape'>\n\t\t\t\t<a href='https:\/\/rodriguezgallery.com\/wp-content\/uploads\/2019\/04\/18.-Tangential-Sunset-detail-2019-digital-print-blue-paint-steel-and-ceramic-installation-variable-dimensions.jpg'><img loading=\"lazy\" decoding=\"async\" width=\"150\" height=\"150\" src=\"https:\/\/rodriguezgallery.com\/wp-content\/uploads\/2019\/04\/18.-Tangential-Sunset-detail-2019-digital-print-blue-paint-steel-and-ceramic-installation-variable-dimensions-150x150.jpg\" class=\"attachment-thumbnail size-thumbnail\" alt=\"\" \/><\/a>\n\t\t\t<\/div><\/figure><figure class='gallery-item'>\n\t\t\t<div class='gallery-icon landscape'>\n\t\t\t\t<a href='https:\/\/rodriguezgallery.com\/wp-content\/uploads\/2019\/04\/19.-Tangential-Sunset-detail-2019-digital-print-blue-paint-steel-and-ceramic-installation-variable-dimensions.jpg'><img loading=\"lazy\" decoding=\"async\" width=\"150\" height=\"150\" src=\"https:\/\/rodriguezgallery.com\/wp-content\/uploads\/2019\/04\/19.-Tangential-Sunset-detail-2019-digital-print-blue-paint-steel-and-ceramic-installation-variable-dimensions-150x150.jpg\" class=\"attachment-thumbnail size-thumbnail\" alt=\"\" \/><\/a>\n\t\t\t<\/div><\/figure>\n\t\t<\/div>\n<\/p>\n<p>&nbsp;<\/p>\n<\/div><\/div><\/div><\/div><\/div>","protected":false},"excerpt":{"rendered":"<p>Jimena Kato An Awkward Understanding of the Bodily Mechanics 22.03 &#8211; 24.04.2019 Je\u015bli przyjmiemy, \u017ce taniec \u0142\u0105czy si\u0119 z chodzeniem, a ch\u00f3d z balansowaniem ci\u0119\u017carem cia\u0142a, rze\u017aba sta\u0107 si\u0119 mo\u017ce <a class=\"moretag\" href=\"https:\/\/rodriguezgallery.com\/pl\/aauotbm\/\">Read More &#8230;<\/a><\/p>\n","protected":false},"author":1,"featured_media":0,"parent":0,"menu_order":0,"comment_status":"closed","ping_status":"closed","template":"full-width-page.php","meta":{"footnotes":""},"class_list":["post-5005","page","type-page","status-publish","hentry"],"_links":{"self":[{"href":"https:\/\/rodriguezgallery.com\/pl\/wp-json\/wp\/v2\/pages\/5005","targetHints":{"allow":["GET"]}}],"collection":[{"href":"https:\/\/rodriguezgallery.com\/pl\/wp-json\/wp\/v2\/pages"}],"about":[{"href":"https:\/\/rodriguezgallery.com\/pl\/wp-json\/wp\/v2\/types\/page"}],"author":[{"embeddable":true,"href":"https:\/\/rodriguezgallery.com\/pl\/wp-json\/wp\/v2\/users\/1"}],"replies":[{"embeddable":true,"href":"https:\/\/rodriguezgallery.com\/pl\/wp-json\/wp\/v2\/comments?post=5005"}],"version-history":[{"count":1,"href":"https:\/\/rodriguezgallery.com\/pl\/wp-json\/wp\/v2\/pages\/5005\/revisions"}],"predecessor-version":[{"id":5053,"href":"https:\/\/rodriguezgallery.com\/pl\/wp-json\/wp\/v2\/pages\/5005\/revisions\/5053"}],"wp:attachment":[{"href":"https:\/\/rodriguezgallery.com\/pl\/wp-json\/wp\/v2\/media?parent=5005"}],"curies":[{"name":"wp","href":"https:\/\/api.w.org\/{rel}","templated":true}]}}