{"id":5018,"date":"2019-03-28T12:57:12","date_gmt":"2019-03-28T10:57:12","guid":{"rendered":"http:\/\/rodriguezgallery.com\/?page_id=5018"},"modified":"2019-05-31T13:59:46","modified_gmt":"2019-05-31T11:59:46","slug":"arco-lisboa","status":"publish","type":"page","link":"https:\/\/rodriguezgallery.com\/pl\/arco-lisboa\/","title":{"rendered":"(English) ARCO Lisboa"},"content":{"rendered":"<div id=\"pl-5018\"  class=\"panel-layout\" ><div id=\"pg-5018-0\"  class=\"panel-grid panel-no-style\" ><div id=\"pgc-5018-0-0\"  class=\"panel-grid-cell\" ><div id=\"panel-5018-0-0-0\" class=\"so-panel widget widget_black-studio-tinymce widget_black_studio_tinymce panel-first-child panel-last-child\" data-index=\"0\" ><div class=\"textwidget\"><p><span class=\"\" style=\"display:block;clear:both;height: 0px;padding-top: 20px;border-top-width:0px;border-bottom-width:0px;\"><\/span><\/p>\n<h6><strong>ARCO Lisboa 2019<\/strong><br \/>\n16-19 May<\/h6>\n<h6>Opening section<br \/>\nBooth OP09<\/h6>\n<h6>Dalila Gon\u00e7alves<br \/>\nJimena Kato<br \/>\nMichal Smandek<\/h6>\n<p>&nbsp;<\/p>\n<p><img loading=\"lazy\" decoding=\"async\" class=\"wp-image-5020 alignleft\" src=\"https:\/\/rodriguezgallery.com\/wp-content\/uploads\/2019\/03\/Arco-Lisboa-300x212.png\" alt=\"\" width=\"125\" height=\"88\" srcset=\"https:\/\/rodriguezgallery.com\/wp-content\/uploads\/2019\/03\/Arco-Lisboa-300x212.png 300w, https:\/\/rodriguezgallery.com\/wp-content\/uploads\/2019\/03\/Arco-Lisboa-768x543.png 768w, https:\/\/rodriguezgallery.com\/wp-content\/uploads\/2019\/03\/Arco-Lisboa-1024x724.png 1024w, https:\/\/rodriguezgallery.com\/wp-content\/uploads\/2019\/03\/Arco-Lisboa-210x150.png 210w\" sizes=\"auto, (max-width: 125px) 100vw, 125px\" \/><\/p>\n<p>&nbsp;<\/p>\n<p>&nbsp;<\/p>\n<p>&nbsp;<\/p>\n<p><img loading=\"lazy\" decoding=\"async\" class=\" wp-image-2721 alignleft\" src=\"https:\/\/rodriguezgallery.com\/wp-content\/uploads\/2017\/05\/LOGO-IAM-CULTURE-2016-EN-black-POWERED-BY-300x130.jpg\" alt=\"\" width=\"187\" height=\"81\" srcset=\"https:\/\/rodriguezgallery.com\/wp-content\/uploads\/2017\/05\/LOGO-IAM-CULTURE-2016-EN-black-POWERED-BY-300x130.jpg 300w, https:\/\/rodriguezgallery.com\/wp-content\/uploads\/2017\/05\/LOGO-IAM-CULTURE-2016-EN-black-POWERED-BY.jpg 327w\" sizes=\"auto, (max-width: 187px) 100vw, 187px\" \/><\/p>\n<\/div><\/div><\/div><div id=\"pgc-5018-0-1\"  class=\"panel-grid-cell\" ><div id=\"panel-5018-0-1-0\" class=\"so-panel widget widget_black-studio-tinymce widget_black_studio_tinymce panel-first-child panel-last-child\" data-index=\"1\" ><div class=\"textwidget\"><p><span class=\"\" style=\"display:block;clear:both;height: 0px;padding-top: 20px;border-top-width:0px;border-bottom-width:0px;\"><\/span><\/p>\n<p><div id='gallery-1' class='gallery galleryid-5018 gallery-columns-3 gallery-size-thumbnail'><figure class='gallery-item'>\n\t\t\t<div class='gallery-icon portrait'>\n\t\t\t\t<a href='https:\/\/rodriguezgallery.com\/wp-content\/uploads\/2019\/05\/mweNpCM0SiOJeZ7wzUzpQ_thumb_139e.jpg'><img loading=\"lazy\" decoding=\"async\" width=\"150\" height=\"150\" src=\"https:\/\/rodriguezgallery.com\/wp-content\/uploads\/2019\/05\/mweNpCM0SiOJeZ7wzUzpQ_thumb_139e-150x150.jpg\" class=\"attachment-thumbnail size-thumbnail\" alt=\"\" \/><\/a>\n\t\t\t<\/div><\/figure><figure class='gallery-item'>\n\t\t\t<div class='gallery-icon landscape'>\n\t\t\t\t<a href='https:\/\/rodriguezgallery.com\/wp-content\/uploads\/2019\/05\/UNADJUSTEDNONRAW_thumb_13b0.jpg'><img loading=\"lazy\" decoding=\"async\" width=\"150\" height=\"150\" src=\"https:\/\/rodriguezgallery.com\/wp-content\/uploads\/2019\/05\/UNADJUSTEDNONRAW_thumb_13b0-150x150.jpg\" class=\"attachment-thumbnail size-thumbnail\" alt=\"\" \/><\/a>\n\t\t\t<\/div><\/figure><figure class='gallery-item'>\n\t\t\t<div class='gallery-icon portrait'>\n\t\t\t\t<a href='https:\/\/rodriguezgallery.com\/wp-content\/uploads\/2019\/05\/JXUEZfNOTaaMWbG7nzQ_thumb_13d2.jpg'><img loading=\"lazy\" decoding=\"async\" width=\"150\" height=\"150\" src=\"https:\/\/rodriguezgallery.com\/wp-content\/uploads\/2019\/05\/JXUEZfNOTaaMWbG7nzQ_thumb_13d2-150x150.jpg\" class=\"attachment-thumbnail size-thumbnail\" alt=\"\" \/><\/a>\n\t\t\t<\/div><\/figure><figure class='gallery-item'>\n\t\t\t<div class='gallery-icon portrait'>\n\t\t\t\t<a href='https:\/\/rodriguezgallery.com\/wp-content\/uploads\/2019\/05\/UNADJUSTEDNONRAW_thumb_13cb.jpg'><img loading=\"lazy\" decoding=\"async\" width=\"150\" height=\"150\" src=\"https:\/\/rodriguezgallery.com\/wp-content\/uploads\/2019\/05\/UNADJUSTEDNONRAW_thumb_13cb-150x150.jpg\" class=\"attachment-thumbnail size-thumbnail\" alt=\"\" \/><\/a>\n\t\t\t<\/div><\/figure><figure class='gallery-item'>\n\t\t\t<div class='gallery-icon portrait'>\n\t\t\t\t<a href='https:\/\/rodriguezgallery.com\/wp-content\/uploads\/2019\/05\/Dalila-Gon\u00e7alves-Desgastar-em-piedra-4\u00ba-ensaio-2019-Fabric-from-blue-sandpapers-and-agglomerated-sand-removed-from-them-263x130x55cm.jpg'><img loading=\"lazy\" decoding=\"async\" width=\"150\" height=\"150\" src=\"https:\/\/rodriguezgallery.com\/wp-content\/uploads\/2019\/05\/Dalila-Gon\u00e7alves-Desgastar-em-piedra-4\u00ba-ensaio-2019-Fabric-from-blue-sandpapers-and-agglomerated-sand-removed-from-them-263x130x55cm-150x150.jpg\" class=\"attachment-thumbnail size-thumbnail\" alt=\"\" \/><\/a>\n\t\t\t<\/div><\/figure><figure class='gallery-item'>\n\t\t\t<div class='gallery-icon portrait'>\n\t\t\t\t<a href='https:\/\/rodriguezgallery.com\/wp-content\/uploads\/2019\/05\/Jimena-Kato-Caterpillar-2019-cold-ceramic-and-rubber-variable-dimensions.jpg'><img loading=\"lazy\" decoding=\"async\" width=\"150\" height=\"150\" src=\"https:\/\/rodriguezgallery.com\/wp-content\/uploads\/2019\/05\/Jimena-Kato-Caterpillar-2019-cold-ceramic-and-rubber-variable-dimensions-150x150.jpg\" class=\"attachment-thumbnail size-thumbnail\" alt=\"\" \/><\/a>\n\t\t\t<\/div><\/figure><figure class='gallery-item'>\n\t\t\t<div class='gallery-icon landscape'>\n\t\t\t\t<a href='https:\/\/rodriguezgallery.com\/wp-content\/uploads\/2019\/05\/Micha\u0142-Smandek-R\u0119kodzie\u0142o-2017-Bali-Indonezja-wystawa-Rozpoznawanie-wzorc\u00f3w-2018-m.jpg'><img loading=\"lazy\" decoding=\"async\" width=\"150\" height=\"150\" src=\"https:\/\/rodriguezgallery.com\/wp-content\/uploads\/2019\/05\/Micha\u0142-Smandek-R\u0119kodzie\u0142o-2017-Bali-Indonezja-wystawa-Rozpoznawanie-wzorc\u00f3w-2018-m-150x150.jpg\" class=\"attachment-thumbnail size-thumbnail\" alt=\"\" \/><\/a>\n\t\t\t<\/div><\/figure>\n\t\t<\/div>\n<\/p>\n<\/div><\/div><\/div><\/div><\/div>","protected":false},"excerpt":{"rendered":"<p>ARCO Lisboa 2019 16-19 May Opening section Booth OP09 Dalila Gon\u00e7alves Jimena Kato Michal Smandek &nbsp; &nbsp; &nbsp; &nbsp;<\/p>\n","protected":false},"author":1,"featured_media":0,"parent":0,"menu_order":0,"comment_status":"closed","ping_status":"closed","template":"full-width-page.php","meta":{"footnotes":""},"class_list":["post-5018","page","type-page","status-publish","hentry"],"_links":{"self":[{"href":"https:\/\/rodriguezgallery.com\/pl\/wp-json\/wp\/v2\/pages\/5018","targetHints":{"allow":["GET"]}}],"collection":[{"href":"https:\/\/rodriguezgallery.com\/pl\/wp-json\/wp\/v2\/pages"}],"about":[{"href":"https:\/\/rodriguezgallery.com\/pl\/wp-json\/wp\/v2\/types\/page"}],"author":[{"embeddable":true,"href":"https:\/\/rodriguezgallery.com\/pl\/wp-json\/wp\/v2\/users\/1"}],"replies":[{"embeddable":true,"href":"https:\/\/rodriguezgallery.com\/pl\/wp-json\/wp\/v2\/comments?post=5018"}],"version-history":[{"count":1,"href":"https:\/\/rodriguezgallery.com\/pl\/wp-json\/wp\/v2\/pages\/5018\/revisions"}],"predecessor-version":[{"id":5128,"href":"https:\/\/rodriguezgallery.com\/pl\/wp-json\/wp\/v2\/pages\/5018\/revisions\/5128"}],"wp:attachment":[{"href":"https:\/\/rodriguezgallery.com\/pl\/wp-json\/wp\/v2\/media?parent=5018"}],"curies":[{"name":"wp","href":"https:\/\/api.w.org\/{rel}","templated":true}]}}