{"id":5057,"date":"2019-04-23T15:45:07","date_gmt":"2019-04-23T13:45:07","guid":{"rendered":"http:\/\/rodriguezgallery.com\/?page_id=5057"},"modified":"2019-05-15T12:33:31","modified_gmt":"2019-05-15T10:33:31","slug":"notebook-on-cities","status":"publish","type":"page","link":"https:\/\/rodriguezgallery.com\/pl\/notebook-on-cities\/","title":{"rendered":"(English) Notebook on cities"},"content":{"rendered":"<div id=\"pl-5057\"  class=\"panel-layout\" ><div id=\"pg-5057-0\"  class=\"panel-grid panel-no-style\" ><div id=\"pgc-5057-0-0\"  class=\"panel-grid-cell\" ><div id=\"panel-5057-0-0-0\" class=\"so-panel widget widget_black-studio-tinymce widget_black_studio_tinymce panel-first-child panel-last-child\" data-index=\"0\" ><div class=\"textwidget\"><h6><span class=\"\" style=\"display:block;clear:both;height: 0px;padding-top: 20px;border-top-width:0px;border-bottom-width:0px;\"><\/span><\/h6>\n<h6><em><strong><em><strong>Notebook on Cities<br \/>\n<\/strong><\/em>kurator Domenico de Chirico<br \/>\n10.05 - 12.06.2019<\/h6>\n<h6>Viktor Briestensky<br \/>\nHenry Chapman<br \/>\nChlo\u00e9 Quenum<br \/>\nMarianne Spurr<br \/>\nKeke Vilabelda<\/h6>\n<h6 style=\"text-align: right;\"><em>Na pocz\u0105tek zapytam ci\u0119 o miasto schodz\u0105ce w d\u00f3\u0142 tarasami, wystawione na podmuchy sirocco, nad p\u00f3\u0142kolist\u0105 zatok\u0105.(\u2026);\u00a0plac otoczony marmurowym sto\u0142em w kszta\u0142cie podkowy, z obrusem wykonanym tak\u017ce z marmuru, zastawionym marmurowymi potrawami i napojami.<\/p>\n<p><\/em><em>Niewidzialne miasta<\/em>, Italo Calvino, 1972<\/h6>\n<h6><\/h6>\n<h6>Zdwojona si\u0142a metody strukturalistycznej ewoluuje dwukierunkowo: od ma\u0142ych do wielkich rozmiar\u00f3w, od og\u00f3\u0142u do szczeg\u00f3\u0142u, od struktury po opisanie. Odbywa si\u0119 to zar\u00f3wno drog\u0105 indukcji, jak i dedukcji, przemierzaj\u0105c przy tym niesko\u0144czone drogi i trasy, ale nigdy w jednym kierunku. Wydaje si\u0119 oczywistym, \u017ce ka\u017cde do\u015bwiadczenie \u017cyciowe, w spos\u00f3b mniej lub bardziej z\u0142o\u017cony, mie\u015bci w sobie jak\u0105\u015b struktur\u0119 czy zak\u0142ada jej istnienie do chwili jej urzeczywistnienia. Czynno\u015b\u0107 nakrycia sto\u0142u jest tak\u017ce form\u0105 strukturalizmu sam\u0105 w sobie. Z punktu widzenia etymologii, s\u0142owo \u201estruktura\u201d wywodzi si\u0119 z j\u0119zyka starogotyckiego i znaczy \u201euk\u0142ada\u0107\u201d, \u201eustawia\u0107\u201d, \u201eprzygotowa\u0107\u201d. Tym co powoduje, \u017ce ka\u017cda z tych \u015bci\u015ble okre\u015blonych czynno\u015bci nabiera sensu, jest wewn\u0119trzna organizacja wsp\u00f3\u0142istniej\u0105cych element\u00f3w, i to w\u0142a\u015bnie dzi\u0119ki ich wzajemnym relacjom i rozplanowaniu osi\u0105gni\u0119cie tego efektu staje si\u0119 mo\u017cliwe.<\/p>\n<p>Diomira, Izydora, Dorotea, Aglaura, itd. \u2013 to niekt\u00f3re z nazw miast wyst\u0119puj\u0105cych w powie\u015bci <em>Niewidzialne miasta<\/em>Itala Calvino. Nazwy te nosz\u0105 tak\u017ce dzie\u0142a niniejszej wystawy, stanowi\u0105cej dog\u0142\u0119bnie przemy\u015blan\u0105, nietypow\u0105 kompozycj\u0119 r\u00f3\u017cnych element\u00f3w. Dzi\u0119ki swojej unikalno\u015bci ukazuj\u0105 one autentyczne miasta, na tyle \u017cywe w swojej z\u0142o\u017cono\u015bci, by utrzyma\u0107 w zawieszeniu odwiedzaj\u0105cych je, i na tyle nieregularne w swej strukturze, by da\u0107 wra\u017cenie ruin miasta z odrzutami na ulicach. Jednocze\u015bnie, dzi\u0119ki zastosowaniu r\u00f3\u017cnorodnych materia\u0142\u00f3w i z\u0142o\u017conych form j\u0119zykowych, kt\u00f3re odzwierciedla s\u0142ownictwo ka\u017cdego z nich, staj\u0105 si\u0119 katalizatorami energii. Ich wygl\u0105d zmienia si\u0119 w zale\u017cno\u015bci od g\u0119sto\u015bci kamienia i drobiazgowo\u015bci natury, od nasycenia kolor\u00f3w, kt\u00f3re s\u0105 obecne na ich planach i migotliwo\u015bci barwy, kt\u00f3ra mruga okiem w stron\u0119 botaniki; to on nasuwa wspomnienia z podr\u00f3\u017cy po rozmaitych krainach, kt\u00f3rych cech\u0105 charakterystyczn\u0105 jest r\u00f3\u017cnorodno\u015b\u0107 materia\u0142\u00f3w kryj\u0105cych zawi\u0142e intrygi lub po prostu skanduj\u0105cych s\u0142owa odnosz\u0105ce si\u0119 do bardziej obszernych form. Ich niewidzialno\u015b\u0107 nie polega ju\u017c tylko na skrywaniu w sobie tajemnego znaczenia; stanowi\u0105 one konstrukcj\u0119 \u0142\u0105cz\u0105c\u0105 w sobie szeptane elementy, kt\u00f3re tak jak podczas podr\u00f3\u017cy, nios\u0105 w sobie zapach czasu, kt\u00f3ry albo biegnie powoli albo bardzo szybko, zwi\u0119kszaj\u0105c tempo \u017cycia miasta, kt\u00f3re w swojej przysz\u0142o\u015bci jest niczym ni\u017c naturaln\u0105 kontynuacj\u0105 tera\u017aniejszo\u015bci.<\/h6>\n<h6><\/h6>\n<h6>Projekt dofinansowany z bud\u017cetu Miasta Poznania<\/h6>\n<h6><img loading=\"lazy\" decoding=\"async\" class=\"wp-image-2924 alignleft\" src=\"https:\/\/rodriguezgallery.com\/wp-content\/uploads\/2017\/10\/LOGO_POZNAN_PL_RGB_bz.jpg\" alt=\"\" width=\"169\" height=\"58\" srcset=\"https:\/\/rodriguezgallery.com\/wp-content\/uploads\/2017\/10\/LOGO_POZNAN_PL_RGB_bz.jpg 2732w, https:\/\/rodriguezgallery.com\/wp-content\/uploads\/2017\/10\/LOGO_POZNAN_PL_RGB_bz-300x103.jpg 300w, https:\/\/rodriguezgallery.com\/wp-content\/uploads\/2017\/10\/LOGO_POZNAN_PL_RGB_bz-768x264.jpg 768w, https:\/\/rodriguezgallery.com\/wp-content\/uploads\/2017\/10\/LOGO_POZNAN_PL_RGB_bz-1024x352.jpg 1024w\" sizes=\"auto, (max-width: 169px) 100vw, 169px\" \/><\/h6>\n<p>&nbsp;<\/p>\n<p>&nbsp;<\/p>\n<h6>Partner<\/h6>\n<p><a href=\"http:\/\/browargolem.pl\" target=\"_blank\" rel=\"noopener\"><img loading=\"lazy\" decoding=\"async\" class=\"wp-image-5072 alignleft\" src=\"https:\/\/rodriguezgallery.com\/wp-content\/uploads\/2019\/05\/LOGO-212x300.jpg\" alt=\"\" width=\"129\" height=\"183\" srcset=\"https:\/\/rodriguezgallery.com\/wp-content\/uploads\/2019\/05\/LOGO-212x300.jpg 212w, https:\/\/rodriguezgallery.com\/wp-content\/uploads\/2019\/05\/LOGO-768x1086.jpg 768w, https:\/\/rodriguezgallery.com\/wp-content\/uploads\/2019\/05\/LOGO-724x1024.jpg 724w, https:\/\/rodriguezgallery.com\/wp-content\/uploads\/2019\/05\/LOGO-300x424.jpg 300w, https:\/\/rodriguezgallery.com\/wp-content\/uploads\/2019\/05\/LOGO.jpg 1654w\" sizes=\"auto, (max-width: 129px) 100vw, 129px\" \/><\/a><\/p>\n<p>&nbsp;<\/p>\n<\/div><\/div><\/div><div id=\"pgc-5057-0-1\"  class=\"panel-grid-cell\" ><div id=\"panel-5057-0-1-0\" class=\"so-panel widget widget_black-studio-tinymce widget_black_studio_tinymce panel-first-child panel-last-child\" data-index=\"1\" ><div class=\"textwidget\"><h6><span class=\"\" style=\"display:block;clear:both;height: 0px;padding-top: 20px;border-top-width:0px;border-bottom-width:0px;\"><\/span><\/h6>\n<p><div id='gallery-1' class='gallery galleryid-5057 gallery-columns-3 gallery-size-thumbnail'><figure class='gallery-item'>\n\t\t\t<div class='gallery-icon landscape'>\n\t\t\t\t<a href='https:\/\/rodriguezgallery.com\/pl\/notebook-on-cities\/notebook_on_cities_dokumentacja_foto-tytus-szabelski-15-2\/'><img loading=\"lazy\" decoding=\"async\" width=\"150\" height=\"150\" src=\"https:\/\/rodriguezgallery.com\/wp-content\/uploads\/2019\/05\/notebook_on_cities_dokumentacja_foto-Tytus-Szabelski-15-1-150x150.jpg\" class=\"attachment-thumbnail size-thumbnail\" alt=\"\" \/><\/a>\n\t\t\t<\/div><\/figure><figure class='gallery-item'>\n\t\t\t<div class='gallery-icon landscape'>\n\t\t\t\t<a href='https:\/\/rodriguezgallery.com\/pl\/notebook-on-cities\/notebook_on_cities_dokumentacja_-foto-tytus-szabelski-16\/'><img loading=\"lazy\" decoding=\"async\" width=\"150\" height=\"150\" src=\"https:\/\/rodriguezgallery.com\/wp-content\/uploads\/2019\/05\/notebook_on_cities_dokumentacja_-foto-Tytus-Szabelski-16-150x150.jpg\" class=\"attachment-thumbnail size-thumbnail\" alt=\"\" \/><\/a>\n\t\t\t<\/div><\/figure><figure class='gallery-item'>\n\t\t\t<div class='gallery-icon landscape'>\n\t\t\t\t<a href='https:\/\/rodriguezgallery.com\/pl\/notebook-on-cities\/notebook_on_cities_dokumentacja-henry-chapman-foto-tytus-szabelski-13\/'><img loading=\"lazy\" decoding=\"async\" width=\"150\" height=\"150\" src=\"https:\/\/rodriguezgallery.com\/wp-content\/uploads\/2019\/05\/notebook_on_cities_dokumentacja-Henry-Chapman-foto-Tytus-Szabelski-13-150x150.jpg\" class=\"attachment-thumbnail size-thumbnail\" alt=\"Artissima 2019, Henry Chapman\" \/><\/a>\n\t\t\t<\/div><\/figure><figure class='gallery-item'>\n\t\t\t<div class='gallery-icon portrait'>\n\t\t\t\t<a href='https:\/\/rodriguezgallery.com\/pl\/notebook-on-cities\/notebook_on_cities_dokumentacja-foto-tytus-szabelski_10\/'><img loading=\"lazy\" decoding=\"async\" width=\"150\" height=\"150\" src=\"https:\/\/rodriguezgallery.com\/wp-content\/uploads\/2019\/05\/notebook_on_cities_dokumentacja-foto-Tytus-Szabelski_10-150x150.jpg\" class=\"attachment-thumbnail size-thumbnail\" alt=\"\" \/><\/a>\n\t\t\t<\/div><\/figure><figure class='gallery-item'>\n\t\t\t<div class='gallery-icon landscape'>\n\t\t\t\t<a href='https:\/\/rodriguezgallery.com\/pl\/notebook-on-cities\/notebook_on_cities_dokumentacja_ffoto-tytus-szabelski_06\/'><img loading=\"lazy\" decoding=\"async\" width=\"150\" height=\"150\" src=\"https:\/\/rodriguezgallery.com\/wp-content\/uploads\/2019\/05\/notebook_on_cities_dokumentacja_FFoto-Tytus-Szabelski_06-150x150.jpg\" class=\"attachment-thumbnail size-thumbnail\" alt=\"\" \/><\/a>\n\t\t\t<\/div><\/figure><figure class='gallery-item'>\n\t\t\t<div class='gallery-icon landscape'>\n\t\t\t\t<a href='https:\/\/rodriguezgallery.com\/pl\/notebook-on-cities\/notebook_on_cities_dokumentacja_male_05\/'><img loading=\"lazy\" decoding=\"async\" width=\"150\" height=\"150\" src=\"https:\/\/rodriguezgallery.com\/wp-content\/uploads\/2019\/05\/notebook_on_cities_dokumentacja_ma\u0142e_05-150x150.jpg\" class=\"attachment-thumbnail size-thumbnail\" alt=\"\" \/><\/a>\n\t\t\t<\/div><\/figure><figure class='gallery-item'>\n\t\t\t<div class='gallery-icon landscape'>\n\t\t\t\t<a href='https:\/\/rodriguezgallery.com\/pl\/notebook-on-cities\/notebook_on_cities_dokumentacja_foto-tytus-szabelski_11\/'><img loading=\"lazy\" decoding=\"async\" width=\"150\" height=\"150\" src=\"https:\/\/rodriguezgallery.com\/wp-content\/uploads\/2019\/05\/notebook_on_cities_dokumentacja_foto-Tytus-Szabelski_11-150x150.jpg\" class=\"attachment-thumbnail size-thumbnail\" alt=\"\" \/><\/a>\n\t\t\t<\/div><\/figure><figure class='gallery-item'>\n\t\t\t<div class='gallery-icon portrait'>\n\t\t\t\t<a href='https:\/\/rodriguezgallery.com\/pl\/notebook-on-cities\/notebook_on_cities_dokumentacja-viktor-briestensky-foto-tytus-szabelski-07\/'><img loading=\"lazy\" decoding=\"async\" width=\"150\" height=\"150\" src=\"https:\/\/rodriguezgallery.com\/wp-content\/uploads\/2019\/05\/notebook_on_cities_dokumentacja-Viktor-Briestensky-foto-Tytus-Szabelski-07-150x150.jpg\" class=\"attachment-thumbnail size-thumbnail\" alt=\"\" \/><\/a>\n\t\t\t<\/div><\/figure><figure class='gallery-item'>\n\t\t\t<div class='gallery-icon portrait'>\n\t\t\t\t<a href='https:\/\/rodriguezgallery.com\/pl\/notebook-on-cities\/notebook_on_cities_dokumentacja_-foto-tytsu-szabelski-17\/'><img loading=\"lazy\" decoding=\"async\" width=\"150\" height=\"150\" src=\"https:\/\/rodriguezgallery.com\/wp-content\/uploads\/2019\/05\/notebook_on_cities_dokumentacja_-foto-Tytsu-Szabelski-17-150x150.jpg\" class=\"attachment-thumbnail size-thumbnail\" alt=\"\" \/><\/a>\n\t\t\t<\/div><\/figure><figure class='gallery-item'>\n\t\t\t<div class='gallery-icon portrait'>\n\t\t\t\t<a href='https:\/\/rodriguezgallery.com\/pl\/notebook-on-cities\/notebook_on_cities_dokumentacja-viktor-briestensky-foto-tytus-szabelski-08\/'><img loading=\"lazy\" decoding=\"async\" width=\"150\" height=\"150\" src=\"https:\/\/rodriguezgallery.com\/wp-content\/uploads\/2019\/05\/notebook_on_cities_dokumentacja-Viktor-Briestensky-foto-Tytus-Szabelski-08-150x150.jpg\" class=\"attachment-thumbnail size-thumbnail\" alt=\"\" \/><\/a>\n\t\t\t<\/div><\/figure><figure class='gallery-item'>\n\t\t\t<div class='gallery-icon portrait'>\n\t\t\t\t<a href='https:\/\/rodriguezgallery.com\/pl\/notebook-on-cities\/notebook_on_cities_dokumentacja_male_04\/'><img loading=\"lazy\" decoding=\"async\" width=\"150\" height=\"150\" src=\"https:\/\/rodriguezgallery.com\/wp-content\/uploads\/2019\/05\/notebook_on_cities_dokumentacja_ma\u0142e_04-150x150.jpg\" class=\"attachment-thumbnail size-thumbnail\" alt=\"\" \/><\/a>\n\t\t\t<\/div><\/figure><figure class='gallery-item'>\n\t\t\t<div class='gallery-icon portrait'>\n\t\t\t\t<a href='https:\/\/rodriguezgallery.com\/pl\/notebook-on-cities\/notebook_on_cities_dokumentacja_male_01\/'><img loading=\"lazy\" decoding=\"async\" width=\"150\" height=\"150\" src=\"https:\/\/rodriguezgallery.com\/wp-content\/uploads\/2019\/05\/notebook_on_cities_dokumentacja_ma\u0142e_01-150x150.jpg\" class=\"attachment-thumbnail size-thumbnail\" alt=\"\" \/><\/a>\n\t\t\t<\/div><\/figure><figure class='gallery-item'>\n\t\t\t<div class='gallery-icon landscape'>\n\t\t\t\t<a href='https:\/\/rodriguezgallery.com\/pl\/notebook-on-cities\/notebook_on_cities_dokumentacja_-chloe-quenum-foto-tytus-szabelski-09\/'><img loading=\"lazy\" decoding=\"async\" width=\"150\" height=\"150\" src=\"https:\/\/rodriguezgallery.com\/wp-content\/uploads\/2019\/05\/notebook_on_cities_dokumentacja_-CHloe-Quenum-foto-Tytus-Szabelski-09-150x150.jpg\" class=\"attachment-thumbnail size-thumbnail\" alt=\"\" \/><\/a>\n\t\t\t<\/div><\/figure><figure class='gallery-item'>\n\t\t\t<div class='gallery-icon landscape'>\n\t\t\t\t<a href='https:\/\/rodriguezgallery.com\/pl\/notebook-on-cities\/notebook_on_cities_dokumentacja_male_02\/'><img loading=\"lazy\" decoding=\"async\" width=\"150\" height=\"150\" src=\"https:\/\/rodriguezgallery.com\/wp-content\/uploads\/2019\/05\/notebook_on_cities_dokumentacja_ma\u0142e_02-150x150.jpg\" class=\"attachment-thumbnail size-thumbnail\" alt=\"\" \/><\/a>\n\t\t\t<\/div><\/figure><figure class='gallery-item'>\n\t\t\t<div class='gallery-icon landscape'>\n\t\t\t\t<a href='https:\/\/rodriguezgallery.com\/pl\/notebook-on-cities\/notebook_on_cities_dokumentacja_-foto-tytus-szabelski_14\/'><img loading=\"lazy\" decoding=\"async\" width=\"150\" height=\"150\" src=\"https:\/\/rodriguezgallery.com\/wp-content\/uploads\/2019\/05\/notebook_on_cities_dokumentacja_-foto-Tytus-Szabelski_14-150x150.jpg\" class=\"attachment-thumbnail size-thumbnail\" alt=\"\" \/><\/a>\n\t\t\t<\/div><\/figure><figure class='gallery-item'>\n\t\t\t<div class='gallery-icon landscape'>\n\t\t\t\t<a href='https:\/\/rodriguezgallery.com\/pl\/notebook-on-cities\/notebook_on_cities_dokumentacja_male_03\/'><img loading=\"lazy\" decoding=\"async\" width=\"150\" height=\"150\" src=\"https:\/\/rodriguezgallery.com\/wp-content\/uploads\/2019\/05\/notebook_on_cities_dokumentacja_ma\u0142e_03-150x150.jpg\" class=\"attachment-thumbnail size-thumbnail\" alt=\"\" \/><\/a>\n\t\t\t<\/div><\/figure><figure class='gallery-item'>\n\t\t\t<div class='gallery-icon landscape'>\n\t\t\t\t<a href='https:\/\/rodriguezgallery.com\/pl\/notebook-on-cities\/notebook_on_cities_dokumentacja-foto-tytus-szabelski-12\/'><img loading=\"lazy\" decoding=\"async\" width=\"150\" height=\"150\" src=\"https:\/\/rodriguezgallery.com\/wp-content\/uploads\/2019\/05\/notebook_on_cities_dokumentacja-foto-Tytus-Szabelski-12-150x150.jpg\" class=\"attachment-thumbnail size-thumbnail\" alt=\"\" \/><\/a>\n\t\t\t<\/div><\/figure>\n\t\t<\/div>\n<\/p>\n<h6><\/h6>\n<\/div><\/div><\/div><\/div><\/div>","protected":false},"excerpt":{"rendered":"<p>Notebook on Cities kurator Domenico de Chirico 10.05 &#8211; 12.06.2019 Viktor Briestensky Henry Chapman Chlo\u00e9 Quenum Marianne Spurr Keke Vilabelda Na pocz\u0105tek zapytam ci\u0119 o miasto schodz\u0105ce w d\u00f3\u0142 tarasami, <a class=\"moretag\" href=\"https:\/\/rodriguezgallery.com\/pl\/notebook-on-cities\/\">Read More &#8230;<\/a><\/p>\n","protected":false},"author":1,"featured_media":0,"parent":0,"menu_order":0,"comment_status":"closed","ping_status":"closed","template":"full-width-page.php","meta":{"footnotes":""},"class_list":["post-5057","page","type-page","status-publish","hentry"],"_links":{"self":[{"href":"https:\/\/rodriguezgallery.com\/pl\/wp-json\/wp\/v2\/pages\/5057","targetHints":{"allow":["GET"]}}],"collection":[{"href":"https:\/\/rodriguezgallery.com\/pl\/wp-json\/wp\/v2\/pages"}],"about":[{"href":"https:\/\/rodriguezgallery.com\/pl\/wp-json\/wp\/v2\/types\/page"}],"author":[{"embeddable":true,"href":"https:\/\/rodriguezgallery.com\/pl\/wp-json\/wp\/v2\/users\/1"}],"replies":[{"embeddable":true,"href":"https:\/\/rodriguezgallery.com\/pl\/wp-json\/wp\/v2\/comments?post=5057"}],"version-history":[{"count":1,"href":"https:\/\/rodriguezgallery.com\/pl\/wp-json\/wp\/v2\/pages\/5057\/revisions"}],"predecessor-version":[{"id":5119,"href":"https:\/\/rodriguezgallery.com\/pl\/wp-json\/wp\/v2\/pages\/5057\/revisions\/5119"}],"wp:attachment":[{"href":"https:\/\/rodriguezgallery.com\/pl\/wp-json\/wp\/v2\/media?parent=5057"}],"curies":[{"name":"wp","href":"https:\/\/api.w.org\/{rel}","templated":true}]}}