{"id":5089,"date":"2019-05-08T13:57:16","date_gmt":"2019-05-08T11:57:16","guid":{"rendered":"http:\/\/rodriguezgallery.com\/?page_id=5089"},"modified":"2019-05-08T14:00:41","modified_gmt":"2019-05-08T12:00:41","slug":"otwarta-szkola","status":"publish","type":"page","link":"https:\/\/rodriguezgallery.com\/pl\/otwarta-szkola\/","title":{"rendered":"(English) Otwarta szkola"},"content":{"rendered":"<div id=\"pl-5089\"  class=\"panel-layout\" ><div id=\"pg-5089-0\"  class=\"panel-grid panel-no-style\" ><div id=\"pgc-5089-0-0\"  class=\"panel-grid-cell panel-grid-cell-mobile-last\" ><div id=\"panel-5089-0-0-0\" class=\"so-panel widget widget_black-studio-tinymce widget_black_studio_tinymce panel-first-child panel-last-child\" data-index=\"0\" ><div class=\"textwidget\"><p><span class=\"\" style=\"display:block;clear:both;height: 0px;padding-top: 20px;border-top-width:0px;border-bottom-width:0px;\"><\/span><\/p>\n<h6>Fundacja Katedry Intermedi\u00f3w zaprasza do:<\/h6>\n<h6><strong>OTWARTEJ SZKO\u0141Y SZTUKI<\/strong><\/h6>\n<h6>czyli programu warsztat\u00f3w oraz spotka\u0144, podczas kt\u00f3rych <strong>spojrzymy na sztuk\u0119 jako na narz\u0119dzie zmiany <\/strong>spo\u0142ecznej \/ indywidualnej \/ relacyjnej.<\/p>\n<p>Projekt daj\u0119 mo\u017cliwo\u015b\u0107 poznania inspiruj\u0105cych ludzi oraz bliskiej wsp\u00f3\u0142pracy z wybitn\u0105 artystk\u0105 prof<strong>. Izabell\u0105 Gustowsk\u0105<\/strong>, performerk\u0105 <strong>Karolin\u0105 Kubik<\/strong>, propagatork\u0105 sztuki w relacji z cz\u0142owiekiem, artystk\u0105 <strong>Magdalen\u0105 Starsk\u0105<\/strong>, aktywistk\u0105 miejsk\u0105 i kuratork\u0105 <strong>Agnieszk\u0105 R\u00f3\u017cy\u0144sk\u0105<\/strong>, edukatorem i badaczem <strong>Krzysztofem \u0141ukomskim.<\/p>\n<p><\/strong>Podczas kilku warsztat\u00f3w, odbywaj\u0105cych si\u0119 zar\u00f3wno na UAP, jak i w nietypowych miejscach w przestrzeni publicznej miasta, do\u015bwiadczone praktyczki i do\u015bwiadczeni praktycy podziel\u0105 si\u0119 nieszablonowymi sposobami my\u015blenia o sztuce, kt\u00f3ra coraz cz\u0119\u015bciej ucieka z galerii i miejsc tradycyjnie dla niej projektowanych. Spotkania b\u0119d\u0105 mia\u0142y charakter nieformalny i b\u0119d\u0105 wskazywa\u0142y na praktyki w obszarze sztuki i aktywizmu miejskiego.<\/p>\n<p>Udzia\u0142 w OTWARTEJ SZKOLE SZTUKI jest bezp\u0142atny.<\/p>\n<p>Na Wasze zg\u0142oszenia czekamy do <strong>16 MAJA (do godz. 9.00)<\/strong> pod adresem: <strong><a href=\"mailto:fundacja.intermedia@gmail.com\">fundacja.intermedia@gmail.com<\/a><\/strong><\/h6>\n<h6><strong>Liczba miejsc ograniczona <\/strong><\/h6>\n<h6><strong>CZEGO UCZYMY?<\/strong><\/h6>\n<h6>- czym jest sztuka jako narz\u0119dzie zmiany (spo\u0142ecznej, indywidualnej, relacyjnej),<br \/>\n- nowych praktyk i sposob\u00f3w my\u015blenia o sztuce, kt\u00f3ra coraz cz\u0119\u015bciej ucieka z galerii\u00a0i miejsc tradycyjnie dla niej projektowanych,<br \/>\n- \u015bwiadomego uczestnictwa w \u017cyciu kulturalnym (miasta, miejscowo\u015bci, dzielnicy),<br \/>\n- \u201ezmiany \u015bwiata na lepsze\u201d za pomoc\u0105 narz\u0119dzi sztuki,<br \/>\n- praktyki dokumentacji wydarze\u0144 i akcji artystycznych,<br \/>\n- przygotowania wydarze\u0144, dzia\u0142a\u0144 i akcji (z udzia\u0142em narz\u0119dzi artystycznych) zar\u00f3wno pod k\u0105tem merytorycznym, jak i organizacyjnym.<\/h6>\n<h6><strong>KOGO SZUKAMY DO SZKO\u0141Y?<\/strong><\/h6>\n<h6>- osoby, kt\u00f3re z r\u00f3\u017cnych powod\u00f3w nie mog\u0105 \/ nie mogli studiowa\u0107 w szkole artystycznej, lub jej program by\u0142 dla nich (w pewnym zakresie) niewystarczaj\u0105cy (<strong>bez ogranicze\u0144 wiekowych<\/strong>),<br \/>\n- animatorki i animator\u00f3w kultury, edukator\u00f3w i edukatorki oraz ludzi \u201edobrej woli\", kt\u00f3rzy\u00a0w swoich grupach, o\u015brodkach, organizacjach, miejscach spotka\u0144 prowadz\u0105 program integracji r\u00f3\u017cnych \u015brodowisk i grup wiekowych, ale czasem brakuje im pomys\u0142\u00f3w na nowe dzia\u0142ania lub narz\u0119dzia ich komunikacji,<br \/>\n- os\u00f3b, kt\u00f3re nietypowymi dzia\u0142aniami dla ludzi i z lud\u017ami, chcia\u0142yby \/ chcieliby co\u015b zmieni\u0107\u00a0w swoim miejscu pracy, w swojej okolicy, w uk\u0142adzie wsp\u00f3\u0142rz\u0119dnych.<\/h6>\n<h6><strong>KIEDY STARTUJEMY?<\/strong><\/h6>\n<h6><strong>17.05 (pi\u0105tek)<\/strong> godz.18:00 - <strong>ZAJ\u0118CIA WPROWADZAJ\u0104CE<br \/>\n<\/strong>program szko\u0142y i zaproszenie do dzia\u0142ania, UAP budynek C, studio 203\/204\/207\/208,<\/h6>\n<h6><strong>18.05 (sobota<\/strong>) - <strong>WSP\u00d3LNY UDZIA\u0141 W NOCY MUZE\u00d3W<\/strong> w Poznaniu - badanie terenowe<\/h6>\n<h6><strong>20.05 (poniedzia\u0142ek) <\/strong>godz.18:00 - <strong>SPOTKANIE Z IZABELL\u0104 GUSTOWSK\u0104<br \/>\n<\/strong>Podczas tego spotkania poznacie praktyk\u0119 jednej z najwa\u017cniejszych polskich artystek, za\u0142o\u017cycielki Intermedi\u00f3w na pozna\u0144skim UAP, kt\u00f3ra opowie Wam o nowym projekcie artystycznym, kt\u00f3rego staniecie si\u0119 cz\u0119\u015bci\u0105.<\/h6>\n<h6><u>Ustalimy tak\u017ce wsp\u00f3lny plan kolejnych warsztat\u00f3w, tak aby dostosowa\u0107 terminy do Waszej dost\u0119pno\u015bci<\/u>. B\u0119d\u0105 si\u0119 one odbywa\u0142y w czwartki wieczorami oraz w wybrane weekendy maja i czerwca.<\/h6>\n<h6>Pod koniec czerwca przeprowadzimy otwarte dla publiczno\u015bci dzia\u0142anie artystyczne w przestrzeni miasta.<\/h6>\n<h6>Projekt dofinansowany z bud\u017cetu Miasta Poznania.<br \/>\nPartner projektu: Rodriguez Gallery<\/h6>\n<\/div><\/div><\/div><div id=\"pgc-5089-0-1\"  class=\"panel-grid-cell panel-grid-cell-empty\" ><\/div><\/div><\/div>","protected":false},"excerpt":{"rendered":"<p>Fundacja Katedry Intermedi\u00f3w zaprasza do: OTWARTEJ SZKO\u0141Y SZTUKI czyli programu warsztat\u00f3w oraz spotka\u0144, podczas kt\u00f3rych spojrzymy na sztuk\u0119 jako na narz\u0119dzie zmiany spo\u0142ecznej \/ indywidualnej \/ relacyjnej. Projekt daj\u0119 mo\u017cliwo\u015b\u0107 <a class=\"moretag\" href=\"https:\/\/rodriguezgallery.com\/pl\/otwarta-szkola\/\">Read More &#8230;<\/a><\/p>\n","protected":false},"author":1,"featured_media":0,"parent":0,"menu_order":0,"comment_status":"closed","ping_status":"closed","template":"full-width-page.php","meta":{"footnotes":""},"class_list":["post-5089","page","type-page","status-publish","hentry"],"_links":{"self":[{"href":"https:\/\/rodriguezgallery.com\/pl\/wp-json\/wp\/v2\/pages\/5089","targetHints":{"allow":["GET"]}}],"collection":[{"href":"https:\/\/rodriguezgallery.com\/pl\/wp-json\/wp\/v2\/pages"}],"about":[{"href":"https:\/\/rodriguezgallery.com\/pl\/wp-json\/wp\/v2\/types\/page"}],"author":[{"embeddable":true,"href":"https:\/\/rodriguezgallery.com\/pl\/wp-json\/wp\/v2\/users\/1"}],"replies":[{"embeddable":true,"href":"https:\/\/rodriguezgallery.com\/pl\/wp-json\/wp\/v2\/comments?post=5089"}],"version-history":[{"count":1,"href":"https:\/\/rodriguezgallery.com\/pl\/wp-json\/wp\/v2\/pages\/5089\/revisions"}],"predecessor-version":[{"id":5092,"href":"https:\/\/rodriguezgallery.com\/pl\/wp-json\/wp\/v2\/pages\/5089\/revisions\/5092"}],"wp:attachment":[{"href":"https:\/\/rodriguezgallery.com\/pl\/wp-json\/wp\/v2\/media?parent=5089"}],"curies":[{"name":"wp","href":"https:\/\/api.w.org\/{rel}","templated":true}]}}