{"id":5149,"date":"2019-06-19T13:56:13","date_gmt":"2019-06-19T11:56:13","guid":{"rendered":"https:\/\/rodriguezgallery.com\/?page_id=5149"},"modified":"2019-07-01T17:09:06","modified_gmt":"2019-07-01T15:09:06","slug":"merch","status":"publish","type":"page","link":"https:\/\/rodriguezgallery.com\/pl\/merch\/","title":{"rendered":"(English) MERCH"},"content":{"rendered":"<div id=\"pl-5149\"  class=\"panel-layout\" ><div id=\"pg-5149-0\"  class=\"panel-grid panel-no-style\" ><div id=\"pgc-5149-0-0\"  class=\"panel-grid-cell\" ><div id=\"panel-5149-0-0-0\" class=\"so-panel widget widget_black-studio-tinymce widget_black_studio_tinymce panel-first-child panel-last-child\" data-index=\"0\" ><div class=\"textwidget\"><h6><span class=\"\" style=\"display:block;clear:both;height: 0px;padding-top: 20px;border-top-width:0px;border-bottom-width:0px;\"><\/span><br \/>\n<strong>Jana Shostak &amp; Jakub Jasiukiewicz<\/strong><br \/>\n<strong><em>MERCH<br \/>\n<\/em><\/strong>21 - 29.06.2019<\/h6>\n<h6>Yana, obiecuj\u0105ca m\u0142oda artystka z Bia\u0142orusi ku zaskoczeniu wszystkich postanawia zdoby\u0107 koron\u0119 Miss Polski. Ten rok, to jej ostatnia szansa na wygran\u0105. Kandyduj\u0105c wytwarza ca\u0142\u0105 kolekcj\u0119 eco \/ fair trade narz\u0119dzi do walki o pok\u00f3j na \u015awiecie.<\/h6>\n<h6>W sk\u0142ad kolekcji zainspirowanej powstaj\u0105cym filmem wchodz\u0105 m.in:<br \/>\n1. jedwabna szarfa-nerka ze z\u0142otym haftem Miss Polonii 2020<br \/>\n2. fotosy i kadry z filmu, druk barwny na papierze bawe\u0142nianym, w sygnowanym pude\u0142ku<br \/>\n3. drewniano-bawe\u0142niane le\u017caki ze z\u0142otym \u015bladem Miss<br \/>\n4. zesz\u0142oroczna kolekcja koszulek z Nowakami (wyprzeda\u017c!)<\/h6>\n<h6><strong>Jana Shostak<\/strong> - doktoranta na Uniwersytecie Artystycznym w Poznaniu. 20 czerwca 2017 r. \u2013 w \u015awiatowy Dzie\u0144 nowaka \u2013 obroni\u0142a prac\u0119 dyplomow\u0105 na ASP w Warszawie w galerii handlowej Z\u0142ote Tarasy. Na co dzie\u0144 u\u017cywa feminatyw\u00f3w. Wierzy w skuteczno\u015b\u0107 sztuki.<br \/>\nLaureatka (Najlepsze Dyplomy ASP), Honorary Mention (Start Point Prize), Nagrody ZAiKS (Coming out \u201817), Grand Prix (M\u0142ode Wilki \u201916), Nagrody Roberta Biedronia (Rybie Oko).<\/h6>\n<h6><strong>Jakub Jasiukiewicz<\/strong> (1983) absolwent Intermedi\u00f3w na ASP Pozna\u0144 (2008), w 2012 obroni\u0142 doktorat. Adiunkt w Pracowni Kina Rozszerzonego UAP. Uczestnik ponad 70 wystaw zbiorowych i autor 9 indywidualnych. Stypendysta Visegrad Fund (2009), Akademie Schloss Solitude (2010) i MKiDN (2010)<br \/>\nWsp\u00f3\u0142pracuje z Rodriguez Gallery.<\/h6>\n<h6>Warsztaty z bycia miss dla wszystkich: 29.06.2019 godz. 15:00<\/h6>\n<\/div><\/div><\/div><div id=\"pgc-5149-0-1\"  class=\"panel-grid-cell\" ><div id=\"panel-5149-0-1-0\" class=\"so-panel widget widget_black-studio-tinymce widget_black_studio_tinymce panel-first-child panel-last-child\" data-index=\"1\" ><div class=\"textwidget\"><p><span class=\"\" style=\"display:block;clear:both;height: 0px;padding-top: 20px;border-top-width:0px;border-bottom-width:0px;\"><\/span><\/p>\n<p><div id='gallery-1' class='gallery galleryid-5149 gallery-columns-4 gallery-size-thumbnail'><figure class='gallery-item'>\n\t\t\t<div class='gallery-icon portrait'>\n\t\t\t\t<a href='https:\/\/rodriguezgallery.com\/pl\/merch\/merch-1\/'><img loading=\"lazy\" decoding=\"async\" width=\"150\" height=\"150\" src=\"https:\/\/rodriguezgallery.com\/wp-content\/uploads\/2019\/07\/MERCH-1-150x150.jpg\" class=\"attachment-thumbnail size-thumbnail\" alt=\"\" \/><\/a>\n\t\t\t<\/div><\/figure><figure class='gallery-item'>\n\t\t\t<div class='gallery-icon landscape'>\n\t\t\t\t<a href='https:\/\/rodriguezgallery.com\/pl\/merch\/merch-2\/'><img loading=\"lazy\" decoding=\"async\" width=\"150\" height=\"150\" src=\"https:\/\/rodriguezgallery.com\/wp-content\/uploads\/2019\/07\/MERCH-2-150x150.jpg\" class=\"attachment-thumbnail size-thumbnail\" alt=\"\" \/><\/a>\n\t\t\t<\/div><\/figure><figure class='gallery-item'>\n\t\t\t<div class='gallery-icon landscape'>\n\t\t\t\t<a href='https:\/\/rodriguezgallery.com\/pl\/merch\/merch-3\/'><img loading=\"lazy\" decoding=\"async\" width=\"150\" height=\"150\" src=\"https:\/\/rodriguezgallery.com\/wp-content\/uploads\/2019\/07\/MERCH-3-150x150.jpg\" class=\"attachment-thumbnail size-thumbnail\" alt=\"\" \/><\/a>\n\t\t\t<\/div><\/figure><figure class='gallery-item'>\n\t\t\t<div class='gallery-icon landscape'>\n\t\t\t\t<a href='https:\/\/rodriguezgallery.com\/pl\/merch\/merch-4\/'><img loading=\"lazy\" decoding=\"async\" width=\"150\" height=\"150\" src=\"https:\/\/rodriguezgallery.com\/wp-content\/uploads\/2019\/07\/MERCH-4-150x150.jpg\" class=\"attachment-thumbnail size-thumbnail\" alt=\"\" \/><\/a>\n\t\t\t<\/div><\/figure><figure class='gallery-item'>\n\t\t\t<div class='gallery-icon landscape'>\n\t\t\t\t<a href='https:\/\/rodriguezgallery.com\/pl\/merch\/merch-5\/'><img loading=\"lazy\" decoding=\"async\" width=\"150\" height=\"150\" src=\"https:\/\/rodriguezgallery.com\/wp-content\/uploads\/2019\/07\/MERCH-5-150x150.jpg\" class=\"attachment-thumbnail size-thumbnail\" alt=\"\" \/><\/a>\n\t\t\t<\/div><\/figure><figure class='gallery-item'>\n\t\t\t<div class='gallery-icon landscape'>\n\t\t\t\t<a href='https:\/\/rodriguezgallery.com\/pl\/merch\/merch-6\/'><img loading=\"lazy\" decoding=\"async\" width=\"150\" height=\"150\" src=\"https:\/\/rodriguezgallery.com\/wp-content\/uploads\/2019\/07\/MERCH-6-150x150.jpg\" class=\"attachment-thumbnail size-thumbnail\" alt=\"\" \/><\/a>\n\t\t\t<\/div><\/figure><figure class='gallery-item'>\n\t\t\t<div class='gallery-icon portrait'>\n\t\t\t\t<a href='https:\/\/rodriguezgallery.com\/pl\/merch\/merch-7\/'><img loading=\"lazy\" decoding=\"async\" width=\"150\" height=\"150\" src=\"https:\/\/rodriguezgallery.com\/wp-content\/uploads\/2019\/07\/MERCH-7-150x150.jpg\" class=\"attachment-thumbnail size-thumbnail\" alt=\"\" \/><\/a>\n\t\t\t<\/div><\/figure><figure class='gallery-item'>\n\t\t\t<div class='gallery-icon landscape'>\n\t\t\t\t<a href='https:\/\/rodriguezgallery.com\/pl\/merch\/merch-9\/'><img loading=\"lazy\" decoding=\"async\" width=\"150\" height=\"150\" src=\"https:\/\/rodriguezgallery.com\/wp-content\/uploads\/2019\/07\/MERCH-9-150x150.jpg\" class=\"attachment-thumbnail size-thumbnail\" alt=\"\" \/><\/a>\n\t\t\t<\/div><\/figure><figure class='gallery-item'>\n\t\t\t<div class='gallery-icon landscape'>\n\t\t\t\t<a href='https:\/\/rodriguezgallery.com\/pl\/merch\/merch-11\/'><img loading=\"lazy\" decoding=\"async\" width=\"150\" height=\"150\" src=\"https:\/\/rodriguezgallery.com\/wp-content\/uploads\/2019\/07\/MERCH-11-150x150.jpg\" class=\"attachment-thumbnail size-thumbnail\" alt=\"\" \/><\/a>\n\t\t\t<\/div><\/figure><figure class='gallery-item'>\n\t\t\t<div class='gallery-icon landscape'>\n\t\t\t\t<a href='https:\/\/rodriguezgallery.com\/pl\/merch\/merch-12\/'><img loading=\"lazy\" decoding=\"async\" width=\"150\" height=\"150\" src=\"https:\/\/rodriguezgallery.com\/wp-content\/uploads\/2019\/07\/MERCH-12-150x150.jpg\" class=\"attachment-thumbnail size-thumbnail\" alt=\"\" \/><\/a>\n\t\t\t<\/div><\/figure><figure class='gallery-item'>\n\t\t\t<div class='gallery-icon landscape'>\n\t\t\t\t<a href='https:\/\/rodriguezgallery.com\/pl\/merch\/merch-13\/'><img loading=\"lazy\" decoding=\"async\" width=\"150\" height=\"150\" src=\"https:\/\/rodriguezgallery.com\/wp-content\/uploads\/2019\/07\/MERCH-13-150x150.jpg\" class=\"attachment-thumbnail size-thumbnail\" alt=\"\" \/><\/a>\n\t\t\t<\/div><\/figure>\n\t\t<\/div>\n<\/p>\n<\/div><\/div><\/div><\/div><div id=\"pg-5149-1\"  class=\"panel-grid panel-no-style\" ><div id=\"pgc-5149-1-0\"  class=\"panel-grid-cell\" ><div id=\"panel-5149-1-0-0\" class=\"so-panel widget widget_black-studio-tinymce widget_black_studio_tinymce panel-first-child panel-last-child\" data-index=\"2\" ><div class=\"textwidget\"><h6><a href=\"https:\/\/www.facebook.com\/generatormalta\/\" target=\"_blank\" rel=\"noopener\">GENERATOR MALTA<\/a> w ramach <a href=\"https:\/\/www.facebook.com\/maltafestivalpoznan\/\" target=\"_blank\" rel=\"noopener\">Festiwal Malta<\/a><br \/>\n<img loading=\"lazy\" decoding=\"async\" class=\"alignleft wp-image-5140 \" src=\"https:\/\/rodriguezgallery.com\/wp-content\/uploads\/2019\/06\/malta_logo_krzywe-e1560945126374-300x70.jpg\" alt=\"\" width=\"227\" height=\"53\" srcset=\"https:\/\/rodriguezgallery.com\/wp-content\/uploads\/2019\/06\/malta_logo_krzywe-e1560945126374-300x70.jpg 300w, https:\/\/rodriguezgallery.com\/wp-content\/uploads\/2019\/06\/malta_logo_krzywe-e1560945126374-768x178.jpg 768w, https:\/\/rodriguezgallery.com\/wp-content\/uploads\/2019\/06\/malta_logo_krzywe-e1560945126374-1024x238.jpg 1024w\" sizes=\"auto, (max-width: 227px) 100vw, 227px\" \/><\/h6>\n<h6>\n<p>Projekt dofinansowany z bud\u017cetu Miasta Poznania.<br \/>\n<img loading=\"lazy\" decoding=\"async\" class=\" wp-image-2924 alignleft\" src=\"https:\/\/rodriguezgallery.com\/wp-content\/uploads\/2017\/10\/LOGO_POZNAN_PL_RGB_bz-300x103.jpg\" alt=\"\" width=\"198\" height=\"68\" srcset=\"https:\/\/rodriguezgallery.com\/wp-content\/uploads\/2017\/10\/LOGO_POZNAN_PL_RGB_bz-300x103.jpg 300w, https:\/\/rodriguezgallery.com\/wp-content\/uploads\/2017\/10\/LOGO_POZNAN_PL_RGB_bz-768x264.jpg 768w, https:\/\/rodriguezgallery.com\/wp-content\/uploads\/2017\/10\/LOGO_POZNAN_PL_RGB_bz-1024x352.jpg 1024w\" sizes=\"auto, (max-width: 198px) 100vw, 198px\" \/><\/h6>\n<p>&nbsp;<\/p>\n<\/div><\/div><\/div><div id=\"pgc-5149-1-1\"  class=\"panel-grid-cell\" ><div id=\"panel-5149-1-1-0\" class=\"so-panel widget widget_black-studio-tinymce widget_black_studio_tinymce panel-first-child panel-last-child\" data-index=\"3\" ><div class=\"textwidget\"><p><img loading=\"lazy\" decoding=\"async\" class=\" wp-image-5143 alignleft\" src=\"https:\/\/rodriguezgallery.com\/wp-content\/uploads\/2019\/06\/harpagan_logo_bw_rgb-01-247x300.jpg\" alt=\"\" width=\"187\" height=\"227\" srcset=\"https:\/\/rodriguezgallery.com\/wp-content\/uploads\/2019\/06\/harpagan_logo_bw_rgb-01-247x300.jpg 247w, https:\/\/rodriguezgallery.com\/wp-content\/uploads\/2019\/06\/harpagan_logo_bw_rgb-01-768x931.jpg 768w, https:\/\/rodriguezgallery.com\/wp-content\/uploads\/2019\/06\/harpagan_logo_bw_rgb-01-845x1024.jpg 845w, https:\/\/rodriguezgallery.com\/wp-content\/uploads\/2019\/06\/harpagan_logo_bw_rgb-01-300x364.jpg 300w, https:\/\/rodriguezgallery.com\/wp-content\/uploads\/2019\/06\/harpagan_logo_bw_rgb-01.jpg 1064w\" sizes=\"auto, (max-width: 187px) 100vw, 187px\" \/><\/p>\n<\/div><\/div><\/div><\/div><\/div>","protected":false},"excerpt":{"rendered":"<p>Jana Shostak &amp; Jakub Jasiukiewicz MERCH 21 &#8211; 29.06.2019 Yana, obiecuj\u0105ca m\u0142oda artystka z Bia\u0142orusi ku zaskoczeniu wszystkich postanawia zdoby\u0107 koron\u0119 Miss Polski. Ten rok, to jej ostatnia szansa na <a class=\"moretag\" href=\"https:\/\/rodriguezgallery.com\/pl\/merch\/\">Read More &#8230;<\/a><\/p>\n","protected":false},"author":1,"featured_media":0,"parent":0,"menu_order":0,"comment_status":"closed","ping_status":"closed","template":"full-width-page.php","meta":{"footnotes":""},"class_list":["post-5149","page","type-page","status-publish","hentry"],"_links":{"self":[{"href":"https:\/\/rodriguezgallery.com\/pl\/wp-json\/wp\/v2\/pages\/5149","targetHints":{"allow":["GET"]}}],"collection":[{"href":"https:\/\/rodriguezgallery.com\/pl\/wp-json\/wp\/v2\/pages"}],"about":[{"href":"https:\/\/rodriguezgallery.com\/pl\/wp-json\/wp\/v2\/types\/page"}],"author":[{"embeddable":true,"href":"https:\/\/rodriguezgallery.com\/pl\/wp-json\/wp\/v2\/users\/1"}],"replies":[{"embeddable":true,"href":"https:\/\/rodriguezgallery.com\/pl\/wp-json\/wp\/v2\/comments?post=5149"}],"version-history":[{"count":1,"href":"https:\/\/rodriguezgallery.com\/pl\/wp-json\/wp\/v2\/pages\/5149\/revisions"}],"predecessor-version":[{"id":5177,"href":"https:\/\/rodriguezgallery.com\/pl\/wp-json\/wp\/v2\/pages\/5149\/revisions\/5177"}],"wp:attachment":[{"href":"https:\/\/rodriguezgallery.com\/pl\/wp-json\/wp\/v2\/media?parent=5149"}],"curies":[{"name":"wp","href":"https:\/\/api.w.org\/{rel}","templated":true}]}}