{"id":5249,"date":"2019-09-03T17:18:17","date_gmt":"2019-09-03T15:18:17","guid":{"rendered":"https:\/\/rodriguezgallery.com\/?page_id=5249"},"modified":"2019-09-30T14:01:23","modified_gmt":"2019-09-30T12:01:23","slug":"wgw-2019","status":"publish","type":"page","link":"https:\/\/rodriguezgallery.com\/pl\/wgw-2019\/","title":{"rendered":"(English) WGW 2019"},"content":{"rendered":"<div id=\"pl-5249\"  class=\"panel-layout\" ><div id=\"pg-5249-0\"  class=\"panel-grid panel-no-style\" ><div id=\"pgc-5249-0-0\"  class=\"panel-grid-cell\" ><div id=\"panel-5249-0-0-0\" class=\"so-panel widget widget_black-studio-tinymce widget_black_studio_tinymce panel-first-child panel-last-child\" data-index=\"0\" ><div class=\"textwidget\"><h6><strong><span class=\"\" style=\"display:block;clear:both;height: 0px;padding-top: 20px;border-top-width:0px;border-bottom-width:0px;\"><\/span><br \/>\nWarsaw Gallery Weekend 2019<br \/>\n<\/strong>20 - 22 September, 2019<br \/>\nAl. Jerozolimskie 51\/ 2, Warszawa<\/h6>\n<h6><em><strong>Ale nudy<\/strong><\/em><br \/>\nDalila Gon\u00e7alves \u00a0| \u00a0Micha\u0142 Smandek<\/h6>\n<h6>W jaki spos\u00f3b wykorzystujemy i warto\u015bciujemy nasz czas? Czy dajemy si\u0119 ponie\u015b\u0107 frenetycznemu rytmowi, kt\u00f3ry ogarn\u0105\u0142 spo\u0142ecze\u0144stwo, aby ka\u017cda chwila by\u0142a dobrze spo\u017cytkowana, a ka\u017cda czynno\u015b\u0107 przynosi\u0142a konkretne rezultaty? A co, je\u015bli wbrew tej tendencji zdecydujemy si\u0119 spowolni\u0107 rytm i skupi\u0107 si\u0119 na czynno\u015bciach monotonnych, kt\u00f3re nie s\u0105 zgo\u0142a produktywne? Mo\u017ce si\u0119 okaza\u0107, \u017ce te chwile pozwalaj\u0105ce naszemu umys\u0142owi na puste przeloty my\u015bli mog\u0105 sta\u0107 si\u0119 bardziej warto\u015bciowe od tych dobrze spo\u017cytkowanych.<\/h6>\n<h6>Micha\u0142 Smandek i Dalila Gon\u00e7alves pozwalaj\u0105 sobie marnowa\u0107 czas. Proces powstawania prac Smandka w terenie opiera si\u0119 na cierpliwym wyszukiwaniu miejsca i oczekiwaniu na odpowiedni moment do dzia\u0142ania. W\u0119druj\u0105c, synchronizuje si\u0119 z rytmem natury i specjalnie pozwala sobie przy tym na nicnierobienie lub proste czynno\u015bci dla zabicia czasu.<\/h6>\n<h6>W pracach Gon\u00e7alves czas i jego up\u0142yw zapisany jest ju\u017c w samym wyborze materia\u0142u \u2013 wyrobach fabrycznych, kt\u00f3re obsesyjnie zbiera, a nast\u0119pnie manualnie, rzemie\u015blniczo przetwarza. Poprzez monotonno\u015b\u0107 swojej pracy wskazuje na spowolnienie, ch\u0119\u0107 wstrzymania zachwytu nad globaln\u0105 industrializacj\u0105. Pozbawia przedmioty u\u017cytkowej funkcji, poszukuj\u0105c nowych form plastycznych bli\u017cszych naturze samego materia\u0142u.<\/h6>\n<h6>S\u0105 dwie nudy. Ta stymuluj\u0105ca kreatywno\u015b\u0107 i ta prowadz\u0105ca do apatii. Nuda sytuacyjna w kolejce do lekarza i nuda egzystencjalna \u2013 bezsens og\u00f3lny. R\u00f3\u017cne s\u0105 te\u017c ich przyczyny. Prawdopodobnie w kolejce do lekarza filozof si\u0119 nie nudzi, a kibica raduje mecz z dogrywk\u0105. Philip Zimbardo zauwa\u017cy\u0142, \u017ce to, czego potrzebujemy, a co nietrafnie nazywamy nud\u0105, to po prostu czas dla siebie.<br \/>\nM\u00f3wi si\u0119, \u017ce nadmiar bod\u017ac\u00f3w jest szkodliwy, ale ich brak tak\u017ce. Gon\u00e7alves i Smandek wiedz\u0105, \u017ce ca\u0142a sztuka polega na r\u00f3wnowadze mi\u0119dzy stymulacj\u0105 a wyciszeniem.<\/h6>\n<h6><a href=\"http:\/\/www.warsawgalleryweekend.pl\/?fbclid=IwAR36edZtfbStosCKoph2Q7ReuYqljC39eZO49hqbxta2n1ZyNfHh570lyjs\" target=\"_blank\" rel=\"nofollow noopener\" data-lynx-mode=\"hover\" data-lynx-uri=\"https:\/\/l.facebook.com\/l.php?u=http%3A%2F%2Fwww.warsawgalleryweekend.pl%2F%3Ffbclid%3DIwAR36edZtfbStosCKoph2Q7ReuYqljC39eZO49hqbxta2n1ZyNfHh570lyjs&amp;h=AT1VN8xntXb-aa1lhnoGgcR-Ni2oyW6Y9D4Gkoag8VKmjOed75hi3xPPC5D-zGeqdlbvEVAO6FVJycAdPuGToRHyZos3LVN4TTnDJzwTopelkiF2OvzaSQtBGCxsUeiXyHXuNgSVc3cPbJiF0c2L1sE\">www.warsawgalleryweekend.pl<\/a><\/h6>\n<h6>Zadanie dofinansowane z bud\u017cetu Miasta Poznania<\/h6>\n<\/div><\/div><\/div><div id=\"pgc-5249-0-1\"  class=\"panel-grid-cell\" ><div id=\"panel-5249-0-1-0\" class=\"so-panel widget widget_black-studio-tinymce widget_black_studio_tinymce panel-first-child panel-last-child\" data-index=\"1\" ><div class=\"textwidget\"><p><span class=\"\" style=\"display:block;clear:both;height: 0px;padding-top: 20px;border-top-width:0px;border-bottom-width:0px;\"><\/span><\/p>\n<p><div id='gallery-1' class='gallery galleryid-5249 gallery-columns-3 gallery-size-thumbnail'><figure class='gallery-item'>\n\t\t\t<div class='gallery-icon landscape'>\n\t\t\t\t<a href='https:\/\/rodriguezgallery.com\/wp-content\/uploads\/2019\/09\/01.jpg'><img loading=\"lazy\" decoding=\"async\" width=\"150\" height=\"150\" src=\"https:\/\/rodriguezgallery.com\/wp-content\/uploads\/2019\/09\/01-150x150.jpg\" class=\"attachment-thumbnail size-thumbnail\" alt=\"\" \/><\/a>\n\t\t\t<\/div><\/figure><figure class='gallery-item'>\n\t\t\t<div class='gallery-icon landscape'>\n\t\t\t\t<a href='https:\/\/rodriguezgallery.com\/wp-content\/uploads\/2019\/09\/02.jpg'><img loading=\"lazy\" decoding=\"async\" width=\"150\" height=\"150\" src=\"https:\/\/rodriguezgallery.com\/wp-content\/uploads\/2019\/09\/02-150x150.jpg\" class=\"attachment-thumbnail size-thumbnail\" alt=\"\" \/><\/a>\n\t\t\t<\/div><\/figure><figure class='gallery-item'>\n\t\t\t<div class='gallery-icon landscape'>\n\t\t\t\t<a href='https:\/\/rodriguezgallery.com\/wp-content\/uploads\/2019\/09\/04.jpg'><img loading=\"lazy\" decoding=\"async\" width=\"150\" height=\"150\" src=\"https:\/\/rodriguezgallery.com\/wp-content\/uploads\/2019\/09\/04-150x150.jpg\" class=\"attachment-thumbnail size-thumbnail\" alt=\"\" \/><\/a>\n\t\t\t<\/div><\/figure><figure class='gallery-item'>\n\t\t\t<div class='gallery-icon landscape'>\n\t\t\t\t<a href='https:\/\/rodriguezgallery.com\/wp-content\/uploads\/2019\/09\/05.jpg'><img loading=\"lazy\" decoding=\"async\" width=\"150\" height=\"150\" src=\"https:\/\/rodriguezgallery.com\/wp-content\/uploads\/2019\/09\/05-150x150.jpg\" class=\"attachment-thumbnail size-thumbnail\" alt=\"\" \/><\/a>\n\t\t\t<\/div><\/figure><figure class='gallery-item'>\n\t\t\t<div class='gallery-icon portrait'>\n\t\t\t\t<a href='https:\/\/rodriguezgallery.com\/wp-content\/uploads\/2019\/09\/06.jpg'><img loading=\"lazy\" decoding=\"async\" width=\"150\" height=\"150\" src=\"https:\/\/rodriguezgallery.com\/wp-content\/uploads\/2019\/09\/06-150x150.jpg\" class=\"attachment-thumbnail size-thumbnail\" alt=\"\" \/><\/a>\n\t\t\t<\/div><\/figure><figure class='gallery-item'>\n\t\t\t<div class='gallery-icon landscape'>\n\t\t\t\t<a href='https:\/\/rodriguezgallery.com\/wp-content\/uploads\/2019\/09\/07.jpg'><img loading=\"lazy\" decoding=\"async\" width=\"150\" height=\"150\" src=\"https:\/\/rodriguezgallery.com\/wp-content\/uploads\/2019\/09\/07-150x150.jpg\" class=\"attachment-thumbnail size-thumbnail\" alt=\"\" \/><\/a>\n\t\t\t<\/div><\/figure><figure class='gallery-item'>\n\t\t\t<div class='gallery-icon portrait'>\n\t\t\t\t<a href='https:\/\/rodriguezgallery.com\/wp-content\/uploads\/2019\/09\/10.jpg'><img loading=\"lazy\" decoding=\"async\" width=\"150\" height=\"150\" src=\"https:\/\/rodriguezgallery.com\/wp-content\/uploads\/2019\/09\/10-150x150.jpg\" class=\"attachment-thumbnail size-thumbnail\" alt=\"\" \/><\/a>\n\t\t\t<\/div><\/figure><figure class='gallery-item'>\n\t\t\t<div class='gallery-icon landscape'>\n\t\t\t\t<a href='https:\/\/rodriguezgallery.com\/wp-content\/uploads\/2019\/09\/11.jpg'><img loading=\"lazy\" decoding=\"async\" width=\"150\" height=\"150\" src=\"https:\/\/rodriguezgallery.com\/wp-content\/uploads\/2019\/09\/11-150x150.jpg\" class=\"attachment-thumbnail size-thumbnail\" alt=\"\" \/><\/a>\n\t\t\t<\/div><\/figure><figure class='gallery-item'>\n\t\t\t<div class='gallery-icon landscape'>\n\t\t\t\t<a href='https:\/\/rodriguezgallery.com\/wp-content\/uploads\/2019\/09\/12.jpg'><img loading=\"lazy\" decoding=\"async\" width=\"150\" height=\"150\" src=\"https:\/\/rodriguezgallery.com\/wp-content\/uploads\/2019\/09\/12-150x150.jpg\" class=\"attachment-thumbnail size-thumbnail\" alt=\"\" \/><\/a>\n\t\t\t<\/div><\/figure><figure class='gallery-item'>\n\t\t\t<div class='gallery-icon landscape'>\n\t\t\t\t<a href='https:\/\/rodriguezgallery.com\/wp-content\/uploads\/2019\/09\/13.jpg'><img loading=\"lazy\" decoding=\"async\" width=\"150\" height=\"150\" src=\"https:\/\/rodriguezgallery.com\/wp-content\/uploads\/2019\/09\/13-150x150.jpg\" class=\"attachment-thumbnail size-thumbnail\" alt=\"\" \/><\/a>\n\t\t\t<\/div><\/figure><figure class='gallery-item'>\n\t\t\t<div class='gallery-icon landscape'>\n\t\t\t\t<a href='https:\/\/rodriguezgallery.com\/wp-content\/uploads\/2019\/09\/14.jpg'><img loading=\"lazy\" decoding=\"async\" width=\"150\" height=\"150\" src=\"https:\/\/rodriguezgallery.com\/wp-content\/uploads\/2019\/09\/14-150x150.jpg\" class=\"attachment-thumbnail size-thumbnail\" alt=\"\" \/><\/a>\n\t\t\t<\/div><\/figure><figure class='gallery-item'>\n\t\t\t<div class='gallery-icon landscape'>\n\t\t\t\t<a href='https:\/\/rodriguezgallery.com\/wp-content\/uploads\/2019\/09\/15.jpg'><img loading=\"lazy\" decoding=\"async\" width=\"150\" height=\"150\" src=\"https:\/\/rodriguezgallery.com\/wp-content\/uploads\/2019\/09\/15-150x150.jpg\" class=\"attachment-thumbnail size-thumbnail\" alt=\"\" \/><\/a>\n\t\t\t<\/div><\/figure><figure class='gallery-item'>\n\t\t\t<div class='gallery-icon landscape'>\n\t\t\t\t<a href='https:\/\/rodriguezgallery.com\/wp-content\/uploads\/2019\/09\/16.jpg'><img loading=\"lazy\" decoding=\"async\" width=\"150\" height=\"150\" src=\"https:\/\/rodriguezgallery.com\/wp-content\/uploads\/2019\/09\/16-150x150.jpg\" class=\"attachment-thumbnail size-thumbnail\" alt=\"\" \/><\/a>\n\t\t\t<\/div><\/figure><figure class='gallery-item'>\n\t\t\t<div class='gallery-icon portrait'>\n\t\t\t\t<a href='https:\/\/rodriguezgallery.com\/wp-content\/uploads\/2019\/09\/17.jpg'><img loading=\"lazy\" decoding=\"async\" width=\"150\" height=\"150\" src=\"https:\/\/rodriguezgallery.com\/wp-content\/uploads\/2019\/09\/17-150x150.jpg\" class=\"attachment-thumbnail size-thumbnail\" alt=\"\" \/><\/a>\n\t\t\t<\/div><\/figure><figure class='gallery-item'>\n\t\t\t<div class='gallery-icon landscape'>\n\t\t\t\t<a href='https:\/\/rodriguezgallery.com\/wp-content\/uploads\/2019\/09\/18.jpg'><img loading=\"lazy\" decoding=\"async\" width=\"150\" height=\"150\" src=\"https:\/\/rodriguezgallery.com\/wp-content\/uploads\/2019\/09\/18-150x150.jpg\" class=\"attachment-thumbnail size-thumbnail\" alt=\"\" \/><\/a>\n\t\t\t<\/div><\/figure>\n\t\t<\/div>\n<\/p>\n<\/div><\/div><\/div><\/div><\/div>","protected":false},"excerpt":{"rendered":"<p>Warsaw Gallery Weekend 2019 20 &#8211; 22 September, 2019 Al. Jerozolimskie 51\/ 2, Warszawa Ale nudy Dalila Gon\u00e7alves \u00a0| \u00a0Micha\u0142 Smandek W jaki spos\u00f3b wykorzystujemy i warto\u015bciujemy nasz czas? Czy <a class=\"moretag\" href=\"https:\/\/rodriguezgallery.com\/pl\/wgw-2019\/\">Read More &#8230;<\/a><\/p>\n","protected":false},"author":1,"featured_media":0,"parent":0,"menu_order":0,"comment_status":"closed","ping_status":"closed","template":"full-width-page.php","meta":{"footnotes":""},"class_list":["post-5249","page","type-page","status-publish","hentry"],"_links":{"self":[{"href":"https:\/\/rodriguezgallery.com\/pl\/wp-json\/wp\/v2\/pages\/5249","targetHints":{"allow":["GET"]}}],"collection":[{"href":"https:\/\/rodriguezgallery.com\/pl\/wp-json\/wp\/v2\/pages"}],"about":[{"href":"https:\/\/rodriguezgallery.com\/pl\/wp-json\/wp\/v2\/types\/page"}],"author":[{"embeddable":true,"href":"https:\/\/rodriguezgallery.com\/pl\/wp-json\/wp\/v2\/users\/1"}],"replies":[{"embeddable":true,"href":"https:\/\/rodriguezgallery.com\/pl\/wp-json\/wp\/v2\/comments?post=5249"}],"version-history":[{"count":1,"href":"https:\/\/rodriguezgallery.com\/pl\/wp-json\/wp\/v2\/pages\/5249\/revisions"}],"predecessor-version":[{"id":5369,"href":"https:\/\/rodriguezgallery.com\/pl\/wp-json\/wp\/v2\/pages\/5249\/revisions\/5369"}],"wp:attachment":[{"href":"https:\/\/rodriguezgallery.com\/pl\/wp-json\/wp\/v2\/media?parent=5249"}],"curies":[{"name":"wp","href":"https:\/\/api.w.org\/{rel}","templated":true}]}}