{"id":5437,"date":"2019-12-05T20:03:47","date_gmt":"2019-12-05T18:03:47","guid":{"rendered":"https:\/\/rodriguezgallery.com\/?page_id=5437"},"modified":"2019-12-05T20:07:23","modified_gmt":"2019-12-05T18:07:23","slug":"agnieszka-grodzinska-are-you-choking","status":"publish","type":"page","link":"https:\/\/rodriguezgallery.com\/pl\/agnieszka-grodzinska-are-you-choking\/","title":{"rendered":"(English) Agnieszka Grodzinska &#8211; Are you choking"},"content":{"rendered":"<div id=\"pl-5437\"  class=\"panel-layout\" ><div id=\"pg-5437-0\"  class=\"panel-grid panel-no-style\" ><div id=\"pgc-5437-0-0\"  class=\"panel-grid-cell\" ><div id=\"panel-5437-0-0-0\" class=\"so-panel widget widget_black-studio-tinymce widget_black_studio_tinymce panel-first-child panel-last-child\" data-index=\"0\" ><div class=\"textwidget\"><h6><span class=\"\" style=\"display:block;clear:both;height: 0px;padding-top: 20px;border-top-width:0px;border-bottom-width:0px;\"><\/span><\/h6>\n<h6><strong>Agnieszka Grodzi\u0144ska - <em>ARE YOU CHOKING?<\/em><\/strong><br \/>\n<strong>02.12 - 10.12.2019<\/strong><\/h6>\n<h6><\/h6>\n<h6>Are you choking? to pytanie z obrazkowego instrukta\u017cu metod pomocy krztusz\u0105cemu si\u0119. Pytasz, cho\u0107 widzisz na w\u0142asne oczy. Pytasz, bo nie wierzysz w\u0142asnym oczom. I nie chcesz da\u0107 si\u0119 nabra\u0107, a taka ewentualno\u015b\u0107 zawsze wchodzi w gr\u0119.<span class=\"Apple-converted-space\">\u00a0<\/span><\/h6>\n<h6>Choke le\u017cy niezwykle blisko joke, i to ta fonetyczna zbie\u017cno\u015b\u0107 staje si\u0119 tak naprawd\u0119 tytu\u0142em wystawy. Ta analogiczno\u015b\u0107 pojawia si\u0119 nie tylko w obszarze podstawowych poj\u0119\u0107 i ich identyfikacji. Tak\u017ce w pierwotnych procesach dekodowania i rozumienia \u015bwiata, niezb\u0119dnych do wepchni\u0119cia nas w spo\u0142ecze\u0144stwo.<span class=\"Apple-converted-space\">\u00a0<\/span><\/h6>\n<h6>Sytuacyjna kuriozalno\u015b\u0107 zdarze\u0144 nieustanie kr\u0105\u017cy wok\u00f3\u0142, na przecinaj\u0105cych si\u0119 liniach \u015bmiechu i przera\u017cenia. By j\u0105 spacyfikowa\u0107 wykonujemy zadania wdra\u017caj\u0105ce do systemu: obserwacja-nauka-powtarzalno\u015b\u0107-wz\u00f3r.<span class=\"Apple-converted-space\">\u00a0<\/span><\/h6>\n<h6>Instalacja wideo i obiekty zderzaj\u0105 hipotetyczny moment pierwotnej niewiedzy i nierozpoznawania oczekiwa\u0144 zewn\u0119trznych z pierwszymi procesami dyscyplinuj\u0105cymi. To stan \u015bwiadomo\u015bci, w kt\u00f3rym obca jest jeszcze idea bycia swoim w\u0142asnym policjantem. Takiej, kt\u00f3ra nie zna jeszcze konieczno\u015bci ograniczenia ruchu i zachowania, w kt\u00f3rej wyobra\u017cenie abstrakcyjnej formy \u015bwiata mo\u017ce by\u0107 jak najbardziej realne. Przedmiotem namys\u0142u i wizualnej interpretacji staje si\u0119 ramowanie kszta\u0142t\u00f3w, ich multiplikacja, hierarchizowanie, a nast\u0119pnie nobilitacja instytucjonalna w procesie przymusowego uspo\u0142ecznienia.<span class=\"Apple-converted-space\">\u00a0<\/span><\/h6>\n<p>&nbsp;<\/p>\n<p>&nbsp;<\/p>\n<h6>Projekt dofinansowany z bud\u017cetu Miasta Poznania<\/h6>\n<\/div><\/div><\/div><div id=\"pgc-5437-0-1\"  class=\"panel-grid-cell\" ><div id=\"panel-5437-0-1-0\" class=\"so-panel widget widget_black-studio-tinymce widget_black_studio_tinymce panel-first-child panel-last-child\" data-index=\"1\" ><div class=\"textwidget\"><p><span class=\"\" style=\"display:block;clear:both;height: 0px;padding-top: 20px;border-top-width:0px;border-bottom-width:0px;\"><\/span><\/p>\n<p><div id='gallery-1' class='gallery galleryid-5437 gallery-columns-4 gallery-size-thumbnail'><figure class='gallery-item'>\n\t\t\t<div class='gallery-icon landscape'>\n\t\t\t\t<a href='https:\/\/rodriguezgallery.com\/wp-content\/uploads\/2019\/12\/20191202_dokumentacja-wystawy-9.jpg'><img loading=\"lazy\" decoding=\"async\" width=\"150\" height=\"150\" src=\"https:\/\/rodriguezgallery.com\/wp-content\/uploads\/2019\/12\/20191202_dokumentacja-wystawy-9-150x150.jpg\" class=\"attachment-thumbnail size-thumbnail\" alt=\"\" \/><\/a>\n\t\t\t<\/div><\/figure><figure class='gallery-item'>\n\t\t\t<div class='gallery-icon portrait'>\n\t\t\t\t<a href='https:\/\/rodriguezgallery.com\/wp-content\/uploads\/2019\/12\/20191202_dokumentacja-wystawy-12.jpg'><img loading=\"lazy\" decoding=\"async\" width=\"150\" height=\"150\" src=\"https:\/\/rodriguezgallery.com\/wp-content\/uploads\/2019\/12\/20191202_dokumentacja-wystawy-12-150x150.jpg\" class=\"attachment-thumbnail size-thumbnail\" alt=\"\" \/><\/a>\n\t\t\t<\/div><\/figure><figure class='gallery-item'>\n\t\t\t<div class='gallery-icon landscape'>\n\t\t\t\t<a href='https:\/\/rodriguezgallery.com\/wp-content\/uploads\/2019\/12\/20191202_dokumentacja-wystawy-3.jpg'><img loading=\"lazy\" decoding=\"async\" width=\"150\" height=\"150\" src=\"https:\/\/rodriguezgallery.com\/wp-content\/uploads\/2019\/12\/20191202_dokumentacja-wystawy-3-150x150.jpg\" class=\"attachment-thumbnail size-thumbnail\" alt=\"\" \/><\/a>\n\t\t\t<\/div><\/figure><figure class='gallery-item'>\n\t\t\t<div class='gallery-icon landscape'>\n\t\t\t\t<a href='https:\/\/rodriguezgallery.com\/wp-content\/uploads\/2019\/12\/20191202_dokumentacja-wystawy-20.jpg'><img loading=\"lazy\" decoding=\"async\" width=\"150\" height=\"150\" src=\"https:\/\/rodriguezgallery.com\/wp-content\/uploads\/2019\/12\/20191202_dokumentacja-wystawy-20-150x150.jpg\" class=\"attachment-thumbnail size-thumbnail\" alt=\"\" \/><\/a>\n\t\t\t<\/div><\/figure><figure class='gallery-item'>\n\t\t\t<div class='gallery-icon landscape'>\n\t\t\t\t<a href='https:\/\/rodriguezgallery.com\/wp-content\/uploads\/2019\/12\/20191202_dokumentacja-wystawy-14.jpg'><img loading=\"lazy\" decoding=\"async\" width=\"150\" height=\"150\" src=\"https:\/\/rodriguezgallery.com\/wp-content\/uploads\/2019\/12\/20191202_dokumentacja-wystawy-14-150x150.jpg\" class=\"attachment-thumbnail size-thumbnail\" alt=\"\" \/><\/a>\n\t\t\t<\/div><\/figure><figure class='gallery-item'>\n\t\t\t<div class='gallery-icon landscape'>\n\t\t\t\t<a href='https:\/\/rodriguezgallery.com\/wp-content\/uploads\/2019\/12\/20191202_dokumentacja-wystawy-21.jpg'><img loading=\"lazy\" decoding=\"async\" width=\"150\" height=\"150\" src=\"https:\/\/rodriguezgallery.com\/wp-content\/uploads\/2019\/12\/20191202_dokumentacja-wystawy-21-150x150.jpg\" class=\"attachment-thumbnail size-thumbnail\" alt=\"\" \/><\/a>\n\t\t\t<\/div><\/figure><figure class='gallery-item'>\n\t\t\t<div class='gallery-icon landscape'>\n\t\t\t\t<a href='https:\/\/rodriguezgallery.com\/wp-content\/uploads\/2019\/12\/20191202_dokumentacja-wystawy-15.jpg'><img loading=\"lazy\" decoding=\"async\" width=\"150\" height=\"150\" src=\"https:\/\/rodriguezgallery.com\/wp-content\/uploads\/2019\/12\/20191202_dokumentacja-wystawy-15-150x150.jpg\" class=\"attachment-thumbnail size-thumbnail\" alt=\"\" \/><\/a>\n\t\t\t<\/div><\/figure><figure class='gallery-item'>\n\t\t\t<div class='gallery-icon landscape'>\n\t\t\t\t<a href='https:\/\/rodriguezgallery.com\/wp-content\/uploads\/2019\/12\/20191202_dokumentacja-wystawy-25.jpg'><img loading=\"lazy\" decoding=\"async\" width=\"150\" height=\"150\" src=\"https:\/\/rodriguezgallery.com\/wp-content\/uploads\/2019\/12\/20191202_dokumentacja-wystawy-25-150x150.jpg\" class=\"attachment-thumbnail size-thumbnail\" alt=\"\" \/><\/a>\n\t\t\t<\/div><\/figure><figure class='gallery-item'>\n\t\t\t<div class='gallery-icon portrait'>\n\t\t\t\t<a href='https:\/\/rodriguezgallery.com\/wp-content\/uploads\/2019\/12\/20191202_dokumentacja-wystawy-24.jpg'><img loading=\"lazy\" decoding=\"async\" width=\"150\" height=\"150\" src=\"https:\/\/rodriguezgallery.com\/wp-content\/uploads\/2019\/12\/20191202_dokumentacja-wystawy-24-150x150.jpg\" class=\"attachment-thumbnail size-thumbnail\" alt=\"\" \/><\/a>\n\t\t\t<\/div><\/figure><figure class='gallery-item'>\n\t\t\t<div class='gallery-icon landscape'>\n\t\t\t\t<a href='https:\/\/rodriguezgallery.com\/wp-content\/uploads\/2019\/12\/20191202_dokumentacja-wystawy-5.jpg'><img loading=\"lazy\" decoding=\"async\" width=\"150\" height=\"150\" src=\"https:\/\/rodriguezgallery.com\/wp-content\/uploads\/2019\/12\/20191202_dokumentacja-wystawy-5-150x150.jpg\" class=\"attachment-thumbnail size-thumbnail\" alt=\"\" \/><\/a>\n\t\t\t<\/div><\/figure><figure class='gallery-item'>\n\t\t\t<div class='gallery-icon landscape'>\n\t\t\t\t<a href='https:\/\/rodriguezgallery.com\/wp-content\/uploads\/2019\/12\/20191202_dokumentacja-wystawy-35.jpg'><img loading=\"lazy\" decoding=\"async\" width=\"150\" height=\"150\" src=\"https:\/\/rodriguezgallery.com\/wp-content\/uploads\/2019\/12\/20191202_dokumentacja-wystawy-35-150x150.jpg\" class=\"attachment-thumbnail size-thumbnail\" alt=\"\" \/><\/a>\n\t\t\t<\/div><\/figure><figure class='gallery-item'>\n\t\t\t<div class='gallery-icon portrait'>\n\t\t\t\t<a href='https:\/\/rodriguezgallery.com\/wp-content\/uploads\/2019\/12\/20191202_dokumentacja-wystawy-46.jpg'><img loading=\"lazy\" decoding=\"async\" width=\"150\" height=\"150\" src=\"https:\/\/rodriguezgallery.com\/wp-content\/uploads\/2019\/12\/20191202_dokumentacja-wystawy-46-150x150.jpg\" class=\"attachment-thumbnail size-thumbnail\" alt=\"\" \/><\/a>\n\t\t\t<\/div><\/figure><figure class='gallery-item'>\n\t\t\t<div class='gallery-icon landscape'>\n\t\t\t\t<a href='https:\/\/rodriguezgallery.com\/wp-content\/uploads\/2019\/12\/20191202_dokumentacja-wystawy-7.jpg'><img loading=\"lazy\" decoding=\"async\" width=\"150\" height=\"150\" src=\"https:\/\/rodriguezgallery.com\/wp-content\/uploads\/2019\/12\/20191202_dokumentacja-wystawy-7-150x150.jpg\" class=\"attachment-thumbnail size-thumbnail\" alt=\"\" \/><\/a>\n\t\t\t<\/div><\/figure><figure class='gallery-item'>\n\t\t\t<div class='gallery-icon portrait'>\n\t\t\t\t<a href='https:\/\/rodriguezgallery.com\/wp-content\/uploads\/2019\/12\/20191202_dokumentacja-wystawy-30.jpg'><img loading=\"lazy\" decoding=\"async\" width=\"150\" height=\"150\" src=\"https:\/\/rodriguezgallery.com\/wp-content\/uploads\/2019\/12\/20191202_dokumentacja-wystawy-30-150x150.jpg\" class=\"attachment-thumbnail size-thumbnail\" alt=\"\" \/><\/a>\n\t\t\t<\/div><\/figure><figure class='gallery-item'>\n\t\t\t<div class='gallery-icon landscape'>\n\t\t\t\t<a href='https:\/\/rodriguezgallery.com\/wp-content\/uploads\/2019\/12\/20191202_dokumentacja-wystawy-34.jpg'><img loading=\"lazy\" decoding=\"async\" width=\"150\" height=\"150\" src=\"https:\/\/rodriguezgallery.com\/wp-content\/uploads\/2019\/12\/20191202_dokumentacja-wystawy-34-150x150.jpg\" class=\"attachment-thumbnail size-thumbnail\" alt=\"\" \/><\/a>\n\t\t\t<\/div><\/figure><figure class='gallery-item'>\n\t\t\t<div class='gallery-icon portrait'>\n\t\t\t\t<a href='https:\/\/rodriguezgallery.com\/wp-content\/uploads\/2019\/12\/20191202_dokumentacja-wystawy-45.jpg'><img loading=\"lazy\" decoding=\"async\" width=\"150\" height=\"150\" src=\"https:\/\/rodriguezgallery.com\/wp-content\/uploads\/2019\/12\/20191202_dokumentacja-wystawy-45-150x150.jpg\" class=\"attachment-thumbnail size-thumbnail\" alt=\"\" \/><\/a>\n\t\t\t<\/div><\/figure>\n\t\t<\/div>\n<\/p>\n<\/div><\/div><\/div><\/div><\/div>","protected":false},"excerpt":{"rendered":"<p>Agnieszka Grodzi\u0144ska &#8211; ARE YOU CHOKING? 02.12 &#8211; 10.12.2019 Are you choking? to pytanie z obrazkowego instrukta\u017cu metod pomocy krztusz\u0105cemu si\u0119. Pytasz, cho\u0107 widzisz na w\u0142asne oczy. Pytasz, bo nie <a class=\"moretag\" href=\"https:\/\/rodriguezgallery.com\/pl\/agnieszka-grodzinska-are-you-choking\/\">Read More &#8230;<\/a><\/p>\n","protected":false},"author":1,"featured_media":0,"parent":0,"menu_order":0,"comment_status":"closed","ping_status":"closed","template":"full-width-page.php","meta":{"footnotes":""},"class_list":["post-5437","page","type-page","status-publish","hentry"],"_links":{"self":[{"href":"https:\/\/rodriguezgallery.com\/pl\/wp-json\/wp\/v2\/pages\/5437","targetHints":{"allow":["GET"]}}],"collection":[{"href":"https:\/\/rodriguezgallery.com\/pl\/wp-json\/wp\/v2\/pages"}],"about":[{"href":"https:\/\/rodriguezgallery.com\/pl\/wp-json\/wp\/v2\/types\/page"}],"author":[{"embeddable":true,"href":"https:\/\/rodriguezgallery.com\/pl\/wp-json\/wp\/v2\/users\/1"}],"replies":[{"embeddable":true,"href":"https:\/\/rodriguezgallery.com\/pl\/wp-json\/wp\/v2\/comments?post=5437"}],"version-history":[{"count":1,"href":"https:\/\/rodriguezgallery.com\/pl\/wp-json\/wp\/v2\/pages\/5437\/revisions"}],"predecessor-version":[{"id":5469,"href":"https:\/\/rodriguezgallery.com\/pl\/wp-json\/wp\/v2\/pages\/5437\/revisions\/5469"}],"wp:attachment":[{"href":"https:\/\/rodriguezgallery.com\/pl\/wp-json\/wp\/v2\/media?parent=5437"}],"curies":[{"name":"wp","href":"https:\/\/api.w.org\/{rel}","templated":true}]}}