{"id":5472,"date":"2019-12-11T14:00:24","date_gmt":"2019-12-11T12:00:24","guid":{"rendered":"https:\/\/rodriguezgallery.com\/?page_id=5472"},"modified":"2019-12-18T15:59:33","modified_gmt":"2019-12-18T13:59:33","slug":"wojnecki","status":"publish","type":"page","link":"https:\/\/rodriguezgallery.com\/pl\/wojnecki\/","title":{"rendered":"(English) Wojnecki"},"content":{"rendered":"<div id=\"pl-5472\"  class=\"panel-layout\" ><div id=\"pg-5472-0\"  class=\"panel-grid panel-no-style\" ><div id=\"pgc-5472-0-0\"  class=\"panel-grid-cell\" ><div id=\"panel-5472-0-0-0\" class=\"so-panel widget widget_black-studio-tinymce widget_black_studio_tinymce panel-first-child panel-last-child\" data-index=\"0\" ><div class=\"textwidget\"><h6><span class=\"\" style=\"display:block;clear:both;height: 0px;padding-top: 20px;border-top-width:0px;border-bottom-width:0px;\"><\/span><br \/>\n<strong>Stefan Wojnecki\u00a0<\/strong><br \/>\n<em><strong>Operacje<\/strong><\/em><br \/>\n13.12.2019 - 22.01.2020<br \/>\nkuratorka: Dorota \u0141uczak, wsp\u00f3\u0142praca kuratorska: Jaros\u0142aw Klup\u015b<\/h6>\n<h6>Wystawa <i>Operacje <\/i>jest re-konstrukcj\u0105 diaporamy <i>D\u0119by?<\/i>, kt\u00f3r\u0105 Stefan Wojnecki zaprezentowa\u0142 w 1974 roku na plenerze w \u0141agowie. Praca pomini\u0119ta w historii fotografii, w tym tak\u017ce w opracowaniach tw\u00f3rczo\u015bci fotografa, a nawet zapomniana przez samego artyst\u0119 zosta\u0142a przywr\u00f3cona do \u017cycia. Na diaporam\u0119 sk\u0142adaj\u0105 si\u0119 dwie dope\u0142niaj\u0105ce si\u0119 projekcje w kolorze \u2013 pierwsza ukazuje operacj\u0119 serca, aparatur\u0119, dzia\u0142ania, w kt\u00f3rych oprzyrz\u0105dowanie jest wykorzystywane a w\u0142a\u015bciwie odgrywa kluczow\u0105 rol\u0119, uczestnicz\u0105c i umo\u017cliwiaj\u0105c operowanie. W relacji z sali operacyjnej uwidoczniona zostaje zale\u017cno\u015b\u0107 cz\u0142owieka od medycznej maszynerii, kt\u00f3ra nie tylko jest narz\u0119dziem lekarzy, ale umo\u017cliwia podtrzymanie \u017cycia chorego. Ta sprawcza moc aparatury wybrzmiewa tak\u017ce w \u015bcie\u017cce d\u017awi\u0119kowej b\u0119d\u0105cej zapisem d\u017awi\u0119k\u00f3w wydawanych przez maszyny, przy wyg\u0142uszenie ludzkich g\u0142os\u00f3w. Druga projekcja prezentuje tytu\u0142owe d\u0119by, sfotografowane w parku w Rogalinie. Drzewa te pokryte s\u0105 naro\u015blami, choruj\u0105, s\u0105 wspierane i ratowane przy u\u017cyciu zewn\u0119trznych materia\u0142\u00f3w takich jak beton czy metalowy stela\u017c. Konfrontacja zdj\u0119\u0107 z operacji na ludzkim sercu z choruj\u0105cymi drzewami znosi\u0142a \u2013 w 1974 roku \u2013 fundamentalne granice mi\u0119dzy cz\u0142owiekiem i natur\u0105. Proces chorowania sta\u0142 si\u0119 tutaj wsp\u00f3lnym do\u015bwiadczeniem. W latach siedemdziesi\u0105tych <i>D\u0119by? <\/i>by\u0142y wyrazem szerszego zainteresowania ruchami ekologicznymi, do kt\u00f3rych Wojnecki odnosi\u0142 si\u0119 r\u00f3wnie\u017c na wystawie <i>Sygna\u0142y. Wystawa ekologiczna <\/i>(1971). Dzisiaj projekt ten wpisuje si\u0119 w posthumanistyczn\u0105 rozumienie \u015bwiata, zgodnie z kt\u00f3rym byty ludzkie i nie-ludzkie, o\u017cywione i nieo\u017cywione tworz\u0105 sie\u0107 zale\u017cnych od siebie aktor\u00f3w, a relacje mi\u0119dzy nimi zasadzaj\u0105 si\u0119 na r\u00f3wnowa\u017cnym, wzajemnym oddzia\u0142ywaniu.<\/h6>\n<h6>Tytu\u0142 <i>Operacje <\/i>odnosi si\u0119 zar\u00f3wno do tematu diaporamy \u2013 w spos\u00f3b dos\u0142owny, zwracaj\u0105cy uwag\u0119 na konkretne dzia\u0142anie, kt\u00f3re ujawnia si\u0119 za spraw\u0105 fotografii materialnego \u015bwiata, jak i do dzia\u0142ania przeprowadzonego na materialnym archiwum Stefana Wojneckiego w 2019 roku, kt\u00f3re nie mo\u017ce by\u0107 uznane za neutralne. Po pierwsze, projekt ten zosta\u0142 - jak wspomina\u0142am - wydobyty z zapomnienia. Po drugie, jego re-konstrukcja przebiega\u0142a za pozwoleniem i w \u015blad za pewnymi wskaz\u00f3wkami artysty, ale poza jego kontrol\u0105. Po trzecie, w wyniku dzisiejszego dzia\u0142ania nad materia\u0142em archiwalnym, multisensoryczny pokaz poprzedza prezentacja zdje\u0107 reporta\u017cowych, wykonanych przez Wojneckiego w pierwszej po\u0142owie lat osiemdziesi\u0105tych. Fotografie powsta\u0142e na podstawie wyselekcjonowanych slajd\u00f3w, kt\u00f3re przedstawiaj\u0105 przechodni\u00f3w na ulicy, zosta\u0142y u\u0142o\u017cone w konfiguracji sk\u0142aniaj\u0105cej widza do przeprowadzenia \u015bledztwa, wyszukiwania powtarzaj\u0105cych si\u0119 lub podobnych do siebie postaci. Potencjalnie wy\u0142aniaj\u0105ce si\u0119 historie staj\u0105 si\u0119 scenariuszem przeprowadzonej operacji.<\/h6>\n<h6>Dorota \u0141uczak<\/h6>\n<h6><\/h6>\n<h6><\/h6>\n<h6><\/h6>\n<h6>Projekt dofinansowany z bud\u017cetu Miasta Poznania<\/h6>\n<h6><img loading=\"lazy\" decoding=\"async\" class=\" wp-image-2924 alignleft\" src=\"https:\/\/rodriguezgallery.com\/wp-content\/uploads\/2017\/10\/LOGO_POZNAN_PL_RGB_bz-300x103.jpg\" alt=\"\" width=\"172\" height=\"59\" srcset=\"https:\/\/rodriguezgallery.com\/wp-content\/uploads\/2017\/10\/LOGO_POZNAN_PL_RGB_bz-300x103.jpg 300w, https:\/\/rodriguezgallery.com\/wp-content\/uploads\/2017\/10\/LOGO_POZNAN_PL_RGB_bz-768x264.jpg 768w, https:\/\/rodriguezgallery.com\/wp-content\/uploads\/2017\/10\/LOGO_POZNAN_PL_RGB_bz-1024x352.jpg 1024w\" sizes=\"auto, (max-width: 172px) 100vw, 172px\" \/><\/h6>\n<h6><\/h6>\n<h6>Partner<\/p>\n<p><img loading=\"lazy\" decoding=\"async\" class=\"alignleft wp-image-5072 \" src=\"https:\/\/rodriguezgallery.com\/wp-content\/uploads\/2019\/05\/LOGO-212x300.jpg\" alt=\"\" width=\"114\" height=\"161\" srcset=\"https:\/\/rodriguezgallery.com\/wp-content\/uploads\/2019\/05\/LOGO-212x300.jpg 212w, https:\/\/rodriguezgallery.com\/wp-content\/uploads\/2019\/05\/LOGO-768x1086.jpg 768w, https:\/\/rodriguezgallery.com\/wp-content\/uploads\/2019\/05\/LOGO-724x1024.jpg 724w, https:\/\/rodriguezgallery.com\/wp-content\/uploads\/2019\/05\/LOGO-300x424.jpg 300w, https:\/\/rodriguezgallery.com\/wp-content\/uploads\/2019\/05\/LOGO.jpg 1654w\" sizes=\"auto, (max-width: 114px) 100vw, 114px\" \/><\/h6>\n<\/div><\/div><\/div><div id=\"pgc-5472-0-1\"  class=\"panel-grid-cell\" ><div id=\"panel-5472-0-1-0\" class=\"so-panel widget widget_black-studio-tinymce widget_black_studio_tinymce panel-first-child panel-last-child\" data-index=\"1\" ><div class=\"textwidget\"><p><span class=\"\" style=\"display:block;clear:both;height: 0px;padding-top: 20px;border-top-width:0px;border-bottom-width:0px;\"><\/span><br \/>\n<img loading=\"lazy\" decoding=\"async\" class=\"aligncenter size-medium wp-image-5470\" src=\"https:\/\/rodriguezgallery.com\/wp-content\/uploads\/2019\/12\/WOJNECKI-promo-300x221.jpg\" alt=\"\" width=\"300\" height=\"221\" srcset=\"https:\/\/rodriguezgallery.com\/wp-content\/uploads\/2019\/12\/WOJNECKI-promo-300x221.jpg 300w, https:\/\/rodriguezgallery.com\/wp-content\/uploads\/2019\/12\/WOJNECKI-promo-1024x754.jpg 1024w, https:\/\/rodriguezgallery.com\/wp-content\/uploads\/2019\/12\/WOJNECKI-promo-768x565.jpg 768w, https:\/\/rodriguezgallery.com\/wp-content\/uploads\/2019\/12\/WOJNECKI-promo-1536x1131.jpg 1536w, https:\/\/rodriguezgallery.com\/wp-content\/uploads\/2019\/12\/WOJNECKI-promo-2048x1508.jpg 2048w\" sizes=\"auto, (max-width: 300px) 100vw, 300px\" \/><\/p>\n<\/div><\/div><\/div><\/div><\/div>","protected":false},"excerpt":{"rendered":"<p>Stefan Wojnecki\u00a0 Operacje 13.12.2019 &#8211; 22.01.2020 kuratorka: Dorota \u0141uczak, wsp\u00f3\u0142praca kuratorska: Jaros\u0142aw Klup\u015b Wystawa Operacje jest re-konstrukcj\u0105 diaporamy D\u0119by?, kt\u00f3r\u0105 Stefan Wojnecki zaprezentowa\u0142 w 1974 roku na plenerze w \u0141agowie. <a class=\"moretag\" href=\"https:\/\/rodriguezgallery.com\/pl\/wojnecki\/\">Read More &#8230;<\/a><\/p>\n","protected":false},"author":1,"featured_media":0,"parent":0,"menu_order":0,"comment_status":"closed","ping_status":"closed","template":"full-width-page.php","meta":{"footnotes":""},"class_list":["post-5472","page","type-page","status-publish","hentry"],"_links":{"self":[{"href":"https:\/\/rodriguezgallery.com\/pl\/wp-json\/wp\/v2\/pages\/5472","targetHints":{"allow":["GET"]}}],"collection":[{"href":"https:\/\/rodriguezgallery.com\/pl\/wp-json\/wp\/v2\/pages"}],"about":[{"href":"https:\/\/rodriguezgallery.com\/pl\/wp-json\/wp\/v2\/types\/page"}],"author":[{"embeddable":true,"href":"https:\/\/rodriguezgallery.com\/pl\/wp-json\/wp\/v2\/users\/1"}],"replies":[{"embeddable":true,"href":"https:\/\/rodriguezgallery.com\/pl\/wp-json\/wp\/v2\/comments?post=5472"}],"version-history":[{"count":1,"href":"https:\/\/rodriguezgallery.com\/pl\/wp-json\/wp\/v2\/pages\/5472\/revisions"}],"predecessor-version":[{"id":5482,"href":"https:\/\/rodriguezgallery.com\/pl\/wp-json\/wp\/v2\/pages\/5472\/revisions\/5482"}],"wp:attachment":[{"href":"https:\/\/rodriguezgallery.com\/pl\/wp-json\/wp\/v2\/media?parent=5472"}],"curies":[{"name":"wp","href":"https:\/\/api.w.org\/{rel}","templated":true}]}}