{"id":5627,"date":"2020-09-21T13:37:49","date_gmt":"2020-09-21T11:37:49","guid":{"rendered":"https:\/\/rodriguezgallery.com\/?page_id=5627"},"modified":"2020-10-26T14:14:59","modified_gmt":"2020-10-26T12:14:59","slug":"wgw-2020","status":"publish","type":"page","link":"https:\/\/rodriguezgallery.com\/pl\/wgw-2020\/","title":{"rendered":"(English) WGW 2020"},"content":{"rendered":"<div id=\"pl-5627\"  class=\"panel-layout\" ><div id=\"pg-5627-0\"  class=\"panel-grid panel-no-style\" ><div id=\"pgc-5627-0-0\"  class=\"panel-grid-cell\" ><div id=\"panel-5627-0-0-0\" class=\"so-panel widget widget_black-studio-tinymce widget_black_studio_tinymce panel-first-child panel-last-child\" data-index=\"0\" ><div class=\"textwidget\"><h6><strong><span class=\"\" style=\"display:block;clear:both;height: 0px;padding-top: 20px;border-top-width:0px;border-bottom-width:0px;\"><\/span><br \/>\nWarsaw Gallery Weekend 2020<br \/>\n<\/strong>1 - 4 October, 2020<br \/>\nLitewska 11\/13, lok. 202\/apt. 202<\/h6>\n<h6><em><strong>Persistence<\/strong><\/em><br \/>\nMarlon de Azambuja<br \/>\nGonzalo Elvira<br \/>\nDalila Gon\u00e7alves<br \/>\nAgnieszka Grodzi\u0144ska<br \/>\nJimena Kato<br \/>\nMichal Martychowiec<br \/>\nSreshta Rit Premnath<br \/>\nMicha\u0142 Smandek<br \/>\nMaria Tinaut<br \/>\nKeke Vilabelda<\/h6>\n<h6><em>Persistence<\/em> - up\u00f3r , wytrwa\u0142o\u015b\u0107 samozaparcie.<\/p>\n<p>Punktem wyj\u015bcia projektu prezentowanego w ramach Warsaw Gallery Weekend 2020 b\u0119dzie tytu\u0142owe poj\u0119cie \u2018persistence\u2019, maj\u0105ce szczeg\u00f3lne znaczenie w obecnych czasach i prawdopodobnie w najbli\u017cszej przysz\u0142o\u015bci. Zwi\u0105zani z Rodriguez Gallery arty\u015bci zmierz\u0105 si\u0119 z jego szerokim znaczeniem i zaprezentuj\u0105 jego odczytanie przez pryzmat w\u0142asnych do\u015bwiadcze\u0144 i praktyki artystycznej. Ukazuj\u0105c je w r\u00f3\u017cnych kontekstach (czysto artystycznym, spo\u0142ecznym czy politycznym) wystawa stanie si\u0119 przyczynkiem do analizy poszczeg\u00f3lnych postaw i zada pytanie o sposoby i znaczenie zaanga\u017cowania sztuki w problemy wsp\u00f3\u0142czesno\u015bci w og\u00f3le.<\/h6>\n<h6>\u2018Persistence\u2019 czyta\u0107 mo\u017cna tak\u017ce w odniesieniu do pozna\u0144skiej galerii, kt\u00f3ra w pa\u017adzierniku 2020 sko\u0144czy 5 lat. <\/h6>\n<h6><a href=\"http:\/\/www.warsawgalleryweekend.pl\/?fbclid=IwAR36edZtfbStosCKoph2Q7ReuYqljC39eZO49hqbxta2n1ZyNfHh570lyjs\" target=\"_blank\" rel=\"nofollow noopener\" data-lynx-mode=\"hover\" data-lynx-uri=\"https:\/\/l.facebook.com\/l.php?u=http%3A%2F%2Fwww.warsawgalleryweekend.pl%2F%3Ffbclid%3DIwAR36edZtfbStosCKoph2Q7ReuYqljC39eZO49hqbxta2n1ZyNfHh570lyjs&amp;h=AT1VN8xntXb-aa1lhnoGgcR-Ni2oyW6Y9D4Gkoag8VKmjOed75hi3xPPC5D-zGeqdlbvEVAO6FVJycAdPuGToRHyZos3LVN4TTnDJzwTopelkiF2OvzaSQtBGCxsUeiXyHXuNgSVc3cPbJiF0c2L1sE\">www.warsawgalleryweekend.pl<\/a><\/h6>\n<\/div><\/div><\/div><div id=\"pgc-5627-0-1\"  class=\"panel-grid-cell\" ><div id=\"panel-5627-0-1-0\" class=\"so-panel widget widget_black-studio-tinymce widget_black_studio_tinymce panel-first-child panel-last-child\" data-index=\"1\" ><div class=\"textwidget\"><p><span class=\"\" style=\"display:block;clear:both;height: 0px;padding-top: 20px;border-top-width:0px;border-bottom-width:0px;\"><\/span><\/p>\n<p><div id='gallery-1' class='gallery galleryid-5627 gallery-columns-3 gallery-size-thumbnail'><figure class='gallery-item'>\n\t\t\t<div class='gallery-icon portrait'>\n\t\t\t\t<a href='https:\/\/rodriguezgallery.com\/wp-content\/uploads\/2020\/10\/Marlon-de-Azambuja-Iluminismo-scaled.jpg'><img loading=\"lazy\" decoding=\"async\" width=\"150\" height=\"150\" src=\"https:\/\/rodriguezgallery.com\/wp-content\/uploads\/2020\/10\/Marlon-de-Azambuja-Iluminismo-150x150.jpg\" class=\"attachment-thumbnail size-thumbnail\" alt=\"\" \/><\/a>\n\t\t\t<\/div><\/figure><figure class='gallery-item'>\n\t\t\t<div class='gallery-icon landscape'>\n\t\t\t\t<a href='https:\/\/rodriguezgallery.com\/wp-content\/uploads\/2020\/10\/Michal-Smandek-1-scaled.jpg'><img loading=\"lazy\" decoding=\"async\" width=\"150\" height=\"150\" src=\"https:\/\/rodriguezgallery.com\/wp-content\/uploads\/2020\/10\/Michal-Smandek-1-150x150.jpg\" class=\"attachment-thumbnail size-thumbnail\" alt=\"\" \/><\/a>\n\t\t\t<\/div><\/figure><figure class='gallery-item'>\n\t\t\t<div class='gallery-icon landscape'>\n\t\t\t\t<a href='https:\/\/rodriguezgallery.com\/wp-content\/uploads\/2020\/10\/78b1b014-b537-4d1c-8b14-2104dfaa2008.jpg'><img loading=\"lazy\" decoding=\"async\" width=\"150\" height=\"150\" src=\"https:\/\/rodriguezgallery.com\/wp-content\/uploads\/2020\/10\/78b1b014-b537-4d1c-8b14-2104dfaa2008-150x150.jpg\" class=\"attachment-thumbnail size-thumbnail\" alt=\"\" \/><\/a>\n\t\t\t<\/div><\/figure><figure class='gallery-item'>\n\t\t\t<div class='gallery-icon portrait'>\n\t\t\t\t<a href='https:\/\/rodriguezgallery.com\/wp-content\/uploads\/2020\/10\/IMG_6457-1-scaled.jpg'><img loading=\"lazy\" decoding=\"async\" width=\"150\" height=\"150\" src=\"https:\/\/rodriguezgallery.com\/wp-content\/uploads\/2020\/10\/IMG_6457-1-150x150.jpg\" class=\"attachment-thumbnail size-thumbnail\" alt=\"\" \/><\/a>\n\t\t\t<\/div><\/figure><figure class='gallery-item'>\n\t\t\t<div class='gallery-icon landscape'>\n\t\t\t\t<a href='https:\/\/rodriguezgallery.com\/wp-content\/uploads\/2020\/10\/IMG_9706.jpg'><img loading=\"lazy\" decoding=\"async\" width=\"150\" height=\"150\" src=\"https:\/\/rodriguezgallery.com\/wp-content\/uploads\/2020\/10\/IMG_9706-150x150.jpg\" class=\"attachment-thumbnail size-thumbnail\" alt=\"\" srcset=\"https:\/\/rodriguezgallery.com\/wp-content\/uploads\/2020\/10\/IMG_9706-150x150.jpg 150w, https:\/\/rodriguezgallery.com\/wp-content\/uploads\/2020\/10\/IMG_9706-300x300.jpg 300w, https:\/\/rodriguezgallery.com\/wp-content\/uploads\/2020\/10\/IMG_9706-1024x1024.jpg 1024w, https:\/\/rodriguezgallery.com\/wp-content\/uploads\/2020\/10\/IMG_9706-768x768.jpg 768w, https:\/\/rodriguezgallery.com\/wp-content\/uploads\/2020\/10\/IMG_9706.jpg 1080w\" sizes=\"auto, (max-width: 150px) 100vw, 150px\" \/><\/a>\n\t\t\t<\/div><\/figure><figure class='gallery-item'>\n\t\t\t<div class='gallery-icon landscape'>\n\t\t\t\t<a href='https:\/\/rodriguezgallery.com\/wp-content\/uploads\/2020\/10\/a451a321-9a92-47a7-9bec-5187be503f11.jpg'><img loading=\"lazy\" decoding=\"async\" width=\"150\" height=\"150\" src=\"https:\/\/rodriguezgallery.com\/wp-content\/uploads\/2020\/10\/a451a321-9a92-47a7-9bec-5187be503f11-150x150.jpg\" class=\"attachment-thumbnail size-thumbnail\" alt=\"\" \/><\/a>\n\t\t\t<\/div><\/figure><figure class='gallery-item'>\n\t\t\t<div class='gallery-icon landscape'>\n\t\t\t\t<a href='https:\/\/rodriguezgallery.com\/wp-content\/uploads\/2020\/10\/IMG_6508-1-scaled.jpg'><img loading=\"lazy\" decoding=\"async\" width=\"150\" height=\"150\" src=\"https:\/\/rodriguezgallery.com\/wp-content\/uploads\/2020\/10\/IMG_6508-1-150x150.jpg\" class=\"attachment-thumbnail size-thumbnail\" alt=\"\" \/><\/a>\n\t\t\t<\/div><\/figure><figure class='gallery-item'>\n\t\t\t<div class='gallery-icon landscape'>\n\t\t\t\t<a href='https:\/\/rodriguezgallery.com\/wp-content\/uploads\/2020\/10\/23E89A07-CCC1-4159-B949-EB95F3860B1F.jpg'><img loading=\"lazy\" decoding=\"async\" width=\"150\" height=\"150\" src=\"https:\/\/rodriguezgallery.com\/wp-content\/uploads\/2020\/10\/23E89A07-CCC1-4159-B949-EB95F3860B1F-150x150.jpg\" class=\"attachment-thumbnail size-thumbnail\" alt=\"\" \/><\/a>\n\t\t\t<\/div><\/figure><figure class='gallery-item'>\n\t\t\t<div class='gallery-icon landscape'>\n\t\t\t\t<a href='https:\/\/rodriguezgallery.com\/wp-content\/uploads\/2020\/10\/IMG_6507-1-scaled.jpg'><img loading=\"lazy\" decoding=\"async\" width=\"150\" height=\"150\" src=\"https:\/\/rodriguezgallery.com\/wp-content\/uploads\/2020\/10\/IMG_6507-1-150x150.jpg\" class=\"attachment-thumbnail size-thumbnail\" alt=\"\" \/><\/a>\n\t\t\t<\/div><\/figure><figure class='gallery-item'>\n\t\t\t<div class='gallery-icon landscape'>\n\t\t\t\t<a href='https:\/\/rodriguezgallery.com\/wp-content\/uploads\/2020\/10\/IMG_9671-scaled.jpg'><img loading=\"lazy\" decoding=\"async\" width=\"150\" height=\"150\" src=\"https:\/\/rodriguezgallery.com\/wp-content\/uploads\/2020\/10\/IMG_9671-150x150.jpg\" class=\"attachment-thumbnail size-thumbnail\" alt=\"\" \/><\/a>\n\t\t\t<\/div><\/figure>\n\t\t<\/div>\n<\/p>\n<\/div><\/div><\/div><\/div><\/div>","protected":false},"excerpt":{"rendered":"<p>Warsaw Gallery Weekend 2020 1 &#8211; 4 October, 2020 Litewska 11\/13, lok. 202\/apt. 202 Persistence Marlon de Azambuja Gonzalo Elvira Dalila Gon\u00e7alves Agnieszka Grodzi\u0144ska Jimena Kato Michal Martychowiec Sreshta Rit <a class=\"moretag\" href=\"https:\/\/rodriguezgallery.com\/pl\/wgw-2020\/\">Read More &#8230;<\/a><\/p>\n","protected":false},"author":1,"featured_media":0,"parent":0,"menu_order":0,"comment_status":"closed","ping_status":"closed","template":"full-width-page.php","meta":{"footnotes":""},"class_list":["post-5627","page","type-page","status-publish","hentry"],"_links":{"self":[{"href":"https:\/\/rodriguezgallery.com\/pl\/wp-json\/wp\/v2\/pages\/5627","targetHints":{"allow":["GET"]}}],"collection":[{"href":"https:\/\/rodriguezgallery.com\/pl\/wp-json\/wp\/v2\/pages"}],"about":[{"href":"https:\/\/rodriguezgallery.com\/pl\/wp-json\/wp\/v2\/types\/page"}],"author":[{"embeddable":true,"href":"https:\/\/rodriguezgallery.com\/pl\/wp-json\/wp\/v2\/users\/1"}],"replies":[{"embeddable":true,"href":"https:\/\/rodriguezgallery.com\/pl\/wp-json\/wp\/v2\/comments?post=5627"}],"version-history":[{"count":1,"href":"https:\/\/rodriguezgallery.com\/pl\/wp-json\/wp\/v2\/pages\/5627\/revisions"}],"predecessor-version":[{"id":5668,"href":"https:\/\/rodriguezgallery.com\/pl\/wp-json\/wp\/v2\/pages\/5627\/revisions\/5668"}],"wp:attachment":[{"href":"https:\/\/rodriguezgallery.com\/pl\/wp-json\/wp\/v2\/media?parent=5627"}],"curies":[{"name":"wp","href":"https:\/\/api.w.org\/{rel}","templated":true}]}}