{"id":5702,"date":"2020-11-12T19:42:06","date_gmt":"2020-11-12T17:42:06","guid":{"rendered":"https:\/\/rodriguezgallery.com\/?page_id=5702"},"modified":"2020-11-12T19:42:06","modified_gmt":"2020-11-12T17:42:06","slug":"cykl-wyklady-profesjonalny-artysta-2020","status":"publish","type":"page","link":"https:\/\/rodriguezgallery.com\/pl\/cykl-wyklady-profesjonalny-artysta-2020\/","title":{"rendered":"(English) Cykl wyk\u0142ady: profesjonalny artysta 2020"},"content":{"rendered":"<div id=\"pl-5702\"  class=\"panel-layout\" ><div id=\"pg-5702-0\"  class=\"panel-grid panel-no-style\" ><div id=\"pgc-5702-0-0\"  class=\"panel-grid-cell\" ><div id=\"panel-5702-0-0-0\" class=\"so-panel widget widget_black-studio-tinymce widget_black_studio_tinymce panel-first-child panel-last-child\" data-index=\"0\" ><div class=\"textwidget\"><h6><span class=\"\" style=\"display:block;clear:both;height: 0px;padding-top: 20px;border-top-width:0px;border-bottom-width:0px;\"><\/span><\/h6>\n<h6 class=\"kvgmc6g5 cxmmr5t8 oygrvhab hcukyx3x c1et5uql\">PROFESJONALNY_A ARTYSTA_TKA \/<br \/>\nPROFESJONALNY_A ANIMATOR_KA KULTURY<br \/>\n24.26.11.2020<\/h6>\n<h6 class=\"o9v6fnle cxmmr5t8 oygrvhab hcukyx3x c1et5uql\">Rodriguez Gallery zaprasza na kolejny cykl 6 webinar\u00f3w, w czasie kt\u00f3rych zastanowimy si\u0119 nad wieloma pytaniami, kt\u00f3re nurtuj\u0105 m\u0142odych_e (i starszych_e) artyst\u00f3w_tki i animator\u00f3w_ki kultury i wszystkich, kt\u00f3rzy maj\u0105 ochot\u0119 dzia\u0142a\u0107 na polu sztuki.<br \/>\nW jaki spos\u00f3b promowa\u0107 w\u0142asn\u0105 tw\u00f3rczo\u015b\u0107? Jak budowa\u0107 i zarz\u0105dza\u0107 projektem kulturalnym? Na czym polega wsp\u00f3\u0142praca z galeri\u0105? Gdzie szuka\u0107 rezydencji artystycznych? Na czym polega praca i wsp\u00f3\u0142praca z kuratorem? Jak chroni\u0107 swoje prawa autorskie?<\/h6>\n<h6 class=\"o9v6fnle cxmmr5t8 oygrvhab hcukyx3x c1et5uql\">Udzia\u0142 jest bezp\u0142atny. Zaj\u0119cia odbywaj\u0105 si\u0119 online.<br \/>\nObowi\u0105zuj\u0105 zapisy: agata@rodriguezgallery.com (prosz\u0119 zaznaczy\u0107, w kt\u00f3rym konkretnie webinarze lub ewentualnie w ca\u0142ym cyklu)<br \/>\nLiczba miejsc jest ograniczona.<\/h6>\n<h6 class=\"o9v6fnle cxmmr5t8 oygrvhab hcukyx3x c1et5uql\">\nPROGRAM:<\/p>\n<p><strong>24 LISTOPADA (wtorek)<\/strong><\/p>\n<p>17:00 \u2013 18:30<br \/>\nGALERIE SZTUKI - FAKTY I MITY<br \/>\nWyk\u0142ad dotyczy problematyki istotnego podmiotu \u015bwiata kultury, galerii sztuki wsp\u00f3\u0142czesnej, kt\u00f3ra cz\u0119sto spotyka si\u0119 z niezrozumieniem ze strony odbiorc\u00f3w. W trakcie zaj\u0119\u0107 om\u00f3wione zostan\u0105 cele i funkcje galerii, zasady jej funkcjonowania w kulturze i na rynku sztuki, ze szczeg\u00f3lnym uwzgl\u0119dnieniem targ\u00f3w sztuki.<br \/>\nProwadzi: Agata Rodriguez<\/p>\n<p>18:45 \u2013 20:15<br \/>\nPRAWO AUTORSKIE<br \/>\nWebinar dotycz\u0105cy praw autorski pozwoli lepiej zrozumie\u0107 ich specyfik\u0119. Odpowie na pytania, czym one s\u0105, jak je chroni\u0107, czym jest przeniesienie praw autorskich i udzielenie licencji, jak zawiera\u0107 umowy, jak chroni\u0107 swoj\u0105 mark\u0119 i logo.<br \/>\nProwadzi: Maciej Wr\u00f3bel<\/h6>\n<h6 class=\"o9v6fnle cxmmr5t8 oygrvhab hcukyx3x c1et5uql\"><strong>25 LISTOPADA (\u015broda)<\/strong><\/p>\n<p>17:00 \u2013 18:30<br \/>\nBUDOWANIE I ZARZ\u0104DZANIE PROJEKTEM KULTURALNYM<br \/>\nW ramach tego webinaru om\u00f3wione zostan\u0105 sposoby okre\u015blania cel\u00f3w i rezultat\u00f3w projektowych. Uczestnicy_czki zapoznaj\u0105 si\u0119 z metodyk\u0105 zarz\u0105dzania projektem i z mo\u017cliwo\u015bciami dotycz\u0105cymi pozyskiwania \u015brodk\u00f3w na wydarzenia kulturalne. Ponadto dowiedz\u0105 si\u0119 tak\u017ce jak zbudowa\u0107 plan pracy, komunikacji w projekcie oraz zbada\u0107 i ograniczy\u0107 w nim ryzyka.<br \/>\nProwadzi: Agnieszka R\u00f3\u017cy\u0144ska<\/p>\n<p>18:45 \u2013 20:15<br \/>\nZAW\u00d3D ARTYSTA<br \/>\nPodczas webinaru ka\u017cdy_a z uczestnik\u00f3w_czek b\u0119dzie mia\u0142_a szans\u0119 naby\u0107 wiedz\u0119, kt\u00f3ra pomo\u017ce \u2013 krok po kroku \u2013 przygotowa\u0107 podstawy pod promocj\u0119 siebie i w\u0142asnej sztuk\u0119, a tak\u017ce zadba\u0107 o prawid\u0142owy jej rozw\u00f3j. Poszukamy odpowiedzi m.in. na pytania: Jak funkcjonuje polski i zagraniczny rynek sztuki? W jaki spos\u00f3b promowa\u0107 i nie promowa\u0107 w\u0142asnej tw\u00f3rczo\u015bci? Jak w\u0142a\u015bciwie napisa\u0107 biografi\u0119 artystyczn\u0105, artist statement oraz przygotowa\u0107 portfolio? W jaki spos\u00f3b komunikowa\u0107 si\u0119 z galeriami, ich przedstawicielami oraz kuratorami i krytykami? W jaki spos\u00f3b przygotowa\u0107 i zg\u0142osi\u0107 projekt wystawy indywidualnej do wi\u0119kszej instytucji.<br \/>\nProwadzi: Kama Wr\u00f3bel<\/h6>\n<h6 class=\"o9v6fnle cxmmr5t8 oygrvhab hcukyx3x c1et5uql\"><strong>26 LISTOPADA (czwartek)<\/strong><\/p>\n<p>17:00 \u2013 18:30<br \/>\nSI\u0141A WSP\u00d3\u0141PRACY W KULTURZE<br \/>\nW czasie tego webinaru uczestnicy b\u0119d\u0119 mieli szans\u0119 zastanowi\u0107 si\u0119 nad mo\u017cliwo\u015bciami wsp\u00f3\u0142pracy pomi\u0119dzy poszczeg\u00f3lnymi uczestnikami kultury, zar\u00f3wno z punktu widzenia artysty_tki, kuratora_ki jak i zarz\u0105dzaj\u0105cego_cej instytucj\u0105.<br \/>\nProwadzi: Karolina Le\u015bnik<\/p>\n<p>18:45 \u2013 20:15<br \/>\nREZYDENCJE ARTYSTYCZNE<br \/>\nW czasie webinaru dowiemy si\u0119 jakie korzy\u015bci przynosi udzia\u0142 w rezydencjach (dla artyst\u00f3w i nie tylko), gdzie ich szuka\u0107, jak aplikowa\u0107, czego si\u0119 spodziewa\u0107, a czego wymaga\u0107 od organizator\u00f3w.<br \/>\nProwadzi: Jagna Dom\u017calska<\/h6>\n<h6 class=\"o9v6fnle cxmmr5t8 oygrvhab hcukyx3x c1et5uql\">Projekt dofinansowany z bud\u017cetu Miasta Poznania.<\/h6>\n<\/div><\/div><\/div><div id=\"pgc-5702-0-1\"  class=\"panel-grid-cell\" ><div id=\"panel-5702-0-1-0\" class=\"so-panel widget widget_black-studio-tinymce widget_black_studio_tinymce panel-first-child panel-last-child\" data-index=\"1\" ><div class=\"textwidget\"><p><span class=\"\" style=\"display:block;clear:both;height: 0px;padding-top: 20px;border-top-width:0px;border-bottom-width:0px;\"><\/span><img loading=\"lazy\" decoding=\"async\" class=\"aligncenter wp-image-5703 size-large\" src=\"https:\/\/rodriguezgallery.com\/wp-content\/uploads\/2020\/11\/wyklady-1024x536.png\" alt=\"\" width=\"700\" height=\"366\" srcset=\"https:\/\/rodriguezgallery.com\/wp-content\/uploads\/2020\/11\/wyklady-1024x536.png 1024w, https:\/\/rodriguezgallery.com\/wp-content\/uploads\/2020\/11\/wyklady-300x157.png 300w, https:\/\/rodriguezgallery.com\/wp-content\/uploads\/2020\/11\/wyklady-768x402.png 768w, https:\/\/rodriguezgallery.com\/wp-content\/uploads\/2020\/11\/wyklady-1536x804.png 1536w, https:\/\/rodriguezgallery.com\/wp-content\/uploads\/2020\/11\/wyklady.png 2048w\" sizes=\"auto, (max-width: 700px) 100vw, 700px\" \/><span class=\"\" style=\"display:block;clear:both;height: 0px;padding-top: 20px;border-top-width:0px;border-bottom-width:0px;\"><\/span><\/p>\n<\/div><\/div><\/div><\/div><\/div>","protected":false},"excerpt":{"rendered":"<p>PROFESJONALNY_A ARTYSTA_TKA \/ PROFESJONALNY_A ANIMATOR_KA KULTURY 24.26.11.2020 Rodriguez Gallery zaprasza na kolejny cykl 6 webinar\u00f3w, w czasie kt\u00f3rych zastanowimy si\u0119 nad wieloma pytaniami, kt\u00f3re nurtuj\u0105 m\u0142odych_e (i starszych_e) artyst\u00f3w_tki i <a class=\"moretag\" href=\"https:\/\/rodriguezgallery.com\/pl\/cykl-wyklady-profesjonalny-artysta-2020\/\">Read More &#8230;<\/a><\/p>\n","protected":false},"author":1,"featured_media":0,"parent":0,"menu_order":0,"comment_status":"closed","ping_status":"closed","template":"full-width-page.php","meta":{"footnotes":""},"class_list":["post-5702","page","type-page","status-publish","hentry"],"_links":{"self":[{"href":"https:\/\/rodriguezgallery.com\/pl\/wp-json\/wp\/v2\/pages\/5702","targetHints":{"allow":["GET"]}}],"collection":[{"href":"https:\/\/rodriguezgallery.com\/pl\/wp-json\/wp\/v2\/pages"}],"about":[{"href":"https:\/\/rodriguezgallery.com\/pl\/wp-json\/wp\/v2\/types\/page"}],"author":[{"embeddable":true,"href":"https:\/\/rodriguezgallery.com\/pl\/wp-json\/wp\/v2\/users\/1"}],"replies":[{"embeddable":true,"href":"https:\/\/rodriguezgallery.com\/pl\/wp-json\/wp\/v2\/comments?post=5702"}],"version-history":[{"count":1,"href":"https:\/\/rodriguezgallery.com\/pl\/wp-json\/wp\/v2\/pages\/5702\/revisions"}],"predecessor-version":[{"id":5704,"href":"https:\/\/rodriguezgallery.com\/pl\/wp-json\/wp\/v2\/pages\/5702\/revisions\/5704"}],"wp:attachment":[{"href":"https:\/\/rodriguezgallery.com\/pl\/wp-json\/wp\/v2\/media?parent=5702"}],"curies":[{"name":"wp","href":"https:\/\/api.w.org\/{rel}","templated":true}]}}