{"id":5749,"date":"2021-01-11T17:25:43","date_gmt":"2021-01-11T15:25:43","guid":{"rendered":"https:\/\/rodriguezgallery.com\/?page_id=5749"},"modified":"2021-01-20T17:50:15","modified_gmt":"2021-01-20T15:50:15","slug":"warsztaty-2020-cykl-wystaw","status":"publish","type":"page","link":"https:\/\/rodriguezgallery.com\/pl\/warsztaty-2020-cykl-wystaw\/","title":{"rendered":"(English) Warsztaty 2020 cykl wystaw"},"content":{"rendered":"<div id=\"pl-5749\"  class=\"panel-layout\" ><div id=\"pg-5749-0\"  class=\"panel-grid panel-no-style\" ><div id=\"pgc-5749-0-0\"  class=\"panel-grid-cell panel-grid-cell-empty\" ><\/div><\/div><div id=\"pg-5749-1\"  class=\"panel-grid panel-no-style\" ><div id=\"pgc-5749-1-0\"  class=\"panel-grid-cell panel-grid-cell-mobile-last\" ><div id=\"panel-5749-1-0-0\" class=\"so-panel widget widget_black-studio-tinymce widget_black_studio_tinymce panel-first-child panel-last-child\" data-index=\"0\" ><div class=\"textwidget\"><p><span class=\"\" style=\"display:block;clear:both;height: 0px;padding-top: 20px;border-top-width:0px;border-bottom-width:0px;\"><\/span><\/p>\n<h6><strong>Warsztaty dla dzieci\u00a0(w ramach: Cykl wystaw i dzia\u0142a\u0144 edukacyjnych w Rodriguez Gallery)<\/strong><\/h6>\n<p>&nbsp;<\/p>\n<h6>Warsztaty odby\u0142y si\u0119 online.<strong><br \/>\n<\/strong><\/h6>\n<h6>Projekt dofinansowany ze \u015brodk\u00f3w bud\u017cetu Miasta Poznania<\/h6>\n<h6><a href=\"https:\/\/rodriguezgallery.com\/wp-content\/uploads\/2021\/01\/Sceniusz-warsztaty-11-i-12.2020-G.R.pdf\" target=\"_blank\" rel=\"noopener\">Scenariusz warsztat\u00f3w<\/a><\/h6>\n<p>&nbsp;<\/p>\n<p><img loading=\"lazy\" decoding=\"async\" class=\"wp-image-2924 alignleft\" src=\"https:\/\/rodriguezgallery.com\/wp-content\/uploads\/2017\/10\/LOGO_POZNAN_PL_RGB_bz.jpg\" alt=\"\" width=\"189\" height=\"65\" srcset=\"https:\/\/rodriguezgallery.com\/wp-content\/uploads\/2017\/10\/LOGO_POZNAN_PL_RGB_bz.jpg 2732w, https:\/\/rodriguezgallery.com\/wp-content\/uploads\/2017\/10\/LOGO_POZNAN_PL_RGB_bz-300x103.jpg 300w, https:\/\/rodriguezgallery.com\/wp-content\/uploads\/2017\/10\/LOGO_POZNAN_PL_RGB_bz-768x264.jpg 768w, https:\/\/rodriguezgallery.com\/wp-content\/uploads\/2017\/10\/LOGO_POZNAN_PL_RGB_bz-1024x352.jpg 1024w\" sizes=\"auto, (max-width: 189px) 100vw, 189px\" \/><\/p>\n<\/div><\/div><\/div><div id=\"pgc-5749-1-1\"  class=\"panel-grid-cell panel-grid-cell-empty\" ><\/div><\/div><\/div>","protected":false},"excerpt":{"rendered":"<p>Warsztaty dla dzieci\u00a0(w ramach: Cykl wystaw i dzia\u0142a\u0144 edukacyjnych w Rodriguez Gallery) &nbsp; Warsztaty odby\u0142y si\u0119 online. Projekt dofinansowany ze \u015brodk\u00f3w bud\u017cetu Miasta Poznania Scenariusz warsztat\u00f3w &nbsp;<\/p>\n","protected":false},"author":1,"featured_media":0,"parent":0,"menu_order":0,"comment_status":"closed","ping_status":"closed","template":"full-width-page.php","meta":{"footnotes":""},"class_list":["post-5749","page","type-page","status-publish","hentry"],"_links":{"self":[{"href":"https:\/\/rodriguezgallery.com\/pl\/wp-json\/wp\/v2\/pages\/5749","targetHints":{"allow":["GET"]}}],"collection":[{"href":"https:\/\/rodriguezgallery.com\/pl\/wp-json\/wp\/v2\/pages"}],"about":[{"href":"https:\/\/rodriguezgallery.com\/pl\/wp-json\/wp\/v2\/types\/page"}],"author":[{"embeddable":true,"href":"https:\/\/rodriguezgallery.com\/pl\/wp-json\/wp\/v2\/users\/1"}],"replies":[{"embeddable":true,"href":"https:\/\/rodriguezgallery.com\/pl\/wp-json\/wp\/v2\/comments?post=5749"}],"version-history":[{"count":1,"href":"https:\/\/rodriguezgallery.com\/pl\/wp-json\/wp\/v2\/pages\/5749\/revisions"}],"predecessor-version":[{"id":5777,"href":"https:\/\/rodriguezgallery.com\/pl\/wp-json\/wp\/v2\/pages\/5749\/revisions\/5777"}],"wp:attachment":[{"href":"https:\/\/rodriguezgallery.com\/pl\/wp-json\/wp\/v2\/media?parent=5749"}],"curies":[{"name":"wp","href":"https:\/\/api.w.org\/{rel}","templated":true}]}}