{"id":5780,"date":"2021-01-21T13:15:55","date_gmt":"2021-01-21T11:15:55","guid":{"rendered":"https:\/\/rodriguezgallery.com\/?page_id=5780"},"modified":"2021-01-21T13:15:55","modified_gmt":"2021-01-21T11:15:55","slug":"wystawa-dyplomowa-gabka","status":"publish","type":"page","link":"https:\/\/rodriguezgallery.com\/pl\/wystawa-dyplomowa-gabka\/","title":{"rendered":"(English) Wystawa dyplomowa &#8211; Gabka"},"content":{"rendered":"<div id=\"pl-5780\"  class=\"panel-layout\" ><div id=\"pg-5780-0\"  class=\"panel-grid panel-no-style\" ><div id=\"pgc-5780-0-0\"  class=\"panel-grid-cell\" ><div id=\"panel-5780-0-0-0\" class=\"so-panel widget widget_black-studio-tinymce widget_black_studio_tinymce panel-first-child panel-last-child\" data-index=\"0\" ><div class=\"textwidget\"><h6><span class=\"\" style=\"display:block;clear:both;height: 0px;padding-top: 20px;border-top-width:0px;border-bottom-width:0px;\"><\/span><br \/>\n<strong>Maciej G\u0105bka<\/strong><br \/>\n<em>Familiar feeling<\/em><br \/>\nWystawa dyplomowa<br \/>\n18.06 - 03.07.2020<\/h6>\n<h6>\u201cPodobno niezgodno\u015bci wyst\u0119puj\u0105ce podczas pr\u00f3by definiowania poj\u0119cia normy mo\u017cna por\u00f3wna\u0107 do wahania mi\u0119dzy paradoksem k\u0142amcy a iluzj\u0105 prawdy. Obok jej nadrz\u0119dnego zadania, kt\u00f3re sprowadza si\u0119 do, jakkolwiek paradoksalnie by to nie wybrzmia\u0142o, standaryzacji oraz narzucania pewnych idea\u0142\u00f3w, w granicach normy nale\u017cy zatem spodziewa\u0107 si\u0119 serii mno\u017c\u0105cych si\u0119 sprzeczno\u015bci. Po\u015bwi\u0119cenie jej znaczeniu stosunkowo niewielkiej ilo\u015bci czasu, pozwala dostrzec niekt\u00f3re z nich. Normatywne absurdy kryj\u0105 si\u0119 pod postaci\u0105 j\u0119zykowych konstrukcji, kt\u00f3re przesta\u0142y mie\u0107 dla nas jak\u0105kolwiek warto\u015b\u0107, gest\u00f3w przeradzaj\u0105cych si\u0119 w p\u0142ytkie automatyzmy, przedmiot\u00f3w, kt\u00f3re ca\u0142kowicie nam zoboj\u0119tnia\u0142y, czy absurdalnych aspiracji cz\u0142owieka dowodz\u0105cych autorytarnego wp\u0142ywu norm.<\/p>\n<p>Familiar feeling to wystawa, na kt\u00f3rej przedstawiono wizualizacje poszczeg\u00f3lnych reprezentacji zachowa\u0144 normatywnych. Modelowy spos\u00f3b pokazywania sztuki pos\u0142u\u017cy\u0142 do wyeksponowania obiekt\u00f3w, kt\u00f3rych tre\u015b\u0107 nawi\u0105zuje do modelowego my\u015blenia przez pryzmat towarzysz\u0105cych nam norm kulturowych.\u201d<\/h6>\n<h6>Maciej G\u0105bka<\/h6>\n<h6><\/h6>\n<h6>Projekt dofinansowany z bud\u017cetu Miasta Poznania<br \/>\n#poznanwspiera<\/h6>\n<\/div><\/div><\/div><div id=\"pgc-5780-0-1\"  class=\"panel-grid-cell\" ><div id=\"panel-5780-0-1-0\" class=\"so-panel widget widget_black-studio-tinymce widget_black_studio_tinymce panel-first-child panel-last-child\" data-index=\"1\" ><div class=\"textwidget\"><p><span class=\"\" style=\"display:block;clear:both;height: 0px;padding-top: 20px;border-top-width:0px;border-bottom-width:0px;\"><\/span><\/p>\n<p><div id='gallery-1' class='gallery galleryid-5780 gallery-columns-3 gallery-size-thumbnail'><figure class='gallery-item'>\n\t\t\t<div class='gallery-icon landscape'>\n\t\t\t\t<a href='https:\/\/rodriguezgallery.com\/wp-content\/uploads\/2021\/01\/20.6-Maciej-Gabka-Rodriguez-Gallery-Familiar-feeling-1.jpg'><img loading=\"lazy\" decoding=\"async\" width=\"150\" height=\"150\" src=\"https:\/\/rodriguezgallery.com\/wp-content\/uploads\/2021\/01\/20.6-Maciej-Gabka-Rodriguez-Gallery-Familiar-feeling-1-150x150.jpg\" class=\"attachment-thumbnail size-thumbnail\" alt=\"\" \/><\/a>\n\t\t\t<\/div><\/figure><figure class='gallery-item'>\n\t\t\t<div class='gallery-icon landscape'>\n\t\t\t\t<a href='https:\/\/rodriguezgallery.com\/wp-content\/uploads\/2021\/01\/20.6-Maciej-Gabka-Rodriguez-Gallery-Familiar-feeling-5.jpg'><img loading=\"lazy\" decoding=\"async\" width=\"150\" height=\"150\" src=\"https:\/\/rodriguezgallery.com\/wp-content\/uploads\/2021\/01\/20.6-Maciej-Gabka-Rodriguez-Gallery-Familiar-feeling-5-150x150.jpg\" class=\"attachment-thumbnail size-thumbnail\" alt=\"\" \/><\/a>\n\t\t\t<\/div><\/figure><figure class='gallery-item'>\n\t\t\t<div class='gallery-icon landscape'>\n\t\t\t\t<a href='https:\/\/rodriguezgallery.com\/wp-content\/uploads\/2021\/01\/20.6-Maciej-Gabka-Rodriguez-Gallery-Familiar-feeling-6.jpg'><img loading=\"lazy\" decoding=\"async\" width=\"150\" height=\"150\" src=\"https:\/\/rodriguezgallery.com\/wp-content\/uploads\/2021\/01\/20.6-Maciej-Gabka-Rodriguez-Gallery-Familiar-feeling-6-150x150.jpg\" class=\"attachment-thumbnail size-thumbnail\" alt=\"\" \/><\/a>\n\t\t\t<\/div><\/figure><figure class='gallery-item'>\n\t\t\t<div class='gallery-icon portrait'>\n\t\t\t\t<a href='https:\/\/rodriguezgallery.com\/wp-content\/uploads\/2021\/01\/20.6-Maciej-Gabka-Rodriguez-Gallery-Familiar-feeling-7.jpg'><img loading=\"lazy\" decoding=\"async\" width=\"150\" height=\"150\" src=\"https:\/\/rodriguezgallery.com\/wp-content\/uploads\/2021\/01\/20.6-Maciej-Gabka-Rodriguez-Gallery-Familiar-feeling-7-150x150.jpg\" class=\"attachment-thumbnail size-thumbnail\" alt=\"\" \/><\/a>\n\t\t\t<\/div><\/figure><figure class='gallery-item'>\n\t\t\t<div class='gallery-icon landscape'>\n\t\t\t\t<a href='https:\/\/rodriguezgallery.com\/wp-content\/uploads\/2021\/01\/20.6-Maciej-Gabka-Rodriguez-Gallery-Familiar-feeling-10.jpg'><img loading=\"lazy\" decoding=\"async\" width=\"150\" height=\"150\" src=\"https:\/\/rodriguezgallery.com\/wp-content\/uploads\/2021\/01\/20.6-Maciej-Gabka-Rodriguez-Gallery-Familiar-feeling-10-150x150.jpg\" class=\"attachment-thumbnail size-thumbnail\" alt=\"\" \/><\/a>\n\t\t\t<\/div><\/figure><figure class='gallery-item'>\n\t\t\t<div class='gallery-icon landscape'>\n\t\t\t\t<a href='https:\/\/rodriguezgallery.com\/wp-content\/uploads\/2021\/01\/20.6-Maciej-Gabka-Rodriguez-Gallery-Familiar-feeling-11.jpg'><img loading=\"lazy\" decoding=\"async\" width=\"150\" height=\"150\" src=\"https:\/\/rodriguezgallery.com\/wp-content\/uploads\/2021\/01\/20.6-Maciej-Gabka-Rodriguez-Gallery-Familiar-feeling-11-150x150.jpg\" class=\"attachment-thumbnail size-thumbnail\" alt=\"\" \/><\/a>\n\t\t\t<\/div><\/figure>\n\t\t<\/div>\n<\/p>\n<\/div><\/div><\/div><\/div><\/div>","protected":false},"excerpt":{"rendered":"<p>Maciej G\u0105bka Familiar feeling Wystawa dyplomowa 18.06 &#8211; 03.07.2020 \u201cPodobno niezgodno\u015bci wyst\u0119puj\u0105ce podczas pr\u00f3by definiowania poj\u0119cia normy mo\u017cna por\u00f3wna\u0107 do wahania mi\u0119dzy paradoksem k\u0142amcy a iluzj\u0105 prawdy. Obok jej nadrz\u0119dnego <a class=\"moretag\" href=\"https:\/\/rodriguezgallery.com\/pl\/wystawa-dyplomowa-gabka\/\">Read More &#8230;<\/a><\/p>\n","protected":false},"author":1,"featured_media":0,"parent":0,"menu_order":0,"comment_status":"closed","ping_status":"closed","template":"full-width-page.php","meta":{"footnotes":""},"class_list":["post-5780","page","type-page","status-publish","hentry"],"_links":{"self":[{"href":"https:\/\/rodriguezgallery.com\/pl\/wp-json\/wp\/v2\/pages\/5780","targetHints":{"allow":["GET"]}}],"collection":[{"href":"https:\/\/rodriguezgallery.com\/pl\/wp-json\/wp\/v2\/pages"}],"about":[{"href":"https:\/\/rodriguezgallery.com\/pl\/wp-json\/wp\/v2\/types\/page"}],"author":[{"embeddable":true,"href":"https:\/\/rodriguezgallery.com\/pl\/wp-json\/wp\/v2\/users\/1"}],"replies":[{"embeddable":true,"href":"https:\/\/rodriguezgallery.com\/pl\/wp-json\/wp\/v2\/comments?post=5780"}],"version-history":[{"count":1,"href":"https:\/\/rodriguezgallery.com\/pl\/wp-json\/wp\/v2\/pages\/5780\/revisions"}],"predecessor-version":[{"id":5787,"href":"https:\/\/rodriguezgallery.com\/pl\/wp-json\/wp\/v2\/pages\/5780\/revisions\/5787"}],"wp:attachment":[{"href":"https:\/\/rodriguezgallery.com\/pl\/wp-json\/wp\/v2\/media?parent=5780"}],"curies":[{"name":"wp","href":"https:\/\/api.w.org\/{rel}","templated":true}]}}