{"id":5789,"date":"2021-01-21T13:20:09","date_gmt":"2021-01-21T11:20:09","guid":{"rendered":"https:\/\/rodriguezgallery.com\/?page_id=5789"},"modified":"2021-01-21T13:20:09","modified_gmt":"2021-01-21T11:20:09","slug":"wystawa-dyplomowa-czarnota","status":"publish","type":"page","link":"https:\/\/rodriguezgallery.com\/pl\/wystawa-dyplomowa-czarnota\/","title":{"rendered":"(English) Wystawa dyplomowa &#8211; Czarnota"},"content":{"rendered":"<div id=\"pl-5789\"  class=\"panel-layout\" ><div id=\"pg-5789-0\"  class=\"panel-grid panel-no-style\" ><div id=\"pgc-5789-0-0\"  class=\"panel-grid-cell\" ><div id=\"panel-5789-0-0-0\" class=\"so-panel widget widget_black-studio-tinymce widget_black_studio_tinymce panel-first-child panel-last-child\" data-index=\"0\" ><div class=\"textwidget\"><h6><span class=\"\" style=\"display:block;clear:both;height: 0px;padding-top: 20px;border-top-width:0px;border-bottom-width:0px;\"><\/span><br \/>\n<strong>Joanna Czarnota<\/strong><br \/>\n<em>tak cicho a\u017c ciemno<\/em><br \/>\nWystawa dyplomowa<br \/>\n5 - 8.09.2020<\/h6>\n<h6>Praca jest podsumowaniem dotychczasowych poszukiwa\u0144 w obszarach pami\u0119ci i historii, ale tak\u017ce nowym spojrzeniem na miejsce i czas, jakiego do\u015bwiadczy\u0142 m\u00f3j Dziadek. Pozbawiony wolno\u015bci i wywieziony do obozu pracy, sp\u0119dzi\u0142 na dalekiej Syberii prawie 9 lat. Wr\u00f3ci\u0142 do swojego kraju, by na nowo pokocha\u0107 \u017cycie.<br \/>\nElementy pracy stanowi\u0105 osobne warstwy czasu i odleg\u0142o\u015bci. Oparte na liczbach przenikaj\u0105 si\u0119.<br \/>\nKoncentruj\u0119 swoj\u0105 uwag\u0119 na do\u015bwiadczaniu wspomnie\u0144 i terytorium Dziadka. Nieustannie prze\u017cywam i przetwarzam Jego tragedi\u0119. Tu i teraz.<\/p>\n<p>[Joanna Czarnota]<\/h6>\n<h6>Na wystawie prezentowana zosta\u0142a magisterska praca dyplomowa zrealizowana w VI pracowni fotografii UAP.<br \/>\nPromotor: dr hab. Andrzej Florkowski, prof. UAP.<\/h6>\n<h6>Projekt dofinansowany z bud\u017cetu Miasta Poznania<\/h6>\n<h6>#poznanwspiera<\/h6>\n<\/div><\/div><\/div><div id=\"pgc-5789-0-1\"  class=\"panel-grid-cell\" ><div id=\"panel-5789-0-1-0\" class=\"so-panel widget widget_black-studio-tinymce widget_black_studio_tinymce panel-first-child panel-last-child\" data-index=\"1\" ><div class=\"textwidget\"><p><span class=\"\" style=\"display:block;clear:both;height: 0px;padding-top: 20px;border-top-width:0px;border-bottom-width:0px;\"><\/span><\/p>\n<p><div id='gallery-1' class='gallery galleryid-5789 gallery-columns-3 gallery-size-thumbnail'><figure class='gallery-item'>\n\t\t\t<div class='gallery-icon landscape'>\n\t\t\t\t<a href='https:\/\/rodriguezgallery.com\/wp-content\/uploads\/2021\/01\/JOANNA_CZARNOTA_DYPLOM_MGR_2020-1.jpg'><img loading=\"lazy\" decoding=\"async\" width=\"150\" height=\"150\" src=\"https:\/\/rodriguezgallery.com\/wp-content\/uploads\/2021\/01\/JOANNA_CZARNOTA_DYPLOM_MGR_2020-1-150x150.jpg\" class=\"attachment-thumbnail size-thumbnail\" alt=\"\" \/><\/a>\n\t\t\t<\/div><\/figure><figure class='gallery-item'>\n\t\t\t<div class='gallery-icon landscape'>\n\t\t\t\t<a href='https:\/\/rodriguezgallery.com\/wp-content\/uploads\/2021\/01\/JOANNA_CZARNOTA_DYPLOM_MGR_2020-4.jpg'><img loading=\"lazy\" decoding=\"async\" width=\"150\" height=\"150\" src=\"https:\/\/rodriguezgallery.com\/wp-content\/uploads\/2021\/01\/JOANNA_CZARNOTA_DYPLOM_MGR_2020-4-150x150.jpg\" class=\"attachment-thumbnail size-thumbnail\" alt=\"\" \/><\/a>\n\t\t\t<\/div><\/figure>\n\t\t<\/div>\n<\/p>\n<\/div><\/div><\/div><\/div><\/div>","protected":false},"excerpt":{"rendered":"<p>Joanna Czarnota tak cicho a\u017c ciemno Wystawa dyplomowa 5 &#8211; 8.09.2020 Praca jest podsumowaniem dotychczasowych poszukiwa\u0144 w obszarach pami\u0119ci i historii, ale tak\u017ce nowym spojrzeniem na miejsce i czas, jakiego <a class=\"moretag\" href=\"https:\/\/rodriguezgallery.com\/pl\/wystawa-dyplomowa-czarnota\/\">Read More &#8230;<\/a><\/p>\n","protected":false},"author":1,"featured_media":0,"parent":0,"menu_order":0,"comment_status":"closed","ping_status":"closed","template":"full-width-page.php","meta":{"footnotes":""},"class_list":["post-5789","page","type-page","status-publish","hentry"],"_links":{"self":[{"href":"https:\/\/rodriguezgallery.com\/pl\/wp-json\/wp\/v2\/pages\/5789","targetHints":{"allow":["GET"]}}],"collection":[{"href":"https:\/\/rodriguezgallery.com\/pl\/wp-json\/wp\/v2\/pages"}],"about":[{"href":"https:\/\/rodriguezgallery.com\/pl\/wp-json\/wp\/v2\/types\/page"}],"author":[{"embeddable":true,"href":"https:\/\/rodriguezgallery.com\/pl\/wp-json\/wp\/v2\/users\/1"}],"replies":[{"embeddable":true,"href":"https:\/\/rodriguezgallery.com\/pl\/wp-json\/wp\/v2\/comments?post=5789"}],"version-history":[{"count":1,"href":"https:\/\/rodriguezgallery.com\/pl\/wp-json\/wp\/v2\/pages\/5789\/revisions"}],"predecessor-version":[{"id":5793,"href":"https:\/\/rodriguezgallery.com\/pl\/wp-json\/wp\/v2\/pages\/5789\/revisions\/5793"}],"wp:attachment":[{"href":"https:\/\/rodriguezgallery.com\/pl\/wp-json\/wp\/v2\/media?parent=5789"}],"curies":[{"name":"wp","href":"https:\/\/api.w.org\/{rel}","templated":true}]}}