{"id":5794,"date":"2021-01-21T13:31:25","date_gmt":"2021-01-21T11:31:25","guid":{"rendered":"https:\/\/rodriguezgallery.com\/?page_id=5794"},"modified":"2021-01-21T13:31:25","modified_gmt":"2021-01-21T11:31:25","slug":"wystawa-dyplomowa-czarcinska","status":"publish","type":"page","link":"https:\/\/rodriguezgallery.com\/pl\/wystawa-dyplomowa-czarcinska\/","title":{"rendered":"(English) Wystawa dyplomowa &#8211; Czarcinska"},"content":{"rendered":"<div id=\"pl-5794\"  class=\"panel-layout\" ><div id=\"pg-5794-0\"  class=\"panel-grid panel-no-style\" ><div id=\"pgc-5794-0-0\"  class=\"panel-grid-cell\" ><div id=\"panel-5794-0-0-0\" class=\"so-panel widget widget_black-studio-tinymce widget_black_studio_tinymce panel-first-child panel-last-child\" data-index=\"0\" ><div class=\"textwidget\"><h6><span class=\"\" style=\"display:block;clear:both;height: 0px;padding-top: 20px;border-top-width:0px;border-bottom-width:0px;\"><\/span><br \/>\n<span style=\"color: #121212; font-size: 14px;\"><strong>Natalia Czarci\u0144ska<\/strong><br \/>\n<\/span><span style=\"color: #121212; font-size: 14px;\"><em>\u015aciana nie by\u0142a wysoka. Sufit znajdowa\u0142 si\u0119 na dogodnej wysoko\u015bci<\/em><br \/>\n<\/span><span style=\"color: #121212; font-size: 14px;\">Wystawa doktorska<br \/>\n<\/span><span style=\"color: #121212; font-size: 14px;\">13-14.10.2020<\/span><\/h6>\n<div>\n<h6>Rama, \u015bciana i monta\u017c s\u0105 kategoriami uzasadniaj\u0105cymi moj\u0105 aktywno\u015b\u0107 artystyczn\u0105. Aktywno\u015b\u0107, kt\u00f3ra wynika z pewnego rodzaju tw\u00f3rczej bezczynno\u015bci, rozumianej jako \u201eprzyw\u0142aszczanie\u201d<br \/>\ni korzystanie z tego, co znalezione, tak\u017ce z element\u00f3w o niejednoznacznym statusie autorstwa. Wystawa jest podj\u0119ciem gry z umiejscowieniem, czyli r\u00f3wnie\u017c gry z przestrzeni\u0105, w kt\u00f3rym poszczeg\u00f3lne elementy mog\u0105 si\u0119 wydarzy\u0107, zaistnie\u0107. Obrazy, zdj\u0119cia, fragmenty i \u015blady nie funkcjonuj\u0105 w pr\u00f3\u017cni. Podobnie jak s\u0142owa, tworz\u0105 sie\u0107 relacji przypominaj\u0105c monta\u017c.<\/h6>\n<\/div>\n<div>\n<h6><\/h6>\n<h6>Projekt dofinansowany z bud\u017cetu Miasta Poznania<\/h6>\n<h6>#poznanwspiera<\/h6>\n<\/div>\n<\/div><\/div><\/div><div id=\"pgc-5794-0-1\"  class=\"panel-grid-cell\" ><div id=\"panel-5794-0-1-0\" class=\"so-panel widget widget_black-studio-tinymce widget_black_studio_tinymce panel-first-child panel-last-child\" data-index=\"1\" ><div class=\"textwidget\"><p><span class=\"\" style=\"display:block;clear:both;height: 0px;padding-top: 20px;border-top-width:0px;border-bottom-width:0px;\"><\/span><\/p>\n<p><div id='gallery-1' class='gallery galleryid-5794 gallery-columns-3 gallery-size-thumbnail'><figure class='gallery-item'>\n\t\t\t<div class='gallery-icon landscape'>\n\t\t\t\t<a href='https:\/\/rodriguezgallery.com\/wp-content\/uploads\/2021\/01\/natalia_czarcinska_01-scaled.jpg'><img loading=\"lazy\" decoding=\"async\" width=\"150\" height=\"150\" src=\"https:\/\/rodriguezgallery.com\/wp-content\/uploads\/2021\/01\/natalia_czarcinska_01-150x150.jpg\" class=\"attachment-thumbnail size-thumbnail\" alt=\"\" \/><\/a>\n\t\t\t<\/div><\/figure><figure class='gallery-item'>\n\t\t\t<div class='gallery-icon landscape'>\n\t\t\t\t<a href='https:\/\/rodriguezgallery.com\/wp-content\/uploads\/2021\/01\/natalia_czarcinska_08-scaled.jpg'><img loading=\"lazy\" decoding=\"async\" width=\"150\" height=\"150\" src=\"https:\/\/rodriguezgallery.com\/wp-content\/uploads\/2021\/01\/natalia_czarcinska_08-150x150.jpg\" class=\"attachment-thumbnail size-thumbnail\" alt=\"\" \/><\/a>\n\t\t\t<\/div><\/figure><figure class='gallery-item'>\n\t\t\t<div class='gallery-icon landscape'>\n\t\t\t\t<a href='https:\/\/rodriguezgallery.com\/wp-content\/uploads\/2021\/01\/natalia_czarcinska_09-scaled.jpg'><img loading=\"lazy\" decoding=\"async\" width=\"150\" height=\"150\" src=\"https:\/\/rodriguezgallery.com\/wp-content\/uploads\/2021\/01\/natalia_czarcinska_09-150x150.jpg\" class=\"attachment-thumbnail size-thumbnail\" alt=\"\" \/><\/a>\n\t\t\t<\/div><\/figure><figure class='gallery-item'>\n\t\t\t<div class='gallery-icon landscape'>\n\t\t\t\t<a href='https:\/\/rodriguezgallery.com\/wp-content\/uploads\/2021\/01\/natalia_czarcinska_39-scaled.jpg'><img loading=\"lazy\" decoding=\"async\" width=\"150\" height=\"150\" src=\"https:\/\/rodriguezgallery.com\/wp-content\/uploads\/2021\/01\/natalia_czarcinska_39-150x150.jpg\" class=\"attachment-thumbnail size-thumbnail\" alt=\"\" \/><\/a>\n\t\t\t<\/div><\/figure>\n\t\t<\/div>\n<\/p>\n<\/div><\/div><\/div><\/div><\/div>","protected":false},"excerpt":{"rendered":"<p>Natalia Czarci\u0144ska \u015aciana nie by\u0142a wysoka. Sufit znajdowa\u0142 si\u0119 na dogodnej wysoko\u015bci Wystawa doktorska 13-14.10.2020 Rama, \u015bciana i monta\u017c s\u0105 kategoriami uzasadniaj\u0105cymi moj\u0105 aktywno\u015b\u0107 artystyczn\u0105. Aktywno\u015b\u0107, kt\u00f3ra wynika z pewnego <a class=\"moretag\" href=\"https:\/\/rodriguezgallery.com\/pl\/wystawa-dyplomowa-czarcinska\/\">Read More &#8230;<\/a><\/p>\n","protected":false},"author":1,"featured_media":0,"parent":0,"menu_order":0,"comment_status":"closed","ping_status":"closed","template":"full-width-page.php","meta":{"footnotes":""},"class_list":["post-5794","page","type-page","status-publish","hentry"],"_links":{"self":[{"href":"https:\/\/rodriguezgallery.com\/pl\/wp-json\/wp\/v2\/pages\/5794","targetHints":{"allow":["GET"]}}],"collection":[{"href":"https:\/\/rodriguezgallery.com\/pl\/wp-json\/wp\/v2\/pages"}],"about":[{"href":"https:\/\/rodriguezgallery.com\/pl\/wp-json\/wp\/v2\/types\/page"}],"author":[{"embeddable":true,"href":"https:\/\/rodriguezgallery.com\/pl\/wp-json\/wp\/v2\/users\/1"}],"replies":[{"embeddable":true,"href":"https:\/\/rodriguezgallery.com\/pl\/wp-json\/wp\/v2\/comments?post=5794"}],"version-history":[{"count":1,"href":"https:\/\/rodriguezgallery.com\/pl\/wp-json\/wp\/v2\/pages\/5794\/revisions"}],"predecessor-version":[{"id":5799,"href":"https:\/\/rodriguezgallery.com\/pl\/wp-json\/wp\/v2\/pages\/5794\/revisions\/5799"}],"wp:attachment":[{"href":"https:\/\/rodriguezgallery.com\/pl\/wp-json\/wp\/v2\/media?parent=5794"}],"curies":[{"name":"wp","href":"https:\/\/api.w.org\/{rel}","templated":true}]}}