{"id":6016,"date":"2021-10-06T10:01:40","date_gmt":"2021-10-06T08:01:40","guid":{"rendered":"https:\/\/rodriguezgallery.com\/?page_id=6016"},"modified":"2021-10-06T11:06:54","modified_gmt":"2021-10-06T09:06:54","slug":"wgw-2021-common-ground","status":"publish","type":"page","link":"https:\/\/rodriguezgallery.com\/pl\/wgw-2021-common-ground\/","title":{"rendered":"(English) WGW 2021: Common Ground"},"content":{"rendered":"<div id=\"pl-6016\"  class=\"panel-layout\" ><div id=\"pg-6016-0\"  class=\"panel-grid panel-no-style\" ><div id=\"pgc-6016-0-0\"  class=\"panel-grid-cell\" ><div id=\"panel-6016-0-0-0\" class=\"so-panel widget widget_black-studio-tinymce widget_black_studio_tinymce panel-first-child panel-last-child\" data-index=\"0\" ><div class=\"textwidget\"><h6><strong><span class=\"\" style=\"display:block;clear:both;height: 0px;padding-top: 20px;border-top-width:0px;border-bottom-width:0px;\"><\/span><br \/>\nWarsaw Gallery Weekend 2021<br \/>\n<\/strong>30.09 - 03.10.2021<br \/>\nAl. Jerozolimskie 51\/ 2, Warsaw<\/h6>\n<h6><em><strong>Common Ground<\/strong><\/em><br \/>\nKeke Vilabelda \u00a0| \u00a0Max Radawski<\/p>\n<p><span lang=\"PL\">Wystawa <\/span><i><span lang=\"PL\">Common Ground<\/span><\/i><span lang=\"PL\"> jest \u00a0spotkaniem dw\u00f3ch artyst\u00f3w<\/span> <span lang=\"PL\">\u2013 Keke Vilabeldy oraz Maxa Radawskiego, kt\u00f3rzy w\u00a0intryguj\u0105cy spos\u00f3b nadaj\u0105 materialn\u0105 form\u0119 wyobra\u017ceniom o konkretnym lub zapami\u0119tanym miejscu.<\/p>\n<p><\/span><span lang=\"PL\">Punktem wyjs\u0301cia\u00a0s\u0105 prace malarskie Keke Vilabeldy\u00a0(Hiszpania, 1986), w kt\u00f3rych artysta\u00a0bada poczucie oddalenia i zaz\u0307y\u0142os\u0301ci z krajobrazem. Vilabelda zestawia ze sob\u0105 dwa miejsca\u00a0- Hiszpanie\u0328 i Australie\u0328,\u00a0kt\u00f3re\u00a0\u0142a\u0328czy istnienie r\u00f3z\u0307owych\u00a0jezior - osobliwos\u0301ci wyste\u0328puja\u0328cych na obu p\u00f3\u0142kulach.\u00a0Prace artysty\u00a0powstaja\u0328 nas\u0301laduja\u0328c naturalne procesy, takie jak sedymentacja i parowanie. Poszczeg\u00f3lne <\/span><span lang=\"PL\">warstwy lakieru, wysychaj\u0105ce w odst\u0119pach czasu, p\u0119kaj\u0105 lub rozcie\u0144czaj\u0105 pigmenty na p\u0142\u00f3tnach. Istotn\u0105 rol\u0119 odgrywa tak\u017ce grawitacja, nawiguj\u0105ca strumienie wody, sp\u0142ywaj\u0105ce po powierzchniach obraz\u00f3w. T<\/span><span lang=\"PL\">o, co na pierwszy rzut oka jawi sie\u0328 jako abstrakcja, moz\u0307e stac\u0301 sie\u0328 dla\u00a0widza widokiem z lotu ptaka na tajemniczy krajobraz.<\/p>\n<p><\/span>Prace\u00a0m\u0142odego poznan\u0301skiego artysty\u00a0Maxa Radawskiego (1992)\u00a0r\u00f3wniez\u0307 przenosza\u0328 nas w dalekie strony, przywo\u0142uj\u0105c echa kultury i filozofii Wschodu.\u00a0Radawski w swojej tw\u00f3rczo\u015bci nawia\u0328zuje do japon\u0301skiej sztuki uk\u0142adania kamieni (S<i>uiseki)<\/i> i odnajdywania w nich wie\u0328kszych sens\u00f3w oraz wi\u0119kszych form \u2013 widok\u00f3w pot\u0119\u017cnych g\u00f3r.\u00a0Jego prace przypominaja\u0328, z\u0307e relacja cz\u0142owieka, przedmiotu i natury utkana jest z moment\u00f3w wsp\u00f3\u0142dzielenia i wsp\u00f3\u0142odczuwania przestrzeni i czasu. Zanurzeniu sie\u0328 towarzysza\u0328 sensoryczne poszukiwania, b\u0142a\u0328dzenie po zakamarkach pamie\u0328ci, odkrywanie palimpsestu warstwa po warstwie.<\/p>\n<p><i><span lang=\"PL\">Common Ground\u00a0<\/span><\/i><span lang=\"PL\">jest ca\u0142o\u015bciowym dos\u0301wiadczeniem, daj\u0105cym mo\u017cliwo\u015b\u0107 zaczerpni\u0119cia oddechu, kt\u00f3rego bardzo dzi\u015b potrzebujemy. Poszukiwanie tytu\u0142owego <i>miejsca wsp\u00f3lnego<\/i> mo\u017ce przynie\u015b\u0107 ukojenie, chwil\u0119 kontemplacji, a przede wszystkim przyjemno\u015b\u0107 zmys\u0142ow\u0105.<\/span><\/h6>\n<p class=\"Domylne\">Julia Stachura<\/p>\n<h6><\/h6>\n<\/div><\/div><\/div><div id=\"pgc-6016-0-1\"  class=\"panel-grid-cell\" ><div id=\"panel-6016-0-1-0\" class=\"so-panel widget widget_black-studio-tinymce widget_black_studio_tinymce panel-first-child panel-last-child\" data-index=\"1\" ><div class=\"textwidget\"><p><span class=\"\" style=\"display:block;clear:both;height: 0px;padding-top: 20px;border-top-width:0px;border-bottom-width:0px;\"><\/span><\/p>\n<p><div id='gallery-1' class='gallery galleryid-6016 gallery-columns-4 gallery-size-thumbnail'><figure class='gallery-item'>\n\t\t\t<div class='gallery-icon landscape'>\n\t\t\t\t<a href='https:\/\/rodriguezgallery.com\/wp-content\/uploads\/2021\/10\/4-scaled.jpg'><img loading=\"lazy\" decoding=\"async\" width=\"150\" height=\"150\" src=\"https:\/\/rodriguezgallery.com\/wp-content\/uploads\/2021\/10\/4-150x150.jpg\" class=\"attachment-thumbnail size-thumbnail\" alt=\"\" \/><\/a>\n\t\t\t<\/div><\/figure><figure class='gallery-item'>\n\t\t\t<div class='gallery-icon portrait'>\n\t\t\t\t<a href='https:\/\/rodriguezgallery.com\/wp-content\/uploads\/2021\/10\/5-scaled.jpg'><img loading=\"lazy\" decoding=\"async\" width=\"150\" height=\"150\" src=\"https:\/\/rodriguezgallery.com\/wp-content\/uploads\/2021\/10\/5-150x150.jpg\" class=\"attachment-thumbnail size-thumbnail\" alt=\"\" \/><\/a>\n\t\t\t<\/div><\/figure><figure class='gallery-item'>\n\t\t\t<div class='gallery-icon portrait'>\n\t\t\t\t<a href='https:\/\/rodriguezgallery.com\/wp-content\/uploads\/2021\/10\/31-scaled.jpg'><img loading=\"lazy\" decoding=\"async\" width=\"150\" height=\"150\" src=\"https:\/\/rodriguezgallery.com\/wp-content\/uploads\/2021\/10\/31-150x150.jpg\" class=\"attachment-thumbnail size-thumbnail\" alt=\"\" \/><\/a>\n\t\t\t<\/div><\/figure><figure class='gallery-item'>\n\t\t\t<div class='gallery-icon portrait'>\n\t\t\t\t<a href='https:\/\/rodriguezgallery.com\/wp-content\/uploads\/2021\/10\/33-scaled.jpg'><img loading=\"lazy\" decoding=\"async\" width=\"150\" height=\"150\" src=\"https:\/\/rodriguezgallery.com\/wp-content\/uploads\/2021\/10\/33-150x150.jpg\" class=\"attachment-thumbnail size-thumbnail\" alt=\"\" \/><\/a>\n\t\t\t<\/div><\/figure><figure class='gallery-item'>\n\t\t\t<div class='gallery-icon landscape'>\n\t\t\t\t<a href='https:\/\/rodriguezgallery.com\/wp-content\/uploads\/2021\/10\/25-scaled.jpg'><img loading=\"lazy\" decoding=\"async\" width=\"150\" height=\"150\" src=\"https:\/\/rodriguezgallery.com\/wp-content\/uploads\/2021\/10\/25-150x150.jpg\" class=\"attachment-thumbnail size-thumbnail\" alt=\"\" \/><\/a>\n\t\t\t<\/div><\/figure><figure class='gallery-item'>\n\t\t\t<div class='gallery-icon portrait'>\n\t\t\t\t<a href='https:\/\/rodriguezgallery.com\/wp-content\/uploads\/2021\/10\/26-scaled.jpg'><img loading=\"lazy\" decoding=\"async\" width=\"150\" height=\"150\" src=\"https:\/\/rodriguezgallery.com\/wp-content\/uploads\/2021\/10\/26-150x150.jpg\" class=\"attachment-thumbnail size-thumbnail\" alt=\"\" \/><\/a>\n\t\t\t<\/div><\/figure><figure class='gallery-item'>\n\t\t\t<div class='gallery-icon landscape'>\n\t\t\t\t<a href='https:\/\/rodriguezgallery.com\/wp-content\/uploads\/2021\/10\/15-scaled.jpg'><img loading=\"lazy\" decoding=\"async\" width=\"150\" height=\"150\" src=\"https:\/\/rodriguezgallery.com\/wp-content\/uploads\/2021\/10\/15-150x150.jpg\" class=\"attachment-thumbnail size-thumbnail\" alt=\"\" \/><\/a>\n\t\t\t<\/div><\/figure><figure class='gallery-item'>\n\t\t\t<div class='gallery-icon portrait'>\n\t\t\t\t<a href='https:\/\/rodriguezgallery.com\/wp-content\/uploads\/2021\/10\/21-scaled.jpg'><img loading=\"lazy\" decoding=\"async\" width=\"150\" height=\"150\" src=\"https:\/\/rodriguezgallery.com\/wp-content\/uploads\/2021\/10\/21-150x150.jpg\" class=\"attachment-thumbnail size-thumbnail\" alt=\"\" \/><\/a>\n\t\t\t<\/div><\/figure><figure class='gallery-item'>\n\t\t\t<div class='gallery-icon landscape'>\n\t\t\t\t<a href='https:\/\/rodriguezgallery.com\/wp-content\/uploads\/2021\/10\/23-scaled.jpg'><img loading=\"lazy\" decoding=\"async\" width=\"150\" height=\"150\" src=\"https:\/\/rodriguezgallery.com\/wp-content\/uploads\/2021\/10\/23-150x150.jpg\" class=\"attachment-thumbnail size-thumbnail\" alt=\"\" \/><\/a>\n\t\t\t<\/div><\/figure>\n\t\t<\/div>\n<\/p>\n<p>&nbsp;<\/p>\n<\/div><\/div><\/div><\/div><\/div>","protected":false},"excerpt":{"rendered":"<p>Warsaw Gallery Weekend 2021 30.09 &#8211; 03.10.2021 Al. Jerozolimskie 51\/ 2, Warsaw Common Ground Keke Vilabelda \u00a0| \u00a0Max Radawski Wystawa Common Ground jest \u00a0spotkaniem dw\u00f3ch artyst\u00f3w \u2013 Keke Vilabeldy oraz <a class=\"moretag\" href=\"https:\/\/rodriguezgallery.com\/pl\/wgw-2021-common-ground\/\">Read More &#8230;<\/a><\/p>\n","protected":false},"author":1,"featured_media":0,"parent":0,"menu_order":0,"comment_status":"closed","ping_status":"closed","template":"full-width-page.php","meta":{"footnotes":""},"class_list":["post-6016","page","type-page","status-publish","hentry"],"_links":{"self":[{"href":"https:\/\/rodriguezgallery.com\/pl\/wp-json\/wp\/v2\/pages\/6016","targetHints":{"allow":["GET"]}}],"collection":[{"href":"https:\/\/rodriguezgallery.com\/pl\/wp-json\/wp\/v2\/pages"}],"about":[{"href":"https:\/\/rodriguezgallery.com\/pl\/wp-json\/wp\/v2\/types\/page"}],"author":[{"embeddable":true,"href":"https:\/\/rodriguezgallery.com\/pl\/wp-json\/wp\/v2\/users\/1"}],"replies":[{"embeddable":true,"href":"https:\/\/rodriguezgallery.com\/pl\/wp-json\/wp\/v2\/comments?post=6016"}],"version-history":[{"count":1,"href":"https:\/\/rodriguezgallery.com\/pl\/wp-json\/wp\/v2\/pages\/6016\/revisions"}],"predecessor-version":[{"id":6032,"href":"https:\/\/rodriguezgallery.com\/pl\/wp-json\/wp\/v2\/pages\/6016\/revisions\/6032"}],"wp:attachment":[{"href":"https:\/\/rodriguezgallery.com\/pl\/wp-json\/wp\/v2\/media?parent=6016"}],"curies":[{"name":"wp","href":"https:\/\/api.w.org\/{rel}","templated":true}]}}