{"id":6184,"date":"2022-01-22T16:47:51","date_gmt":"2022-01-22T14:47:51","guid":{"rendered":"https:\/\/rodriguezgallery.com\/?page_id=6184"},"modified":"2022-01-22T16:58:43","modified_gmt":"2022-01-22T14:58:43","slug":"warsztaty-2021-cykl-warsztatow","status":"publish","type":"page","link":"https:\/\/rodriguezgallery.com\/pl\/warsztaty-2021-cykl-warsztatow\/","title":{"rendered":"(English) Warsztaty 2021 cykl warsztatow"},"content":{"rendered":"<div id=\"pl-6184\"  class=\"panel-layout\" ><div id=\"pg-6184-0\"  class=\"panel-grid panel-no-style\" ><div id=\"pgc-6184-0-0\"  class=\"panel-grid-cell\" ><div id=\"panel-6184-0-0-0\" class=\"so-panel widget widget_black-studio-tinymce widget_black_studio_tinymce panel-first-child panel-last-child\" data-index=\"0\" ><div class=\"textwidget\"><p><span class=\"\" style=\"display:block;clear:both;height: 0px;padding-top: 20px;border-top-width:0px;border-bottom-width:0px;\"><\/span><\/p>\n<h6>W<strong>arsztaty dla dzieci\u00a0(w ramach: Pierwsze spotkanie ze sztuk\u0105 wsp\u00f3\u0142czesn\u0105 \u2013 cykl warsztat\u00f3w dla dzieci )<\/strong><\/h6>\n<h6>Projekt dofinansowany ze \u015brodk\u00f3w Samorz\u0105du Wojew\u00f3dztwa Wielkopolskiego.<\/h6>\n<h6><a href=\"https:\/\/rodriguezgallery.com\/wp-content\/uploads\/2022\/01\/SCENARIUSZ-WARSZTATOW-CYKL-Warsztatow-1.pdf\" target=\"_blank\" rel=\"noopener\">Scenariusz warsztat\u00f3w<\/a><\/h6>\n<p>&nbsp;<\/p>\n<p><img loading=\"lazy\" decoding=\"async\" class=\"wp-image-3254 alignleft\" src=\"https:\/\/rodriguezgallery.com\/wp-content\/uploads\/2018\/01\/26827920_10156995613823136_398906106_o.jpg\" alt=\"\" width=\"321\" height=\"100\" srcset=\"https:\/\/rodriguezgallery.com\/wp-content\/uploads\/2018\/01\/26827920_10156995613823136_398906106_o.jpg 1404w, https:\/\/rodriguezgallery.com\/wp-content\/uploads\/2018\/01\/26827920_10156995613823136_398906106_o-300x94.jpg 300w, https:\/\/rodriguezgallery.com\/wp-content\/uploads\/2018\/01\/26827920_10156995613823136_398906106_o-768x240.jpg 768w, https:\/\/rodriguezgallery.com\/wp-content\/uploads\/2018\/01\/26827920_10156995613823136_398906106_o-1024x319.jpg 1024w\" sizes=\"auto, (max-width: 321px) 100vw, 321px\" \/><\/p>\n<\/div><\/div><\/div><div id=\"pgc-6184-0-1\"  class=\"panel-grid-cell\" ><div id=\"panel-6184-0-1-0\" class=\"so-panel widget widget_black-studio-tinymce widget_black_studio_tinymce panel-first-child panel-last-child\" data-index=\"1\" ><div class=\"textwidget\"><p><span class=\"\" style=\"display:block;clear:both;height: 0px;padding-top: 20px;border-top-width:0px;border-bottom-width:0px;\"><\/span><br \/>\n<img loading=\"lazy\" decoding=\"async\" class=\"aligncenter size-medium wp-image-6182\" src=\"https:\/\/rodriguezgallery.com\/wp-content\/uploads\/2022\/01\/Warsztaty-Marszalkowski.jpg\" alt=\"\" width=\"1\" height=\"1\" \/><img loading=\"lazy\" decoding=\"async\" class=\"aligncenter size-medium wp-image-6182\" src=\"https:\/\/rodriguezgallery.com\/wp-content\/uploads\/2022\/01\/Warsztaty-Marszalkowski.jpg\" alt=\"\" width=\"1\" height=\"1\" \/><img loading=\"lazy\" decoding=\"async\" class=\"aligncenter size-medium wp-image-6182\" src=\"https:\/\/rodriguezgallery.com\/wp-content\/uploads\/2022\/01\/Warsztaty-Marszalkowski.jpg\" alt=\"\" width=\"1\" height=\"1\" \/><img loading=\"lazy\" decoding=\"async\" class=\"aligncenter wp-image-6194 size-large\" src=\"https:\/\/rodriguezgallery.com\/wp-content\/uploads\/2022\/01\/Warsztaty-Marszalkowski-998x1024.jpg\" alt=\"\" width=\"700\" height=\"718\" srcset=\"https:\/\/rodriguezgallery.com\/wp-content\/uploads\/2022\/01\/Warsztaty-Marszalkowski-998x1024.jpg 998w, https:\/\/rodriguezgallery.com\/wp-content\/uploads\/2022\/01\/Warsztaty-Marszalkowski-292x300.jpg 292w, https:\/\/rodriguezgallery.com\/wp-content\/uploads\/2022\/01\/Warsztaty-Marszalkowski-768x788.jpg 768w, https:\/\/rodriguezgallery.com\/wp-content\/uploads\/2022\/01\/Warsztaty-Marszalkowski-1496x1536.jpg 1496w, https:\/\/rodriguezgallery.com\/wp-content\/uploads\/2022\/01\/Warsztaty-Marszalkowski-1995x2048.jpg 1995w, https:\/\/rodriguezgallery.com\/wp-content\/uploads\/2022\/01\/Warsztaty-Marszalkowski-300x308.jpg 300w, https:\/\/rodriguezgallery.com\/wp-content\/uploads\/2022\/01\/Warsztaty-Marszalkowski.jpg 2000w\" sizes=\"auto, (max-width: 700px) 100vw, 700px\" \/><\/p>\n<\/div><\/div><\/div><\/div><\/div>","protected":false},"excerpt":{"rendered":"<p>Warsztaty dla dzieci\u00a0(w ramach: Pierwsze spotkanie ze sztuk\u0105 wsp\u00f3\u0142czesn\u0105 \u2013 cykl warsztat\u00f3w dla dzieci ) Projekt dofinansowany ze \u015brodk\u00f3w Samorz\u0105du Wojew\u00f3dztwa Wielkopolskiego. Scenariusz warsztat\u00f3w &nbsp;<\/p>\n","protected":false},"author":1,"featured_media":0,"parent":0,"menu_order":0,"comment_status":"closed","ping_status":"closed","template":"full-width-page.php","meta":{"footnotes":""},"class_list":["post-6184","page","type-page","status-publish","hentry"],"_links":{"self":[{"href":"https:\/\/rodriguezgallery.com\/pl\/wp-json\/wp\/v2\/pages\/6184","targetHints":{"allow":["GET"]}}],"collection":[{"href":"https:\/\/rodriguezgallery.com\/pl\/wp-json\/wp\/v2\/pages"}],"about":[{"href":"https:\/\/rodriguezgallery.com\/pl\/wp-json\/wp\/v2\/types\/page"}],"author":[{"embeddable":true,"href":"https:\/\/rodriguezgallery.com\/pl\/wp-json\/wp\/v2\/users\/1"}],"replies":[{"embeddable":true,"href":"https:\/\/rodriguezgallery.com\/pl\/wp-json\/wp\/v2\/comments?post=6184"}],"version-history":[{"count":1,"href":"https:\/\/rodriguezgallery.com\/pl\/wp-json\/wp\/v2\/pages\/6184\/revisions"}],"predecessor-version":[{"id":6195,"href":"https:\/\/rodriguezgallery.com\/pl\/wp-json\/wp\/v2\/pages\/6184\/revisions\/6195"}],"wp:attachment":[{"href":"https:\/\/rodriguezgallery.com\/pl\/wp-json\/wp\/v2\/media?parent=6184"}],"curies":[{"name":"wp","href":"https:\/\/api.w.org\/{rel}","templated":true}]}}