{"id":6197,"date":"2022-01-27T12:57:58","date_gmt":"2022-01-27T10:57:58","guid":{"rendered":"https:\/\/rodriguezgallery.com\/?page_id=6197"},"modified":"2022-01-29T14:24:40","modified_gmt":"2022-01-29T12:24:40","slug":"wystawa-dyplomowa-jaszkowski","status":"publish","type":"page","link":"https:\/\/rodriguezgallery.com\/pl\/wystawa-dyplomowa-jaszkowski\/","title":{"rendered":"(English) Wystawa dyplomowa Jaszkowski"},"content":{"rendered":"<div id=\"pl-6197\"  class=\"panel-layout\" ><div id=\"pg-6197-0\"  class=\"panel-grid panel-no-style\" ><div id=\"pgc-6197-0-0\"  class=\"panel-grid-cell\" ><div id=\"panel-6197-0-0-0\" class=\"so-panel widget widget_black-studio-tinymce widget_black_studio_tinymce panel-first-child panel-last-child\" data-index=\"0\" ><div class=\"textwidget\"><h6><span class=\"\" style=\"display:block;clear:both;height: 0px;padding-top: 20px;border-top-width:0px;border-bottom-width:0px;\"><\/span><br \/>\n<strong>Micha\u0142 Jaszkowski<\/strong><br \/>\n<em>Disinfection<\/em><br \/>\nWystawa dyplomowa<br \/>\nCzerwiec 2021<\/h6>\n<h6>Pomi\u0119dzy cz\u0142owiekiem a technologi\u0105 po raz pierwszy uwidoczni\u0142a si\u0119 na tak\u0105 skal\u0119 bariera drobnoustroj\u00f3w (w zasadzie dyskusja na ten temat). Tak, jak niegdy\u015b maszyny mechaniczne oliwione w celach lepszego funkcjonowania, tak dzisiaj ekrany s\u0105 mokre, lepkie od \u015brodk\u00f3w bakteriob\u00f3jczych, zatopione w nich, nasi\u0105kni\u0119te. Dezinformacja i dezynfekcja wydaj\u0105 si\u0119 by\u0107 kluczowymi cechami spo\u0142ecze\u0144stwa (dez)informacyjnego, kt\u00f3rym si\u0119 stajemy.<\/h6>\n<h6>Projekt dofinansowany z bud\u017cetu Miasta Poznania<\/h6>\n<h6>#poznanwspiera<\/h6>\n<\/div><\/div><\/div><div id=\"pgc-6197-0-1\"  class=\"panel-grid-cell\" ><div id=\"panel-6197-0-1-0\" class=\"so-panel widget widget_black-studio-tinymce widget_black_studio_tinymce panel-first-child panel-last-child\" data-index=\"1\" ><div class=\"textwidget\"><p><span class=\"\" style=\"display:block;clear:both;height: 0px;padding-top: 20px;border-top-width:0px;border-bottom-width:0px;\"><\/span><\/p>\n<p><div id='gallery-1' class='gallery galleryid-6197 gallery-columns-3 gallery-size-thumbnail'><figure class='gallery-item'>\n\t\t\t<div class='gallery-icon landscape'>\n\t\t\t\t<a href='https:\/\/rodriguezgallery.com\/wp-content\/uploads\/2022\/01\/Disinfection_Michal_Jaszkowski_2021-2-scaled.jpg'><img loading=\"lazy\" decoding=\"async\" width=\"150\" height=\"150\" src=\"https:\/\/rodriguezgallery.com\/wp-content\/uploads\/2022\/01\/Disinfection_Michal_Jaszkowski_2021-2-150x150.jpg\" class=\"attachment-thumbnail size-thumbnail\" alt=\"\" \/><\/a>\n\t\t\t<\/div><\/figure><figure class='gallery-item'>\n\t\t\t<div class='gallery-icon portrait'>\n\t\t\t\t<a href='https:\/\/rodriguezgallery.com\/wp-content\/uploads\/2022\/01\/Disinfection_Michal_Jaszkowski_2021-18-scaled.jpg'><img loading=\"lazy\" decoding=\"async\" width=\"150\" height=\"150\" src=\"https:\/\/rodriguezgallery.com\/wp-content\/uploads\/2022\/01\/Disinfection_Michal_Jaszkowski_2021-18-150x150.jpg\" class=\"attachment-thumbnail size-thumbnail\" alt=\"\" \/><\/a>\n\t\t\t<\/div><\/figure><figure class='gallery-item'>\n\t\t\t<div class='gallery-icon landscape'>\n\t\t\t\t<a href='https:\/\/rodriguezgallery.com\/wp-content\/uploads\/2022\/01\/Disinfection_Michal_Jaszkowski_2021-32-scaled.jpg'><img loading=\"lazy\" decoding=\"async\" width=\"150\" height=\"150\" src=\"https:\/\/rodriguezgallery.com\/wp-content\/uploads\/2022\/01\/Disinfection_Michal_Jaszkowski_2021-32-150x150.jpg\" class=\"attachment-thumbnail size-thumbnail\" alt=\"\" \/><\/a>\n\t\t\t<\/div><\/figure>\n\t\t<\/div>\n<\/p>\n<\/div><\/div><\/div><\/div><\/div>","protected":false},"excerpt":{"rendered":"<p>Micha\u0142 Jaszkowski Disinfection Wystawa dyplomowa Czerwiec 2021 Pomi\u0119dzy cz\u0142owiekiem a technologi\u0105 po raz pierwszy uwidoczni\u0142a si\u0119 na tak\u0105 skal\u0119 bariera drobnoustroj\u00f3w (w zasadzie dyskusja na ten temat). Tak, jak niegdy\u015b <a class=\"moretag\" href=\"https:\/\/rodriguezgallery.com\/pl\/wystawa-dyplomowa-jaszkowski\/\">Read More &#8230;<\/a><\/p>\n","protected":false},"author":1,"featured_media":0,"parent":0,"menu_order":0,"comment_status":"closed","ping_status":"closed","template":"full-width-page.php","meta":{"footnotes":""},"class_list":["post-6197","page","type-page","status-publish","hentry"],"_links":{"self":[{"href":"https:\/\/rodriguezgallery.com\/pl\/wp-json\/wp\/v2\/pages\/6197","targetHints":{"allow":["GET"]}}],"collection":[{"href":"https:\/\/rodriguezgallery.com\/pl\/wp-json\/wp\/v2\/pages"}],"about":[{"href":"https:\/\/rodriguezgallery.com\/pl\/wp-json\/wp\/v2\/types\/page"}],"author":[{"embeddable":true,"href":"https:\/\/rodriguezgallery.com\/pl\/wp-json\/wp\/v2\/users\/1"}],"replies":[{"embeddable":true,"href":"https:\/\/rodriguezgallery.com\/pl\/wp-json\/wp\/v2\/comments?post=6197"}],"version-history":[{"count":1,"href":"https:\/\/rodriguezgallery.com\/pl\/wp-json\/wp\/v2\/pages\/6197\/revisions"}],"predecessor-version":[{"id":6226,"href":"https:\/\/rodriguezgallery.com\/pl\/wp-json\/wp\/v2\/pages\/6197\/revisions\/6226"}],"wp:attachment":[{"href":"https:\/\/rodriguezgallery.com\/pl\/wp-json\/wp\/v2\/media?parent=6197"}],"curies":[{"name":"wp","href":"https:\/\/api.w.org\/{rel}","templated":true}]}}