{"id":6202,"date":"2022-01-27T13:14:33","date_gmt":"2022-01-27T11:14:33","guid":{"rendered":"https:\/\/rodriguezgallery.com\/?page_id=6202"},"modified":"2022-01-27T13:14:33","modified_gmt":"2022-01-27T11:14:33","slug":"wystawa-dyplomowa-agnieszka-gabara","status":"publish","type":"page","link":"https:\/\/rodriguezgallery.com\/pl\/wystawa-dyplomowa-agnieszka-gabara\/","title":{"rendered":"(English) Wystawa dyplomowa Agnieszka Gabara"},"content":{"rendered":"<div id=\"pl-6202\"  class=\"panel-layout\" ><div id=\"pg-6202-0\"  class=\"panel-grid panel-no-style\" ><div id=\"pgc-6202-0-0\"  class=\"panel-grid-cell\" ><div id=\"panel-6202-0-0-0\" class=\"so-panel widget widget_black-studio-tinymce widget_black_studio_tinymce panel-first-child panel-last-child\" data-index=\"0\" ><div class=\"textwidget\"><h6><span class=\"\" style=\"display:block;clear:both;height: 0px;padding-top: 20px;border-top-width:0px;border-bottom-width:0px;\"><\/span><br \/>\n<strong>Agnieszka Gabara<\/strong><br \/>\n<em>Beksa<\/em><br \/>\nWystawa dyplomowa<br \/>\nCzerwiec 2021<\/h6>\n<h6>\"Artysta zachowuje si\u0119 jak nie\u015bwiadomy neurobiolog, posiadaj\u0105cy ukryt\u0105 wiedz\u0119 na temat zasad neurofizjologicznej percepcji emocji, z kt\u00f3rej korzysta podczas tworzenia dzie\u0142a sztuki.\"<\/p>\n<p>(Vilayanur Ramachandran, William Hirstein)<\/h6>\n<h6>Jestem beks\u0105,<br \/>\npotrzebuj\u0119 p\u0142aka\u0107,<br \/>\npotrzebuj\u0119 wpada\u0107 w histeri\u0119. Rozczulam si\u0119. Wylewam si\u0119.<\/h6>\n<h6>Projekt dofinansowany z bud\u017cetu Miasta Poznania<\/h6>\n<h6>#poznanwspiera<\/h6>\n<\/div><\/div><\/div><div id=\"pgc-6202-0-1\"  class=\"panel-grid-cell\" ><div id=\"panel-6202-0-1-0\" class=\"so-panel widget widget_black-studio-tinymce widget_black_studio_tinymce panel-first-child panel-last-child\" data-index=\"1\" ><div class=\"textwidget\"><p><div id='gallery-1' class='gallery galleryid-6202 gallery-columns-3 gallery-size-thumbnail'><figure class='gallery-item'>\n\t\t\t<div class='gallery-icon landscape'>\n\t\t\t\t<a href='https:\/\/rodriguezgallery.com\/wp-content\/uploads\/2022\/01\/09.-Wystawa-dyplomowa-Agnieszka-Gabara.jpg'><img loading=\"lazy\" decoding=\"async\" width=\"150\" height=\"150\" src=\"https:\/\/rodriguezgallery.com\/wp-content\/uploads\/2022\/01\/09.-Wystawa-dyplomowa-Agnieszka-Gabara-150x150.jpg\" class=\"attachment-thumbnail size-thumbnail\" alt=\"\" \/><\/a>\n\t\t\t<\/div><\/figure><figure class='gallery-item'>\n\t\t\t<div class='gallery-icon landscape'>\n\t\t\t\t<a href='https:\/\/rodriguezgallery.com\/wp-content\/uploads\/2022\/01\/dyplom_aga_gabara06.jpg'><img loading=\"lazy\" decoding=\"async\" width=\"150\" height=\"150\" src=\"https:\/\/rodriguezgallery.com\/wp-content\/uploads\/2022\/01\/dyplom_aga_gabara06-150x150.jpg\" class=\"attachment-thumbnail size-thumbnail\" alt=\"\" \/><\/a>\n\t\t\t<\/div><\/figure><figure class='gallery-item'>\n\t\t\t<div class='gallery-icon portrait'>\n\t\t\t\t<a href='https:\/\/rodriguezgallery.com\/wp-content\/uploads\/2022\/01\/dyplom_aga_gabara15.jpg'><img loading=\"lazy\" decoding=\"async\" width=\"150\" height=\"150\" src=\"https:\/\/rodriguezgallery.com\/wp-content\/uploads\/2022\/01\/dyplom_aga_gabara15-150x150.jpg\" class=\"attachment-thumbnail size-thumbnail\" alt=\"\" \/><\/a>\n\t\t\t<\/div><\/figure><figure class='gallery-item'>\n\t\t\t<div class='gallery-icon landscape'>\n\t\t\t\t<a href='https:\/\/rodriguezgallery.com\/wp-content\/uploads\/2022\/01\/dyplom_aga_gabara22.jpg'><img loading=\"lazy\" decoding=\"async\" width=\"150\" height=\"150\" src=\"https:\/\/rodriguezgallery.com\/wp-content\/uploads\/2022\/01\/dyplom_aga_gabara22-150x150.jpg\" class=\"attachment-thumbnail size-thumbnail\" alt=\"\" \/><\/a>\n\t\t\t<\/div><\/figure><figure class='gallery-item'>\n\t\t\t<div class='gallery-icon landscape'>\n\t\t\t\t<a href='https:\/\/rodriguezgallery.com\/wp-content\/uploads\/2022\/01\/overview_1.jpg'><img loading=\"lazy\" decoding=\"async\" width=\"150\" height=\"150\" src=\"https:\/\/rodriguezgallery.com\/wp-content\/uploads\/2022\/01\/overview_1-150x150.jpg\" class=\"attachment-thumbnail size-thumbnail\" alt=\"\" \/><\/a>\n\t\t\t<\/div><\/figure>\n\t\t<\/div>\n<\/p>\n<\/div><\/div><\/div><\/div><\/div>","protected":false},"excerpt":{"rendered":"<p>Agnieszka Gabara Beksa Wystawa dyplomowa Czerwiec 2021 &#8222;Artysta zachowuje si\u0119 jak nie\u015bwiadomy neurobiolog, posiadaj\u0105cy ukryt\u0105 wiedz\u0119 na temat zasad neurofizjologicznej percepcji emocji, z kt\u00f3rej korzysta podczas tworzenia dzie\u0142a sztuki.&#8221; (Vilayanur <a class=\"moretag\" href=\"https:\/\/rodriguezgallery.com\/pl\/wystawa-dyplomowa-agnieszka-gabara\/\">Read More &#8230;<\/a><\/p>\n","protected":false},"author":1,"featured_media":0,"parent":0,"menu_order":0,"comment_status":"closed","ping_status":"closed","template":"full-width-page.php","meta":{"footnotes":""},"class_list":["post-6202","page","type-page","status-publish","hentry"],"_links":{"self":[{"href":"https:\/\/rodriguezgallery.com\/pl\/wp-json\/wp\/v2\/pages\/6202","targetHints":{"allow":["GET"]}}],"collection":[{"href":"https:\/\/rodriguezgallery.com\/pl\/wp-json\/wp\/v2\/pages"}],"about":[{"href":"https:\/\/rodriguezgallery.com\/pl\/wp-json\/wp\/v2\/types\/page"}],"author":[{"embeddable":true,"href":"https:\/\/rodriguezgallery.com\/pl\/wp-json\/wp\/v2\/users\/1"}],"replies":[{"embeddable":true,"href":"https:\/\/rodriguezgallery.com\/pl\/wp-json\/wp\/v2\/comments?post=6202"}],"version-history":[{"count":1,"href":"https:\/\/rodriguezgallery.com\/pl\/wp-json\/wp\/v2\/pages\/6202\/revisions"}],"predecessor-version":[{"id":6208,"href":"https:\/\/rodriguezgallery.com\/pl\/wp-json\/wp\/v2\/pages\/6202\/revisions\/6208"}],"wp:attachment":[{"href":"https:\/\/rodriguezgallery.com\/pl\/wp-json\/wp\/v2\/media?parent=6202"}],"curies":[{"name":"wp","href":"https:\/\/api.w.org\/{rel}","templated":true}]}}