{"id":6209,"date":"2022-01-27T13:17:37","date_gmt":"2022-01-27T11:17:37","guid":{"rendered":"https:\/\/rodriguezgallery.com\/?page_id=6209"},"modified":"2022-01-29T14:20:49","modified_gmt":"2022-01-29T12:20:49","slug":"wystawa-doktorska","status":"publish","type":"page","link":"https:\/\/rodriguezgallery.com\/pl\/wystawa-doktorska\/","title":{"rendered":"(English) Wystawa doktorska Kamila Kobierzynska"},"content":{"rendered":"<div id=\"pl-6209\"  class=\"panel-layout\" ><div id=\"pg-6209-0\"  class=\"panel-grid panel-no-style\" ><div id=\"pgc-6209-0-0\"  class=\"panel-grid-cell\" ><div id=\"panel-6209-0-0-0\" class=\"so-panel widget widget_black-studio-tinymce widget_black_studio_tinymce panel-first-child panel-last-child\" data-index=\"0\" ><div class=\"textwidget\"><h6><span class=\"\" style=\"display:block;clear:both;height: 0px;padding-top: 20px;border-top-width:0px;border-bottom-width:0px;\"><\/span><br \/>\n<strong>Kamila Kobierzy\u0144\u015bka<\/strong><br \/>\n<em>Sehnsucht \/\u02c8ze\u02d0nz\u028axt\/<\/em><br \/>\nWystawa doktorska<br \/>\nWrzesie\u0144 2021<\/h6>\n<h6>Sehnsucht jako niemo\u017cliwa do spe\u0142nienia t\u0119sknota noszona od pokole\u0144 \u2013 w ko\u0144cu mog\u0142a wyj\u015b\u0107 na wierzch by sta\u0107 si\u0119 nieco bardziej przejrzysta. Wystawa sk\u0142ada si\u0119 z premierowych prac, a tak\u017ce w cz\u0119\u015bci z prac powsta\u0142ych w ramach projektu doktorskiego Kamili Kobierzy\u0144skiej \u201eKiedy kwitn\u0105 wi\u015bnie. Postpami\u0119\u0107 i transmisja traumy\u201d. W duz\u0307ej mierze autorka bada tu wa\u0328tki osobiste, a fragmenty sa\u0328 niczym studium przypadku. Zapach kwitna\u0328cych wis\u0301ni, tak niewinnie kojarza\u0328cych sie\u0328 z wste\u0328pem do lata, okaza\u0142 sie\u0328 jednak u\u0142udna\u0328 s\u0142odycza\u0328. Uz\u0307ywany w badaniach nad transmisja\u0328 traumy acetofenon - o zapachu kojarza\u0328cym sie\u0328 w\u0142as\u0301nie z kwitna\u0328cymi wis\u0301niami - dla istot poddanych eksperymentom naukowym by\u0142 w\u0142as\u0301nie wyzwalaczem traumy. Pami\u0119\u0107 jako przedmiot zar\u00f3wno badan\u0301 naukowych, eksperyment\u00f3w artystycznych, ale i jako czynnik konstytuuja\u0328cy nasze bycie w konteks\u0301cie, okazuje sie\u0328 wymykac\u0301 w\u0142asnym kategoriom.<\/h6>\n<h6>Refleksja nad przemijaniem sk\u0142ada sie\u0328 na poje\u0328cie egzystencji jako dos\u0301wiadczenia kruchego, lecz bardzo z\u0142oz\u0307onego. Uczucie z\u0307yciowej niewiadomej, nasilaja\u0328ce sie\u0328 wraz z up\u0142ywem czasu, staje sie\u0328 powodem do stawiania pytan\u0301 o w\u0142asne korzenie, ale i o teraz\u0301niejszos\u0301c\u0301, w kt\u00f3rej osadzenie okazuje sie\u0328 najpote\u0328z\u0307niejszym narze\u0328dziem odkrywania w\u0142asnej toz\u0307samos\u0301ci. Prace s\u0105 wynikiem pracy z archiwami, obserwacji i kwerendy na temat postpami\u0119ci pokole\u0144.<\/h6>\n<h6>Fotografia: Joanna Czarnota<\/h6>\n<h6>Projekt dofinansowany z bud\u017cetu Miasta Poznania<\/h6>\n<h6>#poznanwspiera<\/h6>\n<\/div><\/div><\/div><div id=\"pgc-6209-0-1\"  class=\"panel-grid-cell\" ><div id=\"panel-6209-0-1-0\" class=\"so-panel widget widget_black-studio-tinymce widget_black_studio_tinymce panel-first-child panel-last-child\" data-index=\"1\" ><div class=\"textwidget\"><p><span class=\"\" style=\"display:block;clear:both;height: 0px;padding-top: 20px;border-top-width:0px;border-bottom-width:0px;\"><\/span><\/p>\n<p><div id='gallery-1' class='gallery galleryid-6209 gallery-columns-3 gallery-size-thumbnail'><figure class='gallery-item'>\n\t\t\t<div class='gallery-icon landscape'>\n\t\t\t\t<a href='https:\/\/rodriguezgallery.com\/wp-content\/uploads\/2022\/01\/Kamila-Kobierzynska_Rodriquez_11.09-2-1000px.jpg'><img loading=\"lazy\" decoding=\"async\" width=\"150\" height=\"150\" src=\"https:\/\/rodriguezgallery.com\/wp-content\/uploads\/2022\/01\/Kamila-Kobierzynska_Rodriquez_11.09-2-1000px-150x150.jpg\" class=\"attachment-thumbnail size-thumbnail\" alt=\"\" \/><\/a>\n\t\t\t<\/div><\/figure><figure class='gallery-item'>\n\t\t\t<div class='gallery-icon landscape'>\n\t\t\t\t<a href='https:\/\/rodriguezgallery.com\/wp-content\/uploads\/2022\/01\/Kamila-Kobierzynska_Rordiquez_11.09-5-1000px.jpg'><img loading=\"lazy\" decoding=\"async\" width=\"150\" height=\"150\" src=\"https:\/\/rodriguezgallery.com\/wp-content\/uploads\/2022\/01\/Kamila-Kobierzynska_Rordiquez_11.09-5-1000px-150x150.jpg\" class=\"attachment-thumbnail size-thumbnail\" alt=\"\" \/><\/a>\n\t\t\t<\/div><\/figure><figure class='gallery-item'>\n\t\t\t<div class='gallery-icon landscape'>\n\t\t\t\t<a href='https:\/\/rodriguezgallery.com\/wp-content\/uploads\/2022\/01\/Kamila-Kobierzynska_Rordiquez_11.09-91000px.jpg'><img loading=\"lazy\" decoding=\"async\" width=\"150\" height=\"150\" src=\"https:\/\/rodriguezgallery.com\/wp-content\/uploads\/2022\/01\/Kamila-Kobierzynska_Rordiquez_11.09-91000px-150x150.jpg\" class=\"attachment-thumbnail size-thumbnail\" alt=\"\" \/><\/a>\n\t\t\t<\/div><\/figure>\n\t\t<\/div>\n<\/p>\n<\/div><\/div><\/div><\/div><\/div>","protected":false},"excerpt":{"rendered":"<p>Kamila Kobierzy\u0144\u015bka Sehnsucht \/\u02c8ze\u02d0nz\u028axt\/ Wystawa doktorska Wrzesie\u0144 2021 Sehnsucht jako niemo\u017cliwa do spe\u0142nienia t\u0119sknota noszona od pokole\u0144 \u2013 w ko\u0144cu mog\u0142a wyj\u015b\u0107 na wierzch by sta\u0107 si\u0119 nieco bardziej przejrzysta. <a class=\"moretag\" href=\"https:\/\/rodriguezgallery.com\/pl\/wystawa-doktorska\/\">Read More &#8230;<\/a><\/p>\n","protected":false},"author":1,"featured_media":0,"parent":0,"menu_order":0,"comment_status":"closed","ping_status":"closed","template":"full-width-page.php","meta":{"footnotes":""},"class_list":["post-6209","page","type-page","status-publish","hentry"],"_links":{"self":[{"href":"https:\/\/rodriguezgallery.com\/pl\/wp-json\/wp\/v2\/pages\/6209","targetHints":{"allow":["GET"]}}],"collection":[{"href":"https:\/\/rodriguezgallery.com\/pl\/wp-json\/wp\/v2\/pages"}],"about":[{"href":"https:\/\/rodriguezgallery.com\/pl\/wp-json\/wp\/v2\/types\/page"}],"author":[{"embeddable":true,"href":"https:\/\/rodriguezgallery.com\/pl\/wp-json\/wp\/v2\/users\/1"}],"replies":[{"embeddable":true,"href":"https:\/\/rodriguezgallery.com\/pl\/wp-json\/wp\/v2\/comments?post=6209"}],"version-history":[{"count":1,"href":"https:\/\/rodriguezgallery.com\/pl\/wp-json\/wp\/v2\/pages\/6209\/revisions"}],"predecessor-version":[{"id":6222,"href":"https:\/\/rodriguezgallery.com\/pl\/wp-json\/wp\/v2\/pages\/6209\/revisions\/6222"}],"wp:attachment":[{"href":"https:\/\/rodriguezgallery.com\/pl\/wp-json\/wp\/v2\/media?parent=6209"}],"curies":[{"name":"wp","href":"https:\/\/api.w.org\/{rel}","templated":true}]}}