{"id":6214,"date":"2022-01-27T13:20:07","date_gmt":"2022-01-27T11:20:07","guid":{"rendered":"https:\/\/rodriguezgallery.com\/?page_id=6214"},"modified":"2022-01-27T13:20:07","modified_gmt":"2022-01-27T11:20:07","slug":"wystawa-doktorska-emilia-bogucka","status":"publish","type":"page","link":"https:\/\/rodriguezgallery.com\/pl\/wystawa-doktorska-emilia-bogucka\/","title":{"rendered":"(English) Wystawa doktorska Emilia Bogucka"},"content":{"rendered":"<div id=\"pl-6214\"  class=\"panel-layout\" ><div id=\"pg-6214-0\"  class=\"panel-grid panel-no-style\" ><div id=\"pgc-6214-0-0\"  class=\"panel-grid-cell\" ><div id=\"panel-6214-0-0-0\" class=\"so-panel widget widget_black-studio-tinymce widget_black_studio_tinymce panel-first-child panel-last-child\" data-index=\"0\" ><div class=\"textwidget\"><h6><span class=\"\" style=\"display:block;clear:both;height: 0px;padding-top: 20px;border-top-width:0px;border-bottom-width:0px;\"><\/span><br \/>\n<strong>Emilia Bogucka\u00a0<\/strong><br \/>\n<em>Pomi\u0119dzy marzeniem a codzienno\u015bci\u0105<\/em><br \/>\nWystawa doktorska<br \/>\nListopad 2021<\/h6>\n<h6 class=\"gmail_default\">Obszar \"Pomi\u0119dzy marzeniem a codzienno\u015bci\u0105\" wydaje si\u0119 bardzo szerokim zagadnieniem, dotykaj\u0105cym wielu sfer naszego \u017cycia. Skoro codzienno\u015b\u0107 jest pewnym rzeczywistym, niepodwa\u017calnym faktem, obecnym w \u017cyciu ka\u017cdego cz\u0142owieka, a marzenie jest jego subiektywn\u0105 ide\u0105, cz\u0119sto nierealn\u0105 i niespe\u0142nion\u0105, to mo\u017cna by pokusi\u0107 si\u0119 o stwierdzenie, \u017ce to dwie skrajne klamry, pomi\u0119dzy kt\u00f3rymi pr\u00f3bujemy odnale\u017a\u0107 swoje miejsce. W\u0142asnym \u017cyciem definiujemy przestrze\u0144 naszej aktywno\u015bci, lawiruj\u0105c pomi\u0119dzy wszechobecn\u0105 codzienno\u015bci\u0105 a nierealnymi marzeniami, albo odwrotnie \u2014 \u017cyjemy ideami, cz\u0119sto bole\u015bnie sprowadzani na ziemi\u0119.<\/h6>\n<h6>Czy jest mo\u017cliwe funkcjonowanie tylko w sferze powszechnych, codziennych materialnych trosk, bez spogl\u0105dania w nieosi\u0105galne, niematerialne, indywidualne pragnienia?<br \/>\nMam nadziej\u0119, \u017ce stykaj\u0105c si\u0119 z rze\u017abami \"P\u0142ywaj\u0105cymi\" oraz ogl\u0105daj\u0105c ich dokumentacj\u0119 w kontakcie z nieprzewidywaln\u0105 natur\u0105, oderwiemy si\u0119 szarej codzienno\u015bci, z kolei instalacja \"Pranie\", pozwoli oddali\u0107 si\u0119 od jej pejoratywnej oceny, dostrzec w niej inspiracj\u0119 i co\u015b niezwyk\u0142ego.<\/h6>\n<h6 class=\"gmail_default\">Emilia Bogucka<\/h6>\n<h6>Projekt dofinansowany z bud\u017cetu Miasta Poznania<\/h6>\n<h6>#poznanwspiera<\/h6>\n<\/div><\/div><\/div><div id=\"pgc-6214-0-1\"  class=\"panel-grid-cell\" ><div id=\"panel-6214-0-1-0\" class=\"so-panel widget widget_black-studio-tinymce widget_black_studio_tinymce panel-first-child panel-last-child\" data-index=\"1\" ><div class=\"textwidget\"><p><div id='gallery-1' class='gallery galleryid-6214 gallery-columns-3 gallery-size-thumbnail'><figure class='gallery-item'>\n\t\t\t<div class='gallery-icon landscape'>\n\t\t\t\t<a href='https:\/\/rodriguezgallery.com\/wp-content\/uploads\/2022\/01\/Emilia-Bogucka.jpg'><img loading=\"lazy\" decoding=\"async\" width=\"150\" height=\"150\" src=\"https:\/\/rodriguezgallery.com\/wp-content\/uploads\/2022\/01\/Emilia-Bogucka-150x150.jpg\" class=\"attachment-thumbnail size-thumbnail\" alt=\"\" \/><\/a>\n\t\t\t<\/div><\/figure><figure class='gallery-item'>\n\t\t\t<div class='gallery-icon landscape'>\n\t\t\t\t<a href='https:\/\/rodriguezgallery.com\/wp-content\/uploads\/2022\/01\/Emilia-Bogucka-2.jpg'><img loading=\"lazy\" decoding=\"async\" width=\"150\" height=\"150\" src=\"https:\/\/rodriguezgallery.com\/wp-content\/uploads\/2022\/01\/Emilia-Bogucka-2-150x150.jpg\" class=\"attachment-thumbnail size-thumbnail\" alt=\"\" \/><\/a>\n\t\t\t<\/div><\/figure>\n\t\t<\/div>\n<\/p>\n<\/div><\/div><\/div><\/div><\/div>","protected":false},"excerpt":{"rendered":"<p>Emilia Bogucka\u00a0 Pomi\u0119dzy marzeniem a codzienno\u015bci\u0105 Wystawa doktorska Listopad 2021 Obszar &#8222;Pomi\u0119dzy marzeniem a codzienno\u015bci\u0105&#8221; wydaje si\u0119 bardzo szerokim zagadnieniem, dotykaj\u0105cym wielu sfer naszego \u017cycia. Skoro codzienno\u015b\u0107 jest pewnym rzeczywistym, <a class=\"moretag\" href=\"https:\/\/rodriguezgallery.com\/pl\/wystawa-doktorska-emilia-bogucka\/\">Read More &#8230;<\/a><\/p>\n","protected":false},"author":1,"featured_media":0,"parent":0,"menu_order":0,"comment_status":"closed","ping_status":"closed","template":"full-width-page.php","meta":{"footnotes":""},"class_list":["post-6214","page","type-page","status-publish","hentry"],"_links":{"self":[{"href":"https:\/\/rodriguezgallery.com\/pl\/wp-json\/wp\/v2\/pages\/6214","targetHints":{"allow":["GET"]}}],"collection":[{"href":"https:\/\/rodriguezgallery.com\/pl\/wp-json\/wp\/v2\/pages"}],"about":[{"href":"https:\/\/rodriguezgallery.com\/pl\/wp-json\/wp\/v2\/types\/page"}],"author":[{"embeddable":true,"href":"https:\/\/rodriguezgallery.com\/pl\/wp-json\/wp\/v2\/users\/1"}],"replies":[{"embeddable":true,"href":"https:\/\/rodriguezgallery.com\/pl\/wp-json\/wp\/v2\/comments?post=6214"}],"version-history":[{"count":1,"href":"https:\/\/rodriguezgallery.com\/pl\/wp-json\/wp\/v2\/pages\/6214\/revisions"}],"predecessor-version":[{"id":6217,"href":"https:\/\/rodriguezgallery.com\/pl\/wp-json\/wp\/v2\/pages\/6214\/revisions\/6217"}],"wp:attachment":[{"href":"https:\/\/rodriguezgallery.com\/pl\/wp-json\/wp\/v2\/media?parent=6214"}],"curies":[{"name":"wp","href":"https:\/\/api.w.org\/{rel}","templated":true}]}}