{"id":6259,"date":"2022-03-19T12:07:02","date_gmt":"2022-03-19T10:07:02","guid":{"rendered":"https:\/\/rodriguezgallery.com\/?page_id=6259"},"modified":"2022-03-29T17:30:47","modified_gmt":"2022-03-29T15:30:47","slug":"sreshta-rit-premnath-proximity","status":"publish","type":"page","link":"https:\/\/rodriguezgallery.com\/pl\/sreshta-rit-premnath-proximity\/","title":{"rendered":"(English) Sreshta Rit Premnath &#8211; Proximity"},"content":{"rendered":"<div id=\"pl-6259\"  class=\"panel-layout\" ><div id=\"pg-6259-0\"  class=\"panel-grid panel-no-style\" ><div id=\"pgc-6259-0-0\"  class=\"panel-grid-cell\" ><div id=\"panel-6259-0-0-0\" class=\"so-panel widget widget_black-studio-tinymce widget_black_studio_tinymce panel-first-child panel-last-child\" data-index=\"0\" ><div class=\"textwidget\"><h6><span class=\"\" style=\"display:block;clear:both;height: 0px;padding-top: 20px;border-top-width:0px;border-bottom-width:0px;\"><\/span><br \/>\n<strong>Sreshta Rit Premnath<\/strong><br \/>\n<em><strong>Proximity<\/strong><\/em><br \/>\n18.03 - 20.04.2022<\/p>\n<p>W ramach swojej drugiej wystawy w Rodriguez Gallery, Sreshta Rit Premnath kontynuuje rozwa\u017cania na temat delikatnego i nie\u015bmia\u0142ego upominania si\u0119 o przestrze\u0144 przez osoby wykluczone. Gdy ludzie trac\u0105 stabilny dost\u0119p do swojego miejsca, ich poczucie przynale\u017cno\u015bci przenosi si\u0119 do sfery prywatnej. To w\u0142a\u015bnie na tej przestrzeni \u201ebycia z\u201d Premnath koncentruje si\u0119 w <em>Proximity.<\/p>\n<p><\/em>Prace rze\u017abiarskie wykonane przy u\u017cyciu tuszu i papieru id\u0105 w parze z obrazami przypominaj\u0105cymi diagramy. Rze\u017aby pod tytu\u0142em <em>Hold\/Fold [Przytrzymaj\/Z\u0142\u00f3\u017c] <\/em>wygl\u0105daj\u0105 jak roz\u0142o\u017cone kartonowe pude\u0142ka, rozci\u0105gni\u0119te obok siebie lub jedno na drugim. Ich wymiary, zbli\u017cone do wymiar\u00f3w ludzkiego cia\u0142a, sugeruj\u0105 miejsce tymczasowego odpoczynku. Tusz skapuje na nie z wisz\u0105cych butelek przez rurki do kropl\u00f3wek, tworz\u0105c ka\u0142u\u017ce, kt\u00f3re naznaczaj\u0105 dzie\u0142o sztuki i przekszta\u0142caj\u0105 je w miar\u0119 trwania wystawy.<\/p>\n<p>Obrazy Premnatha stanowi\u0105 kontynuacj\u0119 serii pt. <em>Margin [Margines]<\/em>. Artysta wykorzystuje siatk\u0119 ogrodzeniow\u0105 jako szablon, by tworzy\u0107 wzory, kt\u00f3re nazywa \u201cswoistym progiem czy marginesem pomi\u0119dzy tu a gdzie indziej\u201d. Takie odniesienia do granic zostaj\u0105 zestawione z obszarami abstrakcyjnych gest\u00f3w \u2013 ka\u0142u\u017ce i kropl\u00f3wki z tuszem \u2013 kt\u00f3re ujawniaj\u0105 interwencj\u0119 artysty. Ponadto, Premnath traktuje cia\u0142o widza jako element swoich prac, zapraszaj\u0105c go do eksplorowania \u201ccienkiego niczym papier \u2013 i wyobra\u017conego \u2013 charakteru granic oraz innego rodzaju wymuszonych podzia\u0142\u00f3w\u201d.<\/p>\n<p>Zastanawiaj\u0105c si\u0119 nad czasem i przestrzeni\u0105 blisko\u015bci, Premnath pyta: Jaki kszta\u0142t ma <em>bycie z<\/em>? Jak mo\u017cemy zwizualizowa\u0107 przestrze\u0144 mi\u0119dzy nami? W jaki spos\u00f3b mo\u017cemy \u015bledzi\u0107 perforacje i przecieki, kt\u00f3re rozmazuj\u0105, nas\u0105czaj\u0105 i przenikaj\u0105 wyobra\u017cone granice oddzielaj\u0105ce jednych od drugich? Je\u015bli przyjmiemy, \u017ce r\u00f3\u017cnice \u2013 radykalne r\u00f3\u017cnice \u2013 s\u0105 nieod\u0142\u0105cznym elementem spo\u0142ecze\u0144stwa, to czy mo\u017cna uzna\u0107 polityk\u0119 za nauk\u0119 negocjacji i kszta\u0142towania blisko\u015bci?<\/h6>\n<p>&nbsp;<\/p>\n<h6>Projekt dofinansowany z bud\u017cetu Miasta Poznania<\/h6>\n<\/div><\/div><\/div><div id=\"pgc-6259-0-1\"  class=\"panel-grid-cell\" ><div id=\"panel-6259-0-1-0\" class=\"so-panel widget widget_black-studio-tinymce widget_black_studio_tinymce panel-first-child panel-last-child\" data-index=\"1\" ><div class=\"textwidget\"><p><span class=\"\" style=\"display:block;clear:both;height: 0px;padding-top: 20px;border-top-width:0px;border-bottom-width:0px;\"><\/span><\/p>\n<p><div id='gallery-1' class='gallery galleryid-6259 gallery-columns-3 gallery-size-thumbnail'><figure class='gallery-item'>\n\t\t\t<div class='gallery-icon landscape'>\n\t\t\t\t<a href='https:\/\/rodriguezgallery.com\/wp-content\/uploads\/2022\/03\/01.-Sreshta-Rit-Premnath-Proximity-exhibition-view-1-scaled.jpg'><img loading=\"lazy\" decoding=\"async\" width=\"150\" height=\"150\" src=\"https:\/\/rodriguezgallery.com\/wp-content\/uploads\/2022\/03\/01.-Sreshta-Rit-Premnath-Proximity-exhibition-view-1-150x150.jpg\" class=\"attachment-thumbnail size-thumbnail\" alt=\"\" \/><\/a>\n\t\t\t<\/div><\/figure><figure class='gallery-item'>\n\t\t\t<div class='gallery-icon landscape'>\n\t\t\t\t<a href='https:\/\/rodriguezgallery.com\/wp-content\/uploads\/2022\/03\/02.-Sreshta-Rit-Premnath-Proximity-exhibition-view-scaled.jpg'><img loading=\"lazy\" decoding=\"async\" width=\"150\" height=\"150\" src=\"https:\/\/rodriguezgallery.com\/wp-content\/uploads\/2022\/03\/02.-Sreshta-Rit-Premnath-Proximity-exhibition-view-150x150.jpg\" class=\"attachment-thumbnail size-thumbnail\" alt=\"\" \/><\/a>\n\t\t\t<\/div><\/figure><figure class='gallery-item'>\n\t\t\t<div class='gallery-icon landscape'>\n\t\t\t\t<a href='https:\/\/rodriguezgallery.com\/wp-content\/uploads\/2022\/03\/03.-Sreshta-Rit-Premnath-Proximity-Margin-2022-scaled.jpg'><img loading=\"lazy\" decoding=\"async\" width=\"150\" height=\"150\" src=\"https:\/\/rodriguezgallery.com\/wp-content\/uploads\/2022\/03\/03.-Sreshta-Rit-Premnath-Proximity-Margin-2022-150x150.jpg\" class=\"attachment-thumbnail size-thumbnail\" alt=\"\" \/><\/a>\n\t\t\t<\/div><\/figure><figure class='gallery-item'>\n\t\t\t<div class='gallery-icon portrait'>\n\t\t\t\t<a href='https:\/\/rodriguezgallery.com\/wp-content\/uploads\/2022\/03\/DSC07748-scaled.jpg'><img loading=\"lazy\" decoding=\"async\" width=\"150\" height=\"150\" src=\"https:\/\/rodriguezgallery.com\/wp-content\/uploads\/2022\/03\/DSC07748-150x150.jpg\" class=\"attachment-thumbnail size-thumbnail\" alt=\"\" \/><\/a>\n\t\t\t<\/div><\/figure><figure class='gallery-item'>\n\t\t\t<div class='gallery-icon landscape'>\n\t\t\t\t<a href='https:\/\/rodriguezgallery.com\/wp-content\/uploads\/2022\/03\/DSC07751-scaled.jpg'><img loading=\"lazy\" decoding=\"async\" width=\"150\" height=\"150\" src=\"https:\/\/rodriguezgallery.com\/wp-content\/uploads\/2022\/03\/DSC07751-150x150.jpg\" class=\"attachment-thumbnail size-thumbnail\" alt=\"\" \/><\/a>\n\t\t\t<\/div><\/figure><figure class='gallery-item'>\n\t\t\t<div class='gallery-icon landscape'>\n\t\t\t\t<a href='https:\/\/rodriguezgallery.com\/wp-content\/uploads\/2022\/03\/DSC07775-scaled.jpg'><img loading=\"lazy\" decoding=\"async\" width=\"150\" height=\"150\" src=\"https:\/\/rodriguezgallery.com\/wp-content\/uploads\/2022\/03\/DSC07775-150x150.jpg\" class=\"attachment-thumbnail size-thumbnail\" alt=\"\" \/><\/a>\n\t\t\t<\/div><\/figure><figure class='gallery-item'>\n\t\t\t<div class='gallery-icon landscape'>\n\t\t\t\t<a href='https:\/\/rodriguezgallery.com\/wp-content\/uploads\/2022\/03\/DSC07768-scaled.jpg'><img loading=\"lazy\" decoding=\"async\" width=\"150\" height=\"150\" src=\"https:\/\/rodriguezgallery.com\/wp-content\/uploads\/2022\/03\/DSC07768-150x150.jpg\" class=\"attachment-thumbnail size-thumbnail\" alt=\"\" \/><\/a>\n\t\t\t<\/div><\/figure><figure class='gallery-item'>\n\t\t\t<div class='gallery-icon landscape'>\n\t\t\t\t<a href='https:\/\/rodriguezgallery.com\/wp-content\/uploads\/2022\/03\/DSC07769-scaled.jpg'><img loading=\"lazy\" decoding=\"async\" width=\"150\" height=\"150\" src=\"https:\/\/rodriguezgallery.com\/wp-content\/uploads\/2022\/03\/DSC07769-150x150.jpg\" class=\"attachment-thumbnail size-thumbnail\" alt=\"\" \/><\/a>\n\t\t\t<\/div><\/figure><figure class='gallery-item'>\n\t\t\t<div class='gallery-icon landscape'>\n\t\t\t\t<a href='https:\/\/rodriguezgallery.com\/wp-content\/uploads\/2022\/03\/DSC07785-scaled.jpg'><img loading=\"lazy\" decoding=\"async\" width=\"150\" height=\"150\" src=\"https:\/\/rodriguezgallery.com\/wp-content\/uploads\/2022\/03\/DSC07785-150x150.jpg\" class=\"attachment-thumbnail size-thumbnail\" alt=\"\" \/><\/a>\n\t\t\t<\/div><\/figure><figure class='gallery-item'>\n\t\t\t<div class='gallery-icon portrait'>\n\t\t\t\t<a href='https:\/\/rodriguezgallery.com\/wp-content\/uploads\/2022\/03\/DSC07770-scaled.jpg'><img loading=\"lazy\" decoding=\"async\" width=\"150\" height=\"150\" src=\"https:\/\/rodriguezgallery.com\/wp-content\/uploads\/2022\/03\/DSC07770-150x150.jpg\" class=\"attachment-thumbnail size-thumbnail\" alt=\"\" \/><\/a>\n\t\t\t<\/div><\/figure><figure class='gallery-item'>\n\t\t\t<div class='gallery-icon portrait'>\n\t\t\t\t<a href='https:\/\/rodriguezgallery.com\/wp-content\/uploads\/2022\/03\/DSC07771-scaled.jpg'><img loading=\"lazy\" decoding=\"async\" width=\"150\" height=\"150\" src=\"https:\/\/rodriguezgallery.com\/wp-content\/uploads\/2022\/03\/DSC07771-150x150.jpg\" class=\"attachment-thumbnail size-thumbnail\" alt=\"\" \/><\/a>\n\t\t\t<\/div><\/figure>\n\t\t<\/div>\n<\/p>\n<\/div><\/div><\/div><\/div><\/div>","protected":false},"excerpt":{"rendered":"<p>Sreshta Rit Premnath Proximity 18.03 &#8211; 20.04.2022 W ramach swojej drugiej wystawy w Rodriguez Gallery, Sreshta Rit Premnath kontynuuje rozwa\u017cania na temat delikatnego i nie\u015bmia\u0142ego upominania si\u0119 o przestrze\u0144 przez <a class=\"moretag\" href=\"https:\/\/rodriguezgallery.com\/pl\/sreshta-rit-premnath-proximity\/\">Read More &#8230;<\/a><\/p>\n","protected":false},"author":1,"featured_media":0,"parent":0,"menu_order":0,"comment_status":"closed","ping_status":"closed","template":"full-width-page.php","meta":{"footnotes":""},"class_list":["post-6259","page","type-page","status-publish","hentry"],"_links":{"self":[{"href":"https:\/\/rodriguezgallery.com\/pl\/wp-json\/wp\/v2\/pages\/6259","targetHints":{"allow":["GET"]}}],"collection":[{"href":"https:\/\/rodriguezgallery.com\/pl\/wp-json\/wp\/v2\/pages"}],"about":[{"href":"https:\/\/rodriguezgallery.com\/pl\/wp-json\/wp\/v2\/types\/page"}],"author":[{"embeddable":true,"href":"https:\/\/rodriguezgallery.com\/pl\/wp-json\/wp\/v2\/users\/1"}],"replies":[{"embeddable":true,"href":"https:\/\/rodriguezgallery.com\/pl\/wp-json\/wp\/v2\/comments?post=6259"}],"version-history":[{"count":1,"href":"https:\/\/rodriguezgallery.com\/pl\/wp-json\/wp\/v2\/pages\/6259\/revisions"}],"predecessor-version":[{"id":6280,"href":"https:\/\/rodriguezgallery.com\/pl\/wp-json\/wp\/v2\/pages\/6259\/revisions\/6280"}],"wp:attachment":[{"href":"https:\/\/rodriguezgallery.com\/pl\/wp-json\/wp\/v2\/media?parent=6259"}],"curies":[{"name":"wp","href":"https:\/\/api.w.org\/{rel}","templated":true}]}}