{"id":6336,"date":"2022-07-18T13:46:59","date_gmt":"2022-07-18T11:46:59","guid":{"rendered":"https:\/\/rodriguezgallery.com\/?page_id=6336"},"modified":"2022-07-28T19:24:37","modified_gmt":"2022-07-28T17:24:37","slug":"max-radawski-golden-splinter","status":"publish","type":"page","link":"https:\/\/rodriguezgallery.com\/pl\/max-radawski-golden-splinter\/","title":{"rendered":"(English) Max Radawski  &#8211; Golden Splinter"},"content":{"rendered":"<div id=\"pl-6336\"  class=\"panel-layout\" ><div id=\"pg-6336-0\"  class=\"panel-grid panel-no-style\" ><div id=\"pgc-6336-0-0\"  class=\"panel-grid-cell\" ><div id=\"panel-6336-0-0-0\" class=\"so-panel widget widget_black-studio-tinymce widget_black_studio_tinymce panel-first-child panel-last-child\" data-index=\"0\" ><div class=\"textwidget\"><h6><span class=\"\" style=\"display:block;clear:both;height: 0px;padding-top: 20px;border-top-width:0px;border-bottom-width:0px;\"><\/span><br \/>\n<strong>Max Radawski<\/strong><br \/>\n<em>Z\u0142ota zadra<\/em><\/h6>\n<h6><em>Przez Ciebie nie prze\u017cyj\u0119 ju\u017c nigdy pierwszej mi\u0142o\u015bci. I dobrze, bo do dzi\u015b nie by\u0142em na ni\u0105 gotowy. Pami\u0119tam jak nasze p\u0119pki dotkn\u0119\u0142y si\u0119 swoj\u0105 pustk\u0105. Poczu\u0142em w Tobie powietrze i zrozumia\u0142em, \u017ce nie mo\u017cna by\u0107 bli\u017cej kogo\u015b. Na chwil\u0119 nasze sk\u00f3ry spoi\u0142y si\u0119 potem. P\u0119cznieli\u015bmy jak dwa balony. Ci\u0105gle przypominam sobie Twoje ostatnie nie\u015bmia\u0142e spojrzenie i nieudan\u0105 pr\u00f3b\u0119 u\u015bmiechu. Ten wyraz twarzy pokona\u0142 we mnie ca\u0142\u0105 moj\u0105 pewno\u015b\u0107. Zda\u0142em sobie spraw\u0119, \u017ce nie umiem si\u0119 z Tob\u0105 po\u017cegna\u0107, dlatego wybieg\u0142em do kuchni. Nie umia\u0142em by\u0107 w Twojej obecno\u015bci, kiedy wiedzia\u0142am, \u017ce nie jestem ju\u017c z Tob\u0105. Ze smutkiem utraty nie mo\u017cna prowadzi\u0107 negocjacji. Dowiedzia\u0142em si\u0119, \u017ce wysz\u0142o Ci to na dobre. Cieszy\u0142em si\u0119 i smuci\u0142em na przemian, z tego samego powodu. Bo by\u0142o Ci dobrze beze mnie. O ma\u0142y w\u0142os, pozosta\u0142bym przy Tobie na zawsze.<\/em><\/h6>\n<h6>Mosi\u0119\u017cny odlew, powsta\u0142 z po\u0142\u0105czenia setek zdj\u0119\u0107 mikroskopowych mojego w\u0142osa i mojej przesz\u0142ej mi\u0142o\u015bci.<\/h6>\n<h6>Tekst zosta\u0142 usypany z py\u0142u kwarcowego o wadze serca doros\u0142ego cz\u0142owieka.<\/h6>\n<h6>Pod\u015bwietlaj\u0105c szyb\u0119 witryny zobaczysz ostatnie s\u0142owa, w pe\u0142ni wyrazu.<br \/>\nRoz\u015bwietl je w nocy, gdy b\u0119dziesz blisko.<em><\/em><\/h6>\n<h6>Projekt dofinansowany z bud\u017cetu Miasta Poznania<\/h6>\n<h6><\/h6>\n<\/div><\/div><\/div><div id=\"pgc-6336-0-1\"  class=\"panel-grid-cell\" ><div id=\"panel-6336-0-1-0\" class=\"so-panel widget widget_black-studio-tinymce widget_black_studio_tinymce panel-first-child panel-last-child\" data-index=\"1\" ><div class=\"textwidget\"><p><span class=\"\" style=\"display:block;clear:both;height: 0px;padding-top: 20px;border-top-width:0px;border-bottom-width:0px;\"><\/span><\/p>\n<p><div id='gallery-1' class='gallery galleryid-6336 gallery-columns-4 gallery-size-thumbnail'><figure class='gallery-item'>\n\t\t\t<div class='gallery-icon landscape'>\n\t\t\t\t<a href='https:\/\/rodriguezgallery.com\/wp-content\/uploads\/2022\/07\/DSC05027d-scaled.jpg'><img loading=\"lazy\" decoding=\"async\" width=\"150\" height=\"150\" src=\"https:\/\/rodriguezgallery.com\/wp-content\/uploads\/2022\/07\/DSC05027d-150x150.jpg\" class=\"attachment-thumbnail size-thumbnail\" alt=\"\" \/><\/a>\n\t\t\t<\/div><\/figure><figure class='gallery-item'>\n\t\t\t<div class='gallery-icon landscape'>\n\t\t\t\t<a href='https:\/\/rodriguezgallery.com\/wp-content\/uploads\/2022\/07\/DSC05091d-scaled.jpg'><img loading=\"lazy\" decoding=\"async\" width=\"150\" height=\"150\" src=\"https:\/\/rodriguezgallery.com\/wp-content\/uploads\/2022\/07\/DSC05091d-150x150.jpg\" class=\"attachment-thumbnail size-thumbnail\" alt=\"\" \/><\/a>\n\t\t\t<\/div><\/figure><figure class='gallery-item'>\n\t\t\t<div class='gallery-icon landscape'>\n\t\t\t\t<a href='https:\/\/rodriguezgallery.com\/wp-content\/uploads\/2022\/07\/DSC05140d-scaled.jpg'><img loading=\"lazy\" decoding=\"async\" width=\"150\" height=\"150\" src=\"https:\/\/rodriguezgallery.com\/wp-content\/uploads\/2022\/07\/DSC05140d-150x150.jpg\" class=\"attachment-thumbnail size-thumbnail\" alt=\"\" \/><\/a>\n\t\t\t<\/div><\/figure><figure class='gallery-item'>\n\t\t\t<div class='gallery-icon landscape'>\n\t\t\t\t<a href='https:\/\/rodriguezgallery.com\/wp-content\/uploads\/2022\/07\/DSC04970c-scaled.jpg'><img loading=\"lazy\" decoding=\"async\" width=\"150\" height=\"150\" src=\"https:\/\/rodriguezgallery.com\/wp-content\/uploads\/2022\/07\/DSC04970c-150x150.jpg\" class=\"attachment-thumbnail size-thumbnail\" alt=\"\" \/><\/a>\n\t\t\t<\/div><\/figure><figure class='gallery-item'>\n\t\t\t<div class='gallery-icon landscape'>\n\t\t\t\t<a href='https:\/\/rodriguezgallery.com\/wp-content\/uploads\/2022\/07\/DSC04973d-scaled.jpg'><img loading=\"lazy\" decoding=\"async\" width=\"150\" height=\"150\" src=\"https:\/\/rodriguezgallery.com\/wp-content\/uploads\/2022\/07\/DSC04973d-150x150.jpg\" class=\"attachment-thumbnail size-thumbnail\" alt=\"\" \/><\/a>\n\t\t\t<\/div><\/figure><figure class='gallery-item'>\n\t\t\t<div class='gallery-icon landscape'>\n\t\t\t\t<a href='https:\/\/rodriguezgallery.com\/wp-content\/uploads\/2022\/07\/DSC05033d-scaled.jpg'><img loading=\"lazy\" decoding=\"async\" width=\"150\" height=\"150\" src=\"https:\/\/rodriguezgallery.com\/wp-content\/uploads\/2022\/07\/DSC05033d-150x150.jpg\" class=\"attachment-thumbnail size-thumbnail\" alt=\"\" \/><\/a>\n\t\t\t<\/div><\/figure><figure class='gallery-item'>\n\t\t\t<div class='gallery-icon landscape'>\n\t\t\t\t<a href='https:\/\/rodriguezgallery.com\/wp-content\/uploads\/2022\/07\/DSC05035f-scaled.jpg'><img loading=\"lazy\" decoding=\"async\" width=\"150\" height=\"150\" src=\"https:\/\/rodriguezgallery.com\/wp-content\/uploads\/2022\/07\/DSC05035f-150x150.jpg\" class=\"attachment-thumbnail size-thumbnail\" alt=\"\" \/><\/a>\n\t\t\t<\/div><\/figure><figure class='gallery-item'>\n\t\t\t<div class='gallery-icon landscape'>\n\t\t\t\t<a href='https:\/\/rodriguezgallery.com\/wp-content\/uploads\/2022\/07\/DSC05069d-scaled.jpg'><img loading=\"lazy\" decoding=\"async\" width=\"150\" height=\"150\" src=\"https:\/\/rodriguezgallery.com\/wp-content\/uploads\/2022\/07\/DSC05069d-150x150.jpg\" class=\"attachment-thumbnail size-thumbnail\" alt=\"\" \/><\/a>\n\t\t\t<\/div><\/figure><figure class='gallery-item'>\n\t\t\t<div class='gallery-icon landscape'>\n\t\t\t\t<a href='https:\/\/rodriguezgallery.com\/wp-content\/uploads\/2022\/07\/DSC05059d-scaled.jpg'><img loading=\"lazy\" decoding=\"async\" width=\"150\" height=\"150\" src=\"https:\/\/rodriguezgallery.com\/wp-content\/uploads\/2022\/07\/DSC05059d-150x150.jpg\" class=\"attachment-thumbnail size-thumbnail\" alt=\"\" \/><\/a>\n\t\t\t<\/div><\/figure><figure class='gallery-item'>\n\t\t\t<div class='gallery-icon landscape'>\n\t\t\t\t<a href='https:\/\/rodriguezgallery.com\/wp-content\/uploads\/2022\/07\/DSC05147d-scaled.jpg'><img loading=\"lazy\" decoding=\"async\" width=\"150\" height=\"150\" src=\"https:\/\/rodriguezgallery.com\/wp-content\/uploads\/2022\/07\/DSC05147d-150x150.jpg\" class=\"attachment-thumbnail size-thumbnail\" alt=\"\" \/><\/a>\n\t\t\t<\/div><\/figure><figure class='gallery-item'>\n\t\t\t<div class='gallery-icon portrait'>\n\t\t\t\t<a href='https:\/\/rodriguezgallery.com\/wp-content\/uploads\/2022\/07\/IMG_9612-scaled.jpg'><img loading=\"lazy\" decoding=\"async\" width=\"150\" height=\"150\" src=\"https:\/\/rodriguezgallery.com\/wp-content\/uploads\/2022\/07\/IMG_9612-150x150.jpg\" class=\"attachment-thumbnail size-thumbnail\" alt=\"\" \/><\/a>\n\t\t\t<\/div><\/figure><figure class='gallery-item'>\n\t\t\t<div class='gallery-icon landscape'>\n\t\t\t\t<a href='https:\/\/rodriguezgallery.com\/wp-content\/uploads\/2022\/07\/IMG_9604-scaled.jpg'><img loading=\"lazy\" decoding=\"async\" width=\"150\" height=\"150\" src=\"https:\/\/rodriguezgallery.com\/wp-content\/uploads\/2022\/07\/IMG_9604-150x150.jpg\" class=\"attachment-thumbnail size-thumbnail\" alt=\"\" \/><\/a>\n\t\t\t<\/div><\/figure>\n\t\t<\/div>\n<\/p>\n<\/div><\/div><\/div><\/div><\/div>","protected":false},"excerpt":{"rendered":"<p>Max Radawski Z\u0142ota zadra Przez Ciebie nie prze\u017cyj\u0119 ju\u017c nigdy pierwszej mi\u0142o\u015bci. I dobrze, bo do dzi\u015b nie by\u0142em na ni\u0105 gotowy. Pami\u0119tam jak nasze p\u0119pki dotkn\u0119\u0142y si\u0119 swoj\u0105 pustk\u0105. <a class=\"moretag\" href=\"https:\/\/rodriguezgallery.com\/pl\/max-radawski-golden-splinter\/\">Read More &#8230;<\/a><\/p>\n","protected":false},"author":1,"featured_media":0,"parent":0,"menu_order":0,"comment_status":"closed","ping_status":"closed","template":"full-width-page.php","meta":{"footnotes":""},"class_list":["post-6336","page","type-page","status-publish","hentry"],"_links":{"self":[{"href":"https:\/\/rodriguezgallery.com\/pl\/wp-json\/wp\/v2\/pages\/6336","targetHints":{"allow":["GET"]}}],"collection":[{"href":"https:\/\/rodriguezgallery.com\/pl\/wp-json\/wp\/v2\/pages"}],"about":[{"href":"https:\/\/rodriguezgallery.com\/pl\/wp-json\/wp\/v2\/types\/page"}],"author":[{"embeddable":true,"href":"https:\/\/rodriguezgallery.com\/pl\/wp-json\/wp\/v2\/users\/1"}],"replies":[{"embeddable":true,"href":"https:\/\/rodriguezgallery.com\/pl\/wp-json\/wp\/v2\/comments?post=6336"}],"version-history":[{"count":1,"href":"https:\/\/rodriguezgallery.com\/pl\/wp-json\/wp\/v2\/pages\/6336\/revisions"}],"predecessor-version":[{"id":6359,"href":"https:\/\/rodriguezgallery.com\/pl\/wp-json\/wp\/v2\/pages\/6336\/revisions\/6359"}],"wp:attachment":[{"href":"https:\/\/rodriguezgallery.com\/pl\/wp-json\/wp\/v2\/media?parent=6336"}],"curies":[{"name":"wp","href":"https:\/\/api.w.org\/{rel}","templated":true}]}}