{"id":6388,"date":"2022-09-01T21:39:35","date_gmt":"2022-09-01T19:39:35","guid":{"rendered":"https:\/\/rodriguezgallery.com\/?page_id=6388"},"modified":"2022-09-01T21:39:35","modified_gmt":"2022-09-01T19:39:35","slug":"wild-culture-madrid","status":"publish","type":"page","link":"https:\/\/rodriguezgallery.com\/pl\/wild-culture-madrid\/","title":{"rendered":"(English) Wild Culture &#8211; Madrid"},"content":{"rendered":"<div id=\"pl-6388\"  class=\"panel-layout\" ><div id=\"pg-6388-0\"  class=\"panel-grid panel-no-style\" ><div id=\"pgc-6388-0-0\"  class=\"panel-grid-cell\" ><div id=\"panel-6388-0-0-0\" class=\"so-panel widget widget_black-studio-tinymce widget_black_studio_tinymce panel-first-child panel-last-child\" data-index=\"0\" ><div class=\"textwidget\"><h6><em><strong>Wild Culture<br \/>\n<\/strong><\/em>Dalila Gon\u00e7alves | Michal Martychowiec | Cristina Mej\u00edas | Micha\u0142 Smandek<br \/>\n27.05 - 23.06.2022<\/h6>\n<h6>Doctor Fourquet 10, Madrid<\/h6>\n<\/div><\/div><\/div><div id=\"pgc-6388-0-1\"  class=\"panel-grid-cell\" ><div id=\"panel-6388-0-1-0\" class=\"so-panel widget widget_black-studio-tinymce widget_black_studio_tinymce panel-first-child panel-last-child\" data-index=\"1\" ><div class=\"textwidget\"><\/div><\/div><\/div><\/div><\/div>","protected":false},"excerpt":{"rendered":"<p>Wild Culture Dalila Gon\u00e7alves | Michal Martychowiec | Cristina Mej\u00edas | Micha\u0142 Smandek 27.05 &#8211; 23.06.2022 Doctor Fourquet 10, Madrid<\/p>\n","protected":false},"author":1,"featured_media":0,"parent":0,"menu_order":0,"comment_status":"closed","ping_status":"closed","template":"full-width-page.php","meta":{"footnotes":""},"class_list":["post-6388","page","type-page","status-publish","hentry"],"_links":{"self":[{"href":"https:\/\/rodriguezgallery.com\/pl\/wp-json\/wp\/v2\/pages\/6388","targetHints":{"allow":["GET"]}}],"collection":[{"href":"https:\/\/rodriguezgallery.com\/pl\/wp-json\/wp\/v2\/pages"}],"about":[{"href":"https:\/\/rodriguezgallery.com\/pl\/wp-json\/wp\/v2\/types\/page"}],"author":[{"embeddable":true,"href":"https:\/\/rodriguezgallery.com\/pl\/wp-json\/wp\/v2\/users\/1"}],"replies":[{"embeddable":true,"href":"https:\/\/rodriguezgallery.com\/pl\/wp-json\/wp\/v2\/comments?post=6388"}],"version-history":[{"count":1,"href":"https:\/\/rodriguezgallery.com\/pl\/wp-json\/wp\/v2\/pages\/6388\/revisions"}],"predecessor-version":[{"id":6389,"href":"https:\/\/rodriguezgallery.com\/pl\/wp-json\/wp\/v2\/pages\/6388\/revisions\/6389"}],"wp:attachment":[{"href":"https:\/\/rodriguezgallery.com\/pl\/wp-json\/wp\/v2\/media?parent=6388"}],"curies":[{"name":"wp","href":"https:\/\/api.w.org\/{rel}","templated":true}]}}