{"id":6428,"date":"2022-10-14T13:13:57","date_gmt":"2022-10-14T11:13:57","guid":{"rendered":"https:\/\/rodriguezgallery.com\/?page_id=6428"},"modified":"2022-10-14T13:42:00","modified_gmt":"2022-10-14T11:42:00","slug":"wgw-2022","status":"publish","type":"page","link":"https:\/\/rodriguezgallery.com\/pl\/wgw-2022\/","title":{"rendered":"(English) WGW 2022"},"content":{"rendered":"<div id=\"pl-6428\"  class=\"panel-layout\" ><div id=\"pg-6428-0\"  class=\"panel-grid panel-no-style\" ><div id=\"pgc-6428-0-0\"  class=\"panel-grid-cell\" ><div id=\"panel-6428-0-0-0\" class=\"so-panel widget widget_black-studio-tinymce widget_black_studio_tinymce panel-first-child panel-last-child\" data-index=\"0\" ><div class=\"textwidget\"><h6><span class=\"\" style=\"display:block;clear:both;height: 0px;padding-top: 20px;border-top-width:0px;border-bottom-width:0px;\"><\/span><br \/>\n<strong>Marlena Kudlicka<\/strong><br \/>\nCUSTOM STORAGE<br \/>\n29.09 - 2.10.2022<\/h6>\n<h6>Al. Jerozolimskie 51\/2<\/h6>\n<h6 style=\"font-weight: 400;\">Trzy lata temu, kiedy Marlena Kudlicka stworzy\u0142a w Parku Rze\u017aby Centrum Rze\u017aby Polskiej w Oro\u0144sku prac\u0119 <em>velvet mind marble thoughts<\/em> (2019) pisa\u0142am, \u017ce przyczyn\u0105 jej sztuki jest j\u0119zyk i pismo. Ju\u017c same s\u0142owne tytu\u0142u dzie\u0142 artystka traktuje jako \u201ej\u0119zykow\u0105 rze\u017ab\u0105\u201d. Staj\u0105 si\u0119 one generatywn\u0105 matryc\u0105 dla materialnych obiekt\u00f3w. W tytule cyklu <em>Apostrof Katastrof i Imies\u0142\u00f3w<\/em> (2020), zaciekawia nadobecno\u015b\u0107 litery \u201ef\u201d. F\u201d wielokrotnie wyst\u0119puje w\u00a0 tw\u00f3rczo\u015bci \u00a0Kudlickiej jako\u00a0 symbol formu\u0142y, przepisu na rze\u017ab\u0119. W r\u00f3wnaniu <em>f=different<\/em>\u00a0 (2016) zawarta jest tak\u017ce refleksja artystki na temat nieuniknionej r\u00f3\u017cnicy pomi\u0119dzy zamys\u0142em artystycznym i jego materialn\u0105 realizacj\u0105. Artystka \u00a0jest autork\u0105 precyzyjnych rze\u017ab, wykonywanych\u00a0 wed\u0142ug jej projekt\u00f3w w warsztatach \u015blusarskich i lakierniczych. Ich produkcja polega na zmaganiu si\u0119 z utrzymaniem pion\u00f3w i poziom\u00f3w, grubo\u015bci\u0105 spaw\u00f3w i farby, kszta\u0142tem imbus\u00f3w i \u0142\u0105cze\u0144.\u00a0 To do\u015bwiadczenie podlega artystycznemu wykorzystaniu w kola\u017cach i reliefach analizuj\u0105cych wp\u0142yw r\u00f3\u017cnych czynnik\u00f3w na zakres precyzji wykonania. Chodzi o tak nieuchwytne przyczyny b\u0142\u0119d\u00f3w, jak ograniczenia w kalibracji urz\u0105dze\u0144 pomiarowych, czy wp\u0142yw grawitacji na zakrzywianie linii.\u00a0\u00a0 \u00a0Przy tym Kudlicka przenosi\u00a0 w semantycznie niesprecyzowany \u015bwiat sztuki znaki takich \u015bci\u015ble uregulowanych dziedzin,\u00a0 jak typografia, rysunek techniczny, systemy obliczeniowe i pomiarowe czy\u00a0 ergonomika pracy. Zarazem jej in\u017cynieria jest cielesna i poetycka, zar\u00f3wno wtedy gdy zestawia \u201eaksamitny umys\u0142 z marmurowymi my\u015blami\u201d, jaki wtedy, gdy tworzy \u201eczu\u0142e argumenty\u201d (<em>tender arguments<\/em>, 2022),\u00a0 a mo\u017ce\u00a0 te\u017c przecie\u017c\u00a0 chodzi\u0107 o \u201eczu\u0142y\u201d matematyczny dow\u00f3d, gdy we\u017amiemy pod uwag\u0119 wieloznaczno\u015b\u0107 angielskiego s\u0142owa \u201eargument\u201d. Z tej poetyckiej formu\u0142y powstaje oryginalny, rze\u017abiarski kszta\u0142t jej sztuki - elegancki, precyzyjny i konstruktywistyczny, a zarazem rysunkowy i przestrzenny. \u00a0<\/h6>\n<h6 style=\"font-weight: 400;\">Dorota Monkiewicz<\/h6>\n<h6>Projekt dofinansowany z bud\u017cetu Miasta Poznania<\/h6>\n<\/div><\/div><\/div><div id=\"pgc-6428-0-1\"  class=\"panel-grid-cell\" ><div id=\"panel-6428-0-1-0\" class=\"so-panel widget widget_black-studio-tinymce widget_black_studio_tinymce panel-first-child panel-last-child\" data-index=\"1\" ><div class=\"textwidget\"><p><span class=\"\" style=\"display:block;clear:both;height: 0px;padding-top: 20px;border-top-width:0px;border-bottom-width:0px;\"><\/span><\/p>\n<p><div id='gallery-1' class='gallery galleryid-6428 gallery-columns-3 gallery-size-thumbnail'><figure class='gallery-item'>\n\t\t\t<div class='gallery-icon portrait'>\n\t\t\t\t<a href='https:\/\/rodriguezgallery.com\/wp-content\/uploads\/2022\/10\/RODRIGUEZ_WGW_22_M_KUDLICKAsmall-18.jpg'><img loading=\"lazy\" decoding=\"async\" width=\"150\" height=\"150\" src=\"https:\/\/rodriguezgallery.com\/wp-content\/uploads\/2022\/10\/RODRIGUEZ_WGW_22_M_KUDLICKAsmall-18-150x150.jpg\" class=\"attachment-thumbnail size-thumbnail\" alt=\"\" \/><\/a>\n\t\t\t<\/div><\/figure><figure class='gallery-item'>\n\t\t\t<div class='gallery-icon landscape'>\n\t\t\t\t<a href='https:\/\/rodriguezgallery.com\/wp-content\/uploads\/2022\/10\/RODRIGUEZ_WGW_22_M_KUDLICKAsmall-2.jpg'><img loading=\"lazy\" decoding=\"async\" width=\"150\" height=\"150\" src=\"https:\/\/rodriguezgallery.com\/wp-content\/uploads\/2022\/10\/RODRIGUEZ_WGW_22_M_KUDLICKAsmall-2-150x150.jpg\" class=\"attachment-thumbnail size-thumbnail\" alt=\"\" \/><\/a>\n\t\t\t<\/div><\/figure><figure class='gallery-item'>\n\t\t\t<div class='gallery-icon landscape'>\n\t\t\t\t<a href='https:\/\/rodriguezgallery.com\/wp-content\/uploads\/2022\/10\/RODRIGUEZ_WGW_22_M_KUDLICKAsmall-3.jpg'><img loading=\"lazy\" decoding=\"async\" width=\"150\" height=\"150\" src=\"https:\/\/rodriguezgallery.com\/wp-content\/uploads\/2022\/10\/RODRIGUEZ_WGW_22_M_KUDLICKAsmall-3-150x150.jpg\" class=\"attachment-thumbnail size-thumbnail\" alt=\"\" \/><\/a>\n\t\t\t<\/div><\/figure><figure class='gallery-item'>\n\t\t\t<div class='gallery-icon landscape'>\n\t\t\t\t<a href='https:\/\/rodriguezgallery.com\/wp-content\/uploads\/2022\/10\/RODRIGUEZ_WGW_22_M_KUDLICKAsmall-20.jpg'><img loading=\"lazy\" decoding=\"async\" width=\"150\" height=\"150\" src=\"https:\/\/rodriguezgallery.com\/wp-content\/uploads\/2022\/10\/RODRIGUEZ_WGW_22_M_KUDLICKAsmall-20-150x150.jpg\" class=\"attachment-thumbnail size-thumbnail\" alt=\"\" \/><\/a>\n\t\t\t<\/div><\/figure><figure class='gallery-item'>\n\t\t\t<div class='gallery-icon portrait'>\n\t\t\t\t<a href='https:\/\/rodriguezgallery.com\/wp-content\/uploads\/2022\/10\/RODRIGUEZ_WGW_22_M_KUDLICKAsmall-8.jpg'><img loading=\"lazy\" decoding=\"async\" width=\"150\" height=\"150\" src=\"https:\/\/rodriguezgallery.com\/wp-content\/uploads\/2022\/10\/RODRIGUEZ_WGW_22_M_KUDLICKAsmall-8-150x150.jpg\" class=\"attachment-thumbnail size-thumbnail\" alt=\"\" \/><\/a>\n\t\t\t<\/div><\/figure><figure class='gallery-item'>\n\t\t\t<div class='gallery-icon landscape'>\n\t\t\t\t<a href='https:\/\/rodriguezgallery.com\/wp-content\/uploads\/2022\/10\/RODRIGUEZ_WGW_22_M_KUDLICKAsmall-9.jpg'><img loading=\"lazy\" decoding=\"async\" width=\"150\" height=\"150\" src=\"https:\/\/rodriguezgallery.com\/wp-content\/uploads\/2022\/10\/RODRIGUEZ_WGW_22_M_KUDLICKAsmall-9-150x150.jpg\" class=\"attachment-thumbnail size-thumbnail\" alt=\"\" \/><\/a>\n\t\t\t<\/div><\/figure>\n\t\t<\/div>\n<\/p>\n<\/div><\/div><\/div><\/div><\/div>","protected":false},"excerpt":{"rendered":"<p>Marlena Kudlicka CUSTOM STORAGE 29.09 &#8211; 2.10.2022 Al. Jerozolimskie 51\/2 Trzy lata temu, kiedy Marlena Kudlicka stworzy\u0142a w Parku Rze\u017aby Centrum Rze\u017aby Polskiej w Oro\u0144sku prac\u0119 velvet mind marble thoughts <a class=\"moretag\" href=\"https:\/\/rodriguezgallery.com\/pl\/wgw-2022\/\">Read More &#8230;<\/a><\/p>\n","protected":false},"author":1,"featured_media":0,"parent":0,"menu_order":0,"comment_status":"closed","ping_status":"closed","template":"full-width-page.php","meta":{"footnotes":""},"class_list":["post-6428","page","type-page","status-publish","hentry"],"_links":{"self":[{"href":"https:\/\/rodriguezgallery.com\/pl\/wp-json\/wp\/v2\/pages\/6428","targetHints":{"allow":["GET"]}}],"collection":[{"href":"https:\/\/rodriguezgallery.com\/pl\/wp-json\/wp\/v2\/pages"}],"about":[{"href":"https:\/\/rodriguezgallery.com\/pl\/wp-json\/wp\/v2\/types\/page"}],"author":[{"embeddable":true,"href":"https:\/\/rodriguezgallery.com\/pl\/wp-json\/wp\/v2\/users\/1"}],"replies":[{"embeddable":true,"href":"https:\/\/rodriguezgallery.com\/pl\/wp-json\/wp\/v2\/comments?post=6428"}],"version-history":[{"count":1,"href":"https:\/\/rodriguezgallery.com\/pl\/wp-json\/wp\/v2\/pages\/6428\/revisions"}],"predecessor-version":[{"id":6440,"href":"https:\/\/rodriguezgallery.com\/pl\/wp-json\/wp\/v2\/pages\/6428\/revisions\/6440"}],"wp:attachment":[{"href":"https:\/\/rodriguezgallery.com\/pl\/wp-json\/wp\/v2\/media?parent=6428"}],"curies":[{"name":"wp","href":"https:\/\/api.w.org\/{rel}","templated":true}]}}