{"id":65,"date":"2015-06-30T18:18:15","date_gmt":"2015-06-30T18:18:15","guid":{"rendered":"http:\/\/rodriguezgallery.com\/?page_id=65"},"modified":"2026-04-13T16:08:22","modified_gmt":"2026-04-13T14:08:22","slug":"about","status":"publish","type":"page","link":"https:\/\/rodriguezgallery.com\/pl\/about\/","title":{"rendered":"O Nas"},"content":{"rendered":"<div id=\"pl-65\"  class=\"panel-layout\" ><div id=\"pg-65-0\"  class=\"panel-grid panel-no-style\" ><div id=\"pgc-65-0-0\"  class=\"panel-grid-cell\" ><div id=\"panel-65-0-0-0\" class=\"so-panel widget widget_black-studio-tinymce widget_black_studio_tinymce panel-first-child panel-last-child\" data-index=\"0\" ><div class=\"textwidget\"><p><span class=\"\" style=\"display:block;clear:both;height: 0px;padding-top: 20px;border-top-width:0px;border-bottom-width:0px;\"><\/span><\/p>\n<h6 style=\"text-align: justify; font-weight: normal;\">Fundacja Rodriguez koncentruje si\u0119 na budowaniu otwartej, dost\u0119pnej i zaanga\u017cowanej przestrzeni dla sztuki wsp\u00f3\u0142czesnej.<\/h6>\n<h6 style=\"text-align: justify; font-weight: normal;\">W centrum naszych dzia\u0142a\u0144 znajduje si\u0119 program wystawienniczy, skoncentrowany na sztuce czerpi\u0105cej z tradycji konceptualizmu i minimalizmu \u2013 sztuce pe\u0142nej znacze\u0144, operuj\u0105cej oszcz\u0119dnymi \u015brodkami wyrazu i \u015bwiadomie wchodz\u0105cej w dialog z przestrzeni\u0105. Interesuj\u0105 nas projekty podejmuj\u0105ce istotne problemy wsp\u00f3\u0142czesno\u015bci, stawiaj\u0105ce trudne pytania oraz wra\u017cliwe na zmieniaj\u0105cy si\u0119 kontekst kulturowy i napi\u0119cia spo\u0142eczne.<\/h6>\n<h6 style=\"text-align: justify; font-weight: normal;\">W programie prezentujemy zar\u00f3wno m\u0142ode osoby tw\u00f3rcze, jak i uznanych artyst\u00f3w i artystki z Polski oraz zagranicy. Nasze dzia\u0142ania sytuuj\u0105 si\u0119 na styku lokalno\u015bci i mi\u0119dzynarodowej wymiany artystycznej, tworz\u0105c przestrze\u0144 dialogu mi\u0119dzy r\u00f3\u017cnymi do\u015bwiadczeniami i perspektywami.<\/h6>\n<h6 style=\"text-align: justify; font-weight: normal;\">R\u00f3wnolegle rozwijamy dzia\u0142alno\u015b\u0107 edukacyjn\u0105 i integruj\u0105c\u0105, kierowan\u0105 do zr\u00f3\u017cnicowanych grup odbiorc\u00f3w i odbiorczy\u0144. Naszym celem jest prze\u0142amywanie barier w odbiorze sztuki wsp\u00f3\u0142czesnej oraz rozwijanie wra\u017cliwo\u015bci na nowe formy wizualnego przekazu. Tworzymy miejsce dost\u0119pne dla os\u00f3b o r\u00f3\u017cnym poziomie kompetencji, poszukuj\u0105c nowych form komunikacji mi\u0119dzy sztuk\u0105 a publiczno\u015bci\u0105 \u2013 poprzez oprowadzania, wsp\u00f3lne spacery po galeriach oraz festiwal otwartych pracowni.<\/h6>\n<h6 style=\"text-align: justify; font-weight: normal;\">Istotn\u0105 cz\u0119\u015bci\u0105 naszego programu jest tak\u017ce praca ze \u015brodowiskiem artystycznym. Wspieramy osoby tw\u00f3rcze, oferuj\u0105c r\u00f3\u017cnorodne formy rozwoju i wsp\u00f3\u0142pracy, takie jak warsztaty, spotkania sieciuj\u0105ce, rozmowy z przedstawicielami \u015bwiata sztuki, indywidulane konsultacje, przegl\u0105dy portfolio oraz program edukacyjny - Pracownia Kuratorstwa.<\/h6>\n<h6 style=\"text-align: justify; font-weight: normal;\">Szczeg\u00f3lne miejsce w naszych dzia\u0142aniach zajmuj\u0105 projekty skierowane do dzieci, w tym warsztaty \u201ePierwsze spotkanie ze sztuk\u0105 wsp\u00f3\u0142czesn\u0105\u201d, kt\u00f3re wprowadzaj\u0105 najm\u0142odszych odbiorc\u00f3w w \u015bwiat sztuki wsp\u00f3\u0142czesnej.<\/h6>\n<h6 style=\"text-align: justify; font-weight: normal;\">Nasze dzia\u0142ania s\u0105 mo\u017cliwe dzi\u0119ki dofinansowaniu:<br \/>z bud\u017cetu Miasta Poznania<br \/>ze \u015brodk\u00f3w Samorz\u0105du Wojew\u00f3dztwa Wielkopolskiego<br \/>ze \u015brodk\u00f3w Ministra Kultury i Dziedzictwa Narodowego.<\/h6>\n<\/div><\/div><\/div><div id=\"pgc-65-0-1\"  class=\"panel-grid-cell\" ><div id=\"panel-65-0-1-0\" class=\"so-panel widget widget_black-studio-tinymce widget_black_studio_tinymce panel-first-child panel-last-child\" data-index=\"1\" ><div class=\"textwidget\"><h6><\/h6>\n<h6><a href=\"https:\/\/rodriguezgallery.com\/wp-content\/uploads\/2015\/06\/gallery-under_construction_Stock_Image.jpg\"><br \/>\n<\/a><img loading=\"lazy\" decoding=\"async\" class=\"aligncenter wp-image-5419 size-large\" src=\"https:\/\/rodriguezgallery.com\/wp-content\/uploads\/2019\/11\/dokumentacja_dalila_goncalves_ma\u0142e_06-1024x684.jpg\" alt=\"\" width=\"700\" height=\"468\" srcset=\"https:\/\/rodriguezgallery.com\/wp-content\/uploads\/2019\/11\/dokumentacja_dalila_goncalves_ma\u0142e_06-1024x684.jpg 1024w, https:\/\/rodriguezgallery.com\/wp-content\/uploads\/2019\/11\/dokumentacja_dalila_goncalves_ma\u0142e_06-300x200.jpg 300w, https:\/\/rodriguezgallery.com\/wp-content\/uploads\/2019\/11\/dokumentacja_dalila_goncalves_ma\u0142e_06-768x513.jpg 768w, https:\/\/rodriguezgallery.com\/wp-content\/uploads\/2019\/11\/dokumentacja_dalila_goncalves_ma\u0142e_06-272x182.jpg 272w, https:\/\/rodriguezgallery.com\/wp-content\/uploads\/2019\/11\/dokumentacja_dalila_goncalves_ma\u0142e_06.jpg 1920w\" sizes=\"auto, (max-width: 700px) 100vw, 700px\" \/><\/h6>\n<\/div><\/div><\/div><\/div><\/div>","protected":false},"excerpt":{"rendered":"<p>Fundacja Rodriguez koncentruje si\u0119 na budowaniu otwartej, dost\u0119pnej i zaanga\u017cowanej przestrzeni dla sztuki wsp\u00f3\u0142czesnej. W centrum naszych dzia\u0142a\u0144 znajduje si\u0119 program wystawienniczy, skoncentrowany na sztuce czerpi\u0105cej z tradycji konceptualizmu i <a class=\"moretag\" href=\"https:\/\/rodriguezgallery.com\/pl\/about\/\">Read More &#8230;<\/a><\/p>\n","protected":false},"author":1,"featured_media":0,"parent":0,"menu_order":0,"comment_status":"closed","ping_status":"open","template":"full-width-page.php","meta":{"footnotes":""},"class_list":["post-65","page","type-page","status-publish","hentry"],"_links":{"self":[{"href":"https:\/\/rodriguezgallery.com\/pl\/wp-json\/wp\/v2\/pages\/65","targetHints":{"allow":["GET"]}}],"collection":[{"href":"https:\/\/rodriguezgallery.com\/pl\/wp-json\/wp\/v2\/pages"}],"about":[{"href":"https:\/\/rodriguezgallery.com\/pl\/wp-json\/wp\/v2\/types\/page"}],"author":[{"embeddable":true,"href":"https:\/\/rodriguezgallery.com\/pl\/wp-json\/wp\/v2\/users\/1"}],"replies":[{"embeddable":true,"href":"https:\/\/rodriguezgallery.com\/pl\/wp-json\/wp\/v2\/comments?post=65"}],"version-history":[{"count":1,"href":"https:\/\/rodriguezgallery.com\/pl\/wp-json\/wp\/v2\/pages\/65\/revisions"}],"predecessor-version":[{"id":7602,"href":"https:\/\/rodriguezgallery.com\/pl\/wp-json\/wp\/v2\/pages\/65\/revisions\/7602"}],"wp:attachment":[{"href":"https:\/\/rodriguezgallery.com\/pl\/wp-json\/wp\/v2\/media?parent=65"}],"curies":[{"name":"wp","href":"https:\/\/api.w.org\/{rel}","templated":true}]}}