{"id":6533,"date":"2023-01-26T11:29:14","date_gmt":"2023-01-26T09:29:14","guid":{"rendered":"https:\/\/rodriguezgallery.com\/?page_id=6533"},"modified":"2023-01-26T11:44:38","modified_gmt":"2023-01-26T09:44:38","slug":"wystawa-dyplomowa-daniel-dabrowski","status":"publish","type":"page","link":"https:\/\/rodriguezgallery.com\/pl\/wystawa-dyplomowa-daniel-dabrowski\/","title":{"rendered":"(English) Wystawa dyplomowa Daniel D\u0105browski"},"content":{"rendered":"<div id=\"pl-6533\"  class=\"panel-layout\" ><div id=\"pg-6533-0\"  class=\"panel-grid panel-no-style\" ><div id=\"pgc-6533-0-0\"  class=\"panel-grid-cell\" ><div id=\"panel-6533-0-0-0\" class=\"so-panel widget widget_black-studio-tinymce widget_black_studio_tinymce panel-first-child panel-last-child\" data-index=\"0\" ><div class=\"textwidget\"><h6><span class=\"\" style=\"display:block;clear:both;height: 0px;padding-top: 20px;border-top-width:0px;border-bottom-width:0px;\"><\/span><br \/>\n<strong>Daniel\u00a0<\/strong><b>D\u0105browski<\/b><br \/>\nWystawa dyplomowa<br \/>\nCzerwiec 2022<\/h6>\n<h6>Wystawa czyszczenie gniazd ma swoje \u017ar\u00f3d\u0142o w sprz\u0105taniu przestrzeni zamieszkiwanych przez paj\u0105ki. Konstrukcja ekspozycji oparta jest na zbiorze artefakt\u00f3w pozostawianych w terrariach, kt\u00f3re obrazuj\u0105 \u017cycie i tw\u00f3rczo\u015b\u0107 ich lokator\u00f3w. Prace nie skupiaj\u0105 si\u0119 jednak jedynie na paj\u0105kach. Korzystanie z przedmiot\u00f3w pochodz\u0105cych z naszej codzienno\u015bci oraz nawi\u0105zania do ludzkich miejsc obrazuj\u0105 relacje pomi\u0119dzy naszymi \u017cyciami.<\/h6>\n<h6>Projekt dofinansowany z bud\u017cetu Miasta Poznania<\/h6>\n<h6>#poznanwspiera<\/h6>\n<\/div><\/div><\/div><div id=\"pgc-6533-0-1\"  class=\"panel-grid-cell\" ><div id=\"panel-6533-0-1-0\" class=\"so-panel widget widget_black-studio-tinymce widget_black_studio_tinymce panel-first-child panel-last-child\" data-index=\"1\" ><div class=\"textwidget\"><p><span class=\"\" style=\"display:block;clear:both;height: 0px;padding-top: 20px;border-top-width:0px;border-bottom-width:0px;\"><\/span><\/p>\n<p><div id='gallery-1' class='gallery galleryid-6533 gallery-columns-3 gallery-size-thumbnail'><figure class='gallery-item'>\n\t\t\t<div class='gallery-icon landscape'>\n\t\t\t\t<a href='https:\/\/rodriguezgallery.com\/wp-content\/uploads\/2023\/01\/IMG_9537-scaled.jpg'><img loading=\"lazy\" decoding=\"async\" width=\"150\" height=\"150\" src=\"https:\/\/rodriguezgallery.com\/wp-content\/uploads\/2023\/01\/IMG_9537-150x150.jpg\" class=\"attachment-thumbnail size-thumbnail\" alt=\"\" \/><\/a>\n\t\t\t<\/div><\/figure><figure class='gallery-item'>\n\t\t\t<div class='gallery-icon landscape'>\n\t\t\t\t<a href='https:\/\/rodriguezgallery.com\/wp-content\/uploads\/2023\/01\/IMG_9561-1-scaled.jpg'><img loading=\"lazy\" decoding=\"async\" width=\"150\" height=\"150\" src=\"https:\/\/rodriguezgallery.com\/wp-content\/uploads\/2023\/01\/IMG_9561-1-150x150.jpg\" class=\"attachment-thumbnail size-thumbnail\" alt=\"\" \/><\/a>\n\t\t\t<\/div><\/figure><figure class='gallery-item'>\n\t\t\t<div class='gallery-icon landscape'>\n\t\t\t\t<a href='https:\/\/rodriguezgallery.com\/wp-content\/uploads\/2023\/01\/IMG_9568-scaled.jpg'><img loading=\"lazy\" decoding=\"async\" width=\"150\" height=\"150\" src=\"https:\/\/rodriguezgallery.com\/wp-content\/uploads\/2023\/01\/IMG_9568-150x150.jpg\" class=\"attachment-thumbnail size-thumbnail\" alt=\"\" \/><\/a>\n\t\t\t<\/div><\/figure>\n\t\t<\/div>\n<\/p>\n<\/div><\/div><\/div><\/div><\/div>","protected":false},"excerpt":{"rendered":"<p>Daniel\u00a0D\u0105browski Wystawa dyplomowa Czerwiec 2022 Wystawa czyszczenie gniazd ma swoje \u017ar\u00f3d\u0142o w sprz\u0105taniu przestrzeni zamieszkiwanych przez paj\u0105ki. Konstrukcja ekspozycji oparta jest na zbiorze artefakt\u00f3w pozostawianych w terrariach, kt\u00f3re obrazuj\u0105 \u017cycie <a class=\"moretag\" href=\"https:\/\/rodriguezgallery.com\/pl\/wystawa-dyplomowa-daniel-dabrowski\/\">Read More &#8230;<\/a><\/p>\n","protected":false},"author":1,"featured_media":0,"parent":0,"menu_order":0,"comment_status":"closed","ping_status":"closed","template":"full-width-page.php","meta":{"footnotes":""},"class_list":["post-6533","page","type-page","status-publish","hentry"],"_links":{"self":[{"href":"https:\/\/rodriguezgallery.com\/pl\/wp-json\/wp\/v2\/pages\/6533","targetHints":{"allow":["GET"]}}],"collection":[{"href":"https:\/\/rodriguezgallery.com\/pl\/wp-json\/wp\/v2\/pages"}],"about":[{"href":"https:\/\/rodriguezgallery.com\/pl\/wp-json\/wp\/v2\/types\/page"}],"author":[{"embeddable":true,"href":"https:\/\/rodriguezgallery.com\/pl\/wp-json\/wp\/v2\/users\/1"}],"replies":[{"embeddable":true,"href":"https:\/\/rodriguezgallery.com\/pl\/wp-json\/wp\/v2\/comments?post=6533"}],"version-history":[{"count":1,"href":"https:\/\/rodriguezgallery.com\/pl\/wp-json\/wp\/v2\/pages\/6533\/revisions"}],"predecessor-version":[{"id":6539,"href":"https:\/\/rodriguezgallery.com\/pl\/wp-json\/wp\/v2\/pages\/6533\/revisions\/6539"}],"wp:attachment":[{"href":"https:\/\/rodriguezgallery.com\/pl\/wp-json\/wp\/v2\/media?parent=6533"}],"curies":[{"name":"wp","href":"https:\/\/api.w.org\/{rel}","templated":true}]}}