{"id":6541,"date":"2023-01-26T14:37:57","date_gmt":"2023-01-26T12:37:57","guid":{"rendered":"https:\/\/rodriguezgallery.com\/?page_id=6541"},"modified":"2023-01-26T14:39:08","modified_gmt":"2023-01-26T12:39:08","slug":"wystawa-doktorska-kinga-popiela","status":"publish","type":"page","link":"https:\/\/rodriguezgallery.com\/pl\/wystawa-doktorska-kinga-popiela\/","title":{"rendered":"(English) Wystawa doktorska Kinga Popiela"},"content":{"rendered":"<div id=\"pl-6541\"  class=\"panel-layout\" ><div id=\"pg-6541-0\"  class=\"panel-grid panel-no-style\" ><div id=\"pgc-6541-0-0\"  class=\"panel-grid-cell\" ><div id=\"panel-6541-0-0-0\" class=\"so-panel widget widget_black-studio-tinymce widget_black_studio_tinymce panel-first-child panel-last-child\" data-index=\"0\" ><div class=\"textwidget\"><h6><span class=\"\" style=\"display:block;clear:both;height: 0px;padding-top: 20px;border-top-width:0px;border-bottom-width:0px;\"><\/span><br \/>\n<b>Kinga Popiela<\/b><br \/>\nWystawa doktorska<br \/>\nPa\u017adziernik 2022<\/h6>\n<h6>Balzak cierpi\u0105c na \u201eniejasny l\u0119k\" przed dokumentacj\u0105 swojej podobizny, uwa\u017ca\u0142: \u201eWszelkie cia\u0142o w swoim naturalnym stanie sk\u0142ada\u0142o si\u0119 z szeregu widmowych obraz\u00f3w nak\u0142adanych na siebie warstwami a\u017c do niesko\u0144czono\u015bci, spowitych w nik\u0142e b\u0142ony. (\u2026) Cz\u0142owiek nigdy nie by\u0142 w stanie stwarza\u0107, to jest czyni\u0107 co\u015b materialnego z samego pozoru, z czego\u015b nieuchwytnego, albo czyni\u0107 przedmiot z niczego - i dlatego ka\u017cda operacja dagerotypowa musia\u0142a zagarn\u0105\u0107, odseparowa\u0107 i zu\u017cy\u0107 jedn\u0105 z warstw cia\u0142a, na kt\u00f3rym si\u0119 skupi\u0142a.\u201d (1) Narz\u0119dzie fotograficzne w wyobra\u017ani powie\u015bciopisarza obdziera\u0142o cz\u0142owieka z warstw, kt\u00f3re si\u0119 na niego sk\u0142adaj\u0105. Balzak zwr\u00f3ci\u0142 tym samym uwag\u0119 na z\u0142o\u017cono\u015b\u0107 swojego obrazu, w\u0142asnego wygl\u0105du i jestestwa. Warstwy, uk\u0142adaj\u0105ce si\u0119 jedna na drugiej, tworz\u0105 tr\u00f3jwymiarowy, g\u0142\u0119boki obraz rzeczywisto\u015bci. Im wi\u0119cej kondygnacji tej struktury jeste\u015bmy w stanie dostrzec, tym ciekawszy zdaje si\u0119 by\u0107 wizerunek.<\/h6>\n<h6>W obrazie czy malarstwie warstwy zdaj\u0105 si\u0119 by\u0107 bardziej namacalne, prawie mo\u017cliwe do odseparowania, stworzenia odr\u0119bnych byt\u00f3w. W\u0142a\u015bnie to ich wzajemne oddzia\u0142ywanie powoduje, \u017ce staj\u0105 si\u0119 form\u0105. Je\u015bli forma nie zosta\u0142aby w ten spos\u00f3b uj\u0119ta, nie rodzi\u0142aby doznania, harmonii pomi\u0119dzy tym, \u017ce mo\u017cemy sobie wyobra\u017ca\u0107 i mo\u017cemy pojmowa\u0107. (2) Warstwowo\u015b\u0107 oparta na rutynie, mozolnym nak\u0142adaniu kolejnych warstw, stanowi proces wytwarzania wizerunku. (3) W takim uj\u0119ciu wszystkie b\u0142\u0119dy, odchylenia od normy, strategii czy konwencji, zdaj\u0105 si\u0119 by\u0107 naturalnym od\u015bwie\u017ceniem - zar\u00f3wno dla odbiorcy jak i malarza.<\/h6>\n<h6><\/h6>\n<h6>1 Sontag Susan, O fotografii, t\u0142um. S\u0142awomir Magala, Krak\u00f3w 2009, s. 167.<br \/>\n2 Lyotard Jean-Fran\u00e7ois, Co malowa\u0107? Adami, Arakawa, Buren, t\u0142um. Monika Murawska, Piotr Schollenberger,<br \/>\nWarszawa 2015, s. 40.<br \/>\n3 Gorczyca \u0141ukasz, Bambusy, kolonie przekr\u00f3j, 2006-2012, [w:] Bujnowski Rafa\u0142, Polityka obraz\u00f3w. Wybrane prace z lat<br \/>\n1999-2013, Warszawa 2013, s.128.<\/h6>\n<h6>Projekt dofinansowany z bud\u017cetu Miasta Poznania<\/h6>\n<h6>#poznanwspiera<\/h6>\n<\/div><\/div><\/div><div id=\"pgc-6541-0-1\"  class=\"panel-grid-cell\" ><div id=\"panel-6541-0-1-0\" class=\"so-panel widget widget_black-studio-tinymce widget_black_studio_tinymce panel-first-child panel-last-child\" data-index=\"1\" ><div class=\"textwidget\"><p><span class=\"\" style=\"display:block;clear:both;height: 0px;padding-top: 20px;border-top-width:0px;border-bottom-width:0px;\"><\/span><\/p>\n<p><div id='gallery-1' class='gallery galleryid-6541 gallery-columns-3 gallery-size-thumbnail'><figure class='gallery-item'>\n\t\t\t<div class='gallery-icon landscape'>\n\t\t\t\t<a href='https:\/\/rodriguezgallery.com\/wp-content\/uploads\/2023\/01\/DSC2899.jpg'><img loading=\"lazy\" decoding=\"async\" width=\"150\" height=\"150\" src=\"https:\/\/rodriguezgallery.com\/wp-content\/uploads\/2023\/01\/DSC2899-150x150.jpg\" class=\"attachment-thumbnail size-thumbnail\" alt=\"\" \/><\/a>\n\t\t\t<\/div><\/figure><figure class='gallery-item'>\n\t\t\t<div class='gallery-icon landscape'>\n\t\t\t\t<a href='https:\/\/rodriguezgallery.com\/wp-content\/uploads\/2023\/01\/DSC2837.jpg'><img loading=\"lazy\" decoding=\"async\" width=\"150\" height=\"150\" src=\"https:\/\/rodriguezgallery.com\/wp-content\/uploads\/2023\/01\/DSC2837-150x150.jpg\" class=\"attachment-thumbnail size-thumbnail\" alt=\"\" \/><\/a>\n\t\t\t<\/div><\/figure><figure class='gallery-item'>\n\t\t\t<div class='gallery-icon landscape'>\n\t\t\t\t<a href='https:\/\/rodriguezgallery.com\/wp-content\/uploads\/2023\/01\/DSC2858.jpg'><img loading=\"lazy\" decoding=\"async\" width=\"150\" height=\"150\" src=\"https:\/\/rodriguezgallery.com\/wp-content\/uploads\/2023\/01\/DSC2858-150x150.jpg\" class=\"attachment-thumbnail size-thumbnail\" alt=\"\" \/><\/a>\n\t\t\t<\/div><\/figure>\n\t\t<\/div>\n<\/p>\n<\/div><\/div><\/div><\/div><\/div>","protected":false},"excerpt":{"rendered":"<p>Kinga Popiela Wystawa doktorska Pa\u017adziernik 2022 Balzak cierpi\u0105c na \u201eniejasny l\u0119k&#8221; przed dokumentacj\u0105 swojej podobizny, uwa\u017ca\u0142: \u201eWszelkie cia\u0142o w swoim naturalnym stanie sk\u0142ada\u0142o si\u0119 z szeregu widmowych obraz\u00f3w nak\u0142adanych na <a class=\"moretag\" href=\"https:\/\/rodriguezgallery.com\/pl\/wystawa-doktorska-kinga-popiela\/\">Read More &#8230;<\/a><\/p>\n","protected":false},"author":1,"featured_media":0,"parent":0,"menu_order":0,"comment_status":"closed","ping_status":"closed","template":"full-width-page.php","meta":{"footnotes":""},"class_list":["post-6541","page","type-page","status-publish","hentry"],"_links":{"self":[{"href":"https:\/\/rodriguezgallery.com\/pl\/wp-json\/wp\/v2\/pages\/6541","targetHints":{"allow":["GET"]}}],"collection":[{"href":"https:\/\/rodriguezgallery.com\/pl\/wp-json\/wp\/v2\/pages"}],"about":[{"href":"https:\/\/rodriguezgallery.com\/pl\/wp-json\/wp\/v2\/types\/page"}],"author":[{"embeddable":true,"href":"https:\/\/rodriguezgallery.com\/pl\/wp-json\/wp\/v2\/users\/1"}],"replies":[{"embeddable":true,"href":"https:\/\/rodriguezgallery.com\/pl\/wp-json\/wp\/v2\/comments?post=6541"}],"version-history":[{"count":1,"href":"https:\/\/rodriguezgallery.com\/pl\/wp-json\/wp\/v2\/pages\/6541\/revisions"}],"predecessor-version":[{"id":6545,"href":"https:\/\/rodriguezgallery.com\/pl\/wp-json\/wp\/v2\/pages\/6541\/revisions\/6545"}],"wp:attachment":[{"href":"https:\/\/rodriguezgallery.com\/pl\/wp-json\/wp\/v2\/media?parent=6541"}],"curies":[{"name":"wp","href":"https:\/\/api.w.org\/{rel}","templated":true}]}}