{"id":6547,"date":"2023-02-07T11:37:56","date_gmt":"2023-02-07T09:37:56","guid":{"rendered":"https:\/\/rodriguezgallery.com\/?page_id=6547"},"modified":"2023-02-07T11:40:48","modified_gmt":"2023-02-07T09:40:48","slug":"warsztaty-2022-cykl-wystaw","status":"publish","type":"page","link":"https:\/\/rodriguezgallery.com\/pl\/warsztaty-2022-cykl-wystaw\/","title":{"rendered":"(English) Warsztaty 2022 cykl wystaw"},"content":{"rendered":"<div id=\"pl-6547\"  class=\"panel-layout\" ><div id=\"pg-6547-0\"  class=\"panel-grid panel-no-style\" ><div id=\"pgc-6547-0-0\"  class=\"panel-grid-cell panel-grid-cell-empty\" ><\/div><\/div><div id=\"pg-6547-1\"  class=\"panel-grid panel-no-style\" ><div id=\"pgc-6547-1-0\"  class=\"panel-grid-cell\" ><div id=\"panel-6547-1-0-0\" class=\"so-panel widget widget_black-studio-tinymce widget_black_studio_tinymce panel-first-child panel-last-child\" data-index=\"0\" ><div class=\"textwidget\"><p><span class=\"\" style=\"display:block;clear:both;height: 0px;padding-top: 20px;border-top-width:0px;border-bottom-width:0px;\"><\/span><\/p>\n<h6><strong>Warsztaty dla dzieci\u00a0(w ramach: Cykl wystaw i dzia\u0142a\u0144 edukacyjnych w Rodriguez Gallery)<\/strong><\/h6>\n<h6>Projekt dofinansowany ze \u015brodk\u00f3w bud\u017cetu Miasta Poznania<\/h6>\n<h6><a href=\"https:\/\/rodriguezgallery.com\/wp-content\/uploads\/2023\/02\/SCENARIUSZ-WARSZTATOW-do-wystawy-Proximity-Bliskosc-Sreshta-Rit-Premnath-2022.pdf\" target=\"_blank\" rel=\"noopener\">Scenariusz warsztat\u00f3w I<\/a><\/h6>\n<h6><a href=\"https:\/\/rodriguezgallery.com\/wp-content\/uploads\/2023\/02\/SCENARIUSZ-WARSZTATOW-do-wystawy-Dream-Speakers-Dalili-Goncalves-2022.pdf\" target=\"_blank\" rel=\"noopener\">Scenariusz warsztat\u00f3w II<\/a><\/h6>\n<p>&nbsp;<\/p>\n<p><img loading=\"lazy\" decoding=\"async\" class=\"wp-image-2924 alignleft\" src=\"https:\/\/rodriguezgallery.com\/wp-content\/uploads\/2017\/10\/LOGO_POZNAN_PL_RGB_bz.jpg\" alt=\"\" width=\"189\" height=\"65\" srcset=\"https:\/\/rodriguezgallery.com\/wp-content\/uploads\/2017\/10\/LOGO_POZNAN_PL_RGB_bz.jpg 2732w, https:\/\/rodriguezgallery.com\/wp-content\/uploads\/2017\/10\/LOGO_POZNAN_PL_RGB_bz-300x103.jpg 300w, https:\/\/rodriguezgallery.com\/wp-content\/uploads\/2017\/10\/LOGO_POZNAN_PL_RGB_bz-768x264.jpg 768w, https:\/\/rodriguezgallery.com\/wp-content\/uploads\/2017\/10\/LOGO_POZNAN_PL_RGB_bz-1024x352.jpg 1024w\" sizes=\"auto, (max-width: 189px) 100vw, 189px\" \/><\/p>\n<\/div><\/div><\/div><div id=\"pgc-6547-1-1\"  class=\"panel-grid-cell\" ><div id=\"panel-6547-1-1-0\" class=\"so-panel widget widget_black-studio-tinymce widget_black_studio_tinymce panel-first-child panel-last-child\" data-index=\"1\" ><div class=\"textwidget\"><p><span class=\"\" style=\"display:block;clear:both;height: 0px;padding-top: 20px;border-top-width:0px;border-bottom-width:0px;\"><\/span><br \/>\n<img loading=\"lazy\" decoding=\"async\" class=\"aligncenter wp-image-6549 size-large\" src=\"https:\/\/rodriguezgallery.com\/wp-content\/uploads\/2023\/02\/IMG-20221107-WA0007-848x1024.jpg\" alt=\"\" width=\"700\" height=\"845\" srcset=\"https:\/\/rodriguezgallery.com\/wp-content\/uploads\/2023\/02\/IMG-20221107-WA0007-848x1024.jpg 848w, https:\/\/rodriguezgallery.com\/wp-content\/uploads\/2023\/02\/IMG-20221107-WA0007-248x300.jpg 248w, https:\/\/rodriguezgallery.com\/wp-content\/uploads\/2023\/02\/IMG-20221107-WA0007-768x928.jpg 768w, https:\/\/rodriguezgallery.com\/wp-content\/uploads\/2023\/02\/IMG-20221107-WA0007-300x362.jpg 300w, https:\/\/rodriguezgallery.com\/wp-content\/uploads\/2023\/02\/IMG-20221107-WA0007.jpg 986w\" sizes=\"auto, (max-width: 700px) 100vw, 700px\" \/><\/p>\n<\/div><\/div><\/div><\/div><\/div>","protected":false},"excerpt":{"rendered":"<p>Warsztaty dla dzieci\u00a0(w ramach: Cykl wystaw i dzia\u0142a\u0144 edukacyjnych w Rodriguez Gallery) Projekt dofinansowany ze \u015brodk\u00f3w bud\u017cetu Miasta Poznania Scenariusz warsztat\u00f3w I Scenariusz warsztat\u00f3w II &nbsp;<\/p>\n","protected":false},"author":1,"featured_media":0,"parent":0,"menu_order":0,"comment_status":"closed","ping_status":"closed","template":"full-width-page.php","meta":{"footnotes":""},"class_list":["post-6547","page","type-page","status-publish","hentry"],"_links":{"self":[{"href":"https:\/\/rodriguezgallery.com\/pl\/wp-json\/wp\/v2\/pages\/6547","targetHints":{"allow":["GET"]}}],"collection":[{"href":"https:\/\/rodriguezgallery.com\/pl\/wp-json\/wp\/v2\/pages"}],"about":[{"href":"https:\/\/rodriguezgallery.com\/pl\/wp-json\/wp\/v2\/types\/page"}],"author":[{"embeddable":true,"href":"https:\/\/rodriguezgallery.com\/pl\/wp-json\/wp\/v2\/users\/1"}],"replies":[{"embeddable":true,"href":"https:\/\/rodriguezgallery.com\/pl\/wp-json\/wp\/v2\/comments?post=6547"}],"version-history":[{"count":1,"href":"https:\/\/rodriguezgallery.com\/pl\/wp-json\/wp\/v2\/pages\/6547\/revisions"}],"predecessor-version":[{"id":6554,"href":"https:\/\/rodriguezgallery.com\/pl\/wp-json\/wp\/v2\/pages\/6547\/revisions\/6554"}],"wp:attachment":[{"href":"https:\/\/rodriguezgallery.com\/pl\/wp-json\/wp\/v2\/media?parent=6547"}],"curies":[{"name":"wp","href":"https:\/\/api.w.org\/{rel}","templated":true}]}}