{"id":6561,"date":"2023-03-04T13:19:18","date_gmt":"2023-03-04T11:19:18","guid":{"rendered":"https:\/\/rodriguezgallery.com\/?page_id=6561"},"modified":"2023-03-04T13:28:27","modified_gmt":"2023-03-04T11:28:27","slug":"wystawa-doktorska-maciej-andrzejczak","status":"publish","type":"page","link":"https:\/\/rodriguezgallery.com\/pl\/wystawa-doktorska-maciej-andrzejczak\/","title":{"rendered":"(English) Wystawa doktorska Maciej Andrzejczak"},"content":{"rendered":"<div id=\"pl-6561\"  class=\"panel-layout\" ><div id=\"pg-6561-0\"  class=\"panel-grid panel-no-style\" ><div id=\"pgc-6561-0-0\"  class=\"panel-grid-cell\" ><div id=\"panel-6561-0-0-0\" class=\"so-panel widget widget_black-studio-tinymce widget_black_studio_tinymce panel-first-child panel-last-child\" data-index=\"0\" ><div class=\"textwidget\"><h6><span class=\"\" style=\"display:block;clear:both;height: 0px;padding-top: 20px;border-top-width:0px;border-bottom-width:0px;\"><\/span><br \/>\n<strong>Maciej Andrzejczak<\/strong><br \/>\n<em>Przestrze\u0144 obrazu? Przestrze\u0144 obiektu?<\/em><br \/>\nWystawa doktorska<br \/>\nMarzec 2023<\/h6>\n<h6 class=\"x11i5rnm xat24cr x1mh8g0r x1vvkbs xtlvy1s\">Przedstawione prace s\u0105 rozwini\u0119ciem sposobu obrazowania, kt\u00f3ry rozpocz\u0105\u0142em w 2017 roku. Intuicyjnie w\u00f3wczas poszerzy\u0142em boki obraz\u00f3w do kilkunastu centymetr\u00f3w. Ta pocz\u0105tkowa ingerencja w form\u0119 obrazu malarskiego dotyka\u0142a przede wszystkim zagadnie\u0144 metamalarskich. Z czasem jednak skoncentrowa\u0142em si\u0119 na przedmiotach i osobistych do\u015bwiadczeniach rzeczywisto\u015bci.<\/p>\n<p>Ekspozycja dzieli si\u0119 na dwa cykle, kt\u00f3re pomimo wyra\u017anych r\u00f3\u017cnic wzajemnie si\u0119 uzupe\u0142niaj\u0105. Pierwszy to zbi\u00f3r obraz\u00f3w obiekt\u00f3w i towarzysz\u0105cych im makiet, do kt\u00f3rego nale\u017c\u0105 prace takie jak Fejka, Kaczka czy Woda \u015bwi\u0119cona. S\u0105 one wyrazem paradoks\u00f3w zwi\u0105zanych z odbiorem zar\u00f3wno samej sztuki, jak i rzeczywisto\u015bci. Pytaniem o tajemnic\u0119 postrzegania \u015bwiata i tego, co uznajemy za prawd\u0119. W tym cyklu istotna jest relacja przedmiotu rzeczywistego i fikcyjnego, kt\u00f3ra wp\u0142ywa na postrzeganie obrazu-obiektu. Drugi zbi\u00f3r prac oscyluje wok\u00f3\u0142 \u015bwietlistych ekran\u00f3w, np. Ekran (1) i Bia\u0142y ekran. Prace te, w przeciwie\u0144stwie do poprzednich, funkcjonuj\u0105 jako samodzielne obrazy-obiekty. Inspiracj\u0105 do ich powstania by\u0142o osobiste do\u015bwiadczenie \u201epustki\u201d ekranu cyfrowego i refleksja nad sposobem jego dzia\u0142ania.<\/h6>\n<h6 class=\"x11i5rnm xat24cr x1mh8g0r x1vvkbs xtlvy1s\">Maciej Andrzejczak<\/h6>\n<h6 class=\"x11i5rnm xat24cr x1mh8g0r x1vvkbs xtlvy1s\">\u201ePoprzez przestrzenn\u0105 form\u0119 blejtramu do g\u0142osu dochodzi obraz jako przedmiot fizyczny, co kieruje uwag\u0119 w stron\u0119 metamalarskich zagadnie\u0144 zwi\u0105zanych ze statusem medium. Jednocze\u015bnie lico \u201apogrubionego\u2019 blejtramu zakrywa iluzyjna reprezentacja przedmiotu, kt\u00f3ry wnosi w prace w\u0142asny kontekst i histori\u0119. Obraz-obiekt jest wi\u0119c tworem paradoksalnym, wewn\u0119trznie sprzecznym. R\u00f3wnocze\u015bnie ukazuj\u0105cym i zas\u0142aniaj\u0105cym si\u0119 jako medium. Obraz-obiekt jest dla mnie tak\u017ce gr\u0105 obecno\u015bci z nieobecno\u015bci\u0105; iluzji z rzeczywisto\u015bci\u0105, a nieraz tak\u017ce wirtualno\u015bci z realno\u015bci\u0105. Konstrukcj\u0105 badaj\u0105c\u0105 mo\u017cliwo\u015bci poznawcze. \u201aUrz\u0105dzeniem\u2019 do obserwacji widzenia.\u201d<br \/>\n(fragment pracy doktorskiej M. Andrzejczaka pt. Przestrze\u0144 obrazu? Przestrze\u0144 obiektu?)<\/h6>\n<h6 class=\"x11i5rnm xat24cr x1mh8g0r x1vvkbs xtlvy1s\">Wi\u0119cej na temat pracy doktorskiej w recenzjach pod linkiem:<br \/>\n<a class=\"x1i10hfl xjbqb8w x6umtig x1b1mbwd xaqea5y xav7gou x9f619 x1ypdohk xt0psk2 xe8uvvx xdj266r x11i5rnm xat24cr x1mh8g0r xexx8yu x4uap5 x18d9i69 xkhd6sd x16tdsg8 x1hl2dhg xggy1nq x1a2a7pz xt0b8zv x1fey0fg\" tabindex=\"0\" role=\"link\" href=\"https:\/\/bip.uap.edu.pl\/2022\/11\/17\/mgr-maciej-andrzejczak\/?fbclid=IwAR0oDNGg7sfmEjHNnFrfuBOHGGaUfZAGutNEcEwDifh5v7wiUNmSiKOg65A\" target=\"_blank\" rel=\"nofollow noopener\">https:\/\/bip.uap.edu.pl\/2022\/11\/17\/mgr-maciej-andrzejczak\/<\/a><\/h6>\n<h6 class=\"x11i5rnm xat24cr x1mh8g0r x1vvkbs xtlvy1s\">Projekt dofinansowany z bud\u017cetu Miasta Poznania.<\/p>\n<p><a class=\"x1i10hfl xjbqb8w x6umtig x1b1mbwd xaqea5y xav7gou x9f619 x1ypdohk xt0psk2 xe8uvvx xdj266r x11i5rnm xat24cr x1mh8g0r xexx8yu x4uap5 x18d9i69 xkhd6sd x16tdsg8 x1hl2dhg xggy1nq x1a2a7pz xt0b8zv xzsf02u x1s688f\" tabindex=\"0\" role=\"link\" href=\"https:\/\/www.facebook.com\/hashtag\/poznanwspiera?__eep__=6&amp;__cft__[0]=AZUURqqSst20wHUBQof_tMVHS4b3aMv_jz-L8y0cQAGnFrLAoMlelswrZsRVn6-smnm8XY0Cy5J2FwvP6zfhZ9IONXim9pclPXa_UGI2F2AhbZ9TopoqalyWaGePsSYHge0&amp;__tn__=q\">#poznanwspiera<\/a><\/h6>\n<\/div><\/div><\/div><div id=\"pgc-6561-0-1\"  class=\"panel-grid-cell\" ><div id=\"panel-6561-0-1-0\" class=\"so-panel widget widget_black-studio-tinymce widget_black_studio_tinymce panel-first-child panel-last-child\" data-index=\"1\" ><div class=\"textwidget\"><p><span class=\"\" style=\"display:block;clear:both;height: 0px;padding-top: 20px;border-top-width:0px;border-bottom-width:0px;\"><\/span><\/p>\n<p><img loading=\"lazy\" decoding=\"async\" class=\"aligncenter wp-image-6563 size-large\" src=\"https:\/\/rodriguezgallery.com\/wp-content\/uploads\/2023\/03\/Cieplo-zimno_fb-1024x683.jpg\" alt=\"\" width=\"700\" height=\"467\" srcset=\"https:\/\/rodriguezgallery.com\/wp-content\/uploads\/2023\/03\/Cieplo-zimno_fb-1024x683.jpg 1024w, https:\/\/rodriguezgallery.com\/wp-content\/uploads\/2023\/03\/Cieplo-zimno_fb-300x200.jpg 300w, https:\/\/rodriguezgallery.com\/wp-content\/uploads\/2023\/03\/Cieplo-zimno_fb-768x512.jpg 768w, https:\/\/rodriguezgallery.com\/wp-content\/uploads\/2023\/03\/Cieplo-zimno_fb-1536x1024.jpg 1536w, https:\/\/rodriguezgallery.com\/wp-content\/uploads\/2023\/03\/Cieplo-zimno_fb-272x182.jpg 272w, https:\/\/rodriguezgallery.com\/wp-content\/uploads\/2023\/03\/Cieplo-zimno_fb.jpg 1920w\" sizes=\"auto, (max-width: 700px) 100vw, 700px\" \/><\/p>\n<\/div><\/div><\/div><\/div><\/div>","protected":false},"excerpt":{"rendered":"<p>Maciej Andrzejczak Przestrze\u0144 obrazu? Przestrze\u0144 obiektu? Wystawa doktorska Marzec 2023 Przedstawione prace s\u0105 rozwini\u0119ciem sposobu obrazowania, kt\u00f3ry rozpocz\u0105\u0142em w 2017 roku. Intuicyjnie w\u00f3wczas poszerzy\u0142em boki obraz\u00f3w do kilkunastu centymetr\u00f3w. Ta <a class=\"moretag\" href=\"https:\/\/rodriguezgallery.com\/pl\/wystawa-doktorska-maciej-andrzejczak\/\">Read More &#8230;<\/a><\/p>\n","protected":false},"author":1,"featured_media":0,"parent":0,"menu_order":0,"comment_status":"closed","ping_status":"closed","template":"full-width-page.php","meta":{"footnotes":""},"class_list":["post-6561","page","type-page","status-publish","hentry"],"_links":{"self":[{"href":"https:\/\/rodriguezgallery.com\/pl\/wp-json\/wp\/v2\/pages\/6561","targetHints":{"allow":["GET"]}}],"collection":[{"href":"https:\/\/rodriguezgallery.com\/pl\/wp-json\/wp\/v2\/pages"}],"about":[{"href":"https:\/\/rodriguezgallery.com\/pl\/wp-json\/wp\/v2\/types\/page"}],"author":[{"embeddable":true,"href":"https:\/\/rodriguezgallery.com\/pl\/wp-json\/wp\/v2\/users\/1"}],"replies":[{"embeddable":true,"href":"https:\/\/rodriguezgallery.com\/pl\/wp-json\/wp\/v2\/comments?post=6561"}],"version-history":[{"count":1,"href":"https:\/\/rodriguezgallery.com\/pl\/wp-json\/wp\/v2\/pages\/6561\/revisions"}],"predecessor-version":[{"id":6564,"href":"https:\/\/rodriguezgallery.com\/pl\/wp-json\/wp\/v2\/pages\/6561\/revisions\/6564"}],"wp:attachment":[{"href":"https:\/\/rodriguezgallery.com\/pl\/wp-json\/wp\/v2\/media?parent=6561"}],"curies":[{"name":"wp","href":"https:\/\/api.w.org\/{rel}","templated":true}]}}